{"id":1117,"date":"2025-09-30T00:39:59","date_gmt":"2025-09-30T00:39:59","guid":{"rendered":"https:\/\/gospelforeveryone.worldea.org\/?page_id=1117"},"modified":"2025-10-05T17:37:57","modified_gmt":"2025-10-05T17:37:57","slug":"information","status":"publish","type":"page","link":"https:\/\/gospelforeveryone.worldea.org\/de\/information\/","title":{"rendered":"Information"},"content":{"rendered":"<p>Herzlich willkommen zur WEA-Generalversammlung 2025 in Seoul! Wir freuen uns sehr, dass Sie uns hier in Korea besuchen, und m\u00f6chten sicherstellen, dass Ihr Besuch so reibungslos und angenehm wie m\u00f6glich verl\u00e4uft. Um dies zu gew\u00e4hrleisten, nehmen Sie sich bitte einen Moment Zeit und lesen Sie die folgenden wichtigen Informationen.<\/p>\n<h5>Ihre pers\u00f6nliche ID-Nummer<\/h5>\n<p>Da wir Teilnehmer aus aller Welt erwarten, kann die Kommunikation allein schon durch die Namen etwas kompliziert sein. Daher erh\u00e4lt jeder Teilnehmer eine pers\u00f6nliche Identifikationsnummer. Wir verwenden diese Nummern f\u00fcr die gesamte offizielle Kommunikation w\u00e4hrend der Versammlung, und auch die Hotels verwenden sie. Bitte \u00fcberpr\u00fcfen Sie vor Ihrer Reise Ihre zugewiesene ID-Nummer und Ihre Hotelnummer \u2013 sie werden am schwarzen Brett der Versammlung ausgeh\u00e4ngt.<\/p>\n<h3>\n\t\t\tAllgemeine Informationen\t<\/h3>\n\t<h5>A. Ankunfts- und Check-in-Informationen<\/h5>\n<ol>\n<li>Wenn Sie zwischen <strong>Samstag, 25. Oktober<\/strong> Und <strong>Sonntag, 26. Oktober 2025<\/strong>, schauen Sie bitte vorbei <strong>WEA-Informationsstand am Flughafen Incheon<\/strong> zum Einchecken. Wo genau das ist, erfahren Sie im n\u00e4chsten Abschnitt.<\/li>\n<li>Kommen Sie au\u00dferhalb dieser Daten an? Kein Problem! Sie k\u00f6nnen sich entweder in Ihrem zugewiesenen Hotel oder in der Sarang-Kirche anmelden. <strong>Montag, 27. Oktober, 7:45 Uhr<\/strong>W\u00e4hlen Sie einfach das aus, was f\u00fcr Sie am besten funktioniert.<\/li>\n<\/ol>\n<h5>B. Hotel &amp; Unterkunft<\/h5>\n<ol>\n<li>Wir \u00fcbernehmen die Unterkunft f\u00fcr <strong>sechs N\u00e4chte und sieben Tage<\/strong> w\u00e4hrend der Vollversammlung, von Sonntag, 26. Oktober bis Samstag, 1. November 2025. Wir informieren Sie in K\u00fcrze \u00fcber Ihr Hotel.<\/li>\n<li>Planen Sie, fr\u00fcher anzureisen oder l\u00e4nger zu bleiben? Diese zus\u00e4tzlichen N\u00e4chte m\u00fcssen Sie selbst organisieren.<\/li>\n<li>Wenn Sie am 26. Oktober nach der Check-in-Zeit anreisen oder fr\u00fcher auschecken m\u00fcssen, teilen Sie uns dies bitte im Voraus mit.<\/li>\n<li>Informieren Sie sich \u00fcber die Transportm\u00f6glichkeiten zwischen Hotels und Kirche. U-Bahn-Fahrten dauern in der Regel zwischen 10 und 30 Minuten.<\/li>\n<\/ol>\n<h5>C. Mahlzeiten<\/h5>\n<ol>\n<li>Alle Mahlzeiten w\u00e4hrend der Versammlung (Montag, 27. Oktober bis Samstagmorgen, 1. November) werden vom Organisationskomitee \u00fcbernommen.<\/li>\n<li>F\u00fcr die Mahlzeiten vor oder nach diesem Zeitraum sind Sie selbst verantwortlich.<\/li>\n<li>Das Fr\u00fchst\u00fcck wird t\u00e4glich in Ihrem Hotel serviert.<\/li>\n<li>Mittag- und Abendessen werden in Form von Lunchpaketen an unseren daf\u00fcr vorgesehenen Veranstaltungsorten serviert.<\/li>\n<li>Wenn Sie vorher vegetarische Gerichte bestellt haben, stehen diese f\u00fcr Sie bereit.<\/li>\n<\/ol>\n<h5>D. Abreise<\/h5>\n<ol>\n<li>Nach Abschluss der Versammlung m\u00fcssen Sie Ihren Transport selbst organisieren.<\/li>\n<li>Wenn Sie vom Flughafen Incheon abfliegen, \u00fcberpr\u00fcfen Sie bitte Ihr Terminal (1 oder 2) und Ihren Abgabeort, damit Sie Ihren Flug nicht verpassen.<\/li>\n<\/ol>\n<h3>\n\t\t\tSaRang-Kirche\t<\/h3>\n\t<p>Die SaRang-Kirche befindet sich in 121, Banpo-daero, Seocho-gu, Seoul.<\/p>\n<h5>\n\t\t\tLageplan der SaRang-Kirche\t<\/h5>\n\t\t\t\t<a href=\"https:\/\/gospelforeveryone.worldea.org\/wp-content\/uploads\/2025\/10\/google_map_main_pc03.jpg\"  target=\"_self\" itemprop=\"url\">\n\t\t\t\t<img decoding=\"async\" src=\"https:\/\/gospelforeveryone.worldea.org\/wp-content\/uploads\/2025\/10\/google_map_main_pc03.jpg\" alt=\"google map main pc03\" itemprop=\"image\" height=\"739\" width=\"1208\" title=\"Google Map Haupt-PC03\" onerror=\"this.style.display='none'\" loading=\"lazy\" \/>\n\t\t\t\t<\/a>\n<h5>\n\t\t\tBauplan der SaRang-Kirche\t<\/h5>\n\t\t\t\t<a href=\"https:\/\/gospelforeveryone.worldea.org\/wp-content\/uploads\/2025\/10\/sarang-church-map-scaled.jpg\"  target=\"_self\" itemprop=\"url\">\n\t\t\t\t<img decoding=\"async\" src=\"https:\/\/gospelforeveryone.worldea.org\/wp-content\/uploads\/2025\/10\/sarang-church-map-scaled.jpg\" alt=\"sarang church map\" itemprop=\"image\" height=\"1810\" width=\"2560\" title=\"Sarang-Kirchenkarte\" onerror=\"this.style.display='none'\" loading=\"lazy\" \/>\n\t\t\t\t<\/a>\n<h3>\n\t\t\tZus\u00e4tzliche Dokument-Downloads\t<\/h3>\n\t<p>Wir haben auch zwei l\u00e4ngere Dokumente als Hintergrundinformation f\u00fcr Sie. Bitte beachten Sie, dass es sich um gro\u00dfe PDF-Dokumente handelt und der Download einige Zeit in Anspruch nehmen kann.<\/p>\n\t<a href=\"https:\/\/m.site.naver.com\/1Rr2H\" target=\"_blank\" role=\"button\" rel=\"noopener\" aria-label=\"Der Traum\">\n\t\t\t\t\t\tDer Traum\n\t\t\t\t\t<\/a>\n\t<a href=\"https:\/\/m.site.naver.com\/1S1Tf\" target=\"_blank\" role=\"button\" rel=\"noopener\" aria-label=\"Heilige Infrastruktur\">\n\t\t\t\t\t\tHeilige Infrastruktur\n\t\t\t\t\t<\/a>\n        <p><strong>Fragen? Brauchen Sie Hilfe?<\/strong>Du kannst <strong>E-Mail<\/strong> uns unter:<ul><li><a href=\"mailto:generalassembly@worldea.org\">generalassembly@worldea.org<\/a> (<strong>WEA<\/strong>) <em>oder <\/em><\/li><li><a href=\"mailto:weaseoulga@gmail.com\">weaseoulga@gmail.com<\/a> (<strong>Koreanisches Team<\/strong>)<\/li><\/ul>Oder Sie k\u00f6nnen <strong>Nachricht<\/strong> uns (entweder SMS oder WhatsApp) unter:<ul><li><a href=\"tel:+447506789420\">+44-7506-798420<\/a> (<strong>Jakob<\/strong>) <em>oder <\/em><\/li><li><a href=\"tel:+821081901027\">+82-10-8190-1027<\/a> (<strong>Koreanisches Team<\/strong>)<\/li><\/ul>Wir akzeptieren Nachrichten in Ihrer Muttersprache.<\/p>","protected":false},"excerpt":{"rendered":"<p>Herzlich willkommen zur WEA-Generalversammlung 2025 in Seoul! Wir freuen uns sehr, dass Sie uns hier in Korea besuchen, und m\u00f6chten sicherstellen, dass Ihr Besuch so reibungslos und angenehm wie m\u00f6glich verl\u00e4uft. Um dies zu unterst\u00fctzen, nehmen Sie sich bitte einen Moment Zeit und lesen Sie die folgenden wichtigen Informationen durch. Ihre pers\u00f6nliche ID-Nummer Da wir \u2026 erwarten <a title=\"Information\" class=\"read-more\" href=\"https:\/\/gospelforeveryone.worldea.org\/de\/information\/\" aria-label=\"Mehr Informationen \u00fcber Information\">Weiterlesen \u2026<\/a><\/p>","protected":false},"author":1,"featured_media":0,"parent":0,"menu_order":0,"comment_status":"closed","ping_status":"closed","template":"","meta":{"_acf_changed":false,"_seopress_robots_primary_cat":"","_seopress_titles_title":"","_seopress_titles_desc":"","_seopress_robots_index":"","footnotes":""},"class_list":["post-1117","page","type-page","status-publish"],"acf":[],"_links":{"self":[{"href":"https:\/\/gospelforeveryone.worldea.org\/de\/wp-json\/wp\/v2\/pages\/1117","targetHints":{"allow":["GET"]}}],"collection":[{"href":"https:\/\/gospelforeveryone.worldea.org\/de\/wp-json\/wp\/v2\/pages"}],"about":[{"href":"https:\/\/gospelforeveryone.worldea.org\/de\/wp-json\/wp\/v2\/types\/page"}],"author":[{"embeddable":true,"href":"https:\/\/gospelforeveryone.worldea.org\/de\/wp-json\/wp\/v2\/users\/1"}],"replies":[{"embeddable":true,"href":"https:\/\/gospelforeveryone.worldea.org\/de\/wp-json\/wp\/v2\/comments?post=1117"}],"version-history":[{"count":11,"href":"https:\/\/gospelforeveryone.worldea.org\/de\/wp-json\/wp\/v2\/pages\/1117\/revisions"}],"predecessor-version":[{"id":1172,"href":"https:\/\/gospelforeveryone.worldea.org\/de\/wp-json\/wp\/v2\/pages\/1117\/revisions\/1172"}],"wp:attachment":[{"href":"https:\/\/gospelforeveryone.worldea.org\/de\/wp-json\/wp\/v2\/media?parent=1117"}],"curies":[{"name":"wp","href":"https:\/\/api.w.org\/{rel}","templated":true}]}}