{"id":1130,"date":"2025-10-03T15:03:50","date_gmt":"2025-10-03T15:03:50","guid":{"rendered":"https:\/\/gospelforeveryone.worldea.org\/?page_id=1130"},"modified":"2025-10-05T16:36:31","modified_gmt":"2025-10-05T16:36:31","slug":"delegate-faqs","status":"publish","type":"page","link":"https:\/\/gospelforeveryone.worldea.org\/de\/information\/delegate-faqs\/","title":{"rendered":"H\u00e4ufig gestellte Fragen zu Delegierten"},"content":{"rendered":"<p>Damit Sie sich besser vorbereiten und Ihren Aufenthalt entspannt genie\u00dfen k\u00f6nnen, haben wir Antworten auf einige der Fragen zusammengestellt, die uns am h\u00e4ufigsten gestellt werden.<\/p>\n<h3>\n\t\t\tA. Fragen zum Flughafen\t<\/h3>\n\t<h5><strong>1. Woher wei\u00df ich, an welchem Terminal ich ankomme \u2013 im Terminal 1 oder im Terminal 2?<\/strong><\/h5>\n<p>Auf Ihrem Flugticket ist Ihr Terminal deutlich angegeben. Sie k\u00f6nnen Ihre Fluginformationen auch auf der Website des internationalen Flughafens Incheon \u00fcberpr\u00fcfen, wenn Sie dies noch einmal \u00fcberpr\u00fcfen m\u00f6chten.<\/p>\n<h5><strong>2. Finde ich den WEA-Informationsschalter leicht?<\/strong><\/h5>\n<ul>\n<li>Bei <strong>Terminal 1<\/strong>, nachdem Sie durch <strong>Ausgang E<\/strong>, sehen Sie freundliche Freiwillige in gelben Westen. Der Informationsstand befindet sich bei <strong>Position 30<\/strong>.<\/li>\n<li>Bei <strong>Terminal 2<\/strong>, Freiwillige in gelben Westen werden Sie in der N\u00e4he begr\u00fc\u00dfen <strong>Ausgang A<\/strong>, aber beachten Sie, dass es dort keinen separaten Stand gibt. Sie werden Ihnen direkt am Ausgang behilflich sein.<\/li>\n<\/ul>\n<h5><strong>3. Wann ist die WEA-Information ge\u00f6ffnet?<\/strong><\/h5>\n<p>Es ist von 8:00 bis 22:00 Uhr ge\u00f6ffnet <strong>Samstag, 25. Oktober<\/strong> Und <strong>Sonntag, 26. Oktober<\/strong>.<\/p>\n<h5><strong>4. Warum muss ich am WEA-Informationsschalter vorbeischauen?<\/strong><\/h5>\n<p>Hier erhalten Sie Ihre Prepaid-Reisekarte (T-Money) und Ihr Namensschild. Freiwillige Helfer beantworten Ihre Fragen und begleiten Sie auf Ihrer Weiterreise zu Ihrem Hotel.<\/p>\nDer auf der T-Money-Karte gespeicherte Wert reicht f\u00fcr die Fahrt vom Flughafen zum Hotel mit dem Limousinenbus, die t\u00e4glichen Hin- und R\u00fcckfahrten zur SaRang-Kirche und die R\u00fcckfahrt vom Hotel zum Flughafen.\n<h5><strong>5. Was passiert, wenn ich vor oder nach den \u00d6ffnungszeiten des Schalters ankomme?<\/strong><\/h5>\n<p>Bei Anreise vor dem 25. Oktober erfolgt die Anreise zum Hotel selbstst\u00e4ndig. Bei Anreise ab dem 27. Oktober erfolgt eine individuelle Anreise nach Ihrer Ankunftszeit.<\/p>\nWenn Sie au\u00dferhalb dieser Zeiten anreisen, vereinbaren Sie bitte mit dem Planungsteam die Abholung Ihrer Namensschilder und Ihrer T-Money-Karte. Anfallende Reisekosten k\u00f6nnen wir Ihnen vor Erhalt Ihrer T-Money-Karte leider nicht erstatten.\n<h5><strong>6. Kann ich nach dem Besuch am Schalter alleine zu meinem Hotel gehen?<\/strong><\/h5>\n<p>Auf jeden Fall! Stellen Sie einfach sicher, dass Sie rechtzeitig zum Check-in in Ihrem Hotel ankommen.<\/p>\n<h3>\n\t\t\tB. Geldwechsel\t<\/h3>\n\t<h5><strong>7. Sollte ich vor meiner Ankunft Geld umtauschen?<\/strong><\/h5>\n<p>Kreditkarten funktionieren in Korea fast \u00fcberall, daher ist es nicht unbedingt erforderlich, viel Bargeld umzutauschen. Da das Aufladen Ihrer T-Money-Karte jedoch Bargeld (koreanischer Won) erfordert, ist es ratsam, f\u00fcr alle F\u00e4lle einen kleinen Betrag in der Landesw\u00e4hrung mitzunehmen.<\/p>\n<h5><strong>8. Wo kann man am besten Geld wechseln?<\/strong><\/h5>\n<p>Am einfachsten ist es, nach Ihrer Ankunft koreanische Won an den Bankschaltern im Flughafen Incheon umzutauschen.<\/p>\n<h3>\n\t\t\tC. Transport und T-Money-Karte\t<\/h3>\n\t<h5><strong>9. Wie komme ich vom Flughafen zu meinem Hotel?<\/strong><\/h5>\n<p>Am Empfangsstand erhalten Sie eine T-Money-Karte. Unsere hilfsbereiten Mitarbeiter zeigen Ihnen den Weg zu Ihrem Hotel. Beachten Sie unbedingt die spezifischen Transporthinweise Ihres Hotels am Stand.<\/p>\n<h5><strong>10. Warum ist meine T-Money-Karte mit 56.000 KRW aufgeladen?<\/strong><\/h5>\n<p>Dieser Betrag deckt die Hin- und R\u00fcckfahrt mit dem Limousinenbus zum Flughafen sowie etwa f\u00fcnf Hin- und R\u00fcckfahrten zwischen Ihrem Hotel und der Sarang-Kirche ab. Ihr tats\u00e4chlicher Reisebedarf kann abweichen, und Sie m\u00fcssen m\u00f6glicherweise selbst zus\u00e4tzliche Mittel aufbringen.<\/p>\n<h5><strong>11. Was passiert, wenn ich meine T-Money-Karte verliere?<\/strong><\/h5>\n<p>Verlorene Karten k\u00f6nnen leider nicht ersetzt werden. Sie m\u00fcssen eine neue Karte mit Bargeld in Convenience Stores wie CU oder GS25 kaufen. Um Ihre Karte sicher aufzubewahren, bewahren Sie sie am besten in Ihrem Ausweishalter auf \u2013 Bonus: Sie k\u00f6nnen den gesamten Ausweishalter bei der U-Bahn-Benutzung antippen!<\/p>\n<h5><strong>12. Wie komme ich von meinem Hotel zur Kirche?<\/strong><\/h5>\n<p>Ihr Hotel gibt Ihnen eine detaillierte Wegbeschreibung, und Freiwillige in gelben Jacken stehen Ihnen mit Rat und Tat zur Seite. Am ersten Tag begleiten Sie Freiwillige sogar zur Kirche. Wir empfehlen, zu zweit oder in Gruppen zu reisen, um Ihre Sicherheit zu gew\u00e4hrleisten.<\/p>\n<h5><strong>13. Wie komme ich nach dem Ende der Versammlung zur\u00fcck zum Flughafen Incheon?<\/strong><\/h5>\n<p>F\u00fcr die Organisation Ihres Transports sind Sie selbst verantwortlich. Informieren Sie sich vorab bei Ihrem Hotel \u00fcber den Fahrplan des Flughafenbusses, planen Sie ausreichend Zeit f\u00fcr die Fahrt ein, best\u00e4tigen Sie Ihr Terminal (T1 oder T2) und stellen Sie sicher, dass Ihre T-Money-Karte \u00fcber ausreichend Guthaben verf\u00fcgt.<\/p>\n<h3>\n\t\t\tD. Notf\u00e4lle\t<\/h3>\n\t<h5><strong>14. Wen rufe ich im Notfall an?<\/strong><\/h5>\n<p>F\u00fcr polizeiliche Unterst\u00fctzung w\u00e4hlen Sie <strong>112<\/strong>. Um einen Krankenwagen zu rufen, w\u00e4hlen Sie <strong>119<\/strong>. Es stehen englischsprachige Dienste zur Verf\u00fcgung.<\/p>\n<h5><strong>15. An wen wende ich mich, wenn ich Hilfe brauche?<\/strong><\/h5>\n<p>Nutzen Sie die offizielle SOC-Hotline: <a href=\"tel:+821081901027\"><strong>+82-10-8190-1027<\/strong><\/a>. Dies ist ausschlie\u00dflich Textnachrichten (SMS oder WhatsApp) und Sie k\u00f6nnen gerne in Ihrer eigenen Sprache schreiben. Wir bevorzugen SMS, damit die Leitungen f\u00fcr dringende Angelegenheiten frei bleiben. Normalerweise antworten wir innerhalb einer Stunde.<\/p>\n<h5><strong>16. Was passiert, wenn ich mich w\u00e4hrend der Versammlung krank f\u00fchle?<\/strong><\/h5>\n<p>F\u00fcr die Grundversorgung steht Ihnen auf Ebene B2 (S\u00fcdseite) der Kirche ein Sanit\u00e4tsraum zur Verf\u00fcgung. Sollten Sie eine weitergehende Behandlung ben\u00f6tigen, helfen wir Ihnen gerne, eine Klinik oder ein Krankenhaus zu erreichen. Au\u00dferhalb dieser Zeiten wenden Sie sich bitte an die SOC-Hotline.<\/p>\n<h3>\n\t\t\tE. Reisen und Notf\u00e4lle\t<\/h3>\n\t<h5><strong>17. Ben\u00f6tige ich eine Reiseversicherung?<\/strong><\/h5>\n<p>Es ist nicht obligatorisch, aber wir empfehlen es dringend. Es kann ein echter Lebensretter sein, wenn Sie im Ausland krank werden oder einen Unfall haben.<\/p>\n<h5><strong>18. Was sollte ich einpacken?<\/strong><\/h5>\n<p>Bringen Sie eine Powerbank (Ladem\u00f6glichkeiten in der Kirche sind begrenzt), Kopfh\u00f6rer (f\u00fcr Dolmetscher-Apps) und alle Medikamente mit, die Sie regelm\u00e4\u00dfig einnehmen.<\/p>\n<h5><strong>19. Welche Apps sind in Korea n\u00fctzlich?<\/strong><\/h5>\n<ul>\n<li><strong>Naver-Karte:<\/strong> Am besten f\u00fcr die Fortbewegung geeignet.<\/li>\n<li><strong>KakaoTalk:<\/strong> Die wichtigste Messenger-App hier, mit automatischen \u00dcbersetzungsfunktionen.<\/li>\n<li><strong>Google Maps:<\/strong> Begrenzte Abdeckung in Korea \u2013 nicht so zuverl\u00e4ssig.<\/li>\n<\/ul>\n<h3>\n\t\t\tF. Wetter und Kleidung\t<\/h3>\n\t<h5><strong>20. Wie ist das Wetter w\u00e4hrend der Versammlung?<\/strong><\/h5>\n<p>Die Temperaturen liegen tags\u00fcber bei angenehmen 19\u201320 \u00b0C (66\u201368 \u00b0F), morgens und abends kann es jedoch k\u00fchler sein (ca. 10\u201311 \u00b0C). Packen Sie f\u00fcr alle F\u00e4lle eine leichte Jacke oder ein lang\u00e4rmeliges Hemd ein. Informieren Sie sich \u00fcber die Wettervorhersage kurz vor Ihrem Reisedatum.<\/p>\n<h3>\n\t\t\tG. Unterkunft\t<\/h3>\n\t<h5><strong>21. Wie registriere ich mich, wenn ich in Korea ankomme?<\/strong><\/h5>\n<p>Sie k\u00f6nnen sich an einem dieser drei Orte anmelden:<\/p>\n<ul>\n<li>Am Flughafen am 25. und 26. Oktober<\/li>\n<li>In Ihrem zugewiesenen Hotel<\/li>\n<li>In der Grace Chapel (Ebene B5) bis 7:45 Uhr am Montag, 27. Oktober<\/li>\n<\/ul>\n<h5><strong>22. Wann erfahre ich, in welchem Hotel ich \u00fcbernachte?<\/strong><\/h5>\n<p>Wir sind gerade dabei, die Hotelzuweisungen abzuschlie\u00dfen. Nach der Zuweisung sind keine \u00c4nderungen mehr m\u00f6glich. Die meisten Hotels liegen 10-30 Minuten von der Kirche entfernt.<\/p>\n<h5><strong>23. Kann ich fr\u00fcher einchecken oder l\u00e4nger bleiben?<\/strong><\/h5>\n<p>Wir k\u00f6nnen dies nicht arrangieren. Wenden Sie sich daher bitte direkt an Ihr Hotel, wenn Sie einen fr\u00fchen Check-in w\u00fcnschen oder Ihren Aufenthalt verl\u00e4ngern m\u00f6chten. In den meisten zugewiesenen Hotels liegen die Preise bei etwa 150\u2013200 USD pro Nacht.<\/p>\n<h3>\n\t\t\tH. Alltag\t<\/h3>\n\t<h5><strong>24. Ist WLAN leicht zu finden?<\/strong><\/h5>\n<p>Ja! Kostenloses WLAN ist in ganz Korea \u00fcblich und wird in allen Hotels angeboten. W\u00e4hrend der Vollversammlung wird die Kirche \u00fcber ein spezielles WLAN-Netzwerk verf\u00fcgen. Details dazu erhalten Sie vor Ort.<\/p>\n<h5><strong>25. Ist die Minibar in meinem Hotelzimmer kostenlos?<\/strong><\/h5>\n<p>Wasserflaschen sind kostenlos. Andere Getr\u00e4nke und Snacks in der Minibar gehen auf Ihre Kosten.<\/p>\n<h5><strong>26. Wo kann ich touristische Informationen erhalten?<\/strong><\/h5>\n<p>SOC bietet keine Besichtigungsdienste an, aber Sie k\u00f6nnen viele Informationen online oder in den \u00f6rtlichen Touristeninformationszentren finden.<\/p>\n<h5><strong>27. Kann ich mein Mobiltelefon und meine SIM-Karte in Korea verwenden?<\/strong><\/h5>\n<p>Die meisten internationalen Mobiltelefone funktionieren in Korea. Erkundigen Sie sich jedoch am besten bei Ihrem lokalen Anbieter nach den Roaming-Geb\u00fchren. Alternativ k\u00f6nnen Sie am Flughafen eine lokale SIM-Karte kaufen oder ein tragbares WLAN-Ger\u00e4t mieten, um bequem Internetzugang zu erhalten.<\/p>\n<h5><strong>28. Ist \u00f6ffentliches Trinkwasser trinkbar?<\/strong><\/h5>\n<p>Das Leitungswasser in Korea ist trinkbar, viele Menschen bevorzugen jedoch Flaschenwasser, das in Gesch\u00e4ften und Hotels \u00fcberall erh\u00e4ltlich ist.<\/p>\n<h5><strong>29. Welcher elektrische Stecker und welche Spannung werden in Korea verwendet?<\/strong><\/h5>\n<p>In Korea werden Stecker des Typs F (zwei runde Stifte) verwendet. Die Spannung betr\u00e4gt 220 V bei 60 Hz. Bitte bringen Sie bei Bedarf einen entsprechenden Adapter und Spannungswandler mit.<\/p>\n<h3>\n\t\t\tI. In der Kirche\t<\/h3>\n\t<h5><strong>30. Kann ich mein Gep\u00e4ck in der Kirche lassen?<\/strong><\/h5>\n<p>Ja! In der Nordlobby im 1. Stock wird es eine tempor\u00e4re Gep\u00e4ckaufbewahrung geben. Bewahren Sie Ihren Gep\u00e4ckanh\u00e4nger sicher auf, um Ihr Gep\u00e4ck abzuholen.<\/p>\n<h5><strong>31. Gibt es einen ruhigen Ort zum Beten?<\/strong><\/h5>\n<p>Auf jeden Fall. Raum 503 im 5. Stock (Familienzentrum, Nordfl\u00fcgel) steht f\u00fcr das pers\u00f6nliche Gebet zur Verf\u00fcgung \u2013 ein ruhiger Ort zum Nachdenken.<\/p>\n<h5><strong>32. Was ist, wenn ich w\u00e4hrend der Montage auf Probleme sto\u00dfe?<\/strong><\/h5>\n<p>Sie k\u00f6nnen \u00fcber den WEA-Chatroom um Hilfe bitten, die SOC-Hotline anrufen oder eine SMS senden oder den Situation Room im Nordfl\u00fcgel im 4. Stock aufsuchen.<\/p>\n<h5><strong>33. Was passiert, wenn ich etwas verliere?<\/strong><\/h5>\n<p>Wenden Sie sich mit Einzelheiten an die SOC-Hotline. In Korea transportieren die Menschen verlorene Gegenst\u00e4nde normalerweise nicht, sodass Ihre Besitzt\u00fcmer oft leicht wiederzufinden sind.<\/p>\n<h3>\n\t\t\tJ. Programm und Dienste\t<\/h3>\n\t<h5><strong>34. Gibt es ein Programm f\u00fcr unsere gemeinsame Zeit?<\/strong><\/h5>\n<p>Ja! Das sieht man <a href=\"https:\/\/gospelforeveryone.worldea.org\/de\/program\/\">Hier<\/a> Und <a href=\"https:\/\/gospelforeveryone.worldea.org\/wp-content\/uploads\/2025\/10\/ga-program-v10.pdf\">herunterladen<\/a> wenn Sie m\u00f6chten, auch eine Kopie.<\/p>\n<h5><strong>35. Wann erhalten wir das Teilnehmerhandbuch?<\/strong><\/h5>\n<p>Am Montag, dem 27. Oktober, vor 7:45 Uhr in der Grace Chapel (Ebene B5). Die Konferenztasche enth\u00e4lt den Reisef\u00fchrer und weitere Materialien. Reisen Sie daher an diesem Morgen mit leichtem Gep\u00e4ck.<\/p>\n<h5><strong>36. Wird es an den Infost\u00e4nden Sprachhilfe geben?<\/strong><\/h5>\n<p>Ja! Da die Teilnehmer aus vielen L\u00e4ndern kommen, stehen Ihnen mehrsprachige Dolmetschersysteme in Ihrer Sprache zur Verf\u00fcgung.<\/p>\n<h5><strong>37. Werden die Toiletten \u00fcberf\u00fcllt sein?<\/strong><\/h5>\n<p>Um den 27. und 28. Oktober herum erwarten wir etwa 7.000 Besucher, daher ist mit etwas Gedr\u00e4nge zu rechnen. Sollten die Haupttoiletten belegt sein, versuchen Sie es bitte in den Toiletten auf anderen Etagen. Auch Rolltreppen k\u00f6nnen stark frequentiert sein; Treppen sind eine gute Alternative.<\/p>\n<h5><strong>38. Werden bei Hauptversammlungen Sitzpl\u00e4tze zugewiesen?<\/strong><\/h5>\n<p>F\u00fcr WEA-Mitglieder ist die Sitzplatzwahl in der Grace Chapel (B5) kostenlos. Von Montagnachmittag (27. Oktober) bis Dienstag (28. Oktober) steht WEA-Teilnehmern im Hauptheiligtum jedoch ein reservierter Sitzbereich zur Verf\u00fcgung. Bitte setzen Sie sich in Ihren zugewiesenen Bereich.<\/p>\n<h5><strong>39. Werden vegetarische Gerichte angeboten?<\/strong><\/h5>\n<p>Ja, allerdings nur f\u00fcr angemeldete G\u00e4ste. Die Abholung erfolgt w\u00e4hrend der Essenszeiten an der daf\u00fcr vorgesehenen Station. Vegetarische Gerichte k\u00f6nnen ohne Anmeldung leider nicht angeboten werden.<\/p>\n<h5><strong>40. Was ist, wenn ich nicht m\u00f6chte, dass Fotos oder Videos von mir gemacht werden?<\/strong><\/h5>\n<p>Geben Sie uns vorab Bescheid oder fragen Sie am Infoschalter nach. Wir kennzeichnen Ihr Namensschild mit einem Schl\u00fcsselband, um Ihre Privatsph\u00e4re zu wahren. Vielen Dank, dass Sie uns helfen, Probleme beim Fotografieren und Filmen zu vermeiden.<\/p>\n<h3>\n\t\t\tK. Koreanische Kulturtipps\t<\/h3>\n\t<h5><strong>41. Was sollte ich \u00fcber die koreanische Kultur wissen?<\/strong><\/h5>\n<ul>\n<li>Stellen Sie sich auf die rechte Seite der Rolltreppe, um die linke Seite f\u00fcr andere frei zu lassen.<\/li>\n<li>Stellen Sie sich in U-Bahnen, Bussen, Toiletten und anderen \u00f6ffentlichen Orten immer h\u00f6flich an.<\/li>\n<li>Sprechen Sie an \u00fcberf\u00fcllten Orten leise \u2013 das gilt als h\u00f6flich.<\/li>\n<li>Verwenden Sie Ehrentitel, insbesondere wenn Sie Pastoren ansprechen (z. B. Pastor Kim).<\/li>\n<li>Zur Begr\u00fc\u00dfung ist eine leichte Verbeugung erw\u00fcnscht. Beim Schenken von etwas verwenden Sie als Zeichen des Respekts beide H\u00e4nde.<\/li>\n<li>Speisen und Getr\u00e4nke sind im Hauptheiligtum (B4) nicht gestattet. Bitte vermeiden Sie es, sich w\u00e4hrend des Gottesdienstes zu bewegen.<\/li>\n<li>Sie k\u00f6nnen mehr \u00fcber die Grundlagen der koreanischen Etikette lesen <a href=\"https:\/\/english.visitseoul.net\/etiquette\" target=\"_blank\" rel=\"noopener\">Hier<\/a>.<\/li>\n<\/ul>\n        <p><strong>Fragen? Brauchen Sie Hilfe?<\/strong>Du kannst <strong>E-Mail<\/strong> uns unter:<ul><li><a href=\"mailto:generalassembly@worldea.org\">generalassembly@worldea.org<\/a> (<strong>WEA<\/strong>) <em>oder <\/em><\/li><li><a href=\"mailto:weaseoulga@gmail.com\">weaseoulga@gmail.com<\/a> (<strong>Koreanisches Team<\/strong>)<\/li><\/ul>Oder Sie k\u00f6nnen <strong>Nachricht<\/strong> uns (entweder SMS oder WhatsApp) unter:<ul><li><a href=\"tel:+447506789420\">+44-7506-798420<\/a> (<strong>Jakob<\/strong>) <em>oder <\/em><\/li><li><a href=\"tel:+821081901027\">+82-10-8190-1027<\/a> (<strong>Koreanisches Team<\/strong>)<\/li><\/ul>Wir akzeptieren Nachrichten in Ihrer Muttersprache.<\/p>","protected":false},"excerpt":{"rendered":"<p>Damit Sie sich gut vorbereiten und Ihren Aufenthalt entspannt genie\u00dfen k\u00f6nnen, haben wir Antworten auf die h\u00e4ufigsten Fragen zusammengestellt. A. Fragen zum Flughafen 1. Woher wei\u00df ich, an welchem Terminal ich ankomme \u2013 Terminal 1 oder Terminal 2? Auf Ihrem Flugticket ist Ihr Terminal eindeutig angegeben. Sie k\u00f6nnen auch Ihre Fluginformationen \u00fcberpr\u00fcfen \u2026 <a title=\"H\u00e4ufig gestellte Fragen zu Delegierten\" class=\"read-more\" href=\"https:\/\/gospelforeveryone.worldea.org\/de\/information\/delegate-faqs\/\" aria-label=\"Weitere Informationen \u00fcber Delegate FAQs\">Weiterlesen \u2026<\/a><\/p>","protected":false},"author":1,"featured_media":0,"parent":1117,"menu_order":0,"comment_status":"closed","ping_status":"closed","template":"","meta":{"_acf_changed":false,"_seopress_robots_primary_cat":"","_seopress_titles_title":"","_seopress_titles_desc":"","_seopress_robots_index":"","footnotes":""},"class_list":["post-1130","page","type-page","status-publish"],"acf":[],"_links":{"self":[{"href":"https:\/\/gospelforeveryone.worldea.org\/de\/wp-json\/wp\/v2\/pages\/1130","targetHints":{"allow":["GET"]}}],"collection":[{"href":"https:\/\/gospelforeveryone.worldea.org\/de\/wp-json\/wp\/v2\/pages"}],"about":[{"href":"https:\/\/gospelforeveryone.worldea.org\/de\/wp-json\/wp\/v2\/types\/page"}],"author":[{"embeddable":true,"href":"https:\/\/gospelforeveryone.worldea.org\/de\/wp-json\/wp\/v2\/users\/1"}],"replies":[{"embeddable":true,"href":"https:\/\/gospelforeveryone.worldea.org\/de\/wp-json\/wp\/v2\/comments?post=1130"}],"version-history":[{"count":5,"href":"https:\/\/gospelforeveryone.worldea.org\/de\/wp-json\/wp\/v2\/pages\/1130\/revisions"}],"predecessor-version":[{"id":1141,"href":"https:\/\/gospelforeveryone.worldea.org\/de\/wp-json\/wp\/v2\/pages\/1130\/revisions\/1141"}],"up":[{"embeddable":true,"href":"https:\/\/gospelforeveryone.worldea.org\/de\/wp-json\/wp\/v2\/pages\/1117"}],"wp:attachment":[{"href":"https:\/\/gospelforeveryone.worldea.org\/de\/wp-json\/wp\/v2\/media?parent=1130"}],"curies":[{"name":"wp","href":"https:\/\/api.w.org\/{rel}","templated":true}]}}