{"id":1155,"date":"2025-10-05T17:01:52","date_gmt":"2025-10-05T17:01:52","guid":{"rendered":"https:\/\/gospelforeveryone.worldea.org\/?page_id=1155"},"modified":"2025-10-05T17:03:06","modified_gmt":"2025-10-05T17:03:06","slug":"daily-travel","status":"publish","type":"page","link":"https:\/\/gospelforeveryone.worldea.org\/de\/information\/daily-travel\/","title":{"rendered":"T\u00e4gliche Reisen"},"content":{"rendered":"<h3>\n\t\t\tSo gelangen Sie von Ihrem Hotel zur Sarang-Kirche\t<\/h3>\n\t<h5>A. Fr\u00fchst\u00fcck<\/h5>\n<ul>\n<li>Vom 27. Oktober bis 1. November wird in den Hotels Fr\u00fchst\u00fcck serviert.<\/li>\n<li>Um hineinzukommen, teilen Sie dem Hotelpersonal einfach Ihre Zimmernummer mit.<\/li>\n<\/ul>\n<h5>B. Fahrt zur Kirche<\/h5>\n<ul>\n<li>Ziel ist die Ankunft bis <strong>7:45 Uhr.<\/strong><\/li>\n<li>Ihr Hotel oder Ihre nationale Gruppe wird von einem Reiseleiter begleitet und am ersten Morgen werden Ihnen Freiwillige helfen.<\/li>\n<li>Informieren Sie sich vor Ihrem Besuch, welchen Kircheneingang Sie benutzen sollten.<\/li>\n<\/ul>\n<h5>C. Mit der U-Bahn<\/h5>\n<ul>\n<li>Sie ben\u00f6tigen eine <strong>T-Geld-Karte<\/strong> f\u00fcr U-Bahn-Fahrten \u2013 Bargeld oder Kreditkarten funktionieren in der U-Bahn nicht.<\/li>\n<li>Die n\u00e4chstgelegene U-Bahnstation zur Sarang-Kirche ist <strong>Bahnhof Seocho (Linie 2)<\/strong>.<\/li>\n<li>Verwenden <strong>Ausgang 3<\/strong>; die Kirche befindet sich gleich dort auf der rechten Seite, direkt mit dem Platz verbunden.<\/li>\n<li>Wenn Sie in die U-Bahn in die falsche Richtung einsteigen, steigen Sie einfach an der n\u00e4chsten Haltestelle aus, gehen Sie zum anderen Bahnsteig und nehmen Sie den Zug in die richtige Richtung zur\u00fcck.<\/li>\n<li>Merken Sie sich die U-Bahn-Ausgangsnummer Ihres Hotels, um die R\u00fcckkehr zu erleichtern.<\/li>\n<\/ul>\n<h5>D. \u00dcber Ihre T-Money-Transportkarte<\/h5>\n<ul>\n<li>Wir geben jedem Teilnehmer eine T-Money-Karte mit 56.000 KRW, um Ihre Reisekosten w\u00e4hrend der Versammlung zu decken.<\/li>\n<li>Behalten Sie Ihr Guthaben im Auge.<\/li>\n<li>Wenn Sie weniger als 20.000 KRW \u00fcbrig haben, k\u00f6nnen Sie sich vor Ihrer Abreise aus Korea in den Convenience Stores am Flughafen Incheon eine R\u00fcckerstattung holen (beachten Sie eine R\u00fcckerstattungsgeb\u00fchr von 500 KRW).<\/li>\n<li>Sie k\u00f6nnen Ihre Karte hier in Korea nur mit Bargeld aufladen (keine Kreditkarten).<\/li>\n<li>Die T-Money-Karte funktioniert auch in einigen Convenience Stores und Restaurants.<\/li>\n<li>Bitte bewahren Sie Ihre Karte sicher auf. Bei Verlust kann sie nicht ersetzt werden. Bei Verlust k\u00f6nnen Sie in Convenience Stores eine neue Karte kaufen (nur Barzahlung).<\/li>\n<\/ul>\n        <p><strong>Fragen? Brauchen Sie Hilfe?<\/strong>Du kannst <strong>E-Mail<\/strong> uns unter:<ul><li><a href=\"mailto:generalassembly@worldea.org\">generalassembly@worldea.org<\/a> (<strong>WEA<\/strong>) <em>oder <\/em><\/li><li><a href=\"mailto:weaseoulga@gmail.com\">weaseoulga@gmail.com<\/a> (<strong>Koreanisches Team<\/strong>)<\/li><\/ul>Oder Sie k\u00f6nnen <strong>Nachricht<\/strong> uns (entweder SMS oder WhatsApp) unter:<ul><li><a href=\"tel:+447506789420\">+44-7506-798420<\/a> (<strong>Jakob<\/strong>) <em>oder <\/em><\/li><li><a href=\"tel:+821081901027\">+82-10-8190-1027<\/a> (<strong>Koreanisches Team<\/strong>)<\/li><\/ul>Wir akzeptieren Nachrichten in Ihrer Muttersprache.<\/p>","protected":false},"excerpt":{"rendered":"<p>Anreise vom Hotel zur Sarang-Kirche A. Fr\u00fchst\u00fcck Vom 27. Oktober bis 1. November wird in den Hotels Fr\u00fchst\u00fcck serviert. Teilen Sie dem Hotelpersonal einfach Ihre Zimmernummer mit. B. Anreise zur Kirche: Sie sollten bis 7:45 Uhr dort sein. In Ihrem Hotel oder Ihrer nationalen Gruppe gibt es einen Reiseleiter und Freiwillige \u2026 <a title=\"T\u00e4gliche Reisen\" class=\"read-more\" href=\"https:\/\/gospelforeveryone.worldea.org\/de\/information\/daily-travel\/\" aria-label=\"Mehr Informationen \u00fcber Daily Travel\">Weiterlesen \u2026<\/a><\/p>","protected":false},"author":1,"featured_media":0,"parent":1117,"menu_order":0,"comment_status":"closed","ping_status":"closed","template":"","meta":{"_acf_changed":false,"_seopress_robots_primary_cat":"","_seopress_titles_title":"","_seopress_titles_desc":"","_seopress_robots_index":"","footnotes":""},"class_list":["post-1155","page","type-page","status-publish"],"acf":[],"_links":{"self":[{"href":"https:\/\/gospelforeveryone.worldea.org\/de\/wp-json\/wp\/v2\/pages\/1155","targetHints":{"allow":["GET"]}}],"collection":[{"href":"https:\/\/gospelforeveryone.worldea.org\/de\/wp-json\/wp\/v2\/pages"}],"about":[{"href":"https:\/\/gospelforeveryone.worldea.org\/de\/wp-json\/wp\/v2\/types\/page"}],"author":[{"embeddable":true,"href":"https:\/\/gospelforeveryone.worldea.org\/de\/wp-json\/wp\/v2\/users\/1"}],"replies":[{"embeddable":true,"href":"https:\/\/gospelforeveryone.worldea.org\/de\/wp-json\/wp\/v2\/comments?post=1155"}],"version-history":[{"count":2,"href":"https:\/\/gospelforeveryone.worldea.org\/de\/wp-json\/wp\/v2\/pages\/1155\/revisions"}],"predecessor-version":[{"id":1158,"href":"https:\/\/gospelforeveryone.worldea.org\/de\/wp-json\/wp\/v2\/pages\/1155\/revisions\/1158"}],"up":[{"embeddable":true,"href":"https:\/\/gospelforeveryone.worldea.org\/de\/wp-json\/wp\/v2\/pages\/1117"}],"wp:attachment":[{"href":"https:\/\/gospelforeveryone.worldea.org\/de\/wp-json\/wp\/v2\/media?parent=1155"}],"curies":[{"name":"wp","href":"https:\/\/api.w.org\/{rel}","templated":true}]}}