{"id":158,"date":"2025-02-23T16:21:12","date_gmt":"2025-02-23T16:21:12","guid":{"rendered":"https:\/\/gospelforeveryone.worldea.org\/?page_id=158"},"modified":"2025-09-01T16:58:25","modified_gmt":"2025-09-01T16:58:25","slug":"registration","status":"publish","type":"page","link":"https:\/\/gospelforeveryone.worldea.org\/de\/registration\/","title":{"rendered":"Anmeldung"},"content":{"rendered":"<h2>\n\t\t\tDie Anmeldungen sind jetzt geschlossen\t<\/h2>\n\t<p>Die WEA-Generalversammlung beginnt am <strong>Montag, 27. Oktober<\/strong> und beenden Sie am <strong>Freitag, 31. Oktober 2025<\/strong> und wird von der SaRang-Kirche in Seoul, S\u00fcdkorea, ausgerichtet.<\/p>\n<p>Wir freuen uns sehr \u00fcber das gro\u00dfe Interesse an unserer Generalversammlung. Leider sind derzeit alle unsere R\u00e4ume belegt und <strong>Die Registrierung ist jetzt geschlossen<\/strong> w\u00e4hrend wir weitere Analysen durchf\u00fchren.<\/p>\n<p>Sollten wir weitere Pl\u00e4tze sichern k\u00f6nnen, werden die Anmeldungen wieder ge\u00f6ffnet. <strong>Bitte beachten Sie, dass weitere Pl\u00e4tze nur zum vollen Registrierungspreis von US$700 verf\u00fcgbar werden.<\/strong>.<\/p>\n\t\t\t\t<h4 itemprop=\"name description\">Wer ist eingeladen<\/h4>\n\t\t\t\t<p>Unsere Generalversammlung ist im Kern ein Familientreffen unserer regionalen und nationalen Allianzen sowie unserer angeschlossenen Mitglieder.<\/p>\n<p>Gleichzeitig ist unsere Generalversammlung offen f\u00fcr alle, sowohl Mitglieder als auch Nichtmitglieder, die sich uns anschlie\u00dfen in unserem <a href=\"https:\/\/gospelforeveryone.worldea.org\/de\/statement-of-faith\/\">Glaubensbekenntnis<\/a>Wenn Sie noch kein Mitglied sind, bitten wir Sie um ein Empfehlungsschreiben (entweder von einem bestehenden Mitglied oder einer globalen F\u00fchrungspers\u00f6nlichkeit). Wenn Sie noch nicht an einer WEA-Generalversammlung teilgenommen haben, hei\u00dfen wir Sie herzlich willkommen. Wir freuen uns, Sie bei uns begr\u00fc\u00dfen zu d\u00fcrfen.<\/p>\n<p>Gem\u00e4\u00df unserer Satzung ist jede Allianz eingeladen, mindestens drei Delegierte zur Generalversammlung zu entsenden. Um die Vielfalt des Evangelikalismus widerzuspiegeln, m\u00f6chten wir betonen, wie wichtig es ist, sowohl weibliche Delegierte als auch j\u00fcngere F\u00fchrungskr\u00e4fte zu entsenden, die bef\u00e4higt sind, sich im Namen Ihrer Allianz voll einzubringen. Ihre Delegation k\u00f6nnte daher Folgendes umfassen:<\/p>\n<ul>\n<li>Der Allianzleiter (normalerweise der Vorsitzende, Pr\u00e4sident, Generalsekret\u00e4r, Direktor oder \u00e4hnliches)<\/li>\n<li>Zwei weitere Vertreter, von denen mindestens einer eine Frau und\/oder eine j\u00fcngere F\u00fchrungskraft unter 35 Jahren sein sollte.<\/li>\n<\/ul>\n\t\t\t\t<h4 itemprop=\"name description\">Stipendien<\/h4>\n\t\t\t\t<p>Die Bewerbungsfrist f\u00fcr Stipendien ist abgelaufen.<\/p>\n<p>Wenn Sie uns mit einer Spende zu unserem Stipendienfonds unterst\u00fctzen k\u00f6nnen, k\u00f6nnen Sie das hier tun: <a href=\"https:\/\/gospelforeveryone.worldea.org\/de\/scholarships\/donate\/\">https:\/\/gospelforeveryone.worldea.org\/scholarships\/donate\/<\/a><\/p>\n\t\t\t\t<h4 itemprop=\"name description\">Reisen<\/h4>\n\t\t\t\t<p>Wir freuen uns, bekannt geben zu k\u00f6nnen, dass wir mit SkyTeam Global Meetings als Allianz-Netzwerk f\u00fcr Flugreisen zur WEA-Generalversammlung 2025 zusammenarbeiten. Als registrierte Global Meeting-Veranstaltung bietet SkyTeam attraktive Flugpreise. Buchen und kaufen Sie Ihr Ticket \u00fcber den unten stehenden Link (oder \u00fcber die Event-ID) <strong>5108S<\/strong> direkt bei den SkyTeam-Airline-Mitgliedern), profitieren Sie von:<\/p>\n<ul>\n<li><strong>Ersparnisse<\/strong>: Sie bieten exklusive Rabatte von bis zu 15% sowohl in der Business- als auch in der Economy-Klasse; keine Geb\u00fchr f\u00fcr Ihre Online-Buchungen.<\/li>\n<li><strong>Bequemlichkeit<\/strong>: Buchen Sie online die bequemste Reiseroute bei einer der 19 SkyTeam-Mitgliedsfluggesellschaften.<\/li>\n<li><strong>Pr\u00e4mienmeilen<\/strong>: Sammeln Sie Meilen in Ihrem Vielfliegerprogramm einer SkyTeam-Mitgliedsfluggesellschaft und sparen Sie bei Ihren zuk\u00fcnftigen Reisen.<\/li>\n<li><strong>Wertvoller Service<\/strong>: Kunden der SkyTeam Elite Plus-, First- und Business-Class kommen in den Genuss von SkyPriority, der Behandlung auf dem roten Teppich des Allianznetzwerks, und erhalten Zugang zu den exklusiven SkyTeam-Lounges.<\/li>\n<li><strong>SkyTeam-Netzwerk<\/strong>: Reisen Sie von praktisch \u00fcberall auf der Welt zu Ihrer Veranstaltung mit \u00fcber 14.500 t\u00e4glichen Fl\u00fcgen zu mehr als 1.150 Zielen in 175 L\u00e4ndern.<\/li>\n<\/ul>\n<p><strong>Um Ihren Flug jetzt zu buchen, besuchen Sie <\/strong><a href=\"https:\/\/tinyurl.com\/WEAKOREA\">https:\/\/tinyurl.com\/WEAKOREA<\/a><\/p>\n<p><img loading=\"lazy\" decoding=\"async\" src=\"https:\/\/gospelforeveryone.worldea.org\/wp-content\/uploads\/2025\/04\/sktgm_cobr2015_rgb-900-1024x298.jpg\" alt=\"\" width=\"1024\" height=\"298\" \/><\/p>\n\t\t\t\t<h4 itemprop=\"name description\">Visa<\/h4>\n\t\t\t\t<p>Die Visapolitik S\u00fcdkoreas erlaubt B\u00fcrgern bestimmter L\u00e4nder die Einreise nach S\u00fcdkorea mit einer Korea Electronic Travel Authorization (K-ETA).<\/p>\n<p>B\u00fcrger bestimmter anderer L\u00e4nder ben\u00f6tigen ein Visum. Dieses ben\u00f6tigen Sie in der Regel bei der koreanischen Botschaft oder dem koreanischen Konsulat in Ihrem Wohnsitzland.<\/p>\n<p>Wenn Sie Ihre Daten in das untenstehende Formular eingeben, werden Sie dar\u00fcber informiert, ob Sie voraussichtlich eine K-ETA oder ein Visum ben\u00f6tigen. Bitte beachten Sie, dass dies nur eine Empfehlung ist. Es liegt in Ihrer Verantwortung, zu pr\u00fcfen, ob Sie \u00fcber die erforderlichen Dokumente f\u00fcr die Einreise nach S\u00fcdkorea verf\u00fcgen. Weitere Informationen finden Sie in unserem <a href=\"https:\/\/gospelforeveryone.worldea.org\/de\/faq\/do-i-need-a-visa\/\">FAQ zum Visum<\/a>.<\/p>","protected":false},"excerpt":{"rendered":"<p>Die Anmeldung ist geschlossen. Die WEA-Generalversammlung beginnt am Montag, den 27. Oktober, und endet am Freitag, den 31. Oktober 2025. Gastgeber ist die SaRang-Kirche in Seoul, S\u00fcdkorea. Wir freuen uns sehr \u00fcber das gro\u00dfe Interesse an unserer Generalversammlung. Leider sind alle unsere R\u00e4ume bereits belegt, und die Anmeldung ist geschlossen. <a title=\"Anmeldung\" class=\"read-more\" href=\"https:\/\/gospelforeveryone.worldea.org\/de\/registration\/\" aria-label=\"Weitere Informationen zur Registrierung\">Weiterlesen \u2026<\/a><\/p>","protected":false},"author":1,"featured_media":0,"parent":0,"menu_order":0,"comment_status":"closed","ping_status":"closed","template":"","meta":{"_acf_changed":false,"_seopress_robots_primary_cat":"","_seopress_titles_title":"","_seopress_titles_desc":"","_seopress_robots_index":"","footnotes":""},"class_list":["post-158","page","type-page","status-publish"],"acf":[],"_links":{"self":[{"href":"https:\/\/gospelforeveryone.worldea.org\/de\/wp-json\/wp\/v2\/pages\/158","targetHints":{"allow":["GET"]}}],"collection":[{"href":"https:\/\/gospelforeveryone.worldea.org\/de\/wp-json\/wp\/v2\/pages"}],"about":[{"href":"https:\/\/gospelforeveryone.worldea.org\/de\/wp-json\/wp\/v2\/types\/page"}],"author":[{"embeddable":true,"href":"https:\/\/gospelforeveryone.worldea.org\/de\/wp-json\/wp\/v2\/users\/1"}],"replies":[{"embeddable":true,"href":"https:\/\/gospelforeveryone.worldea.org\/de\/wp-json\/wp\/v2\/comments?post=158"}],"version-history":[{"count":11,"href":"https:\/\/gospelforeveryone.worldea.org\/de\/wp-json\/wp\/v2\/pages\/158\/revisions"}],"predecessor-version":[{"id":1019,"href":"https:\/\/gospelforeveryone.worldea.org\/de\/wp-json\/wp\/v2\/pages\/158\/revisions\/1019"}],"wp:attachment":[{"href":"https:\/\/gospelforeveryone.worldea.org\/de\/wp-json\/wp\/v2\/media?parent=158"}],"curies":[{"name":"wp","href":"https:\/\/api.w.org\/{rel}","templated":true}]}}