{"id":160,"date":"2025-02-23T16:21:30","date_gmt":"2025-02-23T16:21:30","guid":{"rendered":"https:\/\/gospelforeveryone.worldea.org\/?page_id=160"},"modified":"2025-08-29T21:25:23","modified_gmt":"2025-08-29T21:25:23","slug":"payment","status":"publish","type":"page","link":"https:\/\/gospelforeveryone.worldea.org\/de\/payment\/","title":{"rendered":"Zahlung"},"content":{"rendered":"<p>Bitte stellen Sie sicher, dass Sie eine\u00a0<a href=\"https:\/\/gospelforeveryone.worldea.org\/de\/registration\/\">Anmeldeformular<\/a>\u00a0<strong>vor<\/strong> Sie f\u00fcllen dieses Zahlungsformular aus.<\/p>\n<p>Dank der gro\u00dfz\u00fcgigen Unterst\u00fctzung unserer Gastgeber k\u00f6nnen wir Ihnen f\u00fcr Ihre Anmeldung eine reduzierte Geb\u00fchr von $700 (abz\u00fcglich etwaiger Mitgliederrabatte) berechnen. Ihre Anmeldung beinhaltet alle Programmkosten, die gemeinsame Unterbringung, Verpflegung und den Nahverkehr f\u00fcr die Dauer der Generalversammlung (Ankunft am 26. Oktober bis Abreise am 1. November).<\/p>\n<p>Somit fallen f\u00fcr jeden Teilnehmer lediglich die Reisekosten zur Generalversammlung und die Anmeldegeb\u00fchr sowie eventuelle Zusatzw\u00fcnsche an.<\/p>\n<p><strong>Unter 45?<\/strong>: Wenn Sie am 27. Oktober unter 45 Jahre alt sind, betr\u00e4gt Ihre Anmeldegeb\u00fchr (einschlie\u00dflich Unterkunft und Verpflegung) <strong>nur $100<\/strong>.<\/p>\n<h4>\n\t\t\tKosten\t<\/h4>\n\t<div id=\"footable_parent_732\"\n         class=\"footable_parent ninja_table_wrapper loading_ninja_table wp_table_data_press_parent semantic_ui\">\n                <table data-ninja_table_instance=\"ninja_table_instance_0\" data-footable_id=\"732\" data-filter-delay=\"1000\" aria-label=\"Registrierungspreise\"            id=\"footable_732\"\n           data-unique_identifier=\"ninja_table_unique_id_4121335350_732\"\n           class=\"foo-table ninja_footable foo_table_732 ninja_table_unique_id_4121335350_732 ui table  nt_type_legacy_table selectable striped vertical_centered  footable-paging-right ninja_table_search_disabled ninja_table_pro\">\n                <colgroup>\n                            <col class=\"ninja_column_0\">\n                            <col class=\"ninja_column_1\">\n                            <col class=\"ninja_column_2\">\n                    <\/colgroup>\n        <thead>\n<tr class=\"footable-header\">\n                                                        <th scope=\"col\"  class=\"ninja_column_0 ninja_clmn_nm_membership_type\">Art der Mitgliedschaft<\/th><th scope=\"col\"  class=\"ninja_column_1 ninja_clmn_nm_membership_discount\">Mitgliederrabatt<\/th><th scope=\"col\"  class=\"ninja_column_2 ninja_clmn_nm_final_cost\">Endg\u00fcltige Kosten<\/th><\/tr>\n<\/thead>\n<tbody>\n\n        <tr data-row_id=\"1\" class=\"ninja_table_row_0 nt_row_id_1\">\n            <td><p><strong>Nichtmitglied<\/strong><br \/><em>(Mit optionalem Antrag auf WEA-Mitgliedschaft (im Wert von $600) mit einem Rabatt von 50% auf $300.)<\/em><\/p><\/td><td>\u2014<\/td><td>$700<\/td>        <\/tr>\n            <tr data-row_id=\"2\" class=\"ninja_table_row_1 nt_row_id_2\">\n            <td><strong>Affiliate-Mitglied (sofern die Mitgliedsbeitr\u00e4ge aktuell sind)<\/strong><\/td><td>$300<\/td><td>$400<\/td>        <\/tr>\n            <tr data-row_id=\"3\" class=\"ninja_table_row_2 nt_row_id_3\">\n            <td><p><strong>Mitglied der Evangelischen Allianz \u2013 nur Personal und Sekretariat (sofern die Mitgliedsbeitr\u00e4ge aktuell sind)<\/strong><br \/><i>(F\u00fcr Ihre ersten drei Personaldelegierten wird eine Anmeldegeb\u00fchr von jeweils $300 erhoben. F\u00fcr weitere Delegierte wird eine Anmeldegeb\u00fchr von jeweils $100 erhoben.)<\/i><\/p><\/td><td>$400<\/td><td>$300<\/td>        <\/tr>\n            <tr data-row_id=\"4\" class=\"ninja_table_row_3 nt_row_id_4\">\n            <td><p><strong>Unter 45-J\u00e4hrige<\/strong><br \/><em>(Sonderpreis bei geteiltem Zimmer)<\/em><\/p><\/td><td>\u2014<\/td><td>$100<\/td>        <\/tr>\n            <tr data-row_id=\"5\" class=\"ninja_table_row_4 nt_row_id_5\">\n            <td><strong>WEA-Mitarbeiter und Mitglieder des Organisationskomitees (mit Rabattcoupon)<\/strong><br \/><em><\/em> Die Rabatte variieren je nach Engagementgrad und Ermessen Ihres Managers.<br \/><em>(Der Rabattcoupon deckt keine zus\u00e4tzlichen Kosten ab, die Ihnen m\u00f6glicherweise entstehen.)<\/em><\/td><td>\u2014<\/td><td>$0 - $100<\/td>        <\/tr>\n    <\/tbody><!--ninja_tobody_rendering_done-->\n    <\/table>\n    \n    \n    \n<\/div>\n\n\t<p><strong>bitte beachten Sie<\/strong><\/p>\n<ul>\n<li>Alle Betr\u00e4ge betragen $ USD.<\/li>\n<li>Wenn Sie Mitglied der Evangelischen Allianz sind und mehrere Delegierte innerhalb Ihrer Organisation registrieren m\u00f6chten (<strong>nur Personal und Sekretariat<\/strong>) dann betragen die Kosten wie folgt: F\u00fcr Ihre ersten drei Mitarbeiterdelegierten f\u00e4llt eine Anmeldegeb\u00fchr von jeweils $300 an. F\u00fcr weitere Delegierte betr\u00e4gt die Anmeldegeb\u00fchr jeweils $100. Wenn Sie dieses Angebot nutzen m\u00f6chten, senden Sie bitte eine E-Mail an <a href=\"mailto:generalassembly@worldea.org\">generalassembly@worldea.org<\/a>. Bitte beachten Sie, dass jeder Delegierte eine separate <a href=\"https:\/\/gospelforeveryone.worldea.org\/de\/registration\/\">Anmeldeformular<\/a>.<\/li>\n<li>Der Preis f\u00fcr Nichtmitglieder beinhaltet einen optionalen Antrag auf Mitgliedschaft bei der WEA. Dieser kostet normalerweise $600, ist aber mit einer Registrierung zur Generalversammlung um 50% auf $300 erm\u00e4\u00dfigt erh\u00e4ltlich.<\/li>\n<li>F\u00fcr j\u00fcngere F\u00fchrungskr\u00e4fte (die zum Zeitpunkt der Generalversammlung am 27. Oktober 2025 unter 45 Jahre alt sind) bieten wir einen Sonderpreis an. Die Anmeldegeb\u00fchr betr\u00e4gt $100. Dieser Preis basiert auf der Unterbringung im Doppelzimmer.<\/li>\n<li>WEA-Mitarbeiter und Mitglieder des Organisationskomitees k\u00f6nnen einen Rabattcoupon anfordern, der auf dem Zahlungsformular auf die regul\u00e4re Anmeldegeb\u00fchr angerechnet wird. Die H\u00f6he des Rabatts richtet sich nach Ihrem Engagement und dem Ermessen Ihres Vorgesetzten. Dieser Coupon deckt keine zus\u00e4tzlichen Kosten ab, die Ihnen entstehen k\u00f6nnen. <strong>Bitte beachten Sie, dass Sie dennoch sowohl das Registrierungsformular als auch dieses Zahlungsformular ausf\u00fcllen m\u00fcssen (auch wenn keine Zahlung erforderlich ist).<\/strong><\/li>\n<li>Einzelzimmer stehen in begrenzter Anzahl zur Verf\u00fcgung. Die Zimmer werden nach Verf\u00fcgbarkeit vergeben. F\u00fcr Einzelzimmer f\u00e4llt ein Aufpreis von $300 an.<\/li>\n<li>Delegierte k\u00f6nnen ihren Ehepartner (sofern dieser nicht an der Generalversammlung teilnimmt) gegen einen Aufpreis von $300 mitbringen. Ehepartner, die an der Generalversammlung teilnehmen, m\u00fcssen ihr Anmeldeformular und die Anmeldegeb\u00fchr selbst ausf\u00fcllen.<\/li>\n<li>Wenn jemand aus Ihrer Organisation bereits den Nicht-Mitgliedspreis bezahlt hat, w\u00e4hlen Sie unten bitte \u201eIch bin ein Affiliate-Mitglied\u201c aus.<\/li>\n<li>Erst mit dem Ausf\u00fcllen dieses Formulars und dem Zahlungseingang der Anmeldegeb\u00fchr ist Ihre Anmeldung best\u00e4tigt.<\/li>\n<\/ul>\n\t\t\t\t<h4 itemprop=\"name description\">Stipendien<\/h4>\n\t\t\t\t<p>Wir k\u00f6nnen eine begrenzte Anzahl an Stipendien vergeben. Diese k\u00f6nnen sich von Vertretern der Allianz bewerben, die sich nicht vollst\u00e4ndig selbst finanzieren k\u00f6nnen.<\/p>\n<p>Stipendienantr\u00e4ge k\u00f6nnen hier gestellt werden: <a href=\"https:\/\/gospelforeveryone.worldea.org\/de\/scholarships\/apply\/\">https:\/\/gospelforeveryone.worldea.org\/scholarships\/apply\/<\/a><\/p>\n<p>Wenn Sie uns mit einer Spende zu unserem Stipendienfonds unterst\u00fctzen k\u00f6nnen, k\u00f6nnen Sie das hier tun: <a href=\"https:\/\/gospelforeveryone.worldea.org\/de\/scholarships\/donate\/\">https:\/\/gospelforeveryone.worldea.org\/scholarships\/donate\/<\/a><\/p>\n<h3>\n\t\t\tZahlungsformular\t<\/h3>\n\t<form action=\"https:\/\/gospelforeveryone.worldea.org\/de\/wp-json\/ws-form\/v1\/submit\" class=\"wsf-form wsf-form-canvas\" id=\"ws-form-1\" data-id=\"17\" method=\"POST\" data-instance-id=\"1\" data-wsf-style-id=\"1\" data-trp-original-action=\"https:\/\/gospelforeveryone.worldea.org\/de\/wp-json\/ws-form\/v1\/submit\"><input type=\"hidden\" name=\"trp-form-language\" value=\"de\"\/><\/form>","protected":false},"excerpt":{"rendered":"<p>Bitte f\u00fcllen Sie vor der Zahlung das Anmeldeformular aus. Unsere Gastgeber haben uns gro\u00dfz\u00fcgig unterst\u00fctzt, sodass wir Ihnen eine reduzierte Geb\u00fchr von $700 f\u00fcr Ihre Anmeldung (abz\u00fcglich etwaiger Mitgliederrabatte) berechnen k\u00f6nnen. Ihre Anmeldung beinhaltet alle Programmkosten, die gemeinsame Unterkunft, die Verpflegung und den Nahverkehr f\u00fcr \u2026 <a title=\"Zahlung\" class=\"read-more\" href=\"https:\/\/gospelforeveryone.worldea.org\/de\/payment\/\" aria-label=\"Weitere Informationen zur Zahlung\">Weiterlesen \u2026<\/a><\/p>","protected":false},"author":1,"featured_media":0,"parent":0,"menu_order":0,"comment_status":"closed","ping_status":"closed","template":"","meta":{"_acf_changed":false,"_seopress_robots_primary_cat":"","_seopress_titles_title":"","_seopress_titles_desc":"","_seopress_robots_index":"","footnotes":""},"class_list":["post-160","page","type-page","status-publish"],"acf":[],"_links":{"self":[{"href":"https:\/\/gospelforeveryone.worldea.org\/de\/wp-json\/wp\/v2\/pages\/160","targetHints":{"allow":["GET"]}}],"collection":[{"href":"https:\/\/gospelforeveryone.worldea.org\/de\/wp-json\/wp\/v2\/pages"}],"about":[{"href":"https:\/\/gospelforeveryone.worldea.org\/de\/wp-json\/wp\/v2\/types\/page"}],"author":[{"embeddable":true,"href":"https:\/\/gospelforeveryone.worldea.org\/de\/wp-json\/wp\/v2\/users\/1"}],"replies":[{"embeddable":true,"href":"https:\/\/gospelforeveryone.worldea.org\/de\/wp-json\/wp\/v2\/comments?post=160"}],"version-history":[{"count":11,"href":"https:\/\/gospelforeveryone.worldea.org\/de\/wp-json\/wp\/v2\/pages\/160\/revisions"}],"predecessor-version":[{"id":1015,"href":"https:\/\/gospelforeveryone.worldea.org\/de\/wp-json\/wp\/v2\/pages\/160\/revisions\/1015"}],"wp:attachment":[{"href":"https:\/\/gospelforeveryone.worldea.org\/de\/wp-json\/wp\/v2\/media?parent=160"}],"curies":[{"name":"wp","href":"https:\/\/api.w.org\/{rel}","templated":true}]}}