{"id":162,"date":"2025-02-23T16:21:44","date_gmt":"2025-02-23T16:21:44","guid":{"rendered":"https:\/\/gospelforeveryone.worldea.org\/?page_id=162"},"modified":"2026-04-27T08:55:22","modified_gmt":"2026-04-27T08:55:22","slug":"program","status":"publish","type":"page","link":"https:\/\/gospelforeveryone.worldea.org\/de\/information\/program\/","title":{"rendered":"Programm"},"content":{"rendered":"<h2>\n\t\t\tProgramm der Generalversammlung\t<\/h2>\n\t<p>Das Programm der WEA-Generalversammlung finden Sie unten. Bitte beachten Sie, dass dies der neueste Entwurf ist und weitere \u00c4nderungen m\u00f6glich sind. Wenn Sie m\u00f6chten, k\u00f6nnen Sie <a href=\"https:\/\/gospelforeveryone.worldea.org\/wp-content\/uploads\/2025\/10\/ga-program-v13.pdf\">Laden Sie dieses Programm hier als PDF herunter.<\/a><\/p>\n<figure itemscope itemtype=\"https:\/\/schema.org\/ImageObject\">\n\t\t\t\t<a href=\"https:\/\/gospelforeveryone.worldea.org\/wp-content\/uploads\/2025\/10\/ga-program-v13-scaled.jpg\"  target=\"_self\" itemprop=\"url\">\n\t\t\t\t<img decoding=\"async\" src=\"https:\/\/gospelforeveryone.worldea.org\/wp-content\/uploads\/2025\/10\/ga-program-v13-scaled.jpg\" alt=\"ga program v12\" height=\"1809\" width=\"2560\" title=\"ga-Programm v12\" onerror=\"this.style.display='none'\" loading=\"lazy\" \/>\n\t\t\t\t<\/a>\n\t<\/figure>\n\t<p>Wir f\u00fchlen uns zutiefst geehrt, dass Seoul, S\u00fcdkorea, vom 27. bis 31. Oktober 2025 Gastgeber der 14. Generalversammlung sein wird. Dieses Treffen ist nicht nur ein Treffen, sondern eine historische Gelegenheit, um:<\/p>\n\t<strong>Bekr\u00e4ftigen Sie unser Engagement<br \/>\n<\/strong>zum Missionsbefehl\n\t<strong>Bekr\u00e4ftigen Sie unsere Einheit in der Vielfalt<br \/>\n<\/strong>und gegenseitiges Lernen von dem, was Gott auf der ganzen Welt tut\n\t<strong>Gemeinsam Strategien entwickeln<br \/>\n<\/strong>zum Umgang mit den aktuellen Herausforderungen der Kirche\n<h4>\n\t\t\tDas Evangelium f\u00fcr alle bis 2033\t<\/h4>\n\t<p>Das Thema der Generalversammlung 2025 lautet \u201eDas Evangelium f\u00fcr alle bis 2033\u201c und steht im Einklang mit unserer Vision, dass f\u00fcr jeden Menschen gebetet und jede Nation erreicht wird, w\u00e4hrend wir uns dem 2000. Jahrestag von Christi Tod, Auferstehung, Himmelfahrt und Pfingsten n\u00e4hern.<\/p>\n<p>Dieses ehrgeizige Ziel fordert uns heraus, Innovationen in der Evangelisation voranzutreiben, die J\u00fcngerschaft zu vertiefen und unsere globalen Partnerschaften zu st\u00e4rken.\u00a0<\/p>\n<h3  data-animation-delay=\"0\" data-animation-duration=\"2\">\n\t\t\tInnovationen in der Evangelisation\t<\/h3>\n<h3  data-animation-delay=\"0\" data-animation-duration=\"2\">\n\t\t\tJ\u00fcngerschaft vertiefen\t<\/h3>\n<h3  data-animation-delay=\"0\" data-animation-duration=\"2\">\n\t\t\tGlobale Partnerschaften st\u00e4rken\t<\/h3>\n\t<p>Es ruft uns auch dazu auf, unsere Bem\u00fchungen um kirchliche Einheit, theologische Klarheit und eine gemeinsame Antwort auf gesellschaftliche Herausforderungen zu erneuern und sicherzustellen, dass die Botschaft Jesu Christi f\u00fcr alle Menschen, Kulturen und Generationen transformativ ist.<\/p>\n<h3  data-animation-delay=\"0\" data-animation-duration=\"2\">\n\t\t\tAlle Menschen\t<\/h3>\n<h3  data-animation-delay=\"0\" data-animation-duration=\"2\">\n\t\t\tAlle Kulturen\t<\/h3>\n<h3  data-animation-delay=\"0\" data-animation-duration=\"2\">\n\t\t\tAlle Generationen\t<\/h3>\n<h4>\n\t\t\tBei der Generalversammlung werden wir \u2026\t<\/h4>\n<h5>\n\t\t\tFeiern Sie Gottes Werk\t<\/h5>\n<h5>\n\t\t\tEinander zuh\u00f6ren\t<\/h5>\n<h5>\n\t\t\tBereiten Sie sich auf die Zukunft vor\t<\/h5>\n<h4>\n\t\t\tWir werden die wichtigsten Themen unserer Zeit untersuchen, darunter \u2026\t<\/h4>\n<h5>\n\t\t\tTheologische Orthodoxie\t<\/h5>\n<h5>\n\t\t\tGesunde Kirchen und J\u00fcngerschaft\t<\/h5>\n<h5>\n\t\t\tDigitale Evangelisation\t<\/h5>\n<h5>\n\t\t\tK\u00fcnstliche Intelligenz und ethische F\u00fchrung\t<\/h5>\n<h5>\n\t\t\tGlobale Interessenvertretung\t<\/h5>\n<h5>\n\t\t\tNord- und S\u00fcdkoreanischer Dialog\t<\/h5>\n<h4>\n\t\t\tUm die gro\u00dfe Vielfalt unserer weltweiten Familie widerzuspiegeln, werden wir uns engagieren in \u2026\t<\/h4>\n\t<h4>Gebet<\/h4>\t\n\t<h4>Verehrung<\/h4>\t\n\t<h4>Gemeinschaft<\/h4>\t\n<h4  data-animation-delay=\"0\" data-animation-duration=\"2\">\n\t\t\tZusammen\t<\/h4>\n\t<p>Wir werden die evangelische Identit\u00e4t und Mission, die die WEA ausmachen, bekr\u00e4ftigen und einen Fahrplan vorlegen, der uns in das n\u00e4chste Jahrzehnt unseres weltweiten Dienstes f\u00fchren wird.<\/p>\n\t<p>Diese Generalversammlung ist eine einzigartige Gelegenheit, mit evangelischen Familien aus verschiedenen Regionen, Generationen und globalen Netzwerken in Kontakt zu treten. Sie ist eine Einladung an uns alle, das Gebot Jesu in Matth\u00e4us 28,18-20 neu zu betrachten.<strong>.<\/strong><\/p>\n<h6>\n\t\t\tMatth\u00e4us 28:18-20 (NIV)\t<\/h6>\n\t<p>Unsere gemeinsame Zeit wird Raum f\u00fcr Anbetung, Gebet, strategische Diskussionen und Zusammenarbeit bieten und uns bef\u00e4higen, das Evangelium weltweit zu verk\u00fcnden, wobei wir uns auf Folgendes konzentrieren:<\/p>","protected":false},"excerpt":{"rendered":"<p>Programm der Generalversammlung Das Programm der WEA-Generalversammlung finden Sie unten. Bitte beachten Sie, dass dies der aktuelle Entwurf ist und sich \u00c4nderungen ergeben k\u00f6nnen. Sie k\u00f6nnen das Programm hier als PDF herunterladen. Wir f\u00fchlen uns sehr geehrt, dass Seoul, S\u00fcdkorea, die 14. Generalversammlung vom \u2026 ausrichten wird. <a title=\"Programm\" class=\"read-more\" href=\"https:\/\/gospelforeveryone.worldea.org\/de\/information\/program\/\" aria-label=\"Weitere Informationen zum Programm\">Weiterlesen \u2026<\/a><\/p>","protected":false},"author":1,"featured_media":0,"parent":1117,"menu_order":0,"comment_status":"closed","ping_status":"closed","template":"","meta":{"_acf_changed":false,"_seopress_robots_primary_cat":"","_seopress_titles_title":"","_seopress_titles_desc":"","_seopress_robots_index":"","footnotes":""},"class_list":["post-162","page","type-page","status-publish"],"acf":[],"_links":{"self":[{"href":"https:\/\/gospelforeveryone.worldea.org\/de\/wp-json\/wp\/v2\/pages\/162","targetHints":{"allow":["GET"]}}],"collection":[{"href":"https:\/\/gospelforeveryone.worldea.org\/de\/wp-json\/wp\/v2\/pages"}],"about":[{"href":"https:\/\/gospelforeveryone.worldea.org\/de\/wp-json\/wp\/v2\/types\/page"}],"author":[{"embeddable":true,"href":"https:\/\/gospelforeveryone.worldea.org\/de\/wp-json\/wp\/v2\/users\/1"}],"replies":[{"embeddable":true,"href":"https:\/\/gospelforeveryone.worldea.org\/de\/wp-json\/wp\/v2\/comments?post=162"}],"version-history":[{"count":11,"href":"https:\/\/gospelforeveryone.worldea.org\/de\/wp-json\/wp\/v2\/pages\/162\/revisions"}],"predecessor-version":[{"id":1656,"href":"https:\/\/gospelforeveryone.worldea.org\/de\/wp-json\/wp\/v2\/pages\/162\/revisions\/1656"}],"up":[{"embeddable":true,"href":"https:\/\/gospelforeveryone.worldea.org\/de\/wp-json\/wp\/v2\/pages\/1117"}],"wp:attachment":[{"href":"https:\/\/gospelforeveryone.worldea.org\/de\/wp-json\/wp\/v2\/media?parent=162"}],"curies":[{"name":"wp","href":"https:\/\/api.w.org\/{rel}","templated":true}]}}