{"id":170,"date":"2025-02-23T16:22:31","date_gmt":"2025-02-23T16:22:31","guid":{"rendered":"https:\/\/gospelforeveryone.worldea.org\/?page_id=170"},"modified":"2025-11-19T14:50:36","modified_gmt":"2025-11-19T14:50:36","slug":"resources","status":"publish","type":"page","link":"https:\/\/gospelforeveryone.worldea.org\/de\/resources\/","title":{"rendered":"Ressourcen"},"content":{"rendered":"<div class=\"wpgb-facet wpgb-loading wpgb-facet-15\" data-facet=\"15\" data-grid=\"6\">\t<h4 class=\"wpgb-facet-title\">Suchen<\/h4>\n\t\t<fieldset>\n\t\t<legend class=\"wpgb-facet-title wpgb-sr-only\">Suchen<\/legend>\n\t\t<div class=\"wpgb-search-facet\"><label>\n\t\t\t\t<span class=\"wpgb-sr-only\">Suchen<\/span>\n\t\t\t\t<input class=\"wpgb-input\" type=\"search\" name=\"search_resources\" placeholder=\"Suchbegriff eingeben\" value=\"\" autocomplete=\"off\">\n\t\t\t\t<svg class=\"wpgb-input-icon\" viewbox=\"0 0 24 24\" height=\"16\" width=\"16\" aria-hidden=\"true\" focusable=\"false\"><path d=\"M17.5 17.5 23 23Zm-16-7a9 9 0 1 1 9 9 9 9 0 0 1-9-9Z\"\/><\/svg>\n\t\t\t<\/label><button type=\"button\" class=\"wpgb-clear-button\" hidden><span class=\"wpgb-sr-only\" data-no-translation=\"\" data-trp-gettext=\"\">Claro<\/span><svg viewbox=\"0 0 24 24\" height=\"24\" width=\"24\" aria-hidden=\"true\" focusable=\"false\"><path d=\"m12 12-4.25 4.75L12.001 12 7.75 7.25 12.001 12l4.249-4.75L12 12l4.25 4.75Z\"\/><\/svg><\/button><\/div>\t<\/fieldset>\n\t<\/div>\n\t<div class=\"wpgb-facet wpgb-loading wpgb-facet-16\" data-facet=\"16\" data-grid=\"6\">\t<h4 class=\"wpgb-facet-title\">Sortieren nach<\/h4>\n\t\t<fieldset>\n\t\t<legend class=\"wpgb-facet-title wpgb-sr-only\">Sortieren nach<\/legend>\n\t\t<div class=\"wpgb-sort-facet\"><label><span class=\"wpgb-sr-only\">Sortieren nach<\/span><select class=\"wpgb-sort wpgb-select wpgb-combobox\" name=\"sort_resources\"><option value=\"\" selected='selected'>Keiner<\/option><option value=\"title_asc\">Nach Ressourcentitel (AZ)<\/option><option value=\"title_desc\">Nach Ressourcentitel (ZA)<\/option><\/select><span class=\"wpgb-select-controls\"><span class=\"wpgb-select-separator\"><\/span><svg class=\"wpgb-select-toggle\" viewbox=\"0 0 24 24\" height=\"24\" width=\"24\" aria-hidden=\"true\" focusable=\"false\"><path d=\"m12 14.536-.045.043.045-.043-5.3-5.114 5.3 5.114 5.3-5.114-5.3 5.114.045.043Z\"\/><\/svg><\/span><\/label><\/div>\t<\/fieldset>\n\t<\/div>\n\t<div class=\"wpgb-facet wpgb-loading wpgb-facet-17\" data-facet=\"17\" data-grid=\"6\"><span class=\"wpgb-result-count\">1 - 6 von 18 Ressourcen<\/span><\/div>\n\t<div class=\"wpgb-facet wpgb-loading wpgb-facet-14\" data-facet=\"14\" data-grid=\"6\">\t<h4 class=\"wpgb-facet-title\">Kategorien<\/h4>\n\t\t<fieldset>\n\t\t<legend class=\"wpgb-facet-title wpgb-sr-only\">Kategorien<\/legend>\n\t\t<div class=\"wpgb-checkbox-facet\"><ul class=\"wpgb-hierarchical-list\"><li><div class=\"wpgb-checkbox\" role=\"button\" aria-pressed=\"false\" tabindex=\"0\"><input type=\"hidden\" name=\"resource_categories[]\" value=\"panel-reports\"><span class=\"wpgb-checkbox-control\"><\/span><span class=\"wpgb-checkbox-label\">Berichte des Gremiums&nbsp;<span>(12)<\/span><\/span><\/div><\/li><li><div class=\"wpgb-checkbox\" role=\"button\" aria-pressed=\"false\" tabindex=\"0\"><input type=\"hidden\" name=\"resource_categories[]\" value=\"slide-masters\"><span class=\"wpgb-checkbox-control\"><\/span><span class=\"wpgb-checkbox-label\">Folienmaster&nbsp;<span>(4)<\/span><\/span><\/div><\/li><li><div class=\"wpgb-checkbox\" role=\"button\" aria-pressed=\"false\" tabindex=\"0\"><input type=\"hidden\" name=\"resource_categories[]\" value=\"commitments\"><span class=\"wpgb-checkbox-control\"><\/span><span class=\"wpgb-checkbox-label\">Verpflichtungen&nbsp;<span>(1)<\/span><\/span><\/div><\/li><li><div class=\"wpgb-checkbox\" role=\"button\" aria-pressed=\"false\" tabindex=\"0\"><input type=\"hidden\" name=\"resource_categories[]\" value=\"misc\"><span class=\"wpgb-checkbox-control\"><\/span><span class=\"wpgb-checkbox-label\">Verschiedenes&nbsp;<span>(1)<\/span><\/span><\/div><\/li><\/ul><\/div>\t<\/fieldset>\n\t<\/div>\n\t<div class=\"wpgb-facet wpgb-loading wpgb-facet-4\" data-facet=\"4\" data-grid=\"4\"><button type=\"button\" class=\"wpgb-button wpgb-reset\" name=\"reset\">Zur\u00fccksetzen<\/button><\/div>\n\t<!-- Gridbuilder \u1d42\u1d3e Plugin (https:\/\/wpgridbuilder.com) -->\n<div class=\"wp-grid-builder wpgb-grid-6\" data-options=\"{&quot;id&quot;:6,&quot;type&quot;:&quot;masonry&quot;,&quot;source&quot;:&quot;post_type&quot;,&quot;loader&quot;:true,&quot;layout&quot;:&quot;vertical&quot;,&quot;reveal&quot;:1,&quot;isMainQuery&quot;:0,&quot;lazyLoad&quot;:false,&quot;cardSizes&quot;:{&quot;9999&quot;:{&quot;columns&quot;:3,&quot;height&quot;:240,&quot;gutter&quot;:16,&quot;ratio&quot;:&quot;1.33333&quot;},&quot;968&quot;:{&quot;columns&quot;:2,&quot;height&quot;:120,&quot;gutter&quot;:4,&quot;ratio&quot;:&quot;1.33333&quot;},&quot;480&quot;:{&quot;columns&quot;:1,&quot;height&quot;:120,&quot;gutter&quot;:2,&quot;ratio&quot;:&quot;1.33333&quot;}},&quot;fitRows&quot;:false,&quot;equalRows&quot;:0,&quot;equalColumns&quot;:false,&quot;fillLastRow&quot;:0,&quot;centerLastRow&quot;:0,&quot;horizontalOrder&quot;:false,&quot;fullWidth&quot;:false,&quot;transitionDelay&quot;:100,&quot;gallerySlideshow&quot;:false,&quot;rowsNumber&quot;:1,&quot;slideAlign&quot;:&quot;left&quot;,&quot;groupCells&quot;:1,&quot;draggable&quot;:true,&quot;initialIndex&quot;:0,&quot;contain&quot;:false,&quot;freeScroll&quot;:false,&quot;freeFriction&quot;:&quot;0.075&quot;,&quot;friction&quot;:&quot;0.285&quot;,&quot;attraction&quot;:&quot;0.025&quot;,&quot;autoPlay&quot;:0,&quot;pageDotAriaLabel&quot;:&quot;Page dot %d&quot;,&quot;isPreview&quot;:false,&quot;isGutenberg&quot;:false,&quot;rightToLeft&quot;:false}\"><div class=\"wpgb-svg-icons\" hidden>\n\t<svg viewbox=\"0 0 120 24\" width=\"0\" height=\"0\">\n\t<defs>\n        <polygon id=\"wpgb-star-svg\" points=\"12 2.5 15.1 8.8 22 9.8 17 14.6 18.2 21.5 12 18.3 5.8 21.5 7 14.6 2 9.8 8.9 8.8\"><\/polygon>\n    <\/defs>\n    <symbol id=\"wpgb-rating-stars-svg\">\n        <use xlink:href=\"#wpgb-star-svg\"><\/use>\n        <use xlink:href=\"#wpgb-star-svg\" x=\"24\"><\/use>\n        <use xlink:href=\"#wpgb-star-svg\" x=\"48\"><\/use>\n        <use xlink:href=\"#wpgb-star-svg\" x=\"72\"><\/use>\n        <use xlink:href=\"#wpgb-star-svg\" x=\"96\"><\/use>\n    <\/symbol>\n<\/svg>\n<\/div>\n<div class=\"wpgb-wrapper\">\n\t<div class=\"wpgb-main\">\n\t<div class=\"wpgb-layout\">\n\t<div class=\"wpgb-viewport\">\n\t\t<div class=\"wpgb-masonry\">\n\t\t\t<article class=\"wpgb-card wpgb-card-23 wpgb-post-1633 wpgb-card-hidden\" data-col=\"1\" data-row=\"1\" data-format=\"standard\"><div class=\"wpgb-card-wrapper\"><div class=\"wpgb-card-inner\"><div class=\"wpgb-card-content wpgb-scheme-dark\"><div class=\"wpgb-card-body\"><h3 class=\"wpgb-block-2\">WEA GA Business Breakfast Report<\/h3><p class=\"wpgb-block-1\"><!-- wp:paragraph -->\n<p>Dieser Bericht betont die Integration von Glaube und Arbeit und stellt eine neue \"Business-Bibel\" sowie theologische Erkenntnisse von Rick Warren dar\u00fcber vor, warum Arbeit f\u00fcr Gott von Bedeutung ist. Er ruft F\u00fchrungskr\u00e4fte dazu auf, wie Josef von Arimath\u00e4a mit der Kirche zusammenzuarbeiten und Ressourcen zu nutzen, um das Evangelium zu verbreiten und Arbeit als Dienst und Mission zu verstehen.<\/p>\n<!-- \/wp:paragraph --><\/p><a class=\"wpgb-block-4 pd-download-button\" href=\"https:\/\/gospelforeveryone.worldea.org\/wp-content\/uploads\/2025\/11\/wea-ga-business-breakfast-report.pdf\">Herunterladen<\/a><\/div><\/div><\/div><\/div><\/article><article class=\"wpgb-card wpgb-card-23 wpgb-post-1629 wpgb-card-hidden\" data-col=\"1\" data-row=\"1\" data-format=\"standard\"><div class=\"wpgb-card-wrapper\"><div class=\"wpgb-card-inner\"><div class=\"wpgb-card-content wpgb-scheme-dark\"><div class=\"wpgb-card-body\"><h3 class=\"wpgb-block-2\">Panel 10 \u2013 Das Evangelium in der Evangelisation feiern<\/h3><p class=\"wpgb-block-1\"><!-- wp:paragraph -->\n<p>Dieser Bericht betont die Bedeutung der pers\u00f6nlichen Evangeliumsbildung, der gemeinschaftsorientierten Evangelisation, der weltweiten Einheit durch Pfingsten und des Einsatzes von Technologie. Er ruft zu einem authentischen Zeugnis auf, das in unterst\u00fctzenden Gemeinschaften gef\u00f6rdert wird und sowohl traditionelle als auch digitale Methoden nutzt.<\/p>\n<!-- \/wp:paragraph --><\/p><a class=\"wpgb-block-4 pd-download-button\" href=\"https:\/\/gospelforeveryone.worldea.org\/wp-content\/uploads\/2025\/11\/panel-10-celebrating-the-gospel-in-evangelism-.pdf\">Herunterladen<\/a><\/div><\/div><\/div><\/div><\/article><article class=\"wpgb-card wpgb-card-23 wpgb-post-1622 wpgb-card-hidden\" data-col=\"1\" data-row=\"1\" data-format=\"standard\"><div class=\"wpgb-card-wrapper\"><div class=\"wpgb-card-inner\"><div class=\"wpgb-card-content wpgb-scheme-dark\"><div class=\"wpgb-card-body\"><h3 class=\"wpgb-block-2\">Panel 3 \u2013 Das Evangelium durch Bewegungen leben<\/h3><p class=\"wpgb-block-1\"><!-- wp:paragraph -->\n<p>Dieser Bericht bietet Einblicke in soziale Gerechtigkeit und Technologie in der Evangelisation. Er betont die Integration von Gerechtigkeit in das Evangelium und die Nutzung von Technologie f\u00fcr die Massenevangelisation und pl\u00e4diert f\u00fcr einen ganzheitlichen Ansatz, um globalen Wandel anzusto\u00dfen.<\/p>\n<!-- \/wp:paragraph --><\/p><a class=\"wpgb-block-4 pd-download-button\" href=\"https:\/\/gospelforeveryone.worldea.org\/wp-content\/uploads\/2025\/11\/panel-3-living-the-gospel-through-movements-.pdf\">Herunterladen<\/a><\/div><\/div><\/div><\/div><\/article><article class=\"wpgb-card wpgb-card-23 wpgb-post-1631 wpgb-card-hidden\" data-col=\"1\" data-row=\"1\" data-format=\"standard\"><div class=\"wpgb-card-wrapper\"><div class=\"wpgb-card-inner\"><div class=\"wpgb-card-content wpgb-scheme-dark\"><div class=\"wpgb-card-body\"><h3 class=\"wpgb-block-2\">Panel 12 \u2013 Das Evangelium in der J\u00fcngerschaft feiern<\/h3><p class=\"wpgb-block-1\"><!-- wp:paragraph -->\n<p>Dieser Bericht unterstreicht die Notwendigkeit, die J\u00fcngerschaft st\u00e4rker auf das Familienleben auszurichten. Er benennt die Schw\u00e4chen aktueller Modelle bei der Integration des Glaubens in den Alltag und fordert eine Neuausrichtung hin zur St\u00e4rkung der Familien als prim\u00e4re Zentren der J\u00fcngerschaft, um kulturellen Herausforderungen zu begegnen und das Erbe des Glaubens f\u00fcr kommende Generationen zu sichern.<\/p>\n<!-- \/wp:paragraph --><\/p><a class=\"wpgb-block-4 pd-download-button\" href=\"https:\/\/gospelforeveryone.worldea.org\/wp-content\/uploads\/2025\/11\/panel-12-celebrating-the-gospel-in-disciple-making-.pdf\">Herunterladen<\/a><\/div><\/div><\/div><\/div><\/article><article class=\"wpgb-card wpgb-card-23 wpgb-post-1642 wpgb-card-hidden\" data-col=\"1\" data-row=\"1\" data-format=\"standard\"><div class=\"wpgb-card-wrapper\"><div class=\"wpgb-card-inner\"><div class=\"wpgb-card-content wpgb-scheme-dark\"><div class=\"wpgb-card-body\"><h3 class=\"wpgb-block-2\">Slide Masters 30. Oktober (nachmittags) 2025<\/h3><p class=\"wpgb-block-1\"><!-- wp:paragraph -->\n<p>Diese Folienvorlagen vom Donnerstag, den 30. Oktober (nachmittags) 2025 beinhalten eine Sitzung zur spirituellen Besinnung und Erneuerung des Engagements unter der Leitung von Pfarrer Rick Warren. Im Mittelpunkt stehen die spirituelle Reflexion, die Einheit in Christus und das erneuerte Engagement f\u00fcr die Mission. Dabei werden Selbstpr\u00fcfung, Bu\u00dfe, Vergebung und die Erwartung der Wiederkunft Christi durch biblische Lehren betont.<\/p>\n<!-- \/wp:paragraph --><\/p><a class=\"wpgb-block-4 pd-download-button\" href=\"https:\/\/gospelforeveryone.worldea.org\/wp-content\/uploads\/2025\/11\/wea-2025-slide-masters_thurs-pm_10.30.25.pdf\">Herunterladen<\/a><\/div><\/div><\/div><\/div><\/article><article class=\"wpgb-card wpgb-card-23 wpgb-post-1639 wpgb-card-hidden\" data-col=\"1\" data-row=\"1\" data-format=\"standard\"><div class=\"wpgb-card-wrapper\"><div class=\"wpgb-card-inner\"><div class=\"wpgb-card-content wpgb-scheme-dark\"><div class=\"wpgb-card-body\"><h3 class=\"wpgb-block-2\">Slide Masters, 27. Oktober 2025<\/h3><p class=\"wpgb-block-1\"><!-- wp:paragraph -->\n<p>Diese Folien vom Montag, dem 27. Oktober 2025, thematisieren das Wachstum und die Vielfalt der evangelikalen Gemeinschaft und f\u00f6rdern Zusammenarbeit und Austausch \u00fcber kulturelle und generationelle Grenzen hinweg. Verschiedene Podiumsdiskussionen befassten sich mit effektiver Evangelisation, kulturellen Auswirkungen und der Integration des Glaubens in alle Lebensbereiche. Dabei wurden Aufrufe zum Handeln formuliert, um die Einheit zu st\u00e4rken und sich auf die Bed\u00fcrfnisse der Gemeinschaft zu konzentrieren.<\/p>\n<!-- \/wp:paragraph --><\/p><a class=\"wpgb-block-4 pd-download-button\" href=\"https:\/\/gospelforeveryone.worldea.org\/wp-content\/uploads\/2025\/11\/wea-2025-slide-masters_mon.10.27.25.pdf\">Herunterladen<\/a><\/div><\/div><\/div><\/div><\/article>\t\t<\/div>\n\t<\/div>\n\t<div class=\"wpgb-loader\">\n\t<div class=\"wpgb-loader-5\">\n\t\t<div><\/div><div><\/div><div><\/div>\t<\/div>\n<\/div>\n<\/div>\n\t<\/div>\n\t\t<\/div>\n<\/div>\n\n\t<div class=\"wpgb-facet wpgb-loading wpgb-facet-8\" data-facet=\"8\" data-grid=\"6\"><nav class=\"wpgb-pagination-facet\" aria-label=\"Navegaci\u00f3n de p\u00e1gina\" data-no-translation-aria-label=\"\"><ul class=\"wpgb-pagination\"><li class=\"wpgb-page\"><a href=\"https:\/\/gospelforeveryone.worldea.org\/es\/resources\/?_page=1\" aria-current=\"true\" aria-label=\"P\u00e1gina actual, P\u00e1gina 1\" data-page=\"1\" data-no-translation-aria-label=\"\">1<\/a><\/li><li class=\"wpgb-page\"><a href=\"https:\/\/gospelforeveryone.worldea.org\/es\/resources\/?_page=2\" aria-label=\"Ir a la p\u00e1gina 2\" data-page=\"2\" data-no-translation-aria-label=\"\">2<\/a><\/li><li class=\"wpgb-page\"><a href=\"https:\/\/gospelforeveryone.worldea.org\/es\/resources\/?_page=3\" aria-label=\"Ir a la p\u00e1gina 3\" data-page=\"3\" data-no-translation-aria-label=\"\">3<\/a><\/li><li class=\"wpgb-page wpgb-page-next\"><a href=\"https:\/\/gospelforeveryone.worldea.org\/es\/resources\/?_page=2\" aria-label=\"Ir a la p\u00e1gina 2\" data-page=\"2\" data-no-translation-aria-label=\"\">N\u00e4chste<\/a><\/li><\/ul><\/nav><\/div>","protected":false},"excerpt":{"rendered":"<p>Diese Folien vom Montag, dem 27. Oktober 2025, thematisieren das Wachstum und die Vielfalt der evangelikalen Gemeinschaft und f\u00f6rdern Zusammenarbeit und Austausch \u00fcber kulturelle und generationelle Grenzen hinweg. Verschiedene Podiumsdiskussionen befassten sich mit effektiver Evangelisation, kulturellen Auswirkungen und der Integration des Glaubens in alle Lebensbereiche. Dabei wurden Aufrufe zum Handeln formuliert, um die Einheit zu st\u00e4rken und sich auf die Bed\u00fcrfnisse der Gemeinschaft zu konzentrieren.<\/p>","protected":false},"author":1,"featured_media":0,"parent":0,"menu_order":0,"comment_status":"closed","ping_status":"closed","template":"","meta":{"_acf_changed":false,"_seopress_robots_primary_cat":"","_seopress_titles_title":"","_seopress_titles_desc":"","_seopress_robots_index":"","footnotes":""},"class_list":["post-170","page","type-page","status-publish","hentry"],"acf":[],"_links":{"self":[{"href":"https:\/\/gospelforeveryone.worldea.org\/de\/wp-json\/wp\/v2\/pages\/170","targetHints":{"allow":["GET"]}}],"collection":[{"href":"https:\/\/gospelforeveryone.worldea.org\/de\/wp-json\/wp\/v2\/pages"}],"about":[{"href":"https:\/\/gospelforeveryone.worldea.org\/de\/wp-json\/wp\/v2\/types\/page"}],"author":[{"embeddable":true,"href":"https:\/\/gospelforeveryone.worldea.org\/de\/wp-json\/wp\/v2\/users\/1"}],"replies":[{"embeddable":true,"href":"https:\/\/gospelforeveryone.worldea.org\/de\/wp-json\/wp\/v2\/comments?post=170"}],"version-history":[{"count":2,"href":"https:\/\/gospelforeveryone.worldea.org\/de\/wp-json\/wp\/v2\/pages\/170\/revisions"}],"predecessor-version":[{"id":422,"href":"https:\/\/gospelforeveryone.worldea.org\/de\/wp-json\/wp\/v2\/pages\/170\/revisions\/422"}],"wp:attachment":[{"href":"https:\/\/gospelforeveryone.worldea.org\/de\/wp-json\/wp\/v2\/media?parent=170"}],"curies":[{"name":"wp","href":"https:\/\/api.w.org\/{rel}","templated":true}]}}