{"id":172,"date":"2025-02-23T16:22:41","date_gmt":"2025-02-23T16:22:41","guid":{"rendered":"https:\/\/gospelforeveryone.worldea.org\/?page_id=172"},"modified":"2025-10-05T16:40:27","modified_gmt":"2025-10-05T16:40:27","slug":"general-faqs","status":"publish","type":"page","link":"https:\/\/gospelforeveryone.worldea.org\/de\/information\/general-faqs\/","title":{"rendered":"Allgemeine FAQs"},"content":{"rendered":"<div class=\"wpgb-facet wpgb-loading wpgb-facet-13\" data-facet=\"13\" data-grid=\"5\">\t<h4 class=\"wpgb-facet-title\">Suchen<\/h4>\n\t\t<fieldset>\n\t\t<legend class=\"wpgb-facet-title wpgb-sr-only\">Suchen<\/legend>\n\t\t<div class=\"wpgb-search-facet\"><label>\n\t\t\t\t<span class=\"wpgb-sr-only\">Suchen<\/span>\n\t\t\t\t<input class=\"wpgb-input\" type=\"search\" name=\"search_faqs\" placeholder=\"Suchbegriff eingeben\" value=\"\" autocomplete=\"off\">\n\t\t\t\t<svg class=\"wpgb-input-icon\" viewbox=\"0 0 24 24\" height=\"16\" width=\"16\" aria-hidden=\"true\" focusable=\"false\"><path d=\"M17.5 17.5 23 23Zm-16-7a9 9 0 1 1 9 9 9 9 0 0 1-9-9Z\"\/><\/svg>\n\t\t\t<\/label><button type=\"button\" class=\"wpgb-clear-button\" hidden><span class=\"wpgb-sr-only\" data-no-translation=\"\" data-trp-gettext=\"\">Claro<\/span><svg viewbox=\"0 0 24 24\" height=\"24\" width=\"24\" aria-hidden=\"true\" focusable=\"false\"><path d=\"m12 12-4.25 4.75L12.001 12 7.75 7.25 12.001 12l4.249-4.75L12 12l4.25 4.75Z\"\/><\/svg><\/button><\/div>\t<\/fieldset>\n\t<\/div>\n\t<div class=\"wpgb-facet wpgb-loading wpgb-facet-12\" data-facet=\"12\" data-grid=\"5\">\t<h4 class=\"wpgb-facet-title\">Sortieren nach<\/h4>\n\t\t<fieldset>\n\t\t<legend class=\"wpgb-facet-title wpgb-sr-only\">Sortieren nach<\/legend>\n\t\t<div class=\"wpgb-sort-facet\"><label><span class=\"wpgb-sr-only\">Sortieren nach<\/span><select class=\"wpgb-sort wpgb-select wpgb-combobox\" name=\"sort_faqs\"><option value=\"\" selected='selected'>Keiner<\/option><option value=\"title_asc\">Nach Fragetitel (AZ)<\/option><option value=\"title_desc\">Nach Fragetitel (ZA)<\/option><\/select><span class=\"wpgb-select-controls\"><span class=\"wpgb-select-separator\"><\/span><svg class=\"wpgb-select-toggle\" viewbox=\"0 0 24 24\" height=\"24\" width=\"24\" aria-hidden=\"true\" focusable=\"false\"><path d=\"m12 14.536-.045.043.045-.043-5.3-5.114 5.3 5.114 5.3-5.114-5.3 5.114.045.043Z\"\/><\/svg><\/span><\/label><\/div>\t<\/fieldset>\n\t<\/div>\n\t<div class=\"wpgb-facet wpgb-loading wpgb-facet-11\" data-facet=\"11\" data-grid=\"5\"><span class=\"wpgb-result-count\">1 - 8 von 12 FAQs<\/span><\/div>\n\t<div class=\"wpgb-facet wpgb-loading wpgb-facet-10\" data-facet=\"10\" data-grid=\"5\">\t<h4 class=\"wpgb-facet-title\">Kategorien<\/h4>\n\t\t<fieldset>\n\t\t<legend class=\"wpgb-facet-title wpgb-sr-only\">Kategorien<\/legend>\n\t\t<div class=\"wpgb-checkbox-facet\"><ul class=\"wpgb-hierarchical-list\"><li><div class=\"wpgb-checkbox\" role=\"button\" aria-pressed=\"false\" tabindex=\"0\"><input type=\"hidden\" name=\"faq_categories[]\" value=\"finance\"><span class=\"wpgb-checkbox-control\"><\/span><span class=\"wpgb-checkbox-label\">Finanzen&nbsp;<span>(5)<\/span><\/span><\/div><\/li><li><div class=\"wpgb-checkbox\" role=\"button\" aria-pressed=\"false\" tabindex=\"0\"><input type=\"hidden\" name=\"faq_categories[]\" value=\"travel\"><span class=\"wpgb-checkbox-control\"><\/span><span class=\"wpgb-checkbox-label\">Reisen&nbsp;<span>(5)<\/span><\/span><\/div><\/li><li><div class=\"wpgb-checkbox\" role=\"button\" aria-pressed=\"false\" tabindex=\"0\"><input type=\"hidden\" name=\"faq_categories[]\" value=\"accomodation\"><span class=\"wpgb-checkbox-control\"><\/span><span class=\"wpgb-checkbox-label\">Unterkunft&nbsp;<span>(2)<\/span><\/span><\/div><\/li><li><div class=\"wpgb-checkbox\" role=\"button\" aria-pressed=\"false\" tabindex=\"0\"><input type=\"hidden\" name=\"faq_categories[]\" value=\"miscellaneous\"><span class=\"wpgb-checkbox-control\"><\/span><span class=\"wpgb-checkbox-label\">Verschiedenes&nbsp;<span>(2)<\/span><\/span><\/div><\/li><li><div class=\"wpgb-checkbox\" role=\"button\" aria-pressed=\"false\" tabindex=\"0\"><input type=\"hidden\" name=\"faq_categories[]\" value=\"program\"><span class=\"wpgb-checkbox-control\"><\/span><span class=\"wpgb-checkbox-label\">Programm&nbsp;<span>(1)<\/span><\/span><\/div><\/li><\/ul><\/div>\t<\/fieldset>\n\t<\/div>\n\t<div class=\"wpgb-facet wpgb-loading wpgb-facet-4\" data-facet=\"4\" data-grid=\"5\"><button type=\"button\" class=\"wpgb-button wpgb-reset\" name=\"reset\">Zur\u00fccksetzen<\/button><\/div>\n\t<!-- Gridbuilder \u1d42\u1d3e Plugin (https:\/\/wpgridbuilder.com) -->\n<div class=\"wp-grid-builder wpgb-grid-5\" data-options=\"{&quot;id&quot;:5,&quot;type&quot;:&quot;masonry&quot;,&quot;source&quot;:&quot;post_type&quot;,&quot;loader&quot;:true,&quot;layout&quot;:&quot;vertical&quot;,&quot;reveal&quot;:1,&quot;isMainQuery&quot;:0,&quot;lazyLoad&quot;:false,&quot;cardSizes&quot;:{&quot;9999&quot;:{&quot;columns&quot;:2,&quot;height&quot;:240,&quot;gutter&quot;:16,&quot;ratio&quot;:&quot;1.33333&quot;},&quot;640&quot;:{&quot;columns&quot;:1,&quot;height&quot;:200,&quot;gutter&quot;:16,&quot;ratio&quot;:&quot;1.33333&quot;}},&quot;fitRows&quot;:false,&quot;equalRows&quot;:0,&quot;equalColumns&quot;:false,&quot;fillLastRow&quot;:0,&quot;centerLastRow&quot;:0,&quot;horizontalOrder&quot;:false,&quot;fullWidth&quot;:false,&quot;transitionDelay&quot;:100,&quot;gallerySlideshow&quot;:false,&quot;rowsNumber&quot;:1,&quot;slideAlign&quot;:&quot;left&quot;,&quot;groupCells&quot;:1,&quot;draggable&quot;:true,&quot;initialIndex&quot;:0,&quot;contain&quot;:false,&quot;freeScroll&quot;:false,&quot;freeFriction&quot;:&quot;0.075&quot;,&quot;friction&quot;:&quot;0.285&quot;,&quot;attraction&quot;:&quot;0.025&quot;,&quot;autoPlay&quot;:0,&quot;pageDotAriaLabel&quot;:&quot;Page dot %d&quot;,&quot;isPreview&quot;:false,&quot;isGutenberg&quot;:false,&quot;rightToLeft&quot;:false}\"><div class=\"wpgb-svg-icons\" hidden>\n\t<svg viewbox=\"0 0 120 24\" width=\"0\" height=\"0\">\n\t<defs>\n        <polygon id=\"wpgb-star-svg\" points=\"12 2.5 15.1 8.8 22 9.8 17 14.6 18.2 21.5 12 18.3 5.8 21.5 7 14.6 2 9.8 8.9 8.8\"><\/polygon>\n    <\/defs>\n    <symbol id=\"wpgb-rating-stars-svg\">\n        <use xlink:href=\"#wpgb-star-svg\"><\/use>\n        <use xlink:href=\"#wpgb-star-svg\" x=\"24\"><\/use>\n        <use xlink:href=\"#wpgb-star-svg\" x=\"48\"><\/use>\n        <use xlink:href=\"#wpgb-star-svg\" x=\"72\"><\/use>\n        <use xlink:href=\"#wpgb-star-svg\" x=\"96\"><\/use>\n    <\/symbol>\n<\/svg>\n<\/div>\n<div class=\"wpgb-wrapper\">\n\t<div class=\"wpgb-main\">\n\t<div class=\"wpgb-layout\">\n\t<div class=\"wpgb-viewport\">\n\t\t<div class=\"wpgb-masonry\">\n\t\t\t<article class=\"wpgb-card wpgb-card-22 wpgb-post-375 wpgb-card-hidden\" data-col=\"1\" data-row=\"1\" data-format=\"standard\"><div class=\"wpgb-card-wrapper\"><div class=\"wpgb-card-inner\"><div class=\"wpgb-card-content wpgb-scheme-dark\"><div class=\"wpgb-card-body\"><h3 class=\"wpgb-block-1\"><a href=\"https:\/\/gospelforeveryone.worldea.org\/de\/faq\/who-should-attend\/\">Wer sollte teilnehmen?<\/a><\/h3><div class=\"wpgb-block-2\"><\/div><p class=\"wpgb-block-5\">Unsere Generalversammlung ist im Kern ein Familientreffen unserer regionalen und nationalen Allianzen sowie unserer angeschlossenen Mitglieder....<\/p><\/div><div class=\"wpgb-card-footer\"><a class=\"wpgb-block-6\" href=\"https:\/\/gospelforeveryone.worldea.org\/de\/faq\/who-should-attend\/\">Mehr lesen<\/a><\/div><\/div><\/div><\/div><\/article><article class=\"wpgb-card wpgb-card-22 wpgb-post-376 wpgb-card-hidden\" data-col=\"1\" data-row=\"1\" data-format=\"standard\"><div class=\"wpgb-card-wrapper\"><div class=\"wpgb-card-inner\"><div class=\"wpgb-card-content wpgb-scheme-dark\"><div class=\"wpgb-card-body\"><h3 class=\"wpgb-block-1\"><a href=\"https:\/\/gospelforeveryone.worldea.org\/de\/faq\/are-there-scholarships-available\/\">Gibt es Stipendien?<\/a><\/h3><div class=\"wpgb-block-2\"><\/div><p class=\"wpgb-block-5\">Wir k\u00f6nnen eine begrenzte Anzahl an Stipendien vergeben. Diese k\u00f6nnen sich von Vertretern der Allianz bewerben, die nicht in der Lage sind, die Kosten vollst\u00e4ndig zu tragen.<\/p><\/div><div class=\"wpgb-card-footer\"><a class=\"wpgb-block-6\" href=\"https:\/\/gospelforeveryone.worldea.org\/de\/faq\/are-there-scholarships-available\/\">Mehr lesen<\/a><\/div><\/div><\/div><\/div><\/article><article class=\"wpgb-card wpgb-card-22 wpgb-post-377 wpgb-card-hidden\" data-col=\"1\" data-row=\"1\" data-format=\"standard\"><div class=\"wpgb-card-wrapper\"><div class=\"wpgb-card-inner\"><div class=\"wpgb-card-content wpgb-scheme-dark\"><div class=\"wpgb-card-body\"><h3 class=\"wpgb-block-1\"><a href=\"https:\/\/gospelforeveryone.worldea.org\/de\/faq\/are-there-any-discounts-on-travel\/\">Gibt es Erm\u00e4\u00dfigungen auf Reisen?<\/a><\/h3><div class=\"wpgb-block-2\"><\/div><p class=\"wpgb-block-5\">Wir sind stolz, bekannt geben zu k\u00f6nnen, dass wir mit Global Meetings von SkyTeam als Allianz-Netzwerk f\u00fcr Flugreisen f\u00fcr die WEA zusammenarbeiten \u2026<\/p><\/div><div class=\"wpgb-card-footer\"><a class=\"wpgb-block-6\" href=\"https:\/\/gospelforeveryone.worldea.org\/de\/faq\/are-there-any-discounts-on-travel\/\">Mehr lesen<\/a><\/div><\/div><\/div><\/div><\/article><article class=\"wpgb-card wpgb-card-22 wpgb-post-378 wpgb-card-hidden\" data-col=\"1\" data-row=\"1\" data-format=\"standard\"><div class=\"wpgb-card-wrapper\"><div class=\"wpgb-card-inner\"><div class=\"wpgb-card-content wpgb-scheme-dark\"><div class=\"wpgb-card-body\"><h3 class=\"wpgb-block-1\"><a href=\"https:\/\/gospelforeveryone.worldea.org\/de\/faq\/are-there-any-single-rooms\/\">Gibt es Einzelzimmer?<\/a><\/h3><div class=\"wpgb-block-2\"><\/div><p class=\"wpgb-block-5\">Eine begrenzte Anzahl von Einzelzimmern steht zur Verf\u00fcgung. Die Zimmer werden nach dem Prinzip \u201eWer zuerst kommt, mahlt zuerst\u201c vergeben. Es f\u00e4llt ein Aufpreis von $300 an.<\/p><\/div><div class=\"wpgb-card-footer\"><a class=\"wpgb-block-6\" href=\"https:\/\/gospelforeveryone.worldea.org\/de\/faq\/are-there-any-single-rooms\/\">Mehr lesen<\/a><\/div><\/div><\/div><\/div><\/article><article class=\"wpgb-card wpgb-card-22 wpgb-post-379 wpgb-card-hidden\" data-col=\"1\" data-row=\"1\" data-format=\"standard\"><div class=\"wpgb-card-wrapper\"><div class=\"wpgb-card-inner\"><div class=\"wpgb-card-content wpgb-scheme-dark\"><div class=\"wpgb-card-body\"><h3 class=\"wpgb-block-1\"><a href=\"https:\/\/gospelforeveryone.worldea.org\/de\/faq\/is-there-a-staff-discount\/\">Gibt es einen Mitarbeiterrabatt?<\/a><\/h3><div class=\"wpgb-block-2\"><\/div><p class=\"wpgb-block-5\">WEA-Mitarbeiter und Mitglieder des Organisationskomitees k\u00f6nnen einen Rabattcoupon anfordern, den sie auf dem Zahlungsformular f\u00fcr den Standardbetrag verwenden k\u00f6nnen.<\/p><\/div><div class=\"wpgb-card-footer\"><a class=\"wpgb-block-6\" href=\"https:\/\/gospelforeveryone.worldea.org\/de\/faq\/is-there-a-staff-discount\/\">Mehr lesen<\/a><\/div><\/div><\/div><\/div><\/article><article class=\"wpgb-card wpgb-card-22 wpgb-post-380 wpgb-card-hidden\" data-col=\"1\" data-row=\"1\" data-format=\"standard\"><div class=\"wpgb-card-wrapper\"><div class=\"wpgb-card-inner\"><div class=\"wpgb-card-content wpgb-scheme-dark\"><div class=\"wpgb-card-body\"><h3 class=\"wpgb-block-1\"><a href=\"https:\/\/gospelforeveryone.worldea.org\/de\/faq\/what-are-the-costs\/\">Wie hoch sind die Kosten?<\/a><\/h3><div class=\"wpgb-block-2\"><\/div><p class=\"wpgb-block-5\">Unsere Gastgeber haben uns gro\u00dfz\u00fcgig unterst\u00fctzt, sodass wir eine reduzierte Geb\u00fchr von $700 verlangen k\u00f6nnen \u2026<\/p><\/div><div class=\"wpgb-card-footer\"><a class=\"wpgb-block-6\" href=\"https:\/\/gospelforeveryone.worldea.org\/de\/faq\/what-are-the-costs\/\">Mehr lesen<\/a><\/div><\/div><\/div><\/div><\/article><article class=\"wpgb-card wpgb-card-22 wpgb-post-381 wpgb-card-hidden\" data-col=\"1\" data-row=\"1\" data-format=\"standard\"><div class=\"wpgb-card-wrapper\"><div class=\"wpgb-card-inner\"><div class=\"wpgb-card-content wpgb-scheme-dark\"><div class=\"wpgb-card-body\"><h3 class=\"wpgb-block-1\"><a href=\"https:\/\/gospelforeveryone.worldea.org\/de\/faq\/are-there-discounts-for-younger-leaders\/\">Gibt es Rabatte f\u00fcr j\u00fcngere F\u00fchrungskr\u00e4fte?<\/a><\/h3><div class=\"wpgb-block-2\"><\/div><p class=\"wpgb-block-5\">F\u00fcr j\u00fcngere F\u00fchrungskr\u00e4fte (die zum Zeitpunkt des Beginns der Generalversammlung unter 45 Jahre alt sind) bieten wir Sonderpreise an \u2026<\/p><\/div><div class=\"wpgb-card-footer\"><a class=\"wpgb-block-6\" href=\"https:\/\/gospelforeveryone.worldea.org\/de\/faq\/are-there-discounts-for-younger-leaders\/\">Mehr lesen<\/a><\/div><\/div><\/div><\/div><\/article><article class=\"wpgb-card wpgb-card-22 wpgb-post-382 wpgb-card-hidden\" data-col=\"1\" data-row=\"1\" data-format=\"standard\"><div class=\"wpgb-card-wrapper\"><div class=\"wpgb-card-inner\"><div class=\"wpgb-card-content wpgb-scheme-dark\"><div class=\"wpgb-card-body\"><h3 class=\"wpgb-block-1\"><a href=\"https:\/\/gospelforeveryone.worldea.org\/de\/faq\/question-8\/\">Kann ich meinen Ehepartner mitbringen?<\/a><\/h3><div class=\"wpgb-block-2\"><\/div><p class=\"wpgb-block-5\">Ja! Teilnehmer k\u00f6nnen ihren Ehepartner gegen einen Aufpreis von $300 mitbringen. Bitte geben Sie diese Information bei Ihrer Anmeldung an.<\/p><\/div><div class=\"wpgb-card-footer\"><a class=\"wpgb-block-6\" href=\"https:\/\/gospelforeveryone.worldea.org\/de\/faq\/question-8\/\">Mehr lesen<\/a><\/div><\/div><\/div><\/div><\/article>\t\t<\/div>\n\t<\/div>\n\t<div class=\"wpgb-loader\">\n\t<div class=\"wpgb-loader-5\">\n\t\t<div><\/div><div><\/div><div><\/div>\t<\/div>\n<\/div>\n<\/div>\n\t<\/div>\n\t\t<\/div>\n<\/div>\n\n\t<div class=\"wpgb-facet wpgb-loading wpgb-facet-8\" data-facet=\"8\" data-grid=\"5\"><nav class=\"wpgb-pagination-facet\" aria-label=\"Navegaci\u00f3n de p\u00e1gina\" data-no-translation-aria-label=\"\"><ul class=\"wpgb-pagination\"><li class=\"wpgb-page\"><a href=\"https:\/\/gospelforeveryone.worldea.org\/es\/information\/general-faqs\/?_page=1\" aria-current=\"true\" aria-label=\"P\u00e1gina actual, P\u00e1gina 1\" data-page=\"1\" data-no-translation-aria-label=\"\">1<\/a><\/li><li class=\"wpgb-page\"><a href=\"https:\/\/gospelforeveryone.worldea.org\/es\/information\/general-faqs\/?_page=2\" aria-label=\"Ir a la p\u00e1gina 2\" data-page=\"2\" data-no-translation-aria-label=\"\">2<\/a><\/li><li class=\"wpgb-page wpgb-page-next\"><a href=\"https:\/\/gospelforeveryone.worldea.org\/es\/information\/general-faqs\/?_page=2\" aria-label=\"Ir a la p\u00e1gina 2\" data-page=\"2\" data-no-translation-aria-label=\"\">N\u00e4chste<\/a><\/li><\/ul><\/nav><\/div>\n\n\n\n<p><\/p>","protected":false},"excerpt":{"rendered":"<p>Ja! Teilnehmer k\u00f6nnen ihren Ehepartner gegen einen Aufpreis von $300 mitbringen. Bitte geben Sie diese Information unbedingt auf Ihrem Anmelde- und Zahlungsformular an.<\/p>","protected":false},"author":1,"featured_media":0,"parent":1117,"menu_order":0,"comment_status":"closed","ping_status":"closed","template":"","meta":{"_acf_changed":false,"_seopress_robots_primary_cat":"","_seopress_titles_title":"","_seopress_titles_desc":"","_seopress_robots_index":"","footnotes":""},"class_list":["post-172","page","type-page","status-publish","hentry"],"acf":[],"_links":{"self":[{"href":"https:\/\/gospelforeveryone.worldea.org\/de\/wp-json\/wp\/v2\/pages\/172","targetHints":{"allow":["GET"]}}],"collection":[{"href":"https:\/\/gospelforeveryone.worldea.org\/de\/wp-json\/wp\/v2\/pages"}],"about":[{"href":"https:\/\/gospelforeveryone.worldea.org\/de\/wp-json\/wp\/v2\/types\/page"}],"author":[{"embeddable":true,"href":"https:\/\/gospelforeveryone.worldea.org\/de\/wp-json\/wp\/v2\/users\/1"}],"replies":[{"embeddable":true,"href":"https:\/\/gospelforeveryone.worldea.org\/de\/wp-json\/wp\/v2\/comments?post=172"}],"version-history":[{"count":6,"href":"https:\/\/gospelforeveryone.worldea.org\/de\/wp-json\/wp\/v2\/pages\/172\/revisions"}],"predecessor-version":[{"id":1142,"href":"https:\/\/gospelforeveryone.worldea.org\/de\/wp-json\/wp\/v2\/pages\/172\/revisions\/1142"}],"up":[{"embeddable":true,"href":"https:\/\/gospelforeveryone.worldea.org\/de\/wp-json\/wp\/v2\/pages\/1117"}],"wp:attachment":[{"href":"https:\/\/gospelforeveryone.worldea.org\/de\/wp-json\/wp\/v2\/media?parent=172"}],"curies":[{"name":"wp","href":"https:\/\/api.w.org\/{rel}","templated":true}]}}