{"id":265,"date":"2025-02-25T12:19:59","date_gmt":"2025-02-25T12:19:59","guid":{"rendered":"https:\/\/gospelforeveryone.worldea.org\/?page_id=265"},"modified":"2025-02-25T12:54:04","modified_gmt":"2025-02-25T12:54:04","slug":"your-data","status":"publish","type":"page","link":"https:\/\/gospelforeveryone.worldea.org\/de\/your-data\/","title":{"rendered":"Ihre Daten"},"content":{"rendered":"<p><strong>Ihre Daten geh\u00f6ren Ihnen<\/strong>. Sie k\u00f6nnen mithilfe der unten stehenden Formulare die Herausgabe der von uns \u00fcber Sie gespeicherten Daten oder die L\u00f6schung dieser Daten beantragen.<\/p>\n\t\t\t\tDatenexportanforderung Datenentfernungsanforderung Datenexportanforderung\n\t\t\t\t<p>Wenn Sie jederzeit eine Kopie der von uns \u00fcber Sie gespeicherten Daten erhalten m\u00f6chten, f\u00fcllen Sie einfach das untenstehende Formular aus.<\/p>\n<form action=\"https:\/\/gospelforeveryone.worldea.org\/de\/wp-json\/ws-form\/v1\/submit\" class=\"wsf-form wsf-form-canvas\" id=\"ws-form-1\" data-id=\"7\" method=\"POST\" data-instance-id=\"1\" data-wsf-style-id=\"1\" data-trp-original-action=\"https:\/\/gospelforeveryone.worldea.org\/de\/wp-json\/ws-form\/v1\/submit\"><input type=\"hidden\" name=\"trp-form-language\" value=\"de\"\/><\/form>\n\t\t\t\t\t\t\tAntrag auf Datenentfernung\n\t\t\t\t<p>Wenn Sie Ihre Daten jederzeit von unserer Site entfernen m\u00f6chten, f\u00fcllen Sie einfach das untenstehende Formular aus.<\/p>\n<form action=\"https:\/\/gospelforeveryone.worldea.org\/de\/wp-json\/ws-form\/v1\/submit\" class=\"wsf-form wsf-form-canvas\" id=\"ws-form-2\" data-id=\"6\" method=\"POST\" data-instance-id=\"2\" data-wsf-style-id=\"1\" data-trp-original-action=\"https:\/\/gospelforeveryone.worldea.org\/de\/wp-json\/ws-form\/v1\/submit\"><input type=\"hidden\" name=\"trp-form-language\" value=\"de\"\/><\/form>","protected":false},"excerpt":{"rendered":"<p>Ihre Daten geh\u00f6ren Ihnen. Sie k\u00f6nnen die Herausgabe Ihrer bei uns gespeicherten Daten oder deren L\u00f6schung \u00fcber die unten stehenden Formulare beantragen. Datenexport-Antrag Datenl\u00f6schungs-Antrag Datenexport-Antrag Wenn Sie jederzeit eine Kopie Ihrer bei uns gespeicherten Daten erhalten m\u00f6chten, \u2026 <a title=\"Ihre Daten\" class=\"read-more\" href=\"https:\/\/gospelforeveryone.worldea.org\/de\/your-data\/\" aria-label=\"Mehr Informationen \u00fcber Ihre Daten\">Weiterlesen \u2026<\/a><\/p>","protected":false},"author":1,"featured_media":0,"parent":0,"menu_order":0,"comment_status":"closed","ping_status":"closed","template":"","meta":{"_acf_changed":false,"_seopress_robots_primary_cat":"","_seopress_titles_title":"","_seopress_titles_desc":"","_seopress_robots_index":"","footnotes":""},"class_list":["post-265","page","type-page","status-publish"],"acf":[],"_links":{"self":[{"href":"https:\/\/gospelforeveryone.worldea.org\/de\/wp-json\/wp\/v2\/pages\/265","targetHints":{"allow":["GET"]}}],"collection":[{"href":"https:\/\/gospelforeveryone.worldea.org\/de\/wp-json\/wp\/v2\/pages"}],"about":[{"href":"https:\/\/gospelforeveryone.worldea.org\/de\/wp-json\/wp\/v2\/types\/page"}],"author":[{"embeddable":true,"href":"https:\/\/gospelforeveryone.worldea.org\/de\/wp-json\/wp\/v2\/users\/1"}],"replies":[{"embeddable":true,"href":"https:\/\/gospelforeveryone.worldea.org\/de\/wp-json\/wp\/v2\/comments?post=265"}],"version-history":[{"count":0,"href":"https:\/\/gospelforeveryone.worldea.org\/de\/wp-json\/wp\/v2\/pages\/265\/revisions"}],"wp:attachment":[{"href":"https:\/\/gospelforeveryone.worldea.org\/de\/wp-json\/wp\/v2\/media?parent=265"}],"curies":[{"name":"wp","href":"https:\/\/api.w.org\/{rel}","templated":true}]}}