{"id":442,"date":"2025-03-21T17:00:51","date_gmt":"2025-03-21T17:00:51","guid":{"rendered":"https:\/\/gospelforeveryone.worldea.org\/?page_id=442"},"modified":"2025-04-29T12:19:31","modified_gmt":"2025-04-29T12:19:31","slug":"donate","status":"publish","type":"page","link":"https:\/\/gospelforeveryone.worldea.org\/de\/scholarships\/donate\/","title":{"rendered":"Stipendien \u2013 Spenden"},"content":{"rendered":"<h3>\n\t\t\tHelfen Sie uns, j\u00fcngere christliche F\u00fchrungskr\u00e4fte auszubilden\t<\/h3>\n\t<p>Mit der Vision \u201eDas Evangelium f\u00fcr alle bis 2033\u201c wollen wir 1.000 evangelikale F\u00fchrungspers\u00f6nlichkeiten aus der ganzen Welt zusammenbringen.<\/p>\n<p>Die Weltweite Evangelische Allianz ist eine Familie, die sich aus unseren nationalen Allianzen und angeschlossenen Mitgliedern zusammensetzt. Die meisten dieser nationalen Allianzen geh\u00f6ren zur Mehrheitswelt und wirken dort, wo sie sind, durch ihr Zeugnis f\u00fcr die Kraft des Evangeliums.<\/p>\n<p>Unser Ziel ist es, mithilfe des WEA-Stipendienfonds 350 dieser F\u00fchrungskr\u00e4fte (vorrangig j\u00fcngere und weniger zahlungsf\u00e4hige F\u00fchrungskr\u00e4fte) an diesem transformativen Event teilhaben zu lassen und so die Zukunft der evangelischen Mission zu gestalten. Mit einer Spende an den WEA-Stipendienfonds leisten Sie nicht nur finanzielle Hilfe, sondern f\u00f6rdern auch die Verbreitung des Evangeliums, st\u00e4rken F\u00fchrungskr\u00e4fte an vorderster Front und stellen sicher, dass diejenigen, die es am dringendsten ben\u00f6tigen, f\u00fcr ihre globale Wirkung ger\u00fcstet sind.<\/p>\n<h5>\n\t\t\tSo helfen Ihre Spenden\t<\/h5>\n<h5>\n\t\t\t$1,500\t<\/h5>\n\t<p>Deckt die durchschnittlichen Reisekosten f\u00fcr einen j\u00fcngeren christlichen Leiter.<\/p>\n<h5>\n\t\t\t$2,200\t<\/h5>\n\t<p>Deckt die durchschnittlichen Reisekosten, Programmkosten und Registrierungskosten f\u00fcr einen j\u00fcngeren christlichen Leiter.<\/p>\n<h5>\n\t\t\t$4,400\t<\/h5>\n\t<p>Deckt die durchschnittlichen Reisekosten, Programmkosten und Registrierungskosten f\u00fcr zwei j\u00fcngere christliche Leiter.<\/p>\n<h4>\n\t\t\tM\u00f6chten Sie noch heute mit uns zusammenarbeiten, um diese Vision Wirklichkeit werden zu lassen?\t<\/h4>\n\t\t\t\t<img decoding=\"async\" src=\"https:\/\/gospelforeveryone.worldea.org\/wp-content\/uploads\/2025\/03\/young-leaders-1800-1024x672.jpg\" alt=\"group of young multiracial business people, focus on latin ameri\" itemprop=\"image\" height=\"672\" width=\"1024\" title=\"Gruppe junger Gesch\u00e4ftsleute verschiedener Herkunft, Schwerpunkt Lateinamerika\" onerror=\"this.style.display='none'\" loading='lazy' \/>\n<h4>\n\t\t\tWirkung des Stipendienfonds\t<\/h4>\n\t<p>Jede Spende von $2.200 US-Dollar unterst\u00fctzt die Teilnahme j\u00fcngerer christlicher F\u00fchrungspers\u00f6nlichkeiten an unserer Generalversammlung finanziell. Dies deckt die Flug- und Anmeldekosten ab. Als Teil der Bridge Generation sind diese Personen gegenw\u00e4rtige F\u00fchrungspers\u00f6nlichkeiten, die auch in Zukunft Einfluss haben werden.<\/p>\n<ul>\n<li><strong>Globale Vertretung<\/strong>: Sicherstellen, dass bei der Generalversammlung 2025 Stimmen aus allen Regionen vertreten sind.<\/li>\n<li><strong>J\u00fcngere F\u00fchrungskr\u00e4fte ausbilden<\/strong>: J\u00fcngeren F\u00fchrungskr\u00e4ften, die Pastoren und Missionare sind, die M\u00f6glichkeit geben, mitzuarbeiten und sich an strategischen Evangeliumsinitiativen zu beteiligen.<\/li>\n<li><strong>St\u00e4rkung der evangelischen Einheit<\/strong>: F\u00f6rderung der Mission \u201eDas Evangelium f\u00fcr alle bis 2033\u201c durch gemeinsame Vision und Planung.<\/li>\n<\/ul>\n<h4>\n\t\t\tWie viel m\u00f6chten Sie heute spenden?\t<\/h4>\n\t <iframe loading=\"lazy\" src=\"https:\/\/donorbox.org\/embed\/ga-sponsorship?\" name=\"donorbox\" allowpaymentrequest=\"allowpaymentrequest\" seamless=\"seamless\" frameborder=\"0\" scrolling=\"no\" height=\"900px\" width=\"100%\" allow=\"payment\"><\/iframe>","protected":false},"excerpt":{"rendered":"<p>Helfen Sie uns, j\u00fcngere christliche F\u00fchrungspers\u00f6nlichkeiten zu f\u00f6rdern. Mit der Vision \u201eDas Evangelium f\u00fcr alle bis 2033\u201c wollen wir 1.000 evangelikale F\u00fchrungspers\u00f6nlichkeiten aus aller Welt zusammenbringen. Die Weltweite Evangelische Allianz ist eine Familie, die sich aus unseren nationalen Allianzen und angeschlossenen Mitgliedern zusammensetzt. Die meisten dieser nationalen Allianzen geh\u00f6ren zur Mehrheit \u2026 <a title=\"Stipendien \u2013 Spenden\" class=\"read-more\" href=\"https:\/\/gospelforeveryone.worldea.org\/de\/scholarships\/donate\/\" aria-label=\"Weitere Informationen zu Stipendien \u2013 Spenden\">Weiterlesen \u2026<\/a><\/p>","protected":false},"author":1,"featured_media":0,"parent":805,"menu_order":0,"comment_status":"closed","ping_status":"closed","template":"","meta":{"_acf_changed":false,"_seopress_robots_primary_cat":"","_seopress_titles_title":"","_seopress_titles_desc":"","_seopress_robots_index":"","footnotes":""},"class_list":["post-442","page","type-page","status-publish"],"acf":[],"_links":{"self":[{"href":"https:\/\/gospelforeveryone.worldea.org\/de\/wp-json\/wp\/v2\/pages\/442","targetHints":{"allow":["GET"]}}],"collection":[{"href":"https:\/\/gospelforeveryone.worldea.org\/de\/wp-json\/wp\/v2\/pages"}],"about":[{"href":"https:\/\/gospelforeveryone.worldea.org\/de\/wp-json\/wp\/v2\/types\/page"}],"author":[{"embeddable":true,"href":"https:\/\/gospelforeveryone.worldea.org\/de\/wp-json\/wp\/v2\/users\/1"}],"replies":[{"embeddable":true,"href":"https:\/\/gospelforeveryone.worldea.org\/de\/wp-json\/wp\/v2\/comments?post=442"}],"version-history":[{"count":11,"href":"https:\/\/gospelforeveryone.worldea.org\/de\/wp-json\/wp\/v2\/pages\/442\/revisions"}],"predecessor-version":[{"id":811,"href":"https:\/\/gospelforeveryone.worldea.org\/de\/wp-json\/wp\/v2\/pages\/442\/revisions\/811"}],"up":[{"embeddable":true,"href":"https:\/\/gospelforeveryone.worldea.org\/de\/wp-json\/wp\/v2\/pages\/805"}],"wp:attachment":[{"href":"https:\/\/gospelforeveryone.worldea.org\/de\/wp-json\/wp\/v2\/media?parent=442"}],"curies":[{"name":"wp","href":"https:\/\/api.w.org\/{rel}","templated":true}]}}