{"id":468,"date":"2025-04-01T15:47:31","date_gmt":"2025-04-01T15:47:31","guid":{"rendered":"https:\/\/gospelforeveryone.worldea.org\/?page_id=468"},"modified":"2025-04-10T15:14:31","modified_gmt":"2025-04-10T15:14:31","slug":"our-hosts","status":"publish","type":"page","link":"https:\/\/gospelforeveryone.worldea.org\/de\/our-hosts\/","title":{"rendered":"Unsere Gastgeber"},"content":{"rendered":"<p>Die WEA ist dankbar f\u00fcr die inspirierten Leiter und Diener der koreanischen Kirche, die sich bereit erkl\u00e4rt haben, unsere Generalversammlung 2025 auszurichten. Das Organisationskomitee in Seoul umfasst Vertreter verschiedener koreanischer Konfessionen, darunter Pfarrer Jung-hyun John Oh, Pastor der Sarang-Kirche (Presbyterianische Kirche (Hapdong)), und Pfarrer Young-hoon Lee, Pastor der Yoido Full Gospel Church und Mitglied der Assemblies of God, als Co-Vorsitzende.<\/p>\n<p>Dar\u00fcber hinaus ist die Korean Evangelical Fellowship (KEF) die nationale Allianz der WEA. Diese Gemeinschaft vereint sich im evangelischen Glauben zur Zusammenarbeit in der koreanischen Kirche. Der derzeitige Vorsitzende der KEF ist Pfarrer Seok-soon Im. Der ehemalige stellvertretende Vorsitzende der KEF, Pfarrer Sang-bok David Kim, war Pfarrer der Hallelujah-Kirche und von 2008 bis 2012 Vorsitzender des Internationalen Rates der WEA.<\/p>\n<p>Die KEF wurde 1981 gegr\u00fcndet. Ihre Gr\u00fcndungsmitglieder waren leitende Pastoren bedeutender Kirchen wie beispielsweise Rev. Jun-gon Kim (Gwangju Seohyun Church), Rev. Jo-joon Park (Bundang Calvary Church), Rev. Han-hum Oak (Seoul Sarang Church) und Rev. Yong-jo Ha (Seoul Onnuri Church).<\/p>\n<p>S\u00fcdkorea hat eine der gr\u00f6\u00dften christlichen Bev\u00f6lkerungen Ostasiens und einige der gr\u00f6\u00dften Kirchen der Welt, gemessen an der Zahl der Kirchenmitglieder und der Besucherzahl. S\u00fcdkorea ist eine strategische Missionsmacht nicht nur in Asien, sondern weltweit. Seit Mitte des 20. Jahrhunderts ist die koreanische Kirche dramatisch gewachsen. Von lediglich 21.000.000 Einwohnern im Jahr 1945 ist die evangelikale Gemeinde auf rund 30.000.000 Kirchen angewachsen. Heute gibt es in Korea zwischen 55.000 und 60.000 Kirchen. Der koreanische Evangelikalismus zeichnet sich durch eine starke Verbindung zwischen Verstand und Herz aus, die durch eine hohe Wertsch\u00e4tzung der Bibel und eine tiefe Spiritualit\u00e4t, die aus hingebungsvollem Gebet erw\u00e4chst, gepr\u00e4gt ist.<\/p>\n<p>Dankbar f\u00fcr alles, was Gott getan hat, m\u00f6chte die koreanische Kirche die Segnungen, die sie von Gott erhalten hat, erwidern und mit allen Nationen teilen. Die Ko-Vorsitzenden des Organisationskomitees von Seoul erkl\u00e4rten: \u201e<em>Es ist an der Zeit, dass wir uns mit dem gleichen M\u00e4rtyrergeist engagieren wie die Diener der g\u00f6ttlichen Geschichte. Unsere Mission ist nicht nur die St\u00e4rkung der koreanischen Kirche, sondern auch die Schaffung eines Grundsteins f\u00fcr die globale J\u00fcngerschaftsausbildung und die weltweite Evangelisierung.<\/em>\u201c<\/p>","protected":false},"excerpt":{"rendered":"<p>Die WEA ist dankbar f\u00fcr die inspirierten Leiter und Diener der koreanischen Kirche, die sich bereit erkl\u00e4rt haben, unsere Generalversammlung 2025 auszurichten. Das Organisationskomitee in Seoul umfasst Vertreter verschiedener koreanischer Konfessionen, darunter Pfarrer Jung-hyun John Oh, Pastor der Sarang-Kirche, die zur presbyterianischen (Hapdong) Konfession geh\u00f6rt, und Pfarrer Young-hoon Lee, Pastor \u2026 <a title=\"Unsere Gastgeber\" class=\"read-more\" href=\"https:\/\/gospelforeveryone.worldea.org\/de\/our-hosts\/\" aria-label=\"Weitere Informationen \u00fcber unsere Gastgeber\">Weiterlesen \u2026<\/a><\/p>","protected":false},"author":1,"featured_media":0,"parent":0,"menu_order":0,"comment_status":"closed","ping_status":"closed","template":"","meta":{"_acf_changed":false,"_seopress_robots_primary_cat":"","_seopress_titles_title":"","_seopress_titles_desc":"","_seopress_robots_index":"","footnotes":""},"class_list":["post-468","page","type-page","status-publish"],"acf":[],"_links":{"self":[{"href":"https:\/\/gospelforeveryone.worldea.org\/de\/wp-json\/wp\/v2\/pages\/468","targetHints":{"allow":["GET"]}}],"collection":[{"href":"https:\/\/gospelforeveryone.worldea.org\/de\/wp-json\/wp\/v2\/pages"}],"about":[{"href":"https:\/\/gospelforeveryone.worldea.org\/de\/wp-json\/wp\/v2\/types\/page"}],"author":[{"embeddable":true,"href":"https:\/\/gospelforeveryone.worldea.org\/de\/wp-json\/wp\/v2\/users\/1"}],"replies":[{"embeddable":true,"href":"https:\/\/gospelforeveryone.worldea.org\/de\/wp-json\/wp\/v2\/comments?post=468"}],"version-history":[{"count":10,"href":"https:\/\/gospelforeveryone.worldea.org\/de\/wp-json\/wp\/v2\/pages\/468\/revisions"}],"predecessor-version":[{"id":754,"href":"https:\/\/gospelforeveryone.worldea.org\/de\/wp-json\/wp\/v2\/pages\/468\/revisions\/754"}],"wp:attachment":[{"href":"https:\/\/gospelforeveryone.worldea.org\/de\/wp-json\/wp\/v2\/media?parent=468"}],"curies":[{"name":"wp","href":"https:\/\/api.w.org\/{rel}","templated":true}]}}