{"id":745,"date":"2025-04-10T08:18:38","date_gmt":"2025-04-10T08:18:38","guid":{"rendered":"https:\/\/gospelforeveryone.worldea.org\/?page_id=745"},"modified":"2025-04-10T08:22:14","modified_gmt":"2025-04-10T08:22:14","slug":"statement-of-faith","status":"publish","type":"page","link":"https:\/\/gospelforeveryone.worldea.org\/de\/statement-of-faith\/","title":{"rendered":"Glaubensbekenntnis"},"content":{"rendered":"<h3>\n\t\t\tWir glauben an:\t<\/h3>\n\t<p><b>Die Heilige Schrift\u00a0<\/b>wie urspr\u00fcnglich von Gott gegeben, g\u00f6ttlich inspiriert, unfehlbar, absolut vertrauensw\u00fcrdig und die h\u00f6chste Autorit\u00e4t in allen Fragen des Glaubens und des Verhaltens.<\/p>\n<p><b>Ein Gott,\u00a0<\/b>ewig existierend in drei Personen, Vater, Sohn und Heiliger Geist.<\/p>\n<p><b>Unser Herr Jesus Christus,\u00a0<\/b>Gott manifestiert sich im Fleisch, in seiner jungfr\u00e4ulichen Geburt, seinem s\u00fcndlosen menschlichen Leben, seinen g\u00f6ttlichen Wundern, seinem stellvertretenden und s\u00fchnenden Tod, seiner k\u00f6rperlichen Auferstehung, seiner Himmelfahrt, seinem vermittelnden Wirken und seiner pers\u00f6nlichen Wiederkunft in Macht und Herrlichkeit.<\/p>\n<p><b>Die Erl\u00f6sung\u00a0<\/b>des verlorenen und s\u00fcndigen Menschen durch das vergossene Blut des Herrn Jesus Christus durch Glauben ohne Werke und Wiedergeburt durch den Heiligen Geist.<\/p>\n<p><b>Der Heilige Geist\u00a0<\/b>Durch dessen Innewohnen wird der Gl\u00e4ubige bef\u00e4higt, ein heiliges Leben zu f\u00fchren und f\u00fcr den Herrn Jesus Christus Zeugnis abzulegen und zu wirken.<\/p>\n<p><b>Die Einheit des Geistes\u00a0<\/b>aller wahren Gl\u00e4ubigen, der Kirche, dem Leib Christi.<\/p>\n<p><b>Die Auferstehung\u00a0<\/b>sowohl der Geretteten als auch der Verlorenen; die Geretteten werden zur Auferstehung des Lebens gef\u00fchrt, die Verlorenen zur Auferstehung der Verdammnis.<\/p>","protected":false},"excerpt":{"rendered":"<p>Wir glauben an: Die Heilige Schrift, wie sie urspr\u00fcnglich von Gott gegeben wurde, g\u00f6ttlich inspiriert, unfehlbar, absolut vertrauensw\u00fcrdig und die h\u00f6chste Autorit\u00e4t in allen Fragen des Glaubens und des Lebens. Ein Gott, ewig existierend in drei Personen: Vater, Sohn und Heiliger Geist. Unser Herr Jesus Christus, Gott, offenbart im Fleisch, seine jungfr\u00e4uliche Geburt, sein s\u00fcndloses menschliches Leben, seine g\u00f6ttlichen Wunder, \u2026 <a title=\"Glaubensbekenntnis\" class=\"read-more\" href=\"https:\/\/gospelforeveryone.worldea.org\/de\/statement-of-faith\/\" aria-label=\"Mehr Informationen \u00fcber Glaubensbekenntnis\">Weiterlesen \u2026<\/a><\/p>","protected":false},"author":1,"featured_media":0,"parent":0,"menu_order":0,"comment_status":"closed","ping_status":"closed","template":"","meta":{"_acf_changed":false,"_seopress_robots_primary_cat":"","_seopress_titles_title":"","_seopress_titles_desc":"","_seopress_robots_index":"","footnotes":""},"class_list":["post-745","page","type-page","status-publish"],"acf":[],"_links":{"self":[{"href":"https:\/\/gospelforeveryone.worldea.org\/de\/wp-json\/wp\/v2\/pages\/745","targetHints":{"allow":["GET"]}}],"collection":[{"href":"https:\/\/gospelforeveryone.worldea.org\/de\/wp-json\/wp\/v2\/pages"}],"about":[{"href":"https:\/\/gospelforeveryone.worldea.org\/de\/wp-json\/wp\/v2\/types\/page"}],"author":[{"embeddable":true,"href":"https:\/\/gospelforeveryone.worldea.org\/de\/wp-json\/wp\/v2\/users\/1"}],"replies":[{"embeddable":true,"href":"https:\/\/gospelforeveryone.worldea.org\/de\/wp-json\/wp\/v2\/comments?post=745"}],"version-history":[{"count":2,"href":"https:\/\/gospelforeveryone.worldea.org\/de\/wp-json\/wp\/v2\/pages\/745\/revisions"}],"predecessor-version":[{"id":748,"href":"https:\/\/gospelforeveryone.worldea.org\/de\/wp-json\/wp\/v2\/pages\/745\/revisions\/748"}],"wp:attachment":[{"href":"https:\/\/gospelforeveryone.worldea.org\/de\/wp-json\/wp\/v2\/media?parent=745"}],"curies":[{"name":"wp","href":"https:\/\/api.w.org\/{rel}","templated":true}]}}