{"id":80,"date":"2025-02-23T09:53:45","date_gmt":"2025-02-23T09:53:45","guid":{"rendered":"https:\/\/gospelforeveryone.worldea.org\/?page_id=80"},"modified":"2026-04-27T08:41:02","modified_gmt":"2026-04-27T08:41:02","slug":"coming-soon","status":"publish","type":"page","link":"https:\/\/gospelforeveryone.worldea.org\/de\/","title":{"rendered":"Startseite"},"content":{"rendered":"<figure itemscope itemtype=\"https:\/\/schema.org\/ImageObject\">\n\t\t\t\t<img decoding=\"async\" src=\"https:\/\/gospelforeveryone.worldea.org\/wp-content\/uploads\/2025\/02\/wea_logo_english-for-dark-background-600.png\" alt=\"wea logo english for dark background 600\" height=\"203\" width=\"600\" title=\"wea logo englisch f\u00fcr dunklen Hintergrund 600\" onerror=\"this.style.display='none'\" loading=\"lazy\" \/>\n\t<\/figure>\n<figure itemscope itemtype=\"https:\/\/schema.org\/ImageObject\">\n\t\t\t\t<img decoding=\"async\" src=\"https:\/\/gospelforeveryone.worldea.org\/wp-content\/uploads\/2025\/12\/ga-logo-220925-white-900.png\" alt=\"ga logo 220925 white 900\" height=\"290\" width=\"900\" title=\"GA-Logo 220925 wei\u00df 900\" onerror=\"this.style.display='none'\" loading=\"lazy\" \/>\n\t<\/figure>\n<h1>\n\t\t\tGeneralversammlung 2025\t<\/h1>\n<h3>\n\t\t\tWenn\t<\/h3>\n<h3>\n\t\t\t27. bis 31. Oktober 2025\t<\/h3>\n<h3>\n\t\t\tWo\t<\/h3>\n<h3>\n\t\t\tSeoul, S\u00fcdkorea\t<\/h3>\n<figure itemscope itemtype=\"https:\/\/schema.org\/ImageObject\">\n\t\t\t\t<img decoding=\"async\" src=\"https:\/\/gospelforeveryone.worldea.org\/wp-content\/uploads\/2025\/04\/wea-ga-logo-v2-600-txt-col.png\" alt=\"wea ga logo v2 600 txt col\" height=\"532\" width=\"600\" title=\"wea ga Logo v2 600 txt col\" onerror=\"this.style.display='none'\" loading=\"lazy\" \/>\n\t<\/figure>\n\t<p>Dieses bedeutsame Ereignis brachte evangelikale F\u00fchrer, Vertreter nationaler B\u00fcndnisse und Partner aus aller Welt zusammen, um sich unter dem Motto zu vereinen: \u201c<strong>Das Evangelium f\u00fcr alle bis 2033<\/strong>\u201c<\/p>\n\t<a href=\"https:\/\/gospelforeveryone.worldea.org\/de\/seoul-declaration\/\" target=\"_self\" role=\"button\" aria-label=\"LESEN SIE DIE SEOUL-ERKL\u00c4RUNG\">\n\t\t\t\t\t\tLESEN SIE DIE SEOUL-ERKL\u00c4RUNG\n\t\t\t\t\t<\/a>\n<h6>\n\t\t\tEpheser 2:13-18 (NIV)\t<\/h6>\n<h3>\n\t\t\tEin Blick zur\u00fcck\t<\/h3>\n\tGenie\u00dfen Sie die H\u00f6hepunkte unserer Generalversammlung.<br \/>\nSehen Sie sich das untenstehende Video an.\n\t<iframe allowfullscreen allow=\"autoplay\" data-src=\"https:\/\/www.youtube.com\/embed\/GFXSNe20wqE?feature=oembed&amp;start&amp;end&amp;wmode=opaque&amp;loop=0&amp;controls=1&amp;mute=0&amp;rel=0&amp;modestbranding=0\"><\/iframe>\t\t\n\t\t\t\t\tVideo abspielen\n<h4>\n\t\t\tBleiben Sie mit uns in Kontakt\t<\/h4>\n\t<form action=\"https:\/\/gospelforeveryone.worldea.org\/de\/wp-json\/ws-form\/v1\/submit\" class=\"wsf-form wsf-form-canvas\" id=\"ws-form-1\" data-id=\"1\" method=\"POST\" data-instance-id=\"1\" data-wsf-style-id=\"1\" data-trp-original-action=\"https:\/\/gospelforeveryone.worldea.org\/de\/wp-json\/ws-form\/v1\/submit\"><input type=\"hidden\" name=\"trp-form-language\" value=\"de\"\/><\/form>","protected":false},"excerpt":{"rendered":"<p>Generalversammlung 2025 Wann: 27.\u201331. Oktober 2025 Wo: Seoul, S\u00fcdkorea Dieses bedeutende Ereignis brachte evangelikale Leiter, Vertreter nationaler B\u00fcndnisse und Partner aus aller Welt zusammen, um sich unter dem Motto \u201cDas Evangelium f\u00fcr alle bis 2033\u201c zu vereinen. LESEN SIE DIE SEOUL-ERKL\u00c4RUNG Epheser 2,13\u201318 (NIV) R\u00fcckblick Genie\u00dfen Sie die H\u00f6hepunkte unserer Generalversammlung. Ansehen \u2026 <a title=\"Startseite\" class=\"read-more\" href=\"https:\/\/gospelforeveryone.worldea.org\/de\/\" aria-label=\"Mehr Informationen \u00fcber Home\">Weiterlesen \u2026<\/a><\/p>","protected":false},"author":1,"featured_media":0,"parent":0,"menu_order":0,"comment_status":"closed","ping_status":"closed","template":"","meta":{"_acf_changed":false,"_seopress_robots_primary_cat":"","_seopress_titles_title":"WEA General Assembly 2025 | 27-31 October | Seoul, South Korea","_seopress_titles_desc":"The World Evangelical Alliance (WEA) is delighted to announce the 2025 General Assembly, taking place in Seoul, South Korea from October 27 to 31, 2025.","_seopress_robots_index":"","footnotes":""},"class_list":["post-80","page","type-page","status-publish"],"acf":[],"_links":{"self":[{"href":"https:\/\/gospelforeveryone.worldea.org\/de\/wp-json\/wp\/v2\/pages\/80","targetHints":{"allow":["GET"]}}],"collection":[{"href":"https:\/\/gospelforeveryone.worldea.org\/de\/wp-json\/wp\/v2\/pages"}],"about":[{"href":"https:\/\/gospelforeveryone.worldea.org\/de\/wp-json\/wp\/v2\/types\/page"}],"author":[{"embeddable":true,"href":"https:\/\/gospelforeveryone.worldea.org\/de\/wp-json\/wp\/v2\/users\/1"}],"replies":[{"embeddable":true,"href":"https:\/\/gospelforeveryone.worldea.org\/de\/wp-json\/wp\/v2\/comments?post=80"}],"version-history":[{"count":11,"href":"https:\/\/gospelforeveryone.worldea.org\/de\/wp-json\/wp\/v2\/pages\/80\/revisions"}],"predecessor-version":[{"id":1651,"href":"https:\/\/gospelforeveryone.worldea.org\/de\/wp-json\/wp\/v2\/pages\/80\/revisions\/1651"}],"wp:attachment":[{"href":"https:\/\/gospelforeveryone.worldea.org\/de\/wp-json\/wp\/v2\/media?parent=80"}],"curies":[{"name":"wp","href":"https:\/\/api.w.org\/{rel}","templated":true}]}}