{"id":809,"date":"2025-04-29T12:19:09","date_gmt":"2025-04-29T12:19:09","guid":{"rendered":"https:\/\/gospelforeveryone.worldea.org\/?page_id=809"},"modified":"2025-09-01T16:58:35","modified_gmt":"2025-09-01T16:58:35","slug":"apply","status":"publish","type":"page","link":"https:\/\/gospelforeveryone.worldea.org\/de\/scholarships\/apply\/","title":{"rendered":"Stipendien \u2013 Bewerben"},"content":{"rendered":"<h2>\n\t\t\tDie Bewerbungsfrist f\u00fcr Stipendien ist abgelaufen\t<\/h2>\n\t<p>Vielen Dank f\u00fcr Ihr Interesse an der Teilnahme an der WEA-Generalversammlung im Oktober 2025 in Seoul, S\u00fcdkorea. Wir erhalten zahlreiche Anfragen nach finanzieller Unterst\u00fctzung, und obwohl uns das gro\u00dfe Engagement der gesamten WEA-Gemeinschaft sehr ermutigt, bedeutet dies auch, dass die verf\u00fcgbaren Mittel begrenzt sind.<\/p>\n<p><strong>bitte beachten Sie<\/strong> dass Stipendien nur f\u00fcr Vertreter der Allianz verf\u00fcgbar sind, die nicht in der Lage sind, sich vollst\u00e4ndig selbst zu finanzieren.<\/p>\n<p>Im Rahmen unserer Bem\u00fchungen, m\u00f6glichst viele Teilnehmer zu unterst\u00fctzen, werden Stipendien auf Grundlage der St\u00e4rke der einzelnen Bewerbungen und gem\u00e4\u00df festgelegter Bewertungskriterien (wie WEA-Engagement, Empfehlung, Wirkungspotenzial und finanzieller Bedarf) vergeben.<\/p>\n<p>Um mehr Delegierten die Teilnahme zu erm\u00f6glichen, decken wir in der Regel die Flugkosten ab und\u00a0<strong>Wir bitten die Teilnehmer, die Kosten ihrer Anmeldegeb\u00fchr zu \u00fcbernehmen<\/strong>.<\/p>\n<p>Bitte beachten Sie Folgendes:<\/p>\n<ul>\n<li>Wenn Ihr Stipendienantrag erfolgreich ist, besorgen wir f\u00fcr Sie das kosteng\u00fcnstigste Flugticket und kaufen es in Ihrem Namen.<\/li>\n<li>Die Kosten der Registrierungsgeb\u00fchr reichen von $100 bis $700 und sind auf der <a href=\"https:\/\/gospelforeveryone.worldea.org\/de\/payment\/\">Zahlungsseite<\/a>Die Anmeldung ist stark subventioniert und deckt die Veranstaltungskosten inklusive Unterkunft und s\u00e4mtlicher Verpflegung ab.\n<ul>\n<li><strong>Wenn Sie unter 45 sind<\/strong>\u00a0dann sind die Kosten auf $100 begrenzt.<\/li>\n<li><strong>Wenn Sie Mitglied sind<\/strong>\u00a0dann haben Sie Anspruch auf einen Mitgliederrabatt, der von der Art der Mitgliedschaft abh\u00e4ngt.<\/li>\n<\/ul>\n<\/li>\n<\/ul>\n<p>Wir sind davon \u00fcberzeugt, dass dieser gemeinsame Ansatz dazu beitragen wird, dass unser Stipendienbudget die gr\u00f6\u00dftm\u00f6gliche Zahl an Bewerbern erreicht und so unser Ziel einer breiten und vielf\u00e4ltigen Vertretung in der Versammlung unterst\u00fctzt wird.<\/p>\n<p>Wir danken Ihnen f\u00fcr Ihr Verst\u00e4ndnis und Ihre Unterst\u00fctzung bei der sinnvollen Verwendung dieser Ressourcen. Wenn Sie die M\u00f6glichkeit haben, \u00fcber Ihre Organisation, Ihre Gemeinde oder Ihre pers\u00f6nlichen Netzwerke zus\u00e4tzliche Unterst\u00fctzung zu erhalten, m\u00f6chten wir Sie dazu ermutigen.<\/p>\n<p>Danke sch\u00f6n.<\/p>","protected":false},"excerpt":{"rendered":"<p>Die Bewerbungsfrist f\u00fcr Stipendien ist abgelaufen. Vielen Dank f\u00fcr Ihr Interesse an der Teilnahme an der WEA-Generalversammlung im Oktober 2025 in Seoul, S\u00fcdkorea. Wir erhalten zahlreiche Anfragen nach finanzieller Unterst\u00fctzung, und obwohl uns das gro\u00dfe Engagement der WEA-Community sehr ermutigt, bedeutet dies auch, dass die verf\u00fcgbaren Mittel begrenzt sind. \u2026 <a title=\"Stipendien \u2013 Bewerben\" class=\"read-more\" href=\"https:\/\/gospelforeveryone.worldea.org\/de\/scholarships\/apply\/\" aria-label=\"Weitere Informationen zu Stipendien \u2013 Bewerben\">Weiterlesen \u2026<\/a><\/p>","protected":false},"author":1,"featured_media":0,"parent":805,"menu_order":0,"comment_status":"closed","ping_status":"closed","template":"","meta":{"_acf_changed":false,"_seopress_robots_primary_cat":"","_seopress_titles_title":"","_seopress_titles_desc":"","_seopress_robots_index":"","footnotes":""},"class_list":["post-809","page","type-page","status-publish"],"acf":[],"_links":{"self":[{"href":"https:\/\/gospelforeveryone.worldea.org\/de\/wp-json\/wp\/v2\/pages\/809","targetHints":{"allow":["GET"]}}],"collection":[{"href":"https:\/\/gospelforeveryone.worldea.org\/de\/wp-json\/wp\/v2\/pages"}],"about":[{"href":"https:\/\/gospelforeveryone.worldea.org\/de\/wp-json\/wp\/v2\/types\/page"}],"author":[{"embeddable":true,"href":"https:\/\/gospelforeveryone.worldea.org\/de\/wp-json\/wp\/v2\/users\/1"}],"replies":[{"embeddable":true,"href":"https:\/\/gospelforeveryone.worldea.org\/de\/wp-json\/wp\/v2\/comments?post=809"}],"version-history":[{"count":9,"href":"https:\/\/gospelforeveryone.worldea.org\/de\/wp-json\/wp\/v2\/pages\/809\/revisions"}],"predecessor-version":[{"id":1020,"href":"https:\/\/gospelforeveryone.worldea.org\/de\/wp-json\/wp\/v2\/pages\/809\/revisions\/1020"}],"up":[{"embeddable":true,"href":"https:\/\/gospelforeveryone.worldea.org\/de\/wp-json\/wp\/v2\/pages\/805"}],"wp:attachment":[{"href":"https:\/\/gospelforeveryone.worldea.org\/de\/wp-json\/wp\/v2\/media?parent=809"}],"curies":[{"name":"wp","href":"https:\/\/api.w.org\/{rel}","templated":true}]}}