{"id":946,"date":"2025-08-14T22:15:00","date_gmt":"2025-08-14T22:15:00","guid":{"rendered":"https:\/\/gospelforeveryone.worldea.org\/?page_id=946"},"modified":"2025-09-15T14:05:16","modified_gmt":"2025-09-15T14:05:16","slug":"booth-spaces","status":"publish","type":"page","link":"https:\/\/gospelforeveryone.worldea.org\/de\/booth-spaces\/","title":{"rendered":"Standfl\u00e4chen"},"content":{"rendered":"<h2  data-animation-delay=\"0\" data-animation-duration=\"2\">\n\t\t\tPr\u00e4sentieren Sie Ihr Ministerium auf der WEA-Generalversammlung 2025\t<\/h2>\n<h3  data-animation-delay=\"0\" data-animation-duration=\"2\">\n\t\t\tUnterst\u00fctzen Sie uns bei der F\u00f6rderung von \u201eDas Evangelium f\u00fcr alle bis 2033\u201c\t<\/h3>\n\t<p>Die Generalversammlung der Weltweiten Evangelischen Allianz 2025 ist ein bedeutendes Treffen von \u00fcber 6.000 evangelikalen F\u00fchrungspers\u00f6nlichkeiten und Vertretern aus \u00fcber 100 L\u00e4ndern. Da wir uns dem 2.000. Jahrestag von Christi Tod, Auferstehung, Himmelfahrt und Pfingsten n\u00e4hern, ist dies ein einzigartiger Moment, um im Gebet und in der Mission vereint zu sein und jeden Menschen und jede Nation zu erreichen.<\/p>\n<h3  data-animation-delay=\"0\" data-animation-duration=\"3\">\n\t\t\tWir laden am K\u00f6nigreich orientierte Ministerien und Organisationen ein, sich mit einem Stand an diesem historischen Ereignis zu beteiligen.\t<\/h3>\n\t<p>Pr\u00e4sentieren Sie Ihre Mission, Ihre Missionen, Ressourcen und Dienstleistungen direkt einem internationalen Publikum aus wichtigen Meinungsf\u00fchrern und Entscheidungstr\u00e4gern. Dies ist Ihre Chance, wertvolle Kontakte zu globalen evangelikalen F\u00fchrungspers\u00f6nlichkeiten aufzubauen und Ihren Einfluss weltweit auszuweiten.<\/p>\n<p><strong>Was ist enthalten:<\/strong><\/p>\n<ul>\n<li>Ein erstklassiger Standplatz in einem stark frequentierten Bereich<\/li>\n<li>Gestalten Sie Ihr Display nach Ihren W\u00fcnschen (bringen Sie Ihre eigenen Materialien und Ihr eigenes Design mit)<\/li>\n<li>Zugang zu einer vielf\u00e4ltigen Gemeinschaft globaler evangelikaler Leiter und Partner<\/li>\n<\/ul>\n<h3>\n\t\t\tStandoptionen und Preise\t<\/h3>\n\t<div id=\"footable_parent_951\"\n         class=\"footable_parent ninja_table_wrapper loading_ninja_table wp_table_data_press_parent semantic_ui\">\n                <table data-ninja_table_instance=\"ninja_table_instance_0\" data-footable_id=\"951\" data-filter-delay=\"1000\" aria-label=\"Standtypen\"            id=\"footable_951\"\n           data-unique_identifier=\"ninja_table_unique_id_3518011406_951\"\n           class=\"foo-table ninja_footable foo_table_951 ninja_table_unique_id_3518011406_951 ui table  ninja_search_right nt_type_legacy_table selectable striped vertical_centered  footable-paging-right ninja_table_search_disabled ninja_table_pro\">\n                <colgroup>\n                            <col class=\"ninja_column_0\">\n                            <col class=\"ninja_column_1\">\n                            <col class=\"ninja_column_2\">\n                            <col class=\"ninja_column_3\">\n                    <\/colgroup>\n        <thead>\n<tr class=\"footable-header\">\n                                                                        <th scope=\"col\"  class=\"ninja_column_0 ninja_clmn_nm_booth_type\">Standtyp<\/th><th scope=\"col\"  class=\"ninja_column_1 ninja_clmn_nm_description\">Beschreibung<\/th><th scope=\"col\"  class=\"ninja_column_2 ninja_clmn_nm_size\">Gr\u00f6\u00dfe<\/th><th scope=\"col\"  class=\"ninja_column_3 ninja_clmn_nm_cost_usd\">Kosten (USD)<\/th><\/tr>\n<\/thead>\n<tbody>\n\n        <tr data-row_id=\"6\" class=\"ninja_table_row_0 nt_row_id_6\">\n            <td>Standard<\/td><td>Eine offene Seite<\/td><td>3x3 Meter<\/td><td>$4.400 (2 x Stipendien)<\/td>        <\/tr>\n            <tr data-row_id=\"7\" class=\"ninja_table_row_1 nt_row_id_7\">\n            <td>Halbinsel<\/td><td>Drei offene Seiten (Ecke)<\/td><td>4x3 Meter<\/td><td>$6.600 (3 x Stipendien)<\/td>        <\/tr>\n            <tr data-row_id=\"8\" class=\"ninja_table_row_2 nt_row_id_8\">\n            <td>Insel<\/td><td>Inselstand (alle Seiten offen)<\/td><td>4x4 Meter<\/td><td>$8.800 (4 x Stipendien)<\/td>        <\/tr>\n    <\/tbody><!--ninja_tobody_rendering_done-->\n    <\/table>\n    \n    \n    \n<\/div>\n\n<h3>\n\t\t\tVisualisieren Sie Ihre Pr\u00e4senz\t<\/h3>\n\t\t\t\t\t\t\t\t\t\t\t\t\t\t\t\t\t<a href=\"https:\/\/gospelforeveryone.worldea.org\/wp-content\/uploads\/2025\/08\/img_4293.jpg\" target=\"_self\" data-caption=\"img 4293\" aria-label=\"Bild 4293\">\n\t\t\t\t\t\t<figure>\n\t\t\t\t\t\t\t<img loading=\"lazy\" decoding=\"async\" src=\"https:\/\/gospelforeveryone.worldea.org\/wp-content\/uploads\/2025\/08\/img_4293.jpg\" alt=\"img 4293\" srcset=\"https:\/\/gospelforeveryone.worldea.org\/wp-content\/uploads\/2025\/08\/img_4293.jpg 1200w, https:\/\/gospelforeveryone.worldea.org\/wp-content\/uploads\/2025\/08\/img_4293-300x225.jpg 300w, https:\/\/gospelforeveryone.worldea.org\/wp-content\/uploads\/2025\/08\/img_4293-1024x768.jpg 1024w, https:\/\/gospelforeveryone.worldea.org\/wp-content\/uploads\/2025\/08\/img_4293-768x576.jpg 768w, https:\/\/gospelforeveryone.worldea.org\/wp-content\/uploads\/2025\/08\/img_4293-16x12.jpg 16w\" width=\"1200\" height=\"900\" \/>\n\t\t\t\t\t\t\t\t\t\t\t\t\t<\/figure>\n\t\t\t\t\t\t\t\t\t\t<\/a>\n\t\t\t\t\t\t\t\t\t\t\t\t\t\t\t\t\t<a href=\"https:\/\/gospelforeveryone.worldea.org\/wp-content\/uploads\/2025\/08\/img_4294.jpg\" target=\"_self\" data-caption=\"img 4294\" aria-label=\"Bild 4294\">\n\t\t\t\t\t\t<figure>\n\t\t\t\t\t\t\t<img loading=\"lazy\" decoding=\"async\" src=\"https:\/\/gospelforeveryone.worldea.org\/wp-content\/uploads\/2025\/08\/img_4294.jpg\" alt=\"img 4294\" srcset=\"https:\/\/gospelforeveryone.worldea.org\/wp-content\/uploads\/2025\/08\/img_4294.jpg 1200w, https:\/\/gospelforeveryone.worldea.org\/wp-content\/uploads\/2025\/08\/img_4294-300x225.jpg 300w, https:\/\/gospelforeveryone.worldea.org\/wp-content\/uploads\/2025\/08\/img_4294-1024x768.jpg 1024w, https:\/\/gospelforeveryone.worldea.org\/wp-content\/uploads\/2025\/08\/img_4294-768x576.jpg 768w, https:\/\/gospelforeveryone.worldea.org\/wp-content\/uploads\/2025\/08\/img_4294-16x12.jpg 16w\" width=\"1200\" height=\"900\" \/>\n\t\t\t\t\t\t\t\t\t\t\t\t\t<\/figure>\n\t\t\t\t\t\t\t\t\t\t<\/a>\n\t\t\t\t\t\t\t\t\t\t\t\t\t\t\t\t\t<a href=\"https:\/\/gospelforeveryone.worldea.org\/wp-content\/uploads\/2025\/08\/img_4272.jpg\" target=\"_self\" data-caption=\"img 4272\" aria-label=\"Bild 4272\">\n\t\t\t\t\t\t<figure>\n\t\t\t\t\t\t\t<img loading=\"lazy\" decoding=\"async\" src=\"https:\/\/gospelforeveryone.worldea.org\/wp-content\/uploads\/2025\/08\/img_4272.jpg\" alt=\"img 4272\" srcset=\"https:\/\/gospelforeveryone.worldea.org\/wp-content\/uploads\/2025\/08\/img_4272.jpg 1200w, https:\/\/gospelforeveryone.worldea.org\/wp-content\/uploads\/2025\/08\/img_4272-300x225.jpg 300w, https:\/\/gospelforeveryone.worldea.org\/wp-content\/uploads\/2025\/08\/img_4272-1024x768.jpg 1024w, https:\/\/gospelforeveryone.worldea.org\/wp-content\/uploads\/2025\/08\/img_4272-768x576.jpg 768w, https:\/\/gospelforeveryone.worldea.org\/wp-content\/uploads\/2025\/08\/img_4272-16x12.jpg 16w\" width=\"1200\" height=\"900\" \/>\n\t\t\t\t\t\t\t\t\t\t\t\t\t<\/figure>\n\t\t\t\t\t\t\t\t\t\t<\/a>\n\t\t\t\t\t\t\t\t\t\t\t\t\t\t\t\t\t<a href=\"https:\/\/gospelforeveryone.worldea.org\/wp-content\/uploads\/2025\/08\/img_4270.jpg\" target=\"_self\" data-caption=\"img 4270\" aria-label=\"Bild 4270\">\n\t\t\t\t\t\t<figure>\n\t\t\t\t\t\t\t<img loading=\"lazy\" decoding=\"async\" src=\"https:\/\/gospelforeveryone.worldea.org\/wp-content\/uploads\/2025\/08\/img_4270.jpg\" alt=\"img 4270\" srcset=\"https:\/\/gospelforeveryone.worldea.org\/wp-content\/uploads\/2025\/08\/img_4270.jpg 1200w, https:\/\/gospelforeveryone.worldea.org\/wp-content\/uploads\/2025\/08\/img_4270-300x225.jpg 300w, https:\/\/gospelforeveryone.worldea.org\/wp-content\/uploads\/2025\/08\/img_4270-1024x768.jpg 1024w, https:\/\/gospelforeveryone.worldea.org\/wp-content\/uploads\/2025\/08\/img_4270-768x576.jpg 768w, https:\/\/gospelforeveryone.worldea.org\/wp-content\/uploads\/2025\/08\/img_4270-16x12.jpg 16w\" width=\"1200\" height=\"900\" \/>\n\t\t\t\t\t\t\t\t\t\t\t\t\t<\/figure>\n\t\t\t\t\t\t\t\t\t\t<\/a>\n\t\t\t\t\t\t\t\t\t\t\t\t\t\t\t\t\t<a href=\"https:\/\/gospelforeveryone.worldea.org\/wp-content\/uploads\/2025\/08\/img_4292.jpg\" target=\"_self\" data-caption=\"img 4292\" aria-label=\"Bild 4292\">\n\t\t\t\t\t\t<figure>\n\t\t\t\t\t\t\t<img loading=\"lazy\" decoding=\"async\" src=\"https:\/\/gospelforeveryone.worldea.org\/wp-content\/uploads\/2025\/08\/img_4292.jpg\" alt=\"img 4292\" srcset=\"https:\/\/gospelforeveryone.worldea.org\/wp-content\/uploads\/2025\/08\/img_4292.jpg 1200w, https:\/\/gospelforeveryone.worldea.org\/wp-content\/uploads\/2025\/08\/img_4292-300x225.jpg 300w, https:\/\/gospelforeveryone.worldea.org\/wp-content\/uploads\/2025\/08\/img_4292-1024x768.jpg 1024w, https:\/\/gospelforeveryone.worldea.org\/wp-content\/uploads\/2025\/08\/img_4292-768x576.jpg 768w, https:\/\/gospelforeveryone.worldea.org\/wp-content\/uploads\/2025\/08\/img_4292-16x12.jpg 16w\" width=\"1200\" height=\"900\" \/>\n\t\t\t\t\t\t\t\t\t\t\t\t\t<\/figure>\n\t\t\t\t\t\t\t\t\t\t<\/a>\n\t\t\t\t\t\t\t\t<!-- navigation arrows -->\n\t\t\t<button aria-label=\"Vorherige Folie\" role=\"button\" tabindex=\"0\">\n\t\t\t\t\t\t\t<\/button>\n\t\t\t<button aria-label=\"N\u00e4chste Folie\" role=\"button\" tabindex=\"0\">\n\t\t\t\t\t\t\t<\/button>\n<h3>\n\t\t\tGemeinsam die globale F\u00fchrung unterst\u00fctzen\t<\/h3>\n\t<p>Ihre Teilnahme tr\u00e4gt auch dazu bei, die globale Pr\u00e4senz zu erweitern. 100% des Erl\u00f6ses aus dem Standverkauf flie\u00dfen in Stipendien f\u00fcr verdiente F\u00fchrungskr\u00e4fte aus der Mehrheitswelt und erm\u00f6glichen ihnen so die Teilnahme an dieser weltweiten Gemeinschaft. Ein Vollstipendium kostet $2.200 und tr\u00e4gt dazu bei, F\u00fchrungskr\u00e4fte zu f\u00f6rdern, die das Evangelium in ihren Gemeinden weitertragen.<\/p>\n<p>Mehr erfahren oder spenden: <a href=\"https:\/\/gospelforeveryone.worldea.org\/de\/scholarships\/donate\/\">https:\/\/gospelforeveryone.worldea.org\/scholarships\/donate\/<\/a><\/p>\n<p><strong>Bitte beachten Sie:<\/strong><\/p>\n<ul>\n<li>Die Standfl\u00e4che umfasst nur die Fl\u00e4che. Aussteller m\u00fcssen ihre eigenen Displays und Materialien mitbringen.<\/li>\n<li>Ben\u00f6tigen Sie mehr Platz? Auf Anfrage ist m\u00f6glicherweise zus\u00e4tzlicher Standplatz verf\u00fcgbar.<\/li>\n<li>Buchungsschluss ist der 15. Oktober 2025.<\/li>\n<\/ul>\n<h3  data-animation-delay=\"0\" data-animation-duration=\"2\">\n\t\t\tReservieren Sie noch heute Ihren Stand\t<\/h3>\n\t<p><strong>Oder kontaktieren Sie uns: <\/strong><a href=\"mailto:generalassembly@worldea.org\">generalassembly@worldea.org<\/a><\/p>\n<h3>\n\t\t\tStandreservierung\t<\/h3>\n\t<form action=\"https:\/\/gospelforeveryone.worldea.org\/de\/wp-json\/ws-form\/v1\/submit\" class=\"wsf-form wsf-form-canvas\" id=\"ws-form-1\" data-id=\"24\" method=\"POST\" data-instance-id=\"1\" data-wsf-style-id=\"1\" data-trp-original-action=\"https:\/\/gospelforeveryone.worldea.org\/de\/wp-json\/ws-form\/v1\/submit\"><input type=\"hidden\" name=\"trp-form-language\" value=\"de\"\/><\/form>","protected":false},"excerpt":{"rendered":"<p>Pr\u00e4sentieren Sie Ihren Dienst auf der WEA-Generalversammlung 2025. Unterst\u00fctzen Sie uns bei der F\u00f6rderung des \u201eEvangeliums f\u00fcr alle bis 2033\u201c. Die Generalversammlung 2025 der Weltweiten Evangelischen Allianz ist ein bedeutendes Treffen von \u00fcber 6.000 evangelikalen F\u00fchrungspers\u00f6nlichkeiten und Vertretern aus \u00fcber 100 L\u00e4ndern. Da wir uns dem 2.000. Jahrestag von Christi Tod, Auferstehung, Himmelfahrt und Pfingsten n\u00e4hern, \u2026 <a title=\"Standfl\u00e4chen\" class=\"read-more\" href=\"https:\/\/gospelforeveryone.worldea.org\/de\/booth-spaces\/\" aria-label=\"Weitere Informationen zu Standfl\u00e4chen\">Weiterlesen \u2026<\/a><\/p>","protected":false},"author":1,"featured_media":0,"parent":0,"menu_order":0,"comment_status":"closed","ping_status":"closed","template":"","meta":{"_acf_changed":false,"_seopress_robots_primary_cat":"","_seopress_titles_title":"","_seopress_titles_desc":"","_seopress_robots_index":"","footnotes":""},"class_list":["post-946","page","type-page","status-publish"],"acf":[],"_links":{"self":[{"href":"https:\/\/gospelforeveryone.worldea.org\/de\/wp-json\/wp\/v2\/pages\/946","targetHints":{"allow":["GET"]}}],"collection":[{"href":"https:\/\/gospelforeveryone.worldea.org\/de\/wp-json\/wp\/v2\/pages"}],"about":[{"href":"https:\/\/gospelforeveryone.worldea.org\/de\/wp-json\/wp\/v2\/types\/page"}],"author":[{"embeddable":true,"href":"https:\/\/gospelforeveryone.worldea.org\/de\/wp-json\/wp\/v2\/users\/1"}],"replies":[{"embeddable":true,"href":"https:\/\/gospelforeveryone.worldea.org\/de\/wp-json\/wp\/v2\/comments?post=946"}],"version-history":[{"count":11,"href":"https:\/\/gospelforeveryone.worldea.org\/de\/wp-json\/wp\/v2\/pages\/946\/revisions"}],"predecessor-version":[{"id":1040,"href":"https:\/\/gospelforeveryone.worldea.org\/de\/wp-json\/wp\/v2\/pages\/946\/revisions\/1040"}],"wp:attachment":[{"href":"https:\/\/gospelforeveryone.worldea.org\/de\/wp-json\/wp\/v2\/media?parent=946"}],"curies":[{"name":"wp","href":"https:\/\/api.w.org\/{rel}","templated":true}]}}