{"id":987,"date":"2025-08-29T11:49:59","date_gmt":"2025-08-29T11:49:59","guid":{"rendered":"https:\/\/gospelforeveryone.worldea.org\/?page_id=987"},"modified":"2025-08-29T13:14:36","modified_gmt":"2025-08-29T13:14:36","slug":"waiting-list","status":"publish","type":"page","link":"https:\/\/gospelforeveryone.worldea.org\/de\/waiting-list\/","title":{"rendered":"Warteliste"},"content":{"rendered":"<p>Wir freuen uns sehr \u00fcber das gro\u00dfe Interesse an unserer Generalversammlung. Leider sind derzeit alle unsere R\u00e4ume belegt und <strong>Die Registrierung ist jetzt geschlossen<\/strong> w\u00e4hrend wir weitere Analysen durchf\u00fchren.<\/p>\n<p>Wenn Sie Ihr Registrierungsformular bereits ausgef\u00fcllt haben, stellen Sie bitte sicher, dass Sie die Zahlung geleistet haben <a href=\"https:\/\/gospelforeveryone.worldea.org\/de\/payment\/\">Hier<\/a>. <strong>Nur Anmeldungen mit abgeschlossener Zahlung werden best\u00e4tigt<\/strong>.<\/p>\n<p>Sollten wir weitere Pl\u00e4tze sichern k\u00f6nnen, werden die Anmeldungen wieder ge\u00f6ffnet. <strong>Bitte beachten Sie, dass weitere Pl\u00e4tze nur zum vollen Registrierungspreis von US$700 verf\u00fcgbar werden.<\/strong>Wenn Sie benachrichtigt werden m\u00f6chten, wenn weitere Anmeldungen verf\u00fcgbar werden, f\u00fcgen Sie bitte Ihren Namen und Ihre Adresse in das untenstehende Formular ein.<\/p>\n\t<form action=\"https:\/\/gospelforeveryone.worldea.org\/de\/wp-json\/ws-form\/v1\/submit\" class=\"wsf-form wsf-form-canvas\" id=\"ws-form-1\" data-id=\"27\" method=\"POST\" data-instance-id=\"1\" data-wsf-style-id=\"1\" data-trp-original-action=\"https:\/\/gospelforeveryone.worldea.org\/de\/wp-json\/ws-form\/v1\/submit\"><input type=\"hidden\" name=\"trp-form-language\" value=\"de\"\/><\/form>","protected":false},"excerpt":{"rendered":"<p>We are overjoyed with the interest of our General Assembly. Regrettably, all our rooms are currently filled and registration is now closed whilst we make further analysis. If you have already completed your registration form then please ensure that you have made payment here. Only registrations with completed payments are confirmed. If we are able &#8230; <a title=\"Warteliste\" class=\"read-more\" href=\"https:\/\/gospelforeveryone.worldea.org\/de\/waiting-list\/\" aria-label=\"Mehr Informationen \u00fcber Waiting List\">Weiterlesen \u2026<\/a><\/p>","protected":false},"author":1,"featured_media":0,"parent":0,"menu_order":0,"comment_status":"closed","ping_status":"closed","template":"","meta":{"_acf_changed":false,"_seopress_robots_primary_cat":"","_seopress_titles_title":"","_seopress_titles_desc":"","_seopress_robots_index":"","footnotes":""},"class_list":["post-987","page","type-page","status-publish"],"acf":[],"_links":{"self":[{"href":"https:\/\/gospelforeveryone.worldea.org\/de\/wp-json\/wp\/v2\/pages\/987","targetHints":{"allow":["GET"]}}],"collection":[{"href":"https:\/\/gospelforeveryone.worldea.org\/de\/wp-json\/wp\/v2\/pages"}],"about":[{"href":"https:\/\/gospelforeveryone.worldea.org\/de\/wp-json\/wp\/v2\/types\/page"}],"author":[{"embeddable":true,"href":"https:\/\/gospelforeveryone.worldea.org\/de\/wp-json\/wp\/v2\/users\/1"}],"replies":[{"embeddable":true,"href":"https:\/\/gospelforeveryone.worldea.org\/de\/wp-json\/wp\/v2\/comments?post=987"}],"version-history":[{"count":6,"href":"https:\/\/gospelforeveryone.worldea.org\/de\/wp-json\/wp\/v2\/pages\/987\/revisions"}],"predecessor-version":[{"id":1007,"href":"https:\/\/gospelforeveryone.worldea.org\/de\/wp-json\/wp\/v2\/pages\/987\/revisions\/1007"}],"wp:attachment":[{"href":"https:\/\/gospelforeveryone.worldea.org\/de\/wp-json\/wp\/v2\/media?parent=987"}],"curies":[{"name":"wp","href":"https:\/\/api.w.org\/{rel}","templated":true}]}}