{"id":1117,"date":"2025-09-30T00:39:59","date_gmt":"2025-09-30T00:39:59","guid":{"rendered":"https:\/\/gospelforeveryone.worldea.org\/?page_id=1117"},"modified":"2025-10-05T17:37:57","modified_gmt":"2025-10-05T17:37:57","slug":"information","status":"publish","type":"page","link":"https:\/\/gospelforeveryone.worldea.org\/es\/information\/","title":{"rendered":"Informaci\u00f3n"},"content":{"rendered":"<p>\u00a1Le damos una c\u00e1lida bienvenida a la Asamblea General de la WEA Se\u00fal 2025! Nos complace enormemente su presencia en Corea y queremos asegurarnos de que su visita sea lo m\u00e1s fluida y agradable posible. Para facilitarle esta tarea, le invitamos a leer la informaci\u00f3n importante a continuaci\u00f3n.<\/p>\n<h5>Su n\u00famero de identificaci\u00f3n personal<\/h5>\n<p>Dado que esperamos participantes de todo el mundo, a veces es dif\u00edcil comunicarse con los nombres. Por eso, a cada persona se le asigna un n\u00famero de identificaci\u00f3n personal \u00fanico. Utilizaremos estos n\u00fameros para todas las comunicaciones oficiales durante la Asamblea, y los hoteles tambi\u00e9n los utilizar\u00e1n. Antes de viajar, por favor, revise su n\u00famero de identificaci\u00f3n asignado y el de su hotel; estar\u00e1n publicados en el tabl\u00f3n de anuncios de la Asamblea.<\/p>\n<h3>\n\t\t\tInformaci\u00f3n general\t<\/h3>\n\t<h5>A. Informaci\u00f3n de llegada y check-in<\/h5>\n<ol>\n<li>Si llega entre <strong>S\u00e1bado 25 de octubre<\/strong> y <strong>Domingo 26 de octubre de 2025<\/strong>, por favor pase por aqu\u00ed <strong>Puesto de informaci\u00f3n de WEA en el aeropuerto de Incheon<\/strong> Para registrarse. Encontrar\u00e1 m\u00e1s detalles sobre d\u00f3nde est\u00e1 exactamente esto en la siguiente secci\u00f3n.<\/li>\n<li>\u00bfLlegas fuera de estas fechas? \u00a1No te preocupes! Puedes registrarte en el hotel que te asignen o en la Iglesia de Sarang. <strong>7:45 am del lunes 27 de octubre<\/strong>Simplemente elige lo que funcione mejor para ti.<\/li>\n<\/ol>\n<h5>B. Hotel y alojamiento<\/h5>\n<ol>\n<li>Estamos cubriendo el alojamiento para <strong>seis noches y siete d\u00edas<\/strong> durante la Asamblea, del domingo 26 de octubre al s\u00e1bado 1 de noviembre de 2025. Pr\u00f3ximamente le informaremos sobre su hotel.<\/li>\n<li>\u00bfPlaneas llegar temprano o quedarte hasta tarde? Tendr\u00e1s que organizar esas noches extra por tu cuenta.<\/li>\n<li>Si llega despu\u00e9s del horario de check-in el 26 de octubre o necesita salir antes, av\u00edsenos con anticipaci\u00f3n.<\/li>\n<li>Consulte la informaci\u00f3n de transporte entre hoteles y la iglesia: el viaje en metro suele durar entre 10 y 30 minutos.<\/li>\n<\/ol>\n<h5>C. Comidas<\/h5>\n<ol>\n<li>Todas las comidas durante la Asamblea (del lunes 27 de octubre al s\u00e1bado 1 de noviembre por la ma\u00f1ana) est\u00e1n cubiertas por el Comit\u00e9 Organizador.<\/li>\n<li>Las comidas antes o despu\u00e9s de ese per\u00edodo son su responsabilidad.<\/li>\n<li>El desayuno se servir\u00e1 diariamente en su hotel.<\/li>\n<li>El almuerzo y la cena se servir\u00e1n en cajas de almuerzo en nuestros lugares designados.<\/li>\n<li>Si solicitaste comidas vegetarianas con antelaci\u00f3n, estar\u00e1n listas para ti.<\/li>\n<\/ol>\n<h5>D. Salida<\/h5>\n<ol>\n<li>Una vez finalizada la asamblea, tendr\u00e1s que organizar tu propio transporte.<\/li>\n<li>Si vuela desde el aeropuerto de Incheon, verifique nuevamente su terminal (1 o 2) y el lugar de entrega para no perder su vuelo.<\/li>\n<\/ol>\n<h3>\n\t\t\tIglesia de SaRang\t<\/h3>\n\t<p>La Iglesia SaRang est\u00e1 ubicada en 121, Banpo-daero, Seocho-gu, Se\u00fal.<\/p>\n<h5>\n\t\t\tMapa de ubicaci\u00f3n de la Iglesia de SaRang\t<\/h5>\n\t\t\t\t<a href=\"https:\/\/gospelforeveryone.worldea.org\/wp-content\/uploads\/2025\/10\/google_map_main_pc03.jpg\"  target=\"_self\" itemprop=\"url\">\n\t\t\t\t<img decoding=\"async\" src=\"https:\/\/gospelforeveryone.worldea.org\/wp-content\/uploads\/2025\/10\/google_map_main_pc03.jpg\" alt=\"google map main pc03\" itemprop=\"image\" height=\"739\" width=\"1208\" title=\"Mapa principal de Google pc03\" onerror=\"this.style.display='none'\" loading=\"lazy\" \/>\n\t\t\t\t<\/a>\n<h5>\n\t\t\tPlano de construcci\u00f3n de la iglesia de SaRang\t<\/h5>\n\t\t\t\t<a href=\"https:\/\/gospelforeveryone.worldea.org\/wp-content\/uploads\/2025\/10\/sarang-church-map-scaled.jpg\"  target=\"_self\" itemprop=\"url\">\n\t\t\t\t<img decoding=\"async\" src=\"https:\/\/gospelforeveryone.worldea.org\/wp-content\/uploads\/2025\/10\/sarang-church-map-scaled.jpg\" alt=\"sarang church map\" itemprop=\"image\" height=\"1810\" width=\"2560\" title=\"Mapa de la iglesia de Sarang\" onerror=\"this.style.display='none'\" loading=\"lazy\" \/>\n\t\t\t\t<\/a>\n<h3>\n\t\t\tDescargas de documentos adicionales\t<\/h3>\n\t<p>Tambi\u00e9n tenemos dos documentos m\u00e1s extensos para lectura complementaria. Tenga en cuenta que son archivos PDF grandes y su descarga podr\u00eda tardar un tiempo.<\/p>\n\t<a href=\"https:\/\/m.site.naver.com\/1Rr2H\" target=\"_blank\" role=\"button\" rel=\"noopener\" aria-label=\"El sue\u00f1o\">\n\t\t\t\t\t\tEl sue\u00f1o\n\t\t\t\t\t<\/a>\n\t<a href=\"https:\/\/m.site.naver.com\/1S1Tf\" target=\"_blank\" role=\"button\" rel=\"noopener\" aria-label=\"Infraestructura sagrada\">\n\t\t\t\t\t\tInfraestructura sagrada\n\t\t\t\t\t<\/a>\n        <p><strong>\u00bfPreguntas? \u00bfNecesitas ayuda?<\/strong>Puede <strong>correo electr\u00f3nico<\/strong> nosotros en:<ul><li><a href=\"mailto:generalassembly@worldea.org\">generalassembly@worldea.org<\/a> (<strong>WEA<\/strong>) <em>o <\/em><\/li><li><a href=\"mailto:weaseoulga@gmail.com\">weaseoulga@gmail.com<\/a> (<strong>Equipo coreano<\/strong>)<\/li><\/ul>O puedes <strong>mensaje<\/strong> nosotros (ya sea SMS o WhatsApp) en:<ul><li><a href=\"tel:+447506789420\">+44-7506-798420<\/a> (<strong>Jaime<\/strong>) <em>o <\/em><\/li><li><a href=\"tel:+821081901027\">+82-10-8190-1027<\/a> (<strong>Equipo coreano<\/strong>)<\/li><\/ul>Aceptamos mensajes en su idioma nativo.<\/p>","protected":false},"excerpt":{"rendered":"<p>\u00a1Le damos una c\u00e1lida bienvenida a la Asamblea General de la WEA Se\u00fal 2025! Nos complace enormemente su presencia en Corea y queremos asegurarnos de que su visita sea lo m\u00e1s fluida y agradable posible. Para facilitarle esta tarea, le rogamos que lea atentamente la informaci\u00f3n importante a continuaci\u00f3n. Su n\u00famero de identificaci\u00f3n personal. Dado que esperamos\u2026 <a title=\"Informaci\u00f3n\" class=\"read-more\" href=\"https:\/\/gospelforeveryone.worldea.org\/es\/information\/\" aria-label=\"Leer m\u00e1s sobre Informaci\u00f3n\">Leer m\u00e1s<\/a><\/p>","protected":false},"author":1,"featured_media":0,"parent":0,"menu_order":0,"comment_status":"closed","ping_status":"closed","template":"","meta":{"_acf_changed":false,"_seopress_robots_primary_cat":"","_seopress_titles_title":"","_seopress_titles_desc":"","_seopress_robots_index":"","footnotes":""},"class_list":["post-1117","page","type-page","status-publish"],"acf":[],"_links":{"self":[{"href":"https:\/\/gospelforeveryone.worldea.org\/es\/wp-json\/wp\/v2\/pages\/1117","targetHints":{"allow":["GET"]}}],"collection":[{"href":"https:\/\/gospelforeveryone.worldea.org\/es\/wp-json\/wp\/v2\/pages"}],"about":[{"href":"https:\/\/gospelforeveryone.worldea.org\/es\/wp-json\/wp\/v2\/types\/page"}],"author":[{"embeddable":true,"href":"https:\/\/gospelforeveryone.worldea.org\/es\/wp-json\/wp\/v2\/users\/1"}],"replies":[{"embeddable":true,"href":"https:\/\/gospelforeveryone.worldea.org\/es\/wp-json\/wp\/v2\/comments?post=1117"}],"version-history":[{"count":11,"href":"https:\/\/gospelforeveryone.worldea.org\/es\/wp-json\/wp\/v2\/pages\/1117\/revisions"}],"predecessor-version":[{"id":1172,"href":"https:\/\/gospelforeveryone.worldea.org\/es\/wp-json\/wp\/v2\/pages\/1117\/revisions\/1172"}],"wp:attachment":[{"href":"https:\/\/gospelforeveryone.worldea.org\/es\/wp-json\/wp\/v2\/media?parent=1117"}],"curies":[{"name":"gracias","href":"https:\/\/api.w.org\/{rel}","templated":true}]}}