{"id":1130,"date":"2025-10-03T15:03:50","date_gmt":"2025-10-03T15:03:50","guid":{"rendered":"https:\/\/gospelforeveryone.worldea.org\/?page_id=1130"},"modified":"2025-10-05T16:36:31","modified_gmt":"2025-10-05T16:36:31","slug":"delegate-faqs","status":"publish","type":"page","link":"https:\/\/gospelforeveryone.worldea.org\/es\/information\/delegate-faqs\/","title":{"rendered":"Preguntas frecuentes de los delegados"},"content":{"rendered":"<p>Para ayudarle a prepararse y sentirse seguro durante su estad\u00eda, hemos reunido respuestas a algunas de las preguntas que escuchamos con m\u00e1s frecuencia.<\/p>\n<h3>\n\t\t\tA. Preguntas sobre el aeropuerto\t<\/h3>\n\t<h5><strong>1. \u00bfC\u00f3mo s\u00e9 a qu\u00e9 terminal llegar\u00e9, a la Terminal 1 o a la Terminal 2?<\/strong><\/h5>\n<p>Su billete de avi\u00f3n indica claramente su terminal. Tambi\u00e9n puede consultar la informaci\u00f3n de su vuelo en el sitio web del Aeropuerto Internacional de Incheon si desea confirmarlo.<\/p>\n<h5><strong>2. \u00bfEncontrar\u00e9 f\u00e1cilmente el mostrador de informaci\u00f3n de WEA?<\/strong><\/h5>\n<ul>\n<li>En <strong>Terminal 1<\/strong>, despu\u00e9s de salir por <strong>Salida E<\/strong>Ver\u00e1s voluntarios amables con chalecos amarillos. El puesto de informaci\u00f3n est\u00e1 en <strong>Posici\u00f3n 30<\/strong>.<\/li>\n<li>En <strong>Terminal 2<\/strong>Los voluntarios con chalecos amarillos te recibir\u00e1n cerca. <strong>Salida A<\/strong>Pero ten en cuenta que no hay una cabina aparte. Te atender\u00e1n justo a la salida.<\/li>\n<\/ul>\n<h5><strong>3. \u00bfCu\u00e1ndo est\u00e1 abierto el mostrador de informaci\u00f3n de WEA?<\/strong><\/h5>\n<p>Est\u00e1 abierto de 8:00 a 22:00 horas. <strong>S\u00e1bado 25 de octubre<\/strong> y <strong>Domingo 26 de octubre<\/strong>.<\/p>\n<h5><strong>4. \u00bfPor qu\u00e9 necesito pasar por el mostrador de informaci\u00f3n de WEA?<\/strong><\/h5>\n<p>Aqu\u00ed recoger\u00e1s tu tarjeta de viaje prepagada (T-Money) y tu etiqueta identificativa. Los voluntarios podr\u00e1n responder a tus preguntas y guiarte en tu viaje a tu hotel.<\/p>\nEl valor almacenado en la tarjeta T-Money es suficiente para viajar desde el aeropuerto hasta el hotel en autob\u00fas limusina, para los viajes de regreso diarios a la iglesia de SaRang y para el viaje de regreso del hotel al aeropuerto.\n<h5><strong>5. \u00bfQu\u00e9 pasa si llego antes o despu\u00e9s del horario de atenci\u00f3n del mostrador?<\/strong><\/h5>\n<p>Si llega antes del 25 de octubre, deber\u00e1 desplazarse por sus propios medios a su hotel. Si llega a partir del 27 de octubre, recibir\u00e1 asistencia individualizada seg\u00fan su hora de llegada.<\/p>\nSi llega fuera de este horario, por favor, contacte al equipo de planificaci\u00f3n para recibir sus etiquetas identificativas y su tarjeta T-Money. Lamentablemente, no podemos reembolsarle los gastos de viaje incurridos antes de recibir su tarjeta T-Money.\n<h5><strong>6. \u00bfPuedo dirigirme a mi hotel por mi cuenta despu\u00e9s de visitar el mostrador?<\/strong><\/h5>\n<p>\u00a1Por supuesto! Solo aseg\u00farate de llegar a tiempo al hotel para el check-in.<\/p>\n<h3>\n\t\t\tB. Cambio de divisas\t<\/h3>\n\t<h5><strong>7. \u00bfDebo cambiar dinero antes de llegar?<\/strong><\/h5>\n<p>Las tarjetas de cr\u00e9dito funcionan pr\u00e1cticamente en todas partes de Corea, as\u00ed que no es imprescindible cambiar mucho dinero. Sin embargo, como recargar la tarjeta T-money requiere efectivo (won coreano), conviene llevar algo de moneda local por si acaso.<\/p>\n<h5><strong>8. \u00bfCu\u00e1l es el mejor lugar para cambiar dinero?<\/strong><\/h5>\n<p>Su opci\u00f3n m\u00e1s f\u00e1cil es cambiar wones coreanos en los mostradores bancarios dentro del Aeropuerto de Incheon despu\u00e9s de su llegada.<\/p>\n<h3>\n\t\t\tC. Transporte y Tarjeta T-Money\t<\/h3>\n\t<h5><strong>9. \u00bfC\u00f3mo llego del aeropuerto a mi hotel?<\/strong><\/h5>\n<p>Recibir\u00e1 una tarjeta T-money en el puesto de bienvenida y nuestros voluntarios le indicar\u00e1n c\u00f3mo llegar a su hotel. Aseg\u00farese de seguir las instrucciones de transporte espec\u00edficas para su hotel que encontrar\u00e1 en el puesto.<\/p>\n<h5><strong>10. \u00bfPor qu\u00e9 mi tarjeta T-money tiene una carga de 56.000 KRW?<\/strong><\/h5>\n<p>Esta cantidad cubre el viaje de ida y vuelta en limusina al aeropuerto, m\u00e1s aproximadamente cinco viajes de ida y vuelta entre su hotel y la iglesia de Sarang. Sus necesidades de viaje pueden variar, por lo que podr\u00eda necesitar a\u00f1adir fondos adicionales.<\/p>\n<h5><strong>11. \u00bfQu\u00e9 pasa si pierdo mi tarjeta T-money?<\/strong><\/h5>\n<p>Lamentablemente, las tarjetas perdidas no se pueden reemplazar. Tendr\u00e1s que comprar una nueva con efectivo en tiendas como CU o GS25. Para mantener tu tarjeta segura, es mejor guardarla en tu porta credencial. Adem\u00e1s, \u00a1puedes usar todo el porta credencial al usar el metro!<\/p>\n<h5><strong>12. \u00bfC\u00f3mo llego desde mi hotel a la iglesia?<\/strong><\/h5>\n<p>Su hotel le dar\u00e1 instrucciones detalladas y habr\u00e1 voluntarios con chalecos amarillos para ayudarle. El primer d\u00eda, los voluntarios incluso le acompa\u00f1ar\u00e1n a la iglesia. Recomendamos viajar en pareja o en grupo para su seguridad y tranquilidad.<\/p>\n<h5><strong>13. \u00bfC\u00f3mo regreso al aeropuerto de Incheon una vez finalizada la Asamblea?<\/strong><\/h5>\n<p>Ser\u00e1s responsable de organizar tu propio transporte. Consulta con antelaci\u00f3n el horario del autob\u00fas del aeropuerto con tu hotel, calcula el tiempo necesario para el viaje, confirma tu terminal (T1 o T2) y aseg\u00farate de que tu tarjeta T-money tenga saldo suficiente.<\/p>\n<h3>\n\t\t\tD. Emergencias\t<\/h3>\n\t<h5><strong>14. \u00bfA qui\u00e9n llamo en caso de emergencia?<\/strong><\/h5>\n<p>Para asistencia policial, marque <strong>112<\/strong>Para una ambulancia, marque <strong>119<\/strong>Hay servicios disponibles en ingl\u00e9s.<\/p>\n<h5><strong>15. \u00bfA qui\u00e9n contacto si necesito ayuda?<\/strong><\/h5>\n<p>Utilice la l\u00ednea directa oficial del SOC: <a href=\"tel:+821081901027\"><strong>+82-10-8190-1027<\/strong><\/a>Esto es solo por mensaje de texto (SMS o WhatsApp) y puedes escribir en tu idioma. Se prefiere el SMS para que las l\u00edneas permanezcan abiertas para asuntos urgentes. Normalmente, responderemos en una hora.<\/p>\n<h5><strong>16. \u00bfQu\u00e9 pasa si me siento enfermo durante la Asamblea?<\/strong><\/h5>\n<p>Habr\u00e1 una sala m\u00e9dica disponible en el nivel B2 (lado sur) de la iglesia para atenci\u00f3n b\u00e1sica. Si necesita tratamiento m\u00e1s avanzado, le ayudaremos a llegar a una cl\u00ednica u hospital. Para recibir ayuda fuera de este horario, comun\u00edquese con la l\u00ednea directa del SOC.<\/p>\n<h3>\n\t\t\tE. Viajes y emergencias\t<\/h3>\n\t<h5><strong>17. \u00bfNecesito un seguro de viaje?<\/strong><\/h5>\n<p>No es obligatorio, pero lo recomendamos encarecidamente. Puede ser una verdadera salvaci\u00f3n si te enfermas o sufres un accidente en el extranjero.<\/p>\n<h5><strong>18. \u00bfQu\u00e9 debo empacar?<\/strong><\/h5>\n<p>Lleve un banco de energ\u00eda (las opciones de carga en la iglesia son limitadas), auriculares (para aplicaciones de interpretaci\u00f3n) y cualquier medicamento que tome habitualmente.<\/p>\n<h5><strong>19. \u00bfQu\u00e9 aplicaciones son \u00fatiles en Corea?<\/strong><\/h5>\n<ul>\n<li><strong>Mapa de Naver:<\/strong> Lo mejor para moverse.<\/li>\n<li><strong>KakaoTalk:<\/strong> La aplicaci\u00f3n de mensajer\u00eda principal aqu\u00ed, con funciones de traducci\u00f3n autom\u00e1tica.<\/li>\n<li><strong>Mapas de Google:<\/strong> Cobertura limitada en Corea: no tan confiable.<\/li>\n<\/ul>\n<h3>\n\t\t\tF. Clima y ropa\t<\/h3>\n\t<h5><strong>20. \u00bfC\u00f3mo es el clima durante la Asamblea?<\/strong><\/h5>\n<p>Se esperan d\u00edas agradables con temperaturas de entre 19 y 20 \u00b0C (66 y 68 \u00b0F), pero las ma\u00f1anas y las noches pueden ser m\u00e1s frescas (alrededor de 10 y 11 \u00b0C\/50 y 52 \u00b0F). Empaca una chaqueta ligera o una camisa de manga larga por si acaso. Consulta el pron\u00f3stico del tiempo cerca de tu fecha de viaje para obtener informaci\u00f3n actualizada.<\/p>\n<h3>\n\t\t\tG. Alojamiento\t<\/h3>\n\t<h5><strong>21. \u00bfC\u00f3mo me registro cuando llego a Corea?<\/strong><\/h5>\n<p>Puedes registrarte en uno de estos tres lugares:<\/p>\n<ul>\n<li>En el aeropuerto los d\u00edas 25 y 26 de octubre<\/li>\n<li>En su hotel asignado<\/li>\n<li>En Grace Chapel (nivel B5) a las 7:45 a. m. del lunes 27 de octubre<\/li>\n<\/ul>\n<h5><strong>22. \u00bfCu\u00e1ndo sabr\u00e9 en qu\u00e9 hotel me alojar\u00e9?<\/strong><\/h5>\n<p>Estamos finalizando la asignaci\u00f3n de hoteles. Una vez asignados, no se permiten cambios. La mayor\u00eda de los hoteles estar\u00e1n a entre 10 y 30 minutos de la iglesia.<\/p>\n<h5><strong>23. \u00bfPuedo hacer el check-in antes o quedarme m\u00e1s tiempo?<\/strong><\/h5>\n<p>No podemos gestionarlo, as\u00ed que contacte directamente con su hotel si desea solicitar un check-in anticipado o prolongar su estancia. Las tarifas oscilan entre USD 1,200 y USD 2,000 por noche en la mayor\u00eda de los hoteles asignados.<\/p>\n<h3>\n\t\t\tH. Vida cotidiana\t<\/h3>\n\t<h5><strong>24. \u00bfEs f\u00e1cil encontrar el Wi-Fi?<\/strong><\/h5>\n<p>\u00a1S\u00ed! El wifi gratuito es com\u00fan en toda Corea y todos los hoteles lo ofrecen. Durante la Asamblea, la iglesia contar\u00e1 con una red wifi especial; se proporcionar\u00e1n detalles en el lugar.<\/p>\n<h5><strong>25. \u00bfEl minibar de mi habitaci\u00f3n de hotel es gratuito?<\/strong><\/h5>\n<p>El agua embotellada es gratuita. Las dem\u00e1s bebidas y aperitivos del minibar corren de su cuenta.<\/p>\n<h5><strong>26. \u00bfD\u00f3nde puedo obtener informaci\u00f3n tur\u00edstica?<\/strong><\/h5>\n<p>SOC no ofrece servicios de turismo, pero puedes encontrar mucha informaci\u00f3n online o en los centros de informaci\u00f3n tur\u00edstica locales.<\/p>\n<h5><strong>27. \u00bfPuedo usar mi tel\u00e9fono m\u00f3vil y tarjeta SIM en Corea?<\/strong><\/h5>\n<p>La mayor\u00eda de los tel\u00e9fonos m\u00f3viles internacionales funcionan en Corea, pero es mejor consultar con tu operador local sobre las tarifas de roaming. Como alternativa, puedes comprar una tarjeta SIM local o alquilar un dispositivo wifi port\u00e1til en el aeropuerto para acceder f\u00e1cilmente a internet.<\/p>\n<h5><strong>28. \u00bfEs seguro beber el agua potable p\u00fablica?<\/strong><\/h5>\n<p>En Corea el agua del grifo es segura para beber, pero muchas personas prefieren el agua embotellada, que est\u00e1 ampliamente disponible en tiendas y hoteles.<\/p>\n<h5><strong>29. \u00bfQu\u00e9 enchufe y voltaje el\u00e9ctrico se utilizan en Corea?<\/strong><\/h5>\n<p>Corea utiliza enchufes tipo F (dos clavijas redondas) y el voltaje es de 220 V a 60 Hz. Si es necesario, traiga un adaptador y un convertidor de voltaje adecuados.<\/p>\n<h3>\n\t\t\tI. En la Iglesia\t<\/h3>\n\t<h5><strong>30. \u00bfPuedo dejar mi equipaje en la iglesia?<\/strong><\/h5>\n<p>\u00a1S\u00ed! Habr\u00e1 una consigna temporal de equipaje en el vest\u00edbulo norte del primer piso. Guarde su etiqueta de recogida para recuperar su equipaje.<\/p>\n<h5><strong>31. \u00bfHay un lugar tranquilo para orar?<\/strong><\/h5>\n<p>Por supuesto. La sala 503 del quinto piso (Centro Familiar, Ala Norte) estar\u00e1 abierta para la oraci\u00f3n personal: un espacio tranquilo para reflexionar.<\/p>\n<h5><strong>32. \u00bfQu\u00e9 pasa si tengo problemas durante el montaje?<\/strong><\/h5>\n<p>Puede solicitar ayuda a trav\u00e9s de la sala de chat de WEA, llamar o enviar un mensaje de texto a la l\u00ednea directa del SOC o visitar la Sala de Situaciones en el ala norte del cuarto piso.<\/p>\n<h5><strong>33. \u00bfQu\u00e9 pasa si pierdo algo?<\/strong><\/h5>\n<p>Contacte con la l\u00ednea directa del SOC para obtener m\u00e1s informaci\u00f3n. En Corea, no se suelen trasladar objetos perdidos, por lo que sus pertenencias suelen ser f\u00e1ciles de recuperar.<\/p>\n<h3>\n\t\t\tJ. Programa y Servicios\t<\/h3>\n\t<h5><strong>34. \u00bfExiste un programa para nuestro tiempo juntos?<\/strong><\/h5>\n<p>\u00a1S\u00ed! Puedes verlo <a href=\"https:\/\/gospelforeveryone.worldea.org\/es\/program\/\">aqu\u00ed<\/a> y <a href=\"https:\/\/gospelforeveryone.worldea.org\/wp-content\/uploads\/2025\/10\/ga-program-v10.pdf\">descargar<\/a> una copia tambi\u00e9n si lo desea.<\/p>\n<h5><strong>35. \u00bfCu\u00e1ndo recibiremos la gu\u00eda del participante?<\/strong><\/h5>\n<p>El lunes 27 de octubre, antes de las 7:45 a. m., en la Capilla Grace (nivel B5). La bolsa de la conferencia incluir\u00e1 la gu\u00eda y otros materiales, as\u00ed que viaje ligero esa ma\u00f1ana.<\/p>\n<h5><strong>36. \u00bfHabr\u00e1 ayuda con el idioma en los mostradores de informaci\u00f3n?<\/strong><\/h5>\n<p>\u00a1S\u00ed! Con asistentes de muchos pa\u00edses, habr\u00e1 sistemas de interpretaci\u00f3n multiling\u00fce listos para ayudarle en su idioma.<\/p>\n<h5><strong>37. \u00bfLos ba\u00f1os estar\u00e1n abarrotados de gente?<\/strong><\/h5>\n<p>Alrededor del 27 y 28 de octubre, esperamos alrededor de 7000 asistentes, por lo que es probable que haya aglomeraciones. Si los ba\u00f1os principales est\u00e1n llenos, pruebe los ba\u00f1os en otras plantas. Adem\u00e1s, las escaleras mec\u00e1nicas pueden estar concurridas; las escaleras son una buena opci\u00f3n.<\/p>\n<h5><strong>38. \u00bfSe asignan asientos en las reuniones principales?<\/strong><\/h5>\n<p>Los asientos son gratuitos en la Capilla Grace (B5) para los miembros de la WEA. Sin embargo, desde la tarde del lunes 27 de octubre hasta el martes 28 de octubre en el Santuario Principal, los participantes de la WEA tendr\u00e1n un \u00e1rea reservada. Por favor, si\u00e9ntese en su zona asignada.<\/p>\n<h5><strong>39. \u00bfHabr\u00e1 comidas vegetarianas disponibles?<\/strong><\/h5>\n<p>S\u00ed, pero solo para quienes se hayan registrado con antelaci\u00f3n. Pueden recogerlos en la estaci\u00f3n designada durante las comidas. Lamentablemente, no se ofrecen opciones vegetarianas sin registro previo.<\/p>\n<h5><strong>40. \u00bfQu\u00e9 pasa si no quiero que me tomen una foto o un v\u00eddeo?<\/strong><\/h5>\n<p>Av\u00edsanos con antelaci\u00f3n o pregunta en el mostrador de informaci\u00f3n y marcaremos el cord\u00f3n de tu etiqueta para respetar tu privacidad. Gracias por ayudarnos a evitar problemas durante la sesi\u00f3n de fotos o la grabaci\u00f3n.<\/p>\n<h3>\n\t\t\tK. Consejos sobre la cultura coreana\t<\/h3>\n\t<h5><strong>41. \u00bfQu\u00e9 debo saber sobre la cultura coreana?<\/strong><\/h5>\n<ul>\n<li>Col\u00f3quese en el lado derecho de las escaleras mec\u00e1nicas para dejar el lado izquierdo libre para que otros puedan pasar.<\/li>\n<li>Siempre haga fila educadamente en el metro, autobuses, ba\u00f1os y otros lugares p\u00fablicos.<\/li>\n<li>Mantenga la voz baja en lugares concurridos: se considera de buena educaci\u00f3n.<\/li>\n<li>Utilice t\u00edtulos honor\u00edficos, especialmente al dirigirse a los pastores (por ejemplo, Pastor Kim).<\/li>\n<li>Al saludar, se agradece una ligera reverencia. Al dar algo, use ambas manos en se\u00f1al de respeto.<\/li>\n<li>No se permite comida ni bebida dentro del Santuario Principal (B4), y abst\u00e9ngase de moverse durante los servicios de adoraci\u00f3n.<\/li>\n<li>Puedes leer m\u00e1s sobre los conceptos b\u00e1sicos de la etiqueta coreana. <a href=\"https:\/\/english.visitseoul.net\/etiquette\" target=\"_blank\" rel=\"noopener\">aqu\u00ed<\/a>.<\/li>\n<\/ul>\n        <p><strong>\u00bfPreguntas? \u00bfNecesitas ayuda?<\/strong>Puede <strong>correo electr\u00f3nico<\/strong> nosotros en:<ul><li><a href=\"mailto:generalassembly@worldea.org\">generalassembly@worldea.org<\/a> (<strong>WEA<\/strong>) <em>o <\/em><\/li><li><a href=\"mailto:weaseoulga@gmail.com\">weaseoulga@gmail.com<\/a> (<strong>Equipo coreano<\/strong>)<\/li><\/ul>O puedes <strong>mensaje<\/strong> nosotros (ya sea SMS o WhatsApp) en:<ul><li><a href=\"tel:+447506789420\">+44-7506-798420<\/a> (<strong>Jaime<\/strong>) <em>o <\/em><\/li><li><a href=\"tel:+821081901027\">+82-10-8190-1027<\/a> (<strong>Equipo coreano<\/strong>)<\/li><\/ul>Aceptamos mensajes en su idioma nativo.<\/p>","protected":false},"excerpt":{"rendered":"<p>Para ayudarle a prepararse y sentirse seguro durante su estancia, hemos recopilado respuestas a algunas de las preguntas m\u00e1s frecuentes. A. Preguntas sobre el aeropuerto 1. \u00bfC\u00f3mo s\u00e9 a qu\u00e9 terminal llegar\u00e9, a la Terminal 1 o a la Terminal 2? Su billete de avi\u00f3n indica claramente su terminal. Tambi\u00e9n puede consultar su vuelo... <a title=\"Preguntas frecuentes de los delegados\" class=\"read-more\" href=\"https:\/\/gospelforeveryone.worldea.org\/es\/information\/delegate-faqs\/\" aria-label=\"Leer m\u00e1s sobre Preguntas frecuentes de los delegados\">Leer m\u00e1s<\/a><\/p>","protected":false},"author":1,"featured_media":0,"parent":1117,"menu_order":0,"comment_status":"closed","ping_status":"closed","template":"","meta":{"_acf_changed":false,"_seopress_robots_primary_cat":"","_seopress_titles_title":"","_seopress_titles_desc":"","_seopress_robots_index":"","footnotes":""},"class_list":["post-1130","page","type-page","status-publish"],"acf":[],"_links":{"self":[{"href":"https:\/\/gospelforeveryone.worldea.org\/es\/wp-json\/wp\/v2\/pages\/1130","targetHints":{"allow":["GET"]}}],"collection":[{"href":"https:\/\/gospelforeveryone.worldea.org\/es\/wp-json\/wp\/v2\/pages"}],"about":[{"href":"https:\/\/gospelforeveryone.worldea.org\/es\/wp-json\/wp\/v2\/types\/page"}],"author":[{"embeddable":true,"href":"https:\/\/gospelforeveryone.worldea.org\/es\/wp-json\/wp\/v2\/users\/1"}],"replies":[{"embeddable":true,"href":"https:\/\/gospelforeveryone.worldea.org\/es\/wp-json\/wp\/v2\/comments?post=1130"}],"version-history":[{"count":5,"href":"https:\/\/gospelforeveryone.worldea.org\/es\/wp-json\/wp\/v2\/pages\/1130\/revisions"}],"predecessor-version":[{"id":1141,"href":"https:\/\/gospelforeveryone.worldea.org\/es\/wp-json\/wp\/v2\/pages\/1130\/revisions\/1141"}],"up":[{"embeddable":true,"href":"https:\/\/gospelforeveryone.worldea.org\/es\/wp-json\/wp\/v2\/pages\/1117"}],"wp:attachment":[{"href":"https:\/\/gospelforeveryone.worldea.org\/es\/wp-json\/wp\/v2\/media?parent=1130"}],"curies":[{"name":"gracias","href":"https:\/\/api.w.org\/{rel}","templated":true}]}}