{"id":1155,"date":"2025-10-05T17:01:52","date_gmt":"2025-10-05T17:01:52","guid":{"rendered":"https:\/\/gospelforeveryone.worldea.org\/?page_id=1155"},"modified":"2025-10-05T17:03:06","modified_gmt":"2025-10-05T17:03:06","slug":"daily-travel","status":"publish","type":"page","link":"https:\/\/gospelforeveryone.worldea.org\/es\/information\/daily-travel\/","title":{"rendered":"Viajes diarios"},"content":{"rendered":"<h3>\n\t\t\tC\u00f3mo llegar desde su hotel a la iglesia de Sarang\t<\/h3>\n\t<h5>A. Desayuno<\/h5>\n<ul>\n<li>El desayuno se servir\u00e1 en los hoteles del 27 de octubre al 1 de noviembre.<\/li>\n<li>Simplemente d\u00edgale al personal del hotel su n\u00famero de habitaci\u00f3n para poder entrar.<\/li>\n<\/ul>\n<h5>B. Viajar a la iglesia<\/h5>\n<ul>\n<li>El objetivo es llegar a <strong>7:45 am.<\/strong><\/li>\n<li>Su hotel o grupo nacional tendr\u00e1 un l\u00edder que lo guiar\u00e1 y los voluntarios le ayudar\u00e1n la primera ma\u00f1ana.<\/li>\n<li>Comprueba qu\u00e9 entrada de la iglesia debes utilizar antes de ir.<\/li>\n<\/ul>\n<h5>C. Uso del metro<\/h5>\n<ul>\n<li>Necesitar\u00e1s un <strong>Tarjeta T-money<\/strong> Para viajes en metro: no se aceptan pagos en efectivo ni con tarjetas de cr\u00e9dito.<\/li>\n<li>La estaci\u00f3n de metro m\u00e1s cercana a la Iglesia de Sarang es <strong>Estaci\u00f3n Seocho (L\u00ednea 2)<\/strong>.<\/li>\n<li>Usar <strong>Salida 3<\/strong>;la iglesia est\u00e1 justo ah\u00ed en el lado derecho, conectada directamente con la plaza.<\/li>\n<li>Si tomas el metro en direcci\u00f3n contraria, simplemente b\u00e1jate en la siguiente parada, cruza a la otra plataforma y toma el tren de regreso en direcci\u00f3n correcta.<\/li>\n<li>Recuerde el n\u00famero de salida del metro de su hotel para facilitar su regreso.<\/li>\n<\/ul>\n<h5>D. Acerca de su tarjeta de transporte T-money<\/h5>\n<ul>\n<li>Le daremos a cada participante una tarjeta T-money cargada con 56.000 KRW para cubrir su viaje durante la Asamblea.<\/li>\n<li>Vigila tu equilibrio.<\/li>\n<li>Si le quedan menos de 20 000 KRW, puede obtener un reembolso antes de salir de Corea en las tiendas de conveniencia del Aeropuerto de Incheon (tenga en cuenta que se aplicar\u00e1 una tarifa de reembolso de 500 KRW).<\/li>\n<li>Aqu\u00ed en Corea puedes recargar tu tarjeta \u00fanicamente con efectivo (no con tarjetas de cr\u00e9dito).<\/li>\n<li>La tarjeta T-money tambi\u00e9n funciona en algunas tiendas de conveniencia y restaurantes.<\/li>\n<li>Por favor, guarde su tarjeta en un lugar seguro; no se puede reemplazar si la pierde. Si la pierde, puede comprar una nueva en tiendas de conveniencia (solo se acepta efectivo).<\/li>\n<\/ul>\n        <p><strong>\u00bfPreguntas? \u00bfNecesitas ayuda?<\/strong>Puede <strong>correo electr\u00f3nico<\/strong> nosotros en:<ul><li><a href=\"mailto:generalassembly@worldea.org\">generalassembly@worldea.org<\/a> (<strong>WEA<\/strong>) <em>o <\/em><\/li><li><a href=\"mailto:weaseoulga@gmail.com\">weaseoulga@gmail.com<\/a> (<strong>Equipo coreano<\/strong>)<\/li><\/ul>O puedes <strong>mensaje<\/strong> nosotros (ya sea SMS o WhatsApp) en:<ul><li><a href=\"tel:+447506789420\">+44-7506-798420<\/a> (<strong>Jaime<\/strong>) <em>o <\/em><\/li><li><a href=\"tel:+821081901027\">+82-10-8190-1027<\/a> (<strong>Equipo coreano<\/strong>)<\/li><\/ul>Aceptamos mensajes en su idioma nativo.<\/p>","protected":false},"excerpt":{"rendered":"<p>C\u00f3mo llegar desde su hotel a la iglesia de Sarang A. Desayuno. El desayuno se servir\u00e1 en los hoteles del 27 de octubre al 1 de noviembre. Solo indique al personal del hotel su n\u00famero de habitaci\u00f3n para acceder. B. C\u00f3mo llegar a la iglesia. Procure llegar a las 7:45 a. m. Su hotel o grupo nacional contar\u00e1 con un gu\u00eda y voluntarios. <a title=\"Viajes diarios\" class=\"read-more\" href=\"https:\/\/gospelforeveryone.worldea.org\/es\/information\/daily-travel\/\" aria-label=\"Leer m\u00e1s sobre Daily Travel\">Leer m\u00e1s<\/a><\/p>","protected":false},"author":1,"featured_media":0,"parent":1117,"menu_order":0,"comment_status":"closed","ping_status":"closed","template":"","meta":{"_acf_changed":false,"_seopress_robots_primary_cat":"","_seopress_titles_title":"","_seopress_titles_desc":"","_seopress_robots_index":"","footnotes":""},"class_list":["post-1155","page","type-page","status-publish"],"acf":[],"_links":{"self":[{"href":"https:\/\/gospelforeveryone.worldea.org\/es\/wp-json\/wp\/v2\/pages\/1155","targetHints":{"allow":["GET"]}}],"collection":[{"href":"https:\/\/gospelforeveryone.worldea.org\/es\/wp-json\/wp\/v2\/pages"}],"about":[{"href":"https:\/\/gospelforeveryone.worldea.org\/es\/wp-json\/wp\/v2\/types\/page"}],"author":[{"embeddable":true,"href":"https:\/\/gospelforeveryone.worldea.org\/es\/wp-json\/wp\/v2\/users\/1"}],"replies":[{"embeddable":true,"href":"https:\/\/gospelforeveryone.worldea.org\/es\/wp-json\/wp\/v2\/comments?post=1155"}],"version-history":[{"count":2,"href":"https:\/\/gospelforeveryone.worldea.org\/es\/wp-json\/wp\/v2\/pages\/1155\/revisions"}],"predecessor-version":[{"id":1158,"href":"https:\/\/gospelforeveryone.worldea.org\/es\/wp-json\/wp\/v2\/pages\/1155\/revisions\/1158"}],"up":[{"embeddable":true,"href":"https:\/\/gospelforeveryone.worldea.org\/es\/wp-json\/wp\/v2\/pages\/1117"}],"wp:attachment":[{"href":"https:\/\/gospelforeveryone.worldea.org\/es\/wp-json\/wp\/v2\/media?parent=1155"}],"curies":[{"name":"gracias","href":"https:\/\/api.w.org\/{rel}","templated":true}]}}