{"id":1228,"date":"2025-11-10T09:50:25","date_gmt":"2025-11-10T09:50:25","guid":{"rendered":"https:\/\/gospelforeveryone.worldea.org\/?page_id=1228"},"modified":"2025-11-10T14:12:00","modified_gmt":"2025-11-10T14:12:00","slug":"photos","status":"publish","type":"page","link":"https:\/\/gospelforeveryone.worldea.org\/es\/media\/photos\/","title":{"rendered":"Fotos"},"content":{"rendered":"<p>A veces, una fotograf\u00eda puede contar una historia mucho mejor que las palabras. Aqu\u00ed les presentamos una selecci\u00f3n de fotos de la Asamblea General celebrada en Se\u00fal, Corea del Sur, en octubre de 2025.<\/p>","protected":false},"excerpt":{"rendered":"<p>A veces, una fotograf\u00eda puede contar una historia mucho mejor que las palabras. Aqu\u00ed les presentamos una selecci\u00f3n de fotos de la Asamblea General celebrada en Se\u00fal, Corea del Sur, en octubre de 2025.<\/p>","protected":false},"author":1,"featured_media":0,"parent":1580,"menu_order":0,"comment_status":"closed","ping_status":"closed","template":"","meta":{"_acf_changed":false,"_seopress_robots_primary_cat":"","_seopress_titles_title":"","_seopress_titles_desc":"","_seopress_robots_index":"","footnotes":""},"class_list":["post-1228","page","type-page","status-publish"],"acf":[],"_links":{"self":[{"href":"https:\/\/gospelforeveryone.worldea.org\/es\/wp-json\/wp\/v2\/pages\/1228","targetHints":{"allow":["GET"]}}],"collection":[{"href":"https:\/\/gospelforeveryone.worldea.org\/es\/wp-json\/wp\/v2\/pages"}],"about":[{"href":"https:\/\/gospelforeveryone.worldea.org\/es\/wp-json\/wp\/v2\/types\/page"}],"author":[{"embeddable":true,"href":"https:\/\/gospelforeveryone.worldea.org\/es\/wp-json\/wp\/v2\/users\/1"}],"replies":[{"embeddable":true,"href":"https:\/\/gospelforeveryone.worldea.org\/es\/wp-json\/wp\/v2\/comments?post=1228"}],"version-history":[{"count":4,"href":"https:\/\/gospelforeveryone.worldea.org\/es\/wp-json\/wp\/v2\/pages\/1228\/revisions"}],"predecessor-version":[{"id":1408,"href":"https:\/\/gospelforeveryone.worldea.org\/es\/wp-json\/wp\/v2\/pages\/1228\/revisions\/1408"}],"up":[{"embeddable":true,"href":"https:\/\/gospelforeveryone.worldea.org\/es\/wp-json\/wp\/v2\/pages\/1580"}],"wp:attachment":[{"href":"https:\/\/gospelforeveryone.worldea.org\/es\/wp-json\/wp\/v2\/media?parent=1228"}],"curies":[{"name":"gracias","href":"https:\/\/api.w.org\/{rel}","templated":true}]}}