{"id":1406,"date":"2025-11-10T10:15:25","date_gmt":"2025-11-10T10:15:25","guid":{"rendered":"https:\/\/gospelforeveryone.worldea.org\/?page_id=1406"},"modified":"2025-11-10T14:12:14","modified_gmt":"2025-11-10T14:12:14","slug":"videos","status":"publish","type":"page","link":"https:\/\/gospelforeveryone.worldea.org\/es\/media\/videos\/","title":{"rendered":"Videos"},"content":{"rendered":"<p>A continuaci\u00f3n, encontrar\u00e1 una selecci\u00f3n de breves res\u00famenes en v\u00eddeo de la Asamblea General celebrada en Se\u00fal, Corea del Sur, en octubre de 2025.<\/p>\n\t\t<iframe loading=\"lazy\" width=\"1232\" height=\"693\" src=\"https:\/\/www.youtube.com\/embed\/CsleWOVkuLg\" title=\"Introducci\u00f3n a la Asamblea General de la WEA\" frameborder=\"0\" allow=\"accelerometer; autoplay; clipboard-write; encrypted-media; gyroscope; picture-in-picture; web-share\" referrerpolicy=\"strict-origin-when-cross-origin\" allowfullscreen><\/iframe>\t\n<h5>\n\t\t\tIntroducci\u00f3n a la Asamblea General de la WEA\t<\/h5>\n\t\t<iframe loading=\"lazy\" width=\"1232\" height=\"693\" src=\"https:\/\/www.youtube.com\/embed\/EY0rXZIjIP0\" title=\"D\u00eda 1 de la Asamblea General de la WEA\" frameborder=\"0\" allow=\"accelerometer; autoplay; clipboard-write; encrypted-media; gyroscope; picture-in-picture; web-share\" referrerpolicy=\"strict-origin-when-cross-origin\" allowfullscreen><\/iframe>\t\n<h5>\n\t\t\tD\u00eda 1 de la Asamblea General de la WEA\t<\/h5>\n\t\t<iframe loading=\"lazy\" width=\"1232\" height=\"693\" src=\"https:\/\/www.youtube.com\/embed\/iArTLuvk0as\" title=\"D\u00eda 2 de la Asamblea General de la WEA\" frameborder=\"0\" allow=\"accelerometer; autoplay; clipboard-write; encrypted-media; gyroscope; picture-in-picture; web-share\" referrerpolicy=\"strict-origin-when-cross-origin\" allowfullscreen><\/iframe>\t\n<h5>\n\t\t\tD\u00eda 2 de la Asamblea General de la WEA\t<\/h5>\n\t\t<iframe loading=\"lazy\" width=\"1232\" height=\"693\" src=\"https:\/\/www.youtube.com\/embed\/0eOUVoSelgo\" title=\"D\u00eda 3 de la Asamblea General de la WEA\" frameborder=\"0\" allow=\"accelerometer; autoplay; clipboard-write; encrypted-media; gyroscope; picture-in-picture; web-share\" referrerpolicy=\"strict-origin-when-cross-origin\" allowfullscreen><\/iframe>\t\n<h5>\n\t\t\tD\u00eda 3 de la Asamblea General de la WEA\t<\/h5>","protected":false},"excerpt":{"rendered":"<p>A continuaci\u00f3n, encontrar\u00e1 una selecci\u00f3n de breves res\u00famenes en v\u00eddeo de la Asamblea General celebrada en Se\u00fal, Corea del Sur, en octubre de 2025. Introducci\u00f3n a la Asamblea General de la WEA D\u00eda 1 de la Asamblea General de la WEA D\u00eda 2 de la Asamblea General de la WEA D\u00eda 3 de la Asamblea General de la WEA<\/p>","protected":false},"author":1,"featured_media":0,"parent":1580,"menu_order":0,"comment_status":"closed","ping_status":"closed","template":"","meta":{"_acf_changed":false,"_seopress_robots_primary_cat":"","_seopress_titles_title":"","_seopress_titles_desc":"","_seopress_robots_index":"","footnotes":""},"class_list":["post-1406","page","type-page","status-publish"],"acf":[],"_links":{"self":[{"href":"https:\/\/gospelforeveryone.worldea.org\/es\/wp-json\/wp\/v2\/pages\/1406","targetHints":{"allow":["GET"]}}],"collection":[{"href":"https:\/\/gospelforeveryone.worldea.org\/es\/wp-json\/wp\/v2\/pages"}],"about":[{"href":"https:\/\/gospelforeveryone.worldea.org\/es\/wp-json\/wp\/v2\/types\/page"}],"author":[{"embeddable":true,"href":"https:\/\/gospelforeveryone.worldea.org\/es\/wp-json\/wp\/v2\/users\/1"}],"replies":[{"embeddable":true,"href":"https:\/\/gospelforeveryone.worldea.org\/es\/wp-json\/wp\/v2\/comments?post=1406"}],"version-history":[{"count":11,"href":"https:\/\/gospelforeveryone.worldea.org\/es\/wp-json\/wp\/v2\/pages\/1406\/revisions"}],"predecessor-version":[{"id":1579,"href":"https:\/\/gospelforeveryone.worldea.org\/es\/wp-json\/wp\/v2\/pages\/1406\/revisions\/1579"}],"up":[{"embeddable":true,"href":"https:\/\/gospelforeveryone.worldea.org\/es\/wp-json\/wp\/v2\/pages\/1580"}],"wp:attachment":[{"href":"https:\/\/gospelforeveryone.worldea.org\/es\/wp-json\/wp\/v2\/media?parent=1406"}],"curies":[{"name":"gracias","href":"https:\/\/api.w.org\/{rel}","templated":true}]}}