{"id":158,"date":"2025-02-23T16:21:12","date_gmt":"2025-02-23T16:21:12","guid":{"rendered":"https:\/\/gospelforeveryone.worldea.org\/?page_id=158"},"modified":"2025-09-01T16:58:25","modified_gmt":"2025-09-01T16:58:25","slug":"registration","status":"publish","type":"page","link":"https:\/\/gospelforeveryone.worldea.org\/es\/registration\/","title":{"rendered":"Inscripci\u00f3n"},"content":{"rendered":"<h2>\n\t\t\tLas inscripciones ya est\u00e1n cerradas\t<\/h2>\n\t<p>La Asamblea General de la WEA comenzar\u00e1 el <strong>Lunes 27 de octubre<\/strong> y terminar en <strong>Viernes 31 de octubre de 2025,<\/strong> y ser\u00e1 organizado por la Iglesia SaRang en Se\u00fal, Corea del Sur.<\/p>\n<p>Nos alegra enormemente el inter\u00e9s de nuestra Asamblea General. Lamentablemente, todas nuestras salas est\u00e1n ocupadas y <strong>La inscripci\u00f3n ya est\u00e1 cerrada<\/strong> Mientras hacemos m\u00e1s an\u00e1lisis.<\/p>\n<p>Si logramos conseguir m\u00e1s espacios, se abrir\u00e1n nuevamente las inscripciones. <strong>Tenga en cuenta que solo habr\u00e1 m\u00e1s espacios disponibles al precio de inscripci\u00f3n completo de US$700<\/strong>.<\/p>\n\t\t\t\t<h4 itemprop=\"name description\">\u00bfQui\u00e9n est\u00e1 invitado?<\/h4>\n\t\t\t\t<p>Nuestra Asamblea General es, en esencia, una reuni\u00f3n familiar de nuestras alianzas regionales y nacionales, as\u00ed como de nuestros miembros afiliados.<\/p>\n<p>Al mismo tiempo nuestra Asamblea General est\u00e1 abierta a todos, tanto socios como no socios, que se unan a nosotros en nuestra <a href=\"https:\/\/gospelforeveryone.worldea.org\/es\/statement-of-faith\/\">Declaraci\u00f3n de fe<\/a>Si a\u00fan no es miembro, le solicitamos que nos env\u00ede una carta de recomendaci\u00f3n (ya sea de un miembro actual o de un l\u00edder global). Si no ha asistido a una Asamblea General de la WEA anterior, le damos una bienvenida especial. Estaremos encantados de que se una a nosotros.<\/p>\n<p>De acuerdo con nuestros Estatutos, cada Alianza est\u00e1 invitada a enviar al menos tres delegados a la Asamblea General. Para reflejar la diversidad del evangelicalismo, queremos destacar la importancia de enviar tanto mujeres como l\u00edderes j\u00f3venes con el poder para participar plenamente en nombre de su Alianza. Su delegaci\u00f3n podr\u00eda incluir:<\/p>\n<ul>\n<li>El l\u00edder de la Alianza (generalmente el Presidente, Director, Secretario General, Director o similar)<\/li>\n<li>Dos representantes adicionales, de los cuales al menos uno deber\u00e1 ser mujer y\/o un dirigente m\u00e1s joven, menor de 35 a\u00f1os.<\/li>\n<\/ul>\n\t\t\t\t<h4 itemprop=\"name description\">Becas<\/h4>\n\t\t\t\t<p>Las solicitudes de becas ya est\u00e1n cerradas.<\/p>\n<p>Si puede ayudarnos a contribuir a nuestro fondo de becas, puede hacerlo aqu\u00ed: <a href=\"https:\/\/gospelforeveryone.worldea.org\/es\/scholarships\/donate\/\">https:\/\/gospelforeveryone.worldea.org\/scholarships\/donate\/<\/a><\/p>\n\t\t\t\t<h4 itemprop=\"name description\">Viajar<\/h4>\n\t\t\t\t<p>Nos enorgullece anunciar que colaboramos con las Reuniones Globales de SkyTeam como Red de Alianza para viajes a\u00e9reos a la Asamblea General de la WEA 2025. Como evento registrado de la Reuni\u00f3n Global, SkyTeam ofrece atractivas tarifas a\u00e9reas. Reserve y compre su boleto a trav\u00e9s del enlace que aparece a continuaci\u00f3n (o utilice el ID del evento). <strong>5108S<\/strong> Directamente con las aerol\u00edneas miembros de SkyTeam), se beneficiar\u00e1 de:<\/p>\n<ul>\n<li><strong>Ahorros<\/strong>:Ofrecen descuentos exclusivos de hasta 15% tanto en clase Business como en clase Economy; sin cargo para sus reservas en l\u00ednea.<\/li>\n<li><strong>Conveniencia<\/strong>:Reserve en l\u00ednea el itinerario m\u00e1s conveniente con cualquiera de las 19 aerol\u00edneas miembros de SkyTeam.<\/li>\n<li><strong>Millas de recompensa<\/strong>:Gane millas en su programa de viajero frecuente de una aerol\u00ednea miembro de SkyTeam y ahorre en sus futuros viajes.<\/li>\n<li><strong>Servicio valioso<\/strong>:Los clientes de SkyTeam Elite Plus, First y Business Class experimentar\u00e1n SkyPriority, el tratamiento de alfombra roja de la red de la alianza, y tendr\u00e1n acceso a las salas exclusivas de SkyTeam.<\/li>\n<li><strong>Red SkyTeam<\/strong>Viaje a su evento desde pr\u00e1cticamente cualquier lugar del mundo con m\u00e1s de 14.500 vuelos diarios que cubren m\u00e1s de 1.150 destinos en 175 pa\u00edses.<\/li>\n<\/ul>\n<p><strong>Para reservar su viaje a\u00e9reo ahora, visite <\/strong><a href=\"https:\/\/tinyurl.com\/WEAKOREA\">https:\/\/tinyurl.com\/WEAKOREA<\/a><\/p>\n<p><img loading=\"lazy\" decoding=\"async\" src=\"https:\/\/gospelforeveryone.worldea.org\/wp-content\/uploads\/2025\/04\/sktgm_cobr2015_rgb-900-1024x298.jpg\" alt=\"\" width=\"1024\" height=\"298\" \/><\/p>\n\t\t\t\t<h4 itemprop=\"name description\">Visas<\/h4>\n\t\t\t\t<p>La pol\u00edtica de visas de Corea del Sur permite a los ciudadanos de ciertos pa\u00edses ingresar a Corea del Sur con una Autorizaci\u00f3n Electr\u00f3nica de Viaje de Corea (K-ETA).<\/p>\n<p>Los ciudadanos de ciertos pa\u00edses necesitan visa. Normalmente, deben obtenerla en la embajada o consulado de Corea en su pa\u00eds de residencia.<\/p>\n<p>Al ingresar su informaci\u00f3n en el formulario a continuaci\u00f3n, se le informar\u00e1 si probablemente necesitar\u00e1 una K-ETA o una visa. Recuerde que esto es solo una recomendaci\u00f3n y es su responsabilidad verificar y asegurarse de tener la documentaci\u00f3n correcta para ingresar a Corea del Sur. Para m\u00e1s informaci\u00f3n, consulte nuestra <a href=\"https:\/\/gospelforeveryone.worldea.org\/es\/faq\/do-i-need-a-visa\/\">Preguntas frecuentes sobre visas<\/a>.<\/p>","protected":false},"excerpt":{"rendered":"<p>Las inscripciones ya est\u00e1n cerradas. La Asamblea General de la WEA comenzar\u00e1 el lunes 27 de octubre y finalizar\u00e1 el viernes 31 de octubre de 2025, y ser\u00e1 organizada por la Iglesia SaRang en Se\u00fal, Corea del Sur. Nos complace enormemente el inter\u00e9s mostrado en nuestra Asamblea General. Lamentablemente, todas nuestras salas est\u00e1n ocupadas y la inscripci\u00f3n est\u00e1 cerrada. <a title=\"Inscripci\u00f3n\" class=\"read-more\" href=\"https:\/\/gospelforeveryone.worldea.org\/es\/registration\/\" aria-label=\"Leer m\u00e1s sobre Registro\">Leer m\u00e1s<\/a><\/p>","protected":false},"author":1,"featured_media":0,"parent":0,"menu_order":0,"comment_status":"closed","ping_status":"closed","template":"","meta":{"_acf_changed":false,"_seopress_robots_primary_cat":"","_seopress_titles_title":"","_seopress_titles_desc":"","_seopress_robots_index":"","footnotes":""},"class_list":["post-158","page","type-page","status-publish"],"acf":[],"_links":{"self":[{"href":"https:\/\/gospelforeveryone.worldea.org\/es\/wp-json\/wp\/v2\/pages\/158","targetHints":{"allow":["GET"]}}],"collection":[{"href":"https:\/\/gospelforeveryone.worldea.org\/es\/wp-json\/wp\/v2\/pages"}],"about":[{"href":"https:\/\/gospelforeveryone.worldea.org\/es\/wp-json\/wp\/v2\/types\/page"}],"author":[{"embeddable":true,"href":"https:\/\/gospelforeveryone.worldea.org\/es\/wp-json\/wp\/v2\/users\/1"}],"replies":[{"embeddable":true,"href":"https:\/\/gospelforeveryone.worldea.org\/es\/wp-json\/wp\/v2\/comments?post=158"}],"version-history":[{"count":11,"href":"https:\/\/gospelforeveryone.worldea.org\/es\/wp-json\/wp\/v2\/pages\/158\/revisions"}],"predecessor-version":[{"id":1019,"href":"https:\/\/gospelforeveryone.worldea.org\/es\/wp-json\/wp\/v2\/pages\/158\/revisions\/1019"}],"wp:attachment":[{"href":"https:\/\/gospelforeveryone.worldea.org\/es\/wp-json\/wp\/v2\/media?parent=158"}],"curies":[{"name":"gracias","href":"https:\/\/api.w.org\/{rel}","templated":true}]}}