{"id":1580,"date":"2025-11-10T14:10:27","date_gmt":"2025-11-10T14:10:27","guid":{"rendered":"https:\/\/gospelforeveryone.worldea.org\/?page_id=1580"},"modified":"2025-11-10T14:19:38","modified_gmt":"2025-11-10T14:19:38","slug":"media","status":"publish","type":"page","link":"https:\/\/gospelforeveryone.worldea.org\/es\/media\/","title":{"rendered":"Medios de comunicaci\u00f3n"},"content":{"rendered":"<a href=\"https:\/\/gospelforeveryone.worldea.org\/es\/media\/photos\/\" target=\"_self\" role=\"button\" aria-label=\"Fotos (Asamblea General)\">\n\t\t\t\t\t\tFotos (Asamblea General)\n\t\t\t\t\t<\/a>\n\t<a href=\"https:\/\/gospelforeveryone.worldea.org\/es\/media\/cultural-day\/\" target=\"_self\" role=\"button\" aria-label=\"Fotos (D\u00eda de la Cultura)\">\n\t\t\t\t\t\tFotos (D\u00eda de la Cultura)\n\t\t\t\t\t<\/a>\n\t<a href=\"https:\/\/gospelforeveryone.worldea.org\/es\/media\/videos\/\" target=\"_self\" role=\"button\" aria-label=\"Res\u00famenes de v\u00eddeo\">\n\t\t\t\t\t\tRes\u00famenes de v\u00eddeo\n\t\t\t\t\t<\/a>","protected":false},"excerpt":{"rendered":"<p>Fotos (Asamblea General) Fotos (D\u00eda de la Cultura) Res\u00famenes en v\u00eddeo<\/p>","protected":false},"author":1,"featured_media":0,"parent":0,"menu_order":0,"comment_status":"closed","ping_status":"closed","template":"","meta":{"_acf_changed":false,"_seopress_robots_primary_cat":"","_seopress_titles_title":"","_seopress_titles_desc":"","_seopress_robots_index":"","footnotes":""},"class_list":["post-1580","page","type-page","status-publish"],"acf":[],"_links":{"self":[{"href":"https:\/\/gospelforeveryone.worldea.org\/es\/wp-json\/wp\/v2\/pages\/1580","targetHints":{"allow":["GET"]}}],"collection":[{"href":"https:\/\/gospelforeveryone.worldea.org\/es\/wp-json\/wp\/v2\/pages"}],"about":[{"href":"https:\/\/gospelforeveryone.worldea.org\/es\/wp-json\/wp\/v2\/types\/page"}],"author":[{"embeddable":true,"href":"https:\/\/gospelforeveryone.worldea.org\/es\/wp-json\/wp\/v2\/users\/1"}],"replies":[{"embeddable":true,"href":"https:\/\/gospelforeveryone.worldea.org\/es\/wp-json\/wp\/v2\/comments?post=1580"}],"version-history":[{"count":3,"href":"https:\/\/gospelforeveryone.worldea.org\/es\/wp-json\/wp\/v2\/pages\/1580\/revisions"}],"predecessor-version":[{"id":1584,"href":"https:\/\/gospelforeveryone.worldea.org\/es\/wp-json\/wp\/v2\/pages\/1580\/revisions\/1584"}],"wp:attachment":[{"href":"https:\/\/gospelforeveryone.worldea.org\/es\/wp-json\/wp\/v2\/media?parent=1580"}],"curies":[{"name":"gracias","href":"https:\/\/api.w.org\/{rel}","templated":true}]}}