{"id":160,"date":"2025-02-23T16:21:30","date_gmt":"2025-02-23T16:21:30","guid":{"rendered":"https:\/\/gospelforeveryone.worldea.org\/?page_id=160"},"modified":"2025-08-29T21:25:23","modified_gmt":"2025-08-29T21:25:23","slug":"payment","status":"publish","type":"page","link":"https:\/\/gospelforeveryone.worldea.org\/es\/payment\/","title":{"rendered":"Pago"},"content":{"rendered":"<p>Aseg\u00farese de haber completado un\u00a0<a href=\"https:\/\/gospelforeveryone.worldea.org\/es\/registration\/\">Formulario de inscripci\u00f3n<\/a>\u00a0<strong>antes<\/strong> usted completa este formulario de pago.<\/p>\n<p>Nuestros anfitriones han sido generosos con su apoyo, lo que nos ha permitido cobrar una tarifa reducida de $700 por su inscripci\u00f3n (menos los descuentos de membres\u00eda). Su inscripci\u00f3n incluye todos los costos del programa, alojamiento compartido, comidas y transporte local durante la Asamblea General (desde la llegada el 26 de octubre hasta la salida el 1 de noviembre).<\/p>\n<p>Esto significa que cada participante s\u00f3lo tendr\u00e1 que cubrir su viaje a la Asamblea General y la cuota de inscripci\u00f3n, adem\u00e1s de cualquier solicitud adicional que pueda tener.<\/p>\n<p><strong>\u00bfMenos de 45?<\/strong>:Si tendr\u00e1 menos de 45 a\u00f1os el 27 de octubre, su tarifa de inscripci\u00f3n (que cubre tanto el alojamiento como las comidas) es <strong>s\u00f3lo $100<\/strong>.<\/p>\n<h4>\n\t\t\tCostos\t<\/h4>\n\t<div id=\"footable_parent_732\"\n         class=\"footable_parent ninja_table_wrapper loading_ninja_table wp_table_data_press_parent semantic_ui\">\n                <table data-ninja_table_instance=\"ninja_table_instance_0\" data-footable_id=\"732\" data-filter-delay=\"1000\" aria-label=\"Precios de registro\"            id=\"footable_732\"\n           data-unique_identifier=\"ninja_table_unique_id_1891199495_732\"\n           class=\"foo-table ninja_footable foo_table_732 ninja_table_unique_id_1891199495_732 ui table  nt_type_legacy_table selectable striped vertical_centered  footable-paging-right ninja_table_search_disabled ninja_table_pro\">\n                <colgroup>\n                            <col class=\"ninja_column_0\">\n                            <col class=\"ninja_column_1\">\n                            <col class=\"ninja_column_2\">\n                    <\/colgroup>\n        <thead>\n<tr class=\"footable-header\">\n                                                        <th scope=\"col\"  class=\"ninja_column_0 ninja_clmn_nm_membership_type\">Tipo de membres\u00eda<\/th><th scope=\"col\"  class=\"ninja_column_1 ninja_clmn_nm_membership_discount\">Descuento de membres\u00eda<\/th><th scope=\"col\"  class=\"ninja_column_2 ninja_clmn_nm_final_cost\">Costo final<\/th><\/tr>\n<\/thead>\n<tbody>\n\n        <tr data-row_id=\"1\" class=\"ninja_table_row_0 nt_row_id_1\">\n            <td><p><strong>No miembro<\/strong><br \/><em>(Con solicitud opcional de membres\u00eda WEA (por un valor de $600) con un descuento de 50% a $300).<\/em><\/p><\/td><td>\u2014<\/td><td>$700<\/td>        <\/tr>\n            <tr data-row_id=\"2\" class=\"ninja_table_row_1 nt_row_id_2\">\n            <td><strong>Miembro afiliado (si las cuotas de membres\u00eda est\u00e1n al d\u00eda)<\/strong><\/td><td>$300<\/td><td>$400<\/td>        <\/tr>\n            <tr data-row_id=\"3\" class=\"ninja_table_row_2 nt_row_id_3\">\n            <td><p><strong>Miembro de la Alianza Evang\u00e9lica: solo personal y secretar\u00eda (si las cuotas de membres\u00eda est\u00e1n al d\u00eda)<\/strong><br \/><i>(Los primeros tres delegados del personal tendr\u00e1n que pagar una tarifa de inscripci\u00f3n de $300 cada uno. Las tarifas de inscripci\u00f3n para los dem\u00e1s delegados tendr\u00e1n un coste de $100 cada uno).<\/i><\/p><\/td><td>$400<\/td><td>$300<\/td>        <\/tr>\n            <tr data-row_id=\"4\" class=\"ninja_table_row_3 nt_row_id_4\">\n            <td><p><strong>menores de 45 a\u00f1os<\/strong><br \/><em>(Precio especial basado en compartir habitaci\u00f3n)<\/em><\/p><\/td><td>\u2014<\/td><td>$100<\/td>        <\/tr>\n            <tr data-row_id=\"5\" class=\"ninja_table_row_4 nt_row_id_5\">\n            <td><strong>Personal de WEA y miembros del Comit\u00e9 Organizador (con cup\u00f3n de descuento)<\/strong><br \/><em><\/em> Los descuentos var\u00edan seg\u00fan el nivel de participaci\u00f3n y la discreci\u00f3n de su gerente.<br \/><em>(El cup\u00f3n de descuento no cubre los costes suplementarios en los que puedas incurrir)<\/em><\/td><td>\u2014<\/td><td>$0 - $100<\/td>        <\/tr>\n    <\/tbody><!--ninja_tobody_rendering_done-->\n    <\/table>\n    \n    \n    \n<\/div>\n\n\t<p><strong>tenga en cuenta<\/strong><\/p>\n<ul>\n<li>Todos los montos son USD$.<\/li>\n<li>Si usted es miembro de la Alianza Evang\u00e9lica y desea registrar varios delegados dentro de su organizaci\u00f3n (<strong>S\u00f3lo personal y secretar\u00eda<\/strong>) entonces el costo es el siguiente: Sus primeros tres delegados del personal tendr\u00e1n una cuota de inscripci\u00f3n de $300 cada uno. Las cuotas de inscripci\u00f3n para los siguientes delegados ser\u00e1n de $100 cada uno. Si desea aprovechar esta oferta, env\u00ede un correo electr\u00f3nico a <a href=\"mailto:generalassembly@worldea.org\">generalassembly@worldea.org<\/a>Tenga en cuenta que cada delegado debe haber completado una solicitud por separado. <a href=\"https:\/\/gospelforeveryone.worldea.org\/es\/registration\/\">Formulario de inscripci\u00f3n<\/a>.<\/li>\n<li>El precio para no miembros incluye una solicitud opcional para hacerse miembro de la WEA. Normalmente cuesta $600, pero est\u00e1 disponible con un descuento de 50% a $300 con la inscripci\u00f3n a la Asamblea General.<\/li>\n<li>Ofrecemos un precio especial para l\u00edderes j\u00f3venes (menores de 45 a\u00f1os al inicio de la Asamblea General el 27 de octubre de 2025), lo que reduce la cuota de inscripci\u00f3n a $100. Este precio se basa en compartir habitaci\u00f3n.<\/li>\n<li>El personal de WEA y los miembros del Comit\u00e9 Organizador pueden solicitar un cup\u00f3n de descuento para usar en el formulario de pago con la tarifa de inscripci\u00f3n est\u00e1ndar. El valor del descuento var\u00eda seg\u00fan su nivel de participaci\u00f3n y la discreci\u00f3n de su gerente. Este cup\u00f3n no cubre los costos adicionales en los que pueda incurrir. <strong>Tenga en cuenta que a\u00fan debe completar tanto el formulario de registro como este formulario de pago (incluso si no se requiere ning\u00fan pago).<\/strong><\/li>\n<li>Hay un n\u00famero limitado de habitaciones individuales disponibles por orden de llegada. Se aplica un suplemento de $300 por habitaci\u00f3n individual.<\/li>\n<li>Los delegados pueden venir acompa\u00f1ados de su c\u00f3nyuge (si no participan en la Asamblea General) por un suplemento de $300. Los c\u00f3nyuges que participen en la Asamblea General deber\u00e1n completar su propio formulario de inscripci\u00f3n y abonar la cuota de inscripci\u00f3n.<\/li>\n<li>Si alguien de su organizaci\u00f3n ya pag\u00f3 el precio de no miembro, seleccione &quot;Soy un miembro afiliado&quot; a continuaci\u00f3n.<\/li>\n<li>Su inscripci\u00f3n no estar\u00e1 confirmada hasta que se haya completado este formulario y se haya recibido el pago de la tarifa de inscripci\u00f3n.<\/li>\n<\/ul>\n\t\t\t\t<h4 itemprop=\"name description\">Becas<\/h4>\n\t\t\t\t<p>Ofrecemos un n\u00famero limitado de becas. Est\u00e1n abiertas a las solicitudes de representantes de la Alianza que no puedan financiarse completamente.<\/p>\n<p>Las solicitudes de becas se pueden realizar aqu\u00ed: <a href=\"https:\/\/gospelforeveryone.worldea.org\/es\/scholarships\/apply\/\">https:\/\/gospelforeveryone.worldea.org\/scholarships\/apply\/<\/a><\/p>\n<p>Si puede ayudarnos a contribuir a nuestro fondo de becas, puede hacerlo aqu\u00ed: <a href=\"https:\/\/gospelforeveryone.worldea.org\/es\/scholarships\/donate\/\">https:\/\/gospelforeveryone.worldea.org\/scholarships\/donate\/<\/a><\/p>\n<h3>\n\t\t\tFormulario de pago\t<\/h3>\n\t<form action=\"https:\/\/gospelforeveryone.worldea.org\/es\/wp-json\/ws-form\/v1\/submit\" class=\"wsf-form wsf-form-canvas\" id=\"ws-form-1\" data-id=\"17\" method=\"POST\" data-instance-id=\"1\" data-wsf-style-id=\"1\" data-trp-original-action=\"https:\/\/gospelforeveryone.worldea.org\/es\/wp-json\/ws-form\/v1\/submit\"><input type=\"hidden\" name=\"trp-form-language\" value=\"es\"\/><\/form>","protected":false},"excerpt":{"rendered":"<p>Aseg\u00farese de completar el formulario de inscripci\u00f3n antes de completar este formulario de pago. Nuestros anfitriones han sido generosos con su apoyo, lo que nos ha permitido cobrar una tarifa reducida de $700 por su inscripci\u00f3n (menos los descuentos de membres\u00eda). Su inscripci\u00f3n incluye todos los costos del programa, alojamiento compartido, comidas y transporte local. <a title=\"Pago\" class=\"read-more\" href=\"https:\/\/gospelforeveryone.worldea.org\/es\/payment\/\" aria-label=\"Leer m\u00e1s sobre Pago\">Leer m\u00e1s<\/a><\/p>","protected":false},"author":1,"featured_media":0,"parent":0,"menu_order":0,"comment_status":"closed","ping_status":"closed","template":"","meta":{"_acf_changed":false,"_seopress_robots_primary_cat":"","_seopress_titles_title":"","_seopress_titles_desc":"","_seopress_robots_index":"","footnotes":""},"class_list":["post-160","page","type-page","status-publish"],"acf":[],"_links":{"self":[{"href":"https:\/\/gospelforeveryone.worldea.org\/es\/wp-json\/wp\/v2\/pages\/160","targetHints":{"allow":["GET"]}}],"collection":[{"href":"https:\/\/gospelforeveryone.worldea.org\/es\/wp-json\/wp\/v2\/pages"}],"about":[{"href":"https:\/\/gospelforeveryone.worldea.org\/es\/wp-json\/wp\/v2\/types\/page"}],"author":[{"embeddable":true,"href":"https:\/\/gospelforeveryone.worldea.org\/es\/wp-json\/wp\/v2\/users\/1"}],"replies":[{"embeddable":true,"href":"https:\/\/gospelforeveryone.worldea.org\/es\/wp-json\/wp\/v2\/comments?post=160"}],"version-history":[{"count":11,"href":"https:\/\/gospelforeveryone.worldea.org\/es\/wp-json\/wp\/v2\/pages\/160\/revisions"}],"predecessor-version":[{"id":1015,"href":"https:\/\/gospelforeveryone.worldea.org\/es\/wp-json\/wp\/v2\/pages\/160\/revisions\/1015"}],"wp:attachment":[{"href":"https:\/\/gospelforeveryone.worldea.org\/es\/wp-json\/wp\/v2\/media?parent=160"}],"curies":[{"name":"gracias","href":"https:\/\/api.w.org\/{rel}","templated":true}]}}