{"id":170,"date":"2025-02-23T16:22:31","date_gmt":"2025-02-23T16:22:31","guid":{"rendered":"https:\/\/gospelforeveryone.worldea.org\/?page_id=170"},"modified":"2025-11-19T14:50:36","modified_gmt":"2025-11-19T14:50:36","slug":"resources","status":"publish","type":"page","link":"https:\/\/gospelforeveryone.worldea.org\/es\/resources\/","title":{"rendered":"Recursos"},"content":{"rendered":"<div class=\"wpgb-facet wpgb-loading wpgb-facet-15\" data-facet=\"15\" data-grid=\"6\">\t<h4 class=\"wpgb-facet-title\">Buscar<\/h4>\n\t\t<fieldset>\n\t\t<legend class=\"wpgb-facet-title wpgb-sr-only\">Buscar<\/legend>\n\t\t<div class=\"wpgb-search-facet\"><label>\n\t\t\t\t<span class=\"wpgb-sr-only\">Buscar<\/span>\n\t\t\t\t<input class=\"wpgb-input\" type=\"search\" name=\"search_resources\" placeholder=\"Escribe para buscar\" value=\"\" autocomplete=\"off\">\n\t\t\t\t<svg class=\"wpgb-input-icon\" viewbox=\"0 0 24 24\" height=\"16\" width=\"16\" aria-hidden=\"true\" focusable=\"false\"><path d=\"M17.5 17.5 23 23Zm-16-7a9 9 0 1 1 9 9 9 9 0 0 1-9-9Z\"\/><\/svg>\n\t\t\t<\/label><button type=\"button\" class=\"wpgb-clear-button\" hidden><span class=\"wpgb-sr-only\" data-no-translation=\"\" data-trp-gettext=\"\">Claro<\/span><svg viewbox=\"0 0 24 24\" height=\"24\" width=\"24\" aria-hidden=\"true\" focusable=\"false\"><path d=\"m12 12-4.25 4.75L12.001 12 7.75 7.25 12.001 12l4.249-4.75L12 12l4.25 4.75Z\"\/><\/svg><\/button><\/div>\t<\/fieldset>\n\t<\/div>\n\t<div class=\"wpgb-facet wpgb-loading wpgb-facet-16\" data-facet=\"16\" data-grid=\"6\">\t<h4 class=\"wpgb-facet-title\">Ordenar por<\/h4>\n\t\t<fieldset>\n\t\t<legend class=\"wpgb-facet-title wpgb-sr-only\">Ordenar por<\/legend>\n\t\t<div class=\"wpgb-sort-facet\"><label><span class=\"wpgb-sr-only\">Ordenar por<\/span><select class=\"wpgb-sort wpgb-select wpgb-combobox\" name=\"sort_resources\"><option value=\"\" selected='selected'>Ninguno<\/option><option value=\"title_asc\">Por t\u00edtulo del recurso (AZ)<\/option><option value=\"title_desc\">Por t\u00edtulo del recurso (ZA)<\/option><\/select><span class=\"wpgb-select-controls\"><span class=\"wpgb-select-separator\"><\/span><svg class=\"wpgb-select-toggle\" viewbox=\"0 0 24 24\" height=\"24\" width=\"24\" aria-hidden=\"true\" focusable=\"false\"><path d=\"m12 14.536-.045.043.045-.043-5.3-5.114 5.3 5.114 5.3-5.114-5.3 5.114.045.043Z\"\/><\/svg><\/span><\/label><\/div>\t<\/fieldset>\n\t<\/div>\n\t<div class=\"wpgb-facet wpgb-loading wpgb-facet-17\" data-facet=\"17\" data-grid=\"6\"><span class=\"wpgb-result-count\">1 - 6 de 18 Recursos<\/span><\/div>\n\t<div class=\"wpgb-facet wpgb-loading wpgb-facet-14\" data-facet=\"14\" data-grid=\"6\">\t<h4 class=\"wpgb-facet-title\">Categor\u00edas<\/h4>\n\t\t<fieldset>\n\t\t<legend class=\"wpgb-facet-title wpgb-sr-only\">Categor\u00edas<\/legend>\n\t\t<div class=\"wpgb-checkbox-facet\"><ul class=\"wpgb-hierarchical-list\"><li><div class=\"wpgb-checkbox\" role=\"button\" aria-pressed=\"false\" tabindex=\"0\"><input type=\"hidden\" name=\"resource_categories[]\" value=\"panel-reports\"><span class=\"wpgb-checkbox-control\"><\/span><span class=\"wpgb-checkbox-label\">Informes del panel&nbsp;<span>(12)<\/span><\/span><\/div><\/li><li><div class=\"wpgb-checkbox\" role=\"button\" aria-pressed=\"false\" tabindex=\"0\"><input type=\"hidden\" name=\"resource_categories[]\" value=\"slide-masters\"><span class=\"wpgb-checkbox-control\"><\/span><span class=\"wpgb-checkbox-label\">patrones de diapositivas&nbsp;<span>(4)<\/span><\/span><\/div><\/li><li><div class=\"wpgb-checkbox\" role=\"button\" aria-pressed=\"false\" tabindex=\"0\"><input type=\"hidden\" name=\"resource_categories[]\" value=\"commitments\"><span class=\"wpgb-checkbox-control\"><\/span><span class=\"wpgb-checkbox-label\">Compromisos&nbsp;<span>(1)<\/span><\/span><\/div><\/li><li><div class=\"wpgb-checkbox\" role=\"button\" aria-pressed=\"false\" tabindex=\"0\"><input type=\"hidden\" name=\"resource_categories[]\" value=\"misc\"><span class=\"wpgb-checkbox-control\"><\/span><span class=\"wpgb-checkbox-label\">Varios&nbsp;<span>(1)<\/span><\/span><\/div><\/li><\/ul><\/div>\t<\/fieldset>\n\t<\/div>\n\t<div class=\"wpgb-facet wpgb-loading wpgb-facet-4\" data-facet=\"4\" data-grid=\"4\"><button type=\"button\" class=\"wpgb-button wpgb-reset\" name=\"reset\">Reiniciar<\/button><\/div>\n\t<!-- Gridbuilder \u1d42\u1d3e Plugin (https:\/\/wpgridbuilder.com) -->\n<div class=\"wp-grid-builder wpgb-grid-6\" data-options=\"{&quot;id&quot;:6,&quot;type&quot;:&quot;masonry&quot;,&quot;source&quot;:&quot;post_type&quot;,&quot;loader&quot;:true,&quot;layout&quot;:&quot;vertical&quot;,&quot;reveal&quot;:1,&quot;isMainQuery&quot;:0,&quot;lazyLoad&quot;:false,&quot;cardSizes&quot;:{&quot;9999&quot;:{&quot;columns&quot;:3,&quot;height&quot;:240,&quot;gutter&quot;:16,&quot;ratio&quot;:&quot;1.33333&quot;},&quot;968&quot;:{&quot;columns&quot;:2,&quot;height&quot;:120,&quot;gutter&quot;:4,&quot;ratio&quot;:&quot;1.33333&quot;},&quot;480&quot;:{&quot;columns&quot;:1,&quot;height&quot;:120,&quot;gutter&quot;:2,&quot;ratio&quot;:&quot;1.33333&quot;}},&quot;fitRows&quot;:false,&quot;equalRows&quot;:0,&quot;equalColumns&quot;:false,&quot;fillLastRow&quot;:0,&quot;centerLastRow&quot;:0,&quot;horizontalOrder&quot;:false,&quot;fullWidth&quot;:false,&quot;transitionDelay&quot;:100,&quot;gallerySlideshow&quot;:false,&quot;rowsNumber&quot;:1,&quot;slideAlign&quot;:&quot;left&quot;,&quot;groupCells&quot;:1,&quot;draggable&quot;:true,&quot;initialIndex&quot;:0,&quot;contain&quot;:false,&quot;freeScroll&quot;:false,&quot;freeFriction&quot;:&quot;0.075&quot;,&quot;friction&quot;:&quot;0.285&quot;,&quot;attraction&quot;:&quot;0.025&quot;,&quot;autoPlay&quot;:0,&quot;pageDotAriaLabel&quot;:&quot;Page dot %d&quot;,&quot;isPreview&quot;:false,&quot;isGutenberg&quot;:false,&quot;rightToLeft&quot;:false}\"><div class=\"wpgb-svg-icons\" hidden>\n\t<svg viewbox=\"0 0 120 24\" width=\"0\" height=\"0\">\n\t<defs>\n        <polygon id=\"wpgb-star-svg\" points=\"12 2.5 15.1 8.8 22 9.8 17 14.6 18.2 21.5 12 18.3 5.8 21.5 7 14.6 2 9.8 8.9 8.8\"><\/polygon>\n    <\/defs>\n    <symbol id=\"wpgb-rating-stars-svg\">\n        <use xlink:href=\"#wpgb-star-svg\"><\/use>\n        <use xlink:href=\"#wpgb-star-svg\" x=\"24\"><\/use>\n        <use xlink:href=\"#wpgb-star-svg\" x=\"48\"><\/use>\n        <use xlink:href=\"#wpgb-star-svg\" x=\"72\"><\/use>\n        <use xlink:href=\"#wpgb-star-svg\" x=\"96\"><\/use>\n    <\/symbol>\n<\/svg>\n<\/div>\n<div class=\"wpgb-wrapper\">\n\t<div class=\"wpgb-main\">\n\t<div class=\"wpgb-layout\">\n\t<div class=\"wpgb-viewport\">\n\t\t<div class=\"wpgb-masonry\">\n\t\t\t<article class=\"wpgb-card wpgb-card-23 wpgb-post-1625 wpgb-card-hidden\" data-col=\"1\" data-row=\"1\" data-format=\"standard\"><div class=\"wpgb-card-wrapper\"><div class=\"wpgb-card-inner\"><div class=\"wpgb-card-content wpgb-scheme-dark\"><div class=\"wpgb-card-body\"><h3 class=\"wpgb-block-2\">Panel 6 \u2013 Representando el Evangelio en la defensa global<\/h3><p class=\"wpgb-block-1\"><!-- wp:paragraph -->\n<p>Este informe detalla el enfoque de WEA en materia de incidencia global, haciendo hincapi\u00e9 en un modelo de participaci\u00f3n centrado en Cristo en la ONU. Destaca los esfuerzos en libertad religiosa, lucha contra la trata de personas y cuidado del clima, instando a la colaboraci\u00f3n y enfatizando una incidencia basada en la esperanza y el servicio.<\/p>\n<!-- \/wp:paragraph --><\/p><a class=\"wpgb-block-4 pd-download-button\" href=\"https:\/\/gospelforeveryone.worldea.org\/wp-content\/uploads\/2025\/11\/panel-6-representing-the-gospel-in-global-advocacy-.pdf\">Descargar<\/a><\/div><\/div><\/div><\/div><\/article><article class=\"wpgb-card wpgb-card-23 wpgb-post-1621 wpgb-card-hidden\" data-col=\"1\" data-row=\"1\" data-format=\"standard\"><div class=\"wpgb-card-wrapper\"><div class=\"wpgb-card-inner\"><div class=\"wpgb-card-content wpgb-scheme-dark\"><div class=\"wpgb-card-body\"><h3 class=\"wpgb-block-2\">Panel 2 \u2013 Vivir el Evangelio en la cultura y las ciudades<\/h3><p class=\"wpgb-block-1\"><!-- wp:paragraph -->\n<p>Este informe analiza la misi\u00f3n cristiana en los centros urbanos, destacando la necesidad de una s\u00f3lida fundamentaci\u00f3n teol\u00f3gica, una inclusi\u00f3n radical y una actitud humilde. Hace un llamado a la iglesia para transformar las ciudades empoderando a las personas marginadas y encarnando una presencia fiel.<\/p>\n<!-- \/wp:paragraph --><\/p><a class=\"wpgb-block-4 pd-download-button\" href=\"https:\/\/gospelforeveryone.worldea.org\/wp-content\/uploads\/2025\/11\/panel-2-living-the-gospel-in-culture-and-cities-1.pdf\">Descargar<\/a><\/div><\/div><\/div><\/div><\/article><article class=\"wpgb-card wpgb-card-23 wpgb-post-1630 wpgb-card-hidden\" data-col=\"1\" data-row=\"1\" data-format=\"standard\"><div class=\"wpgb-card-wrapper\"><div class=\"wpgb-card-inner\"><div class=\"wpgb-card-content wpgb-scheme-dark\"><div class=\"wpgb-card-body\"><h3 class=\"wpgb-block-2\">Panel 11 \u2013 Celebrando el Evangelio a trav\u00e9s de la generosidad<\/h3><p class=\"wpgb-block-1\"><!-- wp:paragraph -->\n<p>Este informe analiza la crisis de credibilidad en la Iglesia causada por la mala gesti\u00f3n financiera. Aboga por estructuras de rendici\u00f3n de cuentas s\u00f3lidas, basadas en principios b\u00edblicos, para restaurar la confianza y canalizar los recursos financieros hacia la misi\u00f3n global.<\/p>\n<!-- \/wp:paragraph --><\/p><a class=\"wpgb-block-4 pd-download-button\" href=\"https:\/\/gospelforeveryone.worldea.org\/wp-content\/uploads\/2025\/11\/panel-11-celebrating-the-gospel-through-generosity.pdf\">Descargar<\/a><\/div><\/div><\/div><\/div><\/article><article class=\"wpgb-card wpgb-card-23 wpgb-post-1640 wpgb-card-hidden\" data-col=\"1\" data-row=\"1\" data-format=\"standard\"><div class=\"wpgb-card-wrapper\"><div class=\"wpgb-card-inner\"><div class=\"wpgb-card-content wpgb-scheme-dark\"><div class=\"wpgb-card-body\"><h3 class=\"wpgb-block-2\">Presentaciones de diapositivas, 29 de octubre de 2025<\/h3><p class=\"wpgb-block-1\"><!-- wp:paragraph -->\n<p>Estas diapositivas del mi\u00e9rcoles 29 de octubre de 2025 exploran temas globales como la fe, la defensa de los derechos humanos, la \u00e9tica de la IA, el bienestar mental y la traducci\u00f3n de la Biblia. Entre los aspectos m\u00e1s destacados se incluyen la integraci\u00f3n de la IA dentro de un marco b\u00edblico, la respuesta a crisis culturales como la soledad, la aceleraci\u00f3n de la traducci\u00f3n de la Biblia para grupos no alcanzados y el fomento de la evangelizaci\u00f3n personal. Se enfatiza la unidad, la misi\u00f3n estrat\u00e9gica y el papel fundamental de la Iglesia en la transformaci\u00f3n social.<\/p>\n<!-- \/wp:paragraph --><\/p><a class=\"wpgb-block-4 pd-download-button\" href=\"https:\/\/gospelforeveryone.worldea.org\/wp-content\/uploads\/2025\/11\/wea-2025-slide-masters_wed.10.29.25.pdf\">Descargar<\/a><\/div><\/div><\/div><\/div><\/article><article class=\"wpgb-card wpgb-card-23 wpgb-post-1638 wpgb-card-hidden\" data-col=\"1\" data-row=\"1\" data-format=\"standard\"><div class=\"wpgb-card-wrapper\"><div class=\"wpgb-card-inner\"><div class=\"wpgb-card-content wpgb-scheme-dark\"><div class=\"wpgb-card-body\"><h3 class=\"wpgb-block-2\">Compromiso con los ni\u00f1os y la familia<\/h3><p class=\"wpgb-block-1\"><!-- wp:paragraph -->\n<p>Este documento describe el enfoque estrat\u00e9gico de WEA, que prioriza el discipulado de la familia y los ni\u00f1os. Hace hincapi\u00e9 en el empoderamiento de las familias para una vida misional, el cultivo de la fe en los ni\u00f1os, la respuesta a los desaf\u00edos sociales, el apoyo a los grupos vulnerables y el fomento de la colaboraci\u00f3n global. La iniciativa busca fortalecer la formaci\u00f3n de disc\u00edpulos centrada en la familia y promover un legado de fe duradero mediante la cooperaci\u00f3n y el intercambio de recursos entre las alianzas de WEA.<\/p>\n<!-- \/wp:paragraph --><\/p><a class=\"wpgb-block-4 pd-download-button\" href=\"https:\/\/gospelforeveryone.worldea.org\/wp-content\/uploads\/2025\/11\/wea-chfam-commitment-final-2025.pdf\">Descargar<\/a><\/div><\/div><\/div><\/div><\/article><article class=\"wpgb-card wpgb-card-23 wpgb-post-1624 wpgb-card-hidden\" data-col=\"1\" data-row=\"1\" data-format=\"standard\"><div class=\"wpgb-card-wrapper\"><div class=\"wpgb-card-inner\"><div class=\"wpgb-card-content wpgb-scheme-dark\"><div class=\"wpgb-card-body\"><h3 class=\"wpgb-block-2\">Panel 5 \u2013 Proclamar el Evangelio en un mundo cambiante<\/h3><p class=\"wpgb-block-1\"><!-- wp:paragraph -->\n<p>Este informe analiza los desaf\u00edos de proclamar el evangelio en un mundo cambiante, haciendo hincapi\u00e9 en la necesidad de misiones basadas en datos, valent\u00eda moral en temas como el aborto y una formaci\u00f3n de liderazgo innovadora. Aboga por un enfoque estrat\u00e9gico y colaborativo para abordar los desaf\u00edos culturales y espirituales.<\/p>\n<!-- \/wp:paragraph --><\/p><a class=\"wpgb-block-4 pd-download-button\" href=\"https:\/\/gospelforeveryone.worldea.org\/wp-content\/uploads\/2025\/11\/panel-5-proclaiming-the-gospel-in-a-shifting-world-.pdf\">Descargar<\/a><\/div><\/div><\/div><\/div><\/article>\t\t<\/div>\n\t<\/div>\n\t<div class=\"wpgb-loader\">\n\t<div class=\"wpgb-loader-5\">\n\t\t<div><\/div><div><\/div><div><\/div>\t<\/div>\n<\/div>\n<\/div>\n\t<\/div>\n\t\t<\/div>\n<\/div>\n\n\t<div class=\"wpgb-facet wpgb-loading wpgb-facet-8\" data-facet=\"8\" data-grid=\"6\"><nav class=\"wpgb-pagination-facet\" aria-label=\"Navegaci\u00f3n de p\u00e1gina\" data-no-translation-aria-label=\"\"><ul class=\"wpgb-pagination\"><li class=\"wpgb-page\"><a href=\"https:\/\/gospelforeveryone.worldea.org\/es\/resources\/?_page=1\" aria-current=\"true\" aria-label=\"P\u00e1gina actual, P\u00e1gina 1\" data-page=\"1\" data-no-translation-aria-label=\"\">1<\/a><\/li><li class=\"wpgb-page\"><a href=\"https:\/\/gospelforeveryone.worldea.org\/es\/resources\/?_page=2\" aria-label=\"Ir a la p\u00e1gina 2\" data-page=\"2\" data-no-translation-aria-label=\"\">2<\/a><\/li><li class=\"wpgb-page\"><a href=\"https:\/\/gospelforeveryone.worldea.org\/es\/resources\/?_page=3\" aria-label=\"Ir a la p\u00e1gina 3\" data-page=\"3\" data-no-translation-aria-label=\"\">3<\/a><\/li><li class=\"wpgb-page wpgb-page-next\"><a href=\"https:\/\/gospelforeveryone.worldea.org\/es\/resources\/?_page=2\" aria-label=\"Ir a la p\u00e1gina 2\" data-page=\"2\" data-no-translation-aria-label=\"\">Pr\u00f3ximo<\/a><\/li><\/ul><\/nav><\/div>","protected":false},"excerpt":{"rendered":"<p>Este informe analiza los desaf\u00edos de proclamar el evangelio en un mundo cambiante, haciendo hincapi\u00e9 en la necesidad de misiones basadas en datos, valent\u00eda moral en temas como el aborto y una formaci\u00f3n de liderazgo innovadora. Aboga por un enfoque estrat\u00e9gico y colaborativo para abordar los desaf\u00edos culturales y espirituales.<\/p>","protected":false},"author":1,"featured_media":0,"parent":0,"menu_order":0,"comment_status":"closed","ping_status":"closed","template":"","meta":{"_acf_changed":false,"_seopress_robots_primary_cat":"","_seopress_titles_title":"","_seopress_titles_desc":"","_seopress_robots_index":"","footnotes":""},"class_list":["post-170","page","type-page","status-publish","hentry"],"acf":[],"_links":{"self":[{"href":"https:\/\/gospelforeveryone.worldea.org\/es\/wp-json\/wp\/v2\/pages\/170","targetHints":{"allow":["GET"]}}],"collection":[{"href":"https:\/\/gospelforeveryone.worldea.org\/es\/wp-json\/wp\/v2\/pages"}],"about":[{"href":"https:\/\/gospelforeveryone.worldea.org\/es\/wp-json\/wp\/v2\/types\/page"}],"author":[{"embeddable":true,"href":"https:\/\/gospelforeveryone.worldea.org\/es\/wp-json\/wp\/v2\/users\/1"}],"replies":[{"embeddable":true,"href":"https:\/\/gospelforeveryone.worldea.org\/es\/wp-json\/wp\/v2\/comments?post=170"}],"version-history":[{"count":2,"href":"https:\/\/gospelforeveryone.worldea.org\/es\/wp-json\/wp\/v2\/pages\/170\/revisions"}],"predecessor-version":[{"id":422,"href":"https:\/\/gospelforeveryone.worldea.org\/es\/wp-json\/wp\/v2\/pages\/170\/revisions\/422"}],"wp:attachment":[{"href":"https:\/\/gospelforeveryone.worldea.org\/es\/wp-json\/wp\/v2\/media?parent=170"}],"curies":[{"name":"gracias","href":"https:\/\/api.w.org\/{rel}","templated":true}]}}