{"id":172,"date":"2025-02-23T16:22:41","date_gmt":"2025-02-23T16:22:41","guid":{"rendered":"https:\/\/gospelforeveryone.worldea.org\/?page_id=172"},"modified":"2025-10-05T16:40:27","modified_gmt":"2025-10-05T16:40:27","slug":"general-faqs","status":"publish","type":"page","link":"https:\/\/gospelforeveryone.worldea.org\/es\/information\/general-faqs\/","title":{"rendered":"Preguntas frecuentes generales"},"content":{"rendered":"<div class=\"wpgb-facet wpgb-loading wpgb-facet-13\" data-facet=\"13\" data-grid=\"5\">\t<h4 class=\"wpgb-facet-title\">Buscar<\/h4>\n\t\t<fieldset>\n\t\t<legend class=\"wpgb-facet-title wpgb-sr-only\">Buscar<\/legend>\n\t\t<div class=\"wpgb-search-facet\"><label>\n\t\t\t\t<span class=\"wpgb-sr-only\">Buscar<\/span>\n\t\t\t\t<input class=\"wpgb-input\" type=\"search\" name=\"search_faqs\" placeholder=\"Escribe para buscar\" value=\"\" autocomplete=\"off\">\n\t\t\t\t<svg class=\"wpgb-input-icon\" viewbox=\"0 0 24 24\" height=\"16\" width=\"16\" aria-hidden=\"true\" focusable=\"false\"><path d=\"M17.5 17.5 23 23Zm-16-7a9 9 0 1 1 9 9 9 9 0 0 1-9-9Z\"\/><\/svg>\n\t\t\t<\/label><button type=\"button\" class=\"wpgb-clear-button\" hidden><span class=\"wpgb-sr-only\" data-no-translation=\"\" data-trp-gettext=\"\">Claro<\/span><svg viewbox=\"0 0 24 24\" height=\"24\" width=\"24\" aria-hidden=\"true\" focusable=\"false\"><path d=\"m12 12-4.25 4.75L12.001 12 7.75 7.25 12.001 12l4.249-4.75L12 12l4.25 4.75Z\"\/><\/svg><\/button><\/div>\t<\/fieldset>\n\t<\/div>\n\t<div class=\"wpgb-facet wpgb-loading wpgb-facet-12\" data-facet=\"12\" data-grid=\"5\">\t<h4 class=\"wpgb-facet-title\">Ordenar por<\/h4>\n\t\t<fieldset>\n\t\t<legend class=\"wpgb-facet-title wpgb-sr-only\">Ordenar por<\/legend>\n\t\t<div class=\"wpgb-sort-facet\"><label><span class=\"wpgb-sr-only\">Ordenar por<\/span><select class=\"wpgb-sort wpgb-select wpgb-combobox\" name=\"sort_faqs\"><option value=\"\" selected='selected'>Ninguno<\/option><option value=\"title_asc\">Por t\u00edtulo de la pregunta (AZ)<\/option><option value=\"title_desc\">Por t\u00edtulo de la pregunta (ZA)<\/option><\/select><span class=\"wpgb-select-controls\"><span class=\"wpgb-select-separator\"><\/span><svg class=\"wpgb-select-toggle\" viewbox=\"0 0 24 24\" height=\"24\" width=\"24\" aria-hidden=\"true\" focusable=\"false\"><path d=\"m12 14.536-.045.043.045-.043-5.3-5.114 5.3 5.114 5.3-5.114-5.3 5.114.045.043Z\"\/><\/svg><\/span><\/label><\/div>\t<\/fieldset>\n\t<\/div>\n\t<div class=\"wpgb-facet wpgb-loading wpgb-facet-11\" data-facet=\"11\" data-grid=\"5\"><span class=\"wpgb-result-count\">1 - 8 de 12 preguntas frecuentes<\/span><\/div>\n\t<div class=\"wpgb-facet wpgb-loading wpgb-facet-10\" data-facet=\"10\" data-grid=\"5\">\t<h4 class=\"wpgb-facet-title\">Categor\u00edas<\/h4>\n\t\t<fieldset>\n\t\t<legend class=\"wpgb-facet-title wpgb-sr-only\">Categor\u00edas<\/legend>\n\t\t<div class=\"wpgb-checkbox-facet\"><ul class=\"wpgb-hierarchical-list\"><li><div class=\"wpgb-checkbox\" role=\"button\" aria-pressed=\"false\" tabindex=\"0\"><input type=\"hidden\" name=\"faq_categories[]\" value=\"finance\"><span class=\"wpgb-checkbox-control\"><\/span><span class=\"wpgb-checkbox-label\">Finanzas&nbsp;<span>(5)<\/span><\/span><\/div><\/li><li><div class=\"wpgb-checkbox\" role=\"button\" aria-pressed=\"false\" tabindex=\"0\"><input type=\"hidden\" name=\"faq_categories[]\" value=\"travel\"><span class=\"wpgb-checkbox-control\"><\/span><span class=\"wpgb-checkbox-label\">Viajar&nbsp;<span>(5)<\/span><\/span><\/div><\/li><li><div class=\"wpgb-checkbox\" role=\"button\" aria-pressed=\"false\" tabindex=\"0\"><input type=\"hidden\" name=\"faq_categories[]\" value=\"accomodation\"><span class=\"wpgb-checkbox-control\"><\/span><span class=\"wpgb-checkbox-label\">Alojamiento&nbsp;<span>(2)<\/span><\/span><\/div><\/li><li><div class=\"wpgb-checkbox\" role=\"button\" aria-pressed=\"false\" tabindex=\"0\"><input type=\"hidden\" name=\"faq_categories[]\" value=\"miscellaneous\"><span class=\"wpgb-checkbox-control\"><\/span><span class=\"wpgb-checkbox-label\">Miscel\u00e1neas&nbsp;<span>(2)<\/span><\/span><\/div><\/li><li><div class=\"wpgb-checkbox\" role=\"button\" aria-pressed=\"false\" tabindex=\"0\"><input type=\"hidden\" name=\"faq_categories[]\" value=\"program\"><span class=\"wpgb-checkbox-control\"><\/span><span class=\"wpgb-checkbox-label\">Programa&nbsp;<span>(1)<\/span><\/span><\/div><\/li><\/ul><\/div>\t<\/fieldset>\n\t<\/div>\n\t<div class=\"wpgb-facet wpgb-loading wpgb-facet-4\" data-facet=\"4\" data-grid=\"5\"><button type=\"button\" class=\"wpgb-button wpgb-reset\" name=\"reset\">Reiniciar<\/button><\/div>\n\t<!-- Gridbuilder \u1d42\u1d3e Plugin (https:\/\/wpgridbuilder.com) -->\n<div class=\"wp-grid-builder wpgb-grid-5\" data-options=\"{&quot;id&quot;:5,&quot;type&quot;:&quot;masonry&quot;,&quot;source&quot;:&quot;post_type&quot;,&quot;loader&quot;:true,&quot;layout&quot;:&quot;vertical&quot;,&quot;reveal&quot;:1,&quot;isMainQuery&quot;:0,&quot;lazyLoad&quot;:false,&quot;cardSizes&quot;:{&quot;9999&quot;:{&quot;columns&quot;:2,&quot;height&quot;:240,&quot;gutter&quot;:16,&quot;ratio&quot;:&quot;1.33333&quot;},&quot;640&quot;:{&quot;columns&quot;:1,&quot;height&quot;:200,&quot;gutter&quot;:16,&quot;ratio&quot;:&quot;1.33333&quot;}},&quot;fitRows&quot;:false,&quot;equalRows&quot;:0,&quot;equalColumns&quot;:false,&quot;fillLastRow&quot;:0,&quot;centerLastRow&quot;:0,&quot;horizontalOrder&quot;:false,&quot;fullWidth&quot;:false,&quot;transitionDelay&quot;:100,&quot;gallerySlideshow&quot;:false,&quot;rowsNumber&quot;:1,&quot;slideAlign&quot;:&quot;left&quot;,&quot;groupCells&quot;:1,&quot;draggable&quot;:true,&quot;initialIndex&quot;:0,&quot;contain&quot;:false,&quot;freeScroll&quot;:false,&quot;freeFriction&quot;:&quot;0.075&quot;,&quot;friction&quot;:&quot;0.285&quot;,&quot;attraction&quot;:&quot;0.025&quot;,&quot;autoPlay&quot;:0,&quot;pageDotAriaLabel&quot;:&quot;Page dot %d&quot;,&quot;isPreview&quot;:false,&quot;isGutenberg&quot;:false,&quot;rightToLeft&quot;:false}\"><div class=\"wpgb-svg-icons\" hidden>\n\t<svg viewbox=\"0 0 120 24\" width=\"0\" height=\"0\">\n\t<defs>\n        <polygon id=\"wpgb-star-svg\" points=\"12 2.5 15.1 8.8 22 9.8 17 14.6 18.2 21.5 12 18.3 5.8 21.5 7 14.6 2 9.8 8.9 8.8\"><\/polygon>\n    <\/defs>\n    <symbol id=\"wpgb-rating-stars-svg\">\n        <use xlink:href=\"#wpgb-star-svg\"><\/use>\n        <use xlink:href=\"#wpgb-star-svg\" x=\"24\"><\/use>\n        <use xlink:href=\"#wpgb-star-svg\" x=\"48\"><\/use>\n        <use xlink:href=\"#wpgb-star-svg\" x=\"72\"><\/use>\n        <use xlink:href=\"#wpgb-star-svg\" x=\"96\"><\/use>\n    <\/symbol>\n<\/svg>\n<\/div>\n<div class=\"wpgb-wrapper\">\n\t<div class=\"wpgb-main\">\n\t<div class=\"wpgb-layout\">\n\t<div class=\"wpgb-viewport\">\n\t\t<div class=\"wpgb-masonry\">\n\t\t\t<article class=\"wpgb-card wpgb-card-22 wpgb-post-375 wpgb-card-hidden\" data-col=\"1\" data-row=\"1\" data-format=\"standard\"><div class=\"wpgb-card-wrapper\"><div class=\"wpgb-card-inner\"><div class=\"wpgb-card-content wpgb-scheme-dark\"><div class=\"wpgb-card-body\"><h3 class=\"wpgb-block-1\"><a href=\"https:\/\/gospelforeveryone.worldea.org\/es\/faq\/who-should-attend\/\">\u00bfQui\u00e9n deber\u00eda asistir?<\/a><\/h3><div class=\"wpgb-block-2\"><\/div><p class=\"wpgb-block-5\">Nuestra Asamblea General es, en esencia, una reuni\u00f3n familiar de nuestras alianzas regionales y nacionales, as\u00ed como de nuestros miembros afiliados....<\/p><\/div><div class=\"wpgb-card-footer\"><a class=\"wpgb-block-6\" href=\"https:\/\/gospelforeveryone.worldea.org\/es\/faq\/who-should-attend\/\">Leer m\u00e1s<\/a><\/div><\/div><\/div><\/div><\/article><article class=\"wpgb-card wpgb-card-22 wpgb-post-376 wpgb-card-hidden\" data-col=\"1\" data-row=\"1\" data-format=\"standard\"><div class=\"wpgb-card-wrapper\"><div class=\"wpgb-card-inner\"><div class=\"wpgb-card-content wpgb-scheme-dark\"><div class=\"wpgb-card-body\"><h3 class=\"wpgb-block-1\"><a href=\"https:\/\/gospelforeveryone.worldea.org\/es\/faq\/are-there-scholarships-available\/\">\u00bfHay becas disponibles?<\/a><\/h3><div class=\"wpgb-block-2\"><\/div><p class=\"wpgb-block-5\">Ofrecemos un n\u00famero limitado de becas. Est\u00e1n abiertas a solicitudes de representantes de la Alianza que no puedan financiarlas en su totalidad.<\/p><\/div><div class=\"wpgb-card-footer\"><a class=\"wpgb-block-6\" href=\"https:\/\/gospelforeveryone.worldea.org\/es\/faq\/are-there-scholarships-available\/\">Leer m\u00e1s<\/a><\/div><\/div><\/div><\/div><\/article><article class=\"wpgb-card wpgb-card-22 wpgb-post-377 wpgb-card-hidden\" data-col=\"1\" data-row=\"1\" data-format=\"standard\"><div class=\"wpgb-card-wrapper\"><div class=\"wpgb-card-inner\"><div class=\"wpgb-card-content wpgb-scheme-dark\"><div class=\"wpgb-card-body\"><h3 class=\"wpgb-block-1\"><a href=\"https:\/\/gospelforeveryone.worldea.org\/es\/faq\/are-there-any-discounts-on-travel\/\">\u00bfHay alg\u00fan descuento en viajes?<\/a><\/h3><div class=\"wpgb-block-2\"><\/div><p class=\"wpgb-block-5\">Estamos orgullosos de anunciar que estamos trabajando con Global Meetings de SkyTeam como la red de la alianza para viajes a\u00e9reos para la WEA...<\/p><\/div><div class=\"wpgb-card-footer\"><a class=\"wpgb-block-6\" href=\"https:\/\/gospelforeveryone.worldea.org\/es\/faq\/are-there-any-discounts-on-travel\/\">Leer m\u00e1s<\/a><\/div><\/div><\/div><\/div><\/article><article class=\"wpgb-card wpgb-card-22 wpgb-post-378 wpgb-card-hidden\" data-col=\"1\" data-row=\"1\" data-format=\"standard\"><div class=\"wpgb-card-wrapper\"><div class=\"wpgb-card-inner\"><div class=\"wpgb-card-content wpgb-scheme-dark\"><div class=\"wpgb-card-body\"><h3 class=\"wpgb-block-1\"><a href=\"https:\/\/gospelforeveryone.worldea.org\/es\/faq\/are-there-any-single-rooms\/\">\u00bfHay habitaciones individuales?<\/a><\/h3><div class=\"wpgb-block-2\"><\/div><p class=\"wpgb-block-5\">Hay un n\u00famero limitado de habitaciones individuales disponibles por orden de llegada. Se aplica un suplemento de $300.<\/p><\/div><div class=\"wpgb-card-footer\"><a class=\"wpgb-block-6\" href=\"https:\/\/gospelforeveryone.worldea.org\/es\/faq\/are-there-any-single-rooms\/\">Leer m\u00e1s<\/a><\/div><\/div><\/div><\/div><\/article><article class=\"wpgb-card wpgb-card-22 wpgb-post-379 wpgb-card-hidden\" data-col=\"1\" data-row=\"1\" data-format=\"standard\"><div class=\"wpgb-card-wrapper\"><div class=\"wpgb-card-inner\"><div class=\"wpgb-card-content wpgb-scheme-dark\"><div class=\"wpgb-card-body\"><h3 class=\"wpgb-block-1\"><a href=\"https:\/\/gospelforeveryone.worldea.org\/es\/faq\/is-there-a-staff-discount\/\">\u00bfHay alg\u00fan descuento para el personal?<\/a><\/h3><div class=\"wpgb-block-2\"><\/div><p class=\"wpgb-block-5\">El personal de WEA y los miembros del Comit\u00e9 Organizador pueden solicitar un cup\u00f3n de descuento para utilizar en el formulario de pago contra el est\u00e1ndar...<\/p><\/div><div class=\"wpgb-card-footer\"><a class=\"wpgb-block-6\" href=\"https:\/\/gospelforeveryone.worldea.org\/es\/faq\/is-there-a-staff-discount\/\">Leer m\u00e1s<\/a><\/div><\/div><\/div><\/div><\/article><article class=\"wpgb-card wpgb-card-22 wpgb-post-380 wpgb-card-hidden\" data-col=\"1\" data-row=\"1\" data-format=\"standard\"><div class=\"wpgb-card-wrapper\"><div class=\"wpgb-card-inner\"><div class=\"wpgb-card-content wpgb-scheme-dark\"><div class=\"wpgb-card-body\"><h3 class=\"wpgb-block-1\"><a href=\"https:\/\/gospelforeveryone.worldea.org\/es\/faq\/what-are-the-costs\/\">\u00bfCuales son los costos?<\/a><\/h3><div class=\"wpgb-block-2\"><\/div><p class=\"wpgb-block-5\">Nuestros anfitriones han sido generosos en su apoyo y esto ha significado que podemos cobrar una tarifa reducida de $700...<\/p><\/div><div class=\"wpgb-card-footer\"><a class=\"wpgb-block-6\" href=\"https:\/\/gospelforeveryone.worldea.org\/es\/faq\/what-are-the-costs\/\">Leer m\u00e1s<\/a><\/div><\/div><\/div><\/div><\/article><article class=\"wpgb-card wpgb-card-22 wpgb-post-381 wpgb-card-hidden\" data-col=\"1\" data-row=\"1\" data-format=\"standard\"><div class=\"wpgb-card-wrapper\"><div class=\"wpgb-card-inner\"><div class=\"wpgb-card-content wpgb-scheme-dark\"><div class=\"wpgb-card-body\"><h3 class=\"wpgb-block-1\"><a href=\"https:\/\/gospelforeveryone.worldea.org\/es\/faq\/are-there-discounts-for-younger-leaders\/\">\u00bfHay descuentos para l\u00edderes m\u00e1s j\u00f3venes?<\/a><\/h3><div class=\"wpgb-block-2\"><\/div><p class=\"wpgb-block-5\">Tenemos un precio especial disponible para l\u00edderes m\u00e1s j\u00f3venes (aquellos menores de 45 a\u00f1os cuando comienza la Asamblea General...<\/p><\/div><div class=\"wpgb-card-footer\"><a class=\"wpgb-block-6\" href=\"https:\/\/gospelforeveryone.worldea.org\/es\/faq\/are-there-discounts-for-younger-leaders\/\">Leer m\u00e1s<\/a><\/div><\/div><\/div><\/div><\/article><article class=\"wpgb-card wpgb-card-22 wpgb-post-382 wpgb-card-hidden\" data-col=\"1\" data-row=\"1\" data-format=\"standard\"><div class=\"wpgb-card-wrapper\"><div class=\"wpgb-card-inner\"><div class=\"wpgb-card-content wpgb-scheme-dark\"><div class=\"wpgb-card-body\"><h3 class=\"wpgb-block-1\"><a href=\"https:\/\/gospelforeveryone.worldea.org\/es\/faq\/question-8\/\">\u00bfPuedo llevar a mi c\u00f3nyuge?<\/a><\/h3><div class=\"wpgb-block-2\"><\/div><p class=\"wpgb-block-5\">\u00a1S\u00ed! Los delegados pueden traer a su c\u00f3nyuge por un suplemento de $300. Por favor, aseg\u00farese de especificar esta informaci\u00f3n al registrarse.<\/p><\/div><div class=\"wpgb-card-footer\"><a class=\"wpgb-block-6\" href=\"https:\/\/gospelforeveryone.worldea.org\/es\/faq\/question-8\/\">Leer m\u00e1s<\/a><\/div><\/div><\/div><\/div><\/article>\t\t<\/div>\n\t<\/div>\n\t<div class=\"wpgb-loader\">\n\t<div class=\"wpgb-loader-5\">\n\t\t<div><\/div><div><\/div><div><\/div>\t<\/div>\n<\/div>\n<\/div>\n\t<\/div>\n\t\t<\/div>\n<\/div>\n\n\t<div class=\"wpgb-facet wpgb-loading wpgb-facet-8\" data-facet=\"8\" data-grid=\"5\"><nav class=\"wpgb-pagination-facet\" aria-label=\"Navegaci\u00f3n de p\u00e1gina\" data-no-translation-aria-label=\"\"><ul class=\"wpgb-pagination\"><li class=\"wpgb-page\"><a href=\"https:\/\/gospelforeveryone.worldea.org\/es\/information\/general-faqs\/?_page=1\" aria-current=\"true\" aria-label=\"P\u00e1gina actual, P\u00e1gina 1\" data-page=\"1\" data-no-translation-aria-label=\"\">1<\/a><\/li><li class=\"wpgb-page\"><a href=\"https:\/\/gospelforeveryone.worldea.org\/es\/information\/general-faqs\/?_page=2\" aria-label=\"Ir a la p\u00e1gina 2\" data-page=\"2\" data-no-translation-aria-label=\"\">2<\/a><\/li><li class=\"wpgb-page wpgb-page-next\"><a href=\"https:\/\/gospelforeveryone.worldea.org\/es\/information\/general-faqs\/?_page=2\" aria-label=\"Ir a la p\u00e1gina 2\" data-page=\"2\" data-no-translation-aria-label=\"\">Pr\u00f3ximo<\/a><\/li><\/ul><\/nav><\/div>\n\n\n\n<p><\/p>","protected":false},"excerpt":{"rendered":"<p>\u00a1S\u00ed! Los delegados pueden traer a su c\u00f3nyuge por un suplemento de $300. Por favor, aseg\u00farese de especificar esta informaci\u00f3n en su formulario de inscripci\u00f3n y en el formulario de pago.<\/p>","protected":false},"author":1,"featured_media":0,"parent":1117,"menu_order":0,"comment_status":"closed","ping_status":"closed","template":"","meta":{"_acf_changed":false,"_seopress_robots_primary_cat":"","_seopress_titles_title":"","_seopress_titles_desc":"","_seopress_robots_index":"","footnotes":""},"class_list":["post-172","page","type-page","status-publish","hentry"],"acf":[],"_links":{"self":[{"href":"https:\/\/gospelforeveryone.worldea.org\/es\/wp-json\/wp\/v2\/pages\/172","targetHints":{"allow":["GET"]}}],"collection":[{"href":"https:\/\/gospelforeveryone.worldea.org\/es\/wp-json\/wp\/v2\/pages"}],"about":[{"href":"https:\/\/gospelforeveryone.worldea.org\/es\/wp-json\/wp\/v2\/types\/page"}],"author":[{"embeddable":true,"href":"https:\/\/gospelforeveryone.worldea.org\/es\/wp-json\/wp\/v2\/users\/1"}],"replies":[{"embeddable":true,"href":"https:\/\/gospelforeveryone.worldea.org\/es\/wp-json\/wp\/v2\/comments?post=172"}],"version-history":[{"count":6,"href":"https:\/\/gospelforeveryone.worldea.org\/es\/wp-json\/wp\/v2\/pages\/172\/revisions"}],"predecessor-version":[{"id":1142,"href":"https:\/\/gospelforeveryone.worldea.org\/es\/wp-json\/wp\/v2\/pages\/172\/revisions\/1142"}],"up":[{"embeddable":true,"href":"https:\/\/gospelforeveryone.worldea.org\/es\/wp-json\/wp\/v2\/pages\/1117"}],"wp:attachment":[{"href":"https:\/\/gospelforeveryone.worldea.org\/es\/wp-json\/wp\/v2\/media?parent=172"}],"curies":[{"name":"gracias","href":"https:\/\/api.w.org\/{rel}","templated":true}]}}