{"id":442,"date":"2025-03-21T17:00:51","date_gmt":"2025-03-21T17:00:51","guid":{"rendered":"https:\/\/gospelforeveryone.worldea.org\/?page_id=442"},"modified":"2025-04-29T12:19:31","modified_gmt":"2025-04-29T12:19:31","slug":"donate","status":"publish","type":"page","link":"https:\/\/gospelforeveryone.worldea.org\/es\/scholarships\/donate\/","title":{"rendered":"Becas \u2013 Donar"},"content":{"rendered":"<h3>\n\t\t\tAy\u00fadanos a equipar a l\u00edderes cristianos m\u00e1s j\u00f3venes\t<\/h3>\n\t<p>Con la visi\u00f3n de \u201cEl Evangelio para todos en 2033\u201d, nuestro objetivo es reunir a 1.000 l\u00edderes evang\u00e9licos de todo el mundo.<\/p>\n<p>La Alianza Evang\u00e9lica Mundial es una familia compuesta por nuestras alianzas nacionales y miembros afiliados. La mayor\u00eda de estas alianzas nacionales forman parte del mundo mayoritario, impactando donde se encuentran al dar testimonio del poder del evangelio.<\/p>\n<p>Nuestro objetivo, a trav\u00e9s del Fondo de Becas de WEA, es que 350 de estos l\u00edderes (priorizando a los l\u00edderes m\u00e1s j\u00f3venes y a aquellos con menos recursos econ\u00f3micos) participen en este evento transformador, que marcar\u00e1 el futuro de la labor evang\u00e9lica. Al donar al Fondo de Becas de WEA, no solo brindas ayuda financiera, sino que impulsas la propagaci\u00f3n del Evangelio, fortaleces a los l\u00edderes de primera l\u00ednea y garantizas que quienes m\u00e1s lo necesitan est\u00e9n preparados para un impacto global.<\/p>\n<h5>\n\t\t\tC\u00f3mo ayudan tus donaciones\t<\/h5>\n<h5>\n\t\t\t$1,500\t<\/h5>\n\t<p>Cubre el costo promedio de viaje de un l\u00edder cristiano m\u00e1s joven.<\/p>\n<h5>\n\t\t\t$2,200\t<\/h5>\n\t<p>Cubre el costo promedio de viaje, costos del programa y registro de un l\u00edder cristiano m\u00e1s joven.<\/p>\n<h5>\n\t\t\t$4,400\t<\/h5>\n\t<p>Cubre el costo promedio de viaje, costos del programa y inscripci\u00f3n para dos l\u00edderes cristianos m\u00e1s j\u00f3venes.<\/p>\n<h4>\n\t\t\t\u00bfTe asociar\u00e1s con nosotros hoy para hacer realidad esta visi\u00f3n?\t<\/h4>\n\t\t\t\t<img decoding=\"async\" src=\"https:\/\/gospelforeveryone.worldea.org\/wp-content\/uploads\/2025\/03\/young-leaders-1800-1024x672.jpg\" alt=\"group of young multiracial business people, focus on latin ameri\" itemprop=\"image\" height=\"672\" width=\"1024\" title=\"Grupo de j\u00f3venes empresarios multirraciales, centrados en Am\u00e9rica Latina.\" onerror=\"this.style.display='none'\" loading='lazy' \/>\n<h4>\n\t\t\tImpacto del Fondo de Becas\t<\/h4>\n\t<p>Cada donaci\u00f3n de US$$2,200 proporciona asistencia financiera para apoyar la participaci\u00f3n de l\u00edderes cristianos j\u00f3venes en nuestra Asamblea General. Esto cubrir\u00e1 los costos del vuelo y la inscripci\u00f3n. Como parte de la Generaci\u00f3n Puente, estas personas son l\u00edderes presentes que tendr\u00e1n un impacto continuo en el futuro.<\/p>\n<ul>\n<li><strong>Representaci\u00f3n global<\/strong>:Garantizar que las voces de todas las regiones est\u00e9n presentes en la Asamblea General de 2025.<\/li>\n<li><strong>Equipando a l\u00edderes j\u00f3venes<\/strong>:Ofrecer a l\u00edderes m\u00e1s j\u00f3venes que son pastores y misioneros la oportunidad de colaborar y participar en iniciativas estrat\u00e9gicas del evangelio.<\/li>\n<li><strong>Fortaleciendo la unidad evang\u00e9lica<\/strong>:Avanzar en la misi\u00f3n de \u201cEl Evangelio para todos en 2033\u201d mediante una visi\u00f3n y planificaci\u00f3n compartidas.<\/li>\n<\/ul>\n<h4>\n\t\t\t\u00bfCu\u00e1nto le gustar\u00eda donar hoy?\t<\/h4>\n\t <iframe loading=\"lazy\" src=\"https:\/\/donorbox.org\/embed\/ga-sponsorship?\" name=\"donorbox\" allowpaymentrequest=\"allowpaymentrequest\" seamless=\"seamless\" frameborder=\"0\" scrolling=\"no\" height=\"900px\" width=\"100%\" allow=\"payment\"><\/iframe>","protected":false},"excerpt":{"rendered":"<p>Ay\u00fadanos a capacitar a l\u00edderes cristianos j\u00f3venes. Con la visi\u00f3n de &quot;El Evangelio para Todos en 2033&quot;, nos proponemos reunir a 1000 l\u00edderes evang\u00e9licos de todo el mundo. La Alianza Evang\u00e9lica Mundial es una familia compuesta por nuestras alianzas nacionales y miembros afiliados. La mayor\u00eda de estas alianzas nacionales forman parte de la mayor\u00eda... <a title=\"Becas \u2013 Donar\" class=\"read-more\" href=\"https:\/\/gospelforeveryone.worldea.org\/es\/scholarships\/donate\/\" aria-label=\"Leer m\u00e1s sobre Becas \u2013 Donar\">Leer m\u00e1s<\/a><\/p>","protected":false},"author":1,"featured_media":0,"parent":805,"menu_order":0,"comment_status":"closed","ping_status":"closed","template":"","meta":{"_acf_changed":false,"_seopress_robots_primary_cat":"","_seopress_titles_title":"","_seopress_titles_desc":"","_seopress_robots_index":"","footnotes":""},"class_list":["post-442","page","type-page","status-publish"],"acf":[],"_links":{"self":[{"href":"https:\/\/gospelforeveryone.worldea.org\/es\/wp-json\/wp\/v2\/pages\/442","targetHints":{"allow":["GET"]}}],"collection":[{"href":"https:\/\/gospelforeveryone.worldea.org\/es\/wp-json\/wp\/v2\/pages"}],"about":[{"href":"https:\/\/gospelforeveryone.worldea.org\/es\/wp-json\/wp\/v2\/types\/page"}],"author":[{"embeddable":true,"href":"https:\/\/gospelforeveryone.worldea.org\/es\/wp-json\/wp\/v2\/users\/1"}],"replies":[{"embeddable":true,"href":"https:\/\/gospelforeveryone.worldea.org\/es\/wp-json\/wp\/v2\/comments?post=442"}],"version-history":[{"count":11,"href":"https:\/\/gospelforeveryone.worldea.org\/es\/wp-json\/wp\/v2\/pages\/442\/revisions"}],"predecessor-version":[{"id":811,"href":"https:\/\/gospelforeveryone.worldea.org\/es\/wp-json\/wp\/v2\/pages\/442\/revisions\/811"}],"up":[{"embeddable":true,"href":"https:\/\/gospelforeveryone.worldea.org\/es\/wp-json\/wp\/v2\/pages\/805"}],"wp:attachment":[{"href":"https:\/\/gospelforeveryone.worldea.org\/es\/wp-json\/wp\/v2\/media?parent=442"}],"curies":[{"name":"gracias","href":"https:\/\/api.w.org\/{rel}","templated":true}]}}