{"id":468,"date":"2025-04-01T15:47:31","date_gmt":"2025-04-01T15:47:31","guid":{"rendered":"https:\/\/gospelforeveryone.worldea.org\/?page_id=468"},"modified":"2025-04-10T15:14:31","modified_gmt":"2025-04-10T15:14:31","slug":"our-hosts","status":"publish","type":"page","link":"https:\/\/gospelforeveryone.worldea.org\/es\/our-hosts\/","title":{"rendered":"Nuestros anfitriones"},"content":{"rendered":"<p>La WEA agradece a los inspirados l\u00edderes y servidores de la iglesia coreana que se han ofrecido a ser anfitriones de nuestra Asamblea General de 2025. El Comit\u00e9 Organizador de Se\u00fal incluye representantes de diferentes denominaciones coreanas, con el Rev. Jung-hyun John Oh, pastor principal de la Iglesia Sarang, parte de la denominaci\u00f3n Presbiteriana (Hapdong), y el Rev. Young-hoon Lee, pastor principal de la Iglesia del Evangelio Completo de Yoido y miembro de las Asambleas de Dios, como copresidentes.<\/p>\n<p>Adem\u00e1s, la alianza nacional de la WEA es la Comunidad Evang\u00e9lica Coreana (KEF), una comunidad unida por la fe evang\u00e9lica para la cooperaci\u00f3n en la iglesia coreana. El actual presidente de la KEF es el reverendo Seok-soon Im. El exvicepresidente de la KEF, el reverendo Sang-bok David Kim, fue pastor principal de la Iglesia Hallelujah y presidi\u00f3 el Consejo Internacional de la WEA de 2008 a 2012.<\/p>\n<p>La KEF fue fundada en 1981. Sus miembros fundadores fueron pastores principales de iglesias importantes como el Rev. Jun-gon Kim (Iglesia Seohyun de Gwangju), el Rev. Jo-joon Park (Iglesia del Calvario de Bundang), el Rev. Han-hum Oak (Iglesia Sarang de Se\u00fal) y el Rev. Yong-jo Ha (Iglesia Onnuri de Se\u00fal).<\/p>\n<p>Corea del Sur tiene una de las poblaciones cristianas m\u00e1s grandes del este de Asia y cuenta con algunas de las iglesias m\u00e1s grandes del mundo, tanto en n\u00famero de feligreses como en asistencia. Es una fuerza misionera estrat\u00e9gica no solo en Asia, sino en todo el mundo. Desde mediados del siglo XX, la iglesia coreana ha crecido dr\u00e1sticamente. De tan solo el 21% de la poblaci\u00f3n en 1945, la comunidad evang\u00e9lica ha crecido a aproximadamente el 30% de la poblaci\u00f3n. Actualmente, existen entre 55.000 y 60.000 iglesias en Corea. El evangelicalismo coreano ha exhibido una fuerte conexi\u00f3n entre la mente y el coraz\u00f3n, caracterizada por una alta estima por la Biblia y una profunda espiritualidad que nace de la oraci\u00f3n devota.<\/p>\n<p>Agradecida por todo lo que Dios ha hecho, la iglesia coreana busca corresponder y compartir con todas las naciones las bendiciones que ha recibido de Dios. Como han declarado los copresidentes del Comit\u00e9 Organizador de Se\u00fal:<em>Es hora de que nos comprometamos con el mismo esp\u00edritu de martirio que los siervos de la historia divina de Dios. Nuestra misi\u00f3n no es solo fortalecer la iglesia coreana, sino tambi\u00e9n sentar las bases para la formaci\u00f3n global del discipulado y la evangelizaci\u00f3n mundial.<\/em>\u201c<\/p>","protected":false},"excerpt":{"rendered":"<p>La WEA agradece a los inspirados l\u00edderes y servidores de la iglesia coreana que se han ofrecido a ser anfitriones de nuestra Asamblea General de 2025. El Comit\u00e9 Organizador de Se\u00fal incluye representantes de diferentes denominaciones coreanas, con el Rev. Jung-hyun John Oh, pastor principal de la Iglesia Sarang, parte de la denominaci\u00f3n Presbiteriana (Hapdong), y el Rev. Young-hoon Lee, pastor principal\u2026 <a title=\"Nuestros anfitriones\" class=\"read-more\" href=\"https:\/\/gospelforeveryone.worldea.org\/es\/our-hosts\/\" aria-label=\"Leer m\u00e1s sobre Nuestros anfitriones\">Leer m\u00e1s<\/a><\/p>","protected":false},"author":1,"featured_media":0,"parent":0,"menu_order":0,"comment_status":"closed","ping_status":"closed","template":"","meta":{"_acf_changed":false,"_seopress_robots_primary_cat":"","_seopress_titles_title":"","_seopress_titles_desc":"","_seopress_robots_index":"","footnotes":""},"class_list":["post-468","page","type-page","status-publish"],"acf":[],"_links":{"self":[{"href":"https:\/\/gospelforeveryone.worldea.org\/es\/wp-json\/wp\/v2\/pages\/468","targetHints":{"allow":["GET"]}}],"collection":[{"href":"https:\/\/gospelforeveryone.worldea.org\/es\/wp-json\/wp\/v2\/pages"}],"about":[{"href":"https:\/\/gospelforeveryone.worldea.org\/es\/wp-json\/wp\/v2\/types\/page"}],"author":[{"embeddable":true,"href":"https:\/\/gospelforeveryone.worldea.org\/es\/wp-json\/wp\/v2\/users\/1"}],"replies":[{"embeddable":true,"href":"https:\/\/gospelforeveryone.worldea.org\/es\/wp-json\/wp\/v2\/comments?post=468"}],"version-history":[{"count":10,"href":"https:\/\/gospelforeveryone.worldea.org\/es\/wp-json\/wp\/v2\/pages\/468\/revisions"}],"predecessor-version":[{"id":754,"href":"https:\/\/gospelforeveryone.worldea.org\/es\/wp-json\/wp\/v2\/pages\/468\/revisions\/754"}],"wp:attachment":[{"href":"https:\/\/gospelforeveryone.worldea.org\/es\/wp-json\/wp\/v2\/media?parent=468"}],"curies":[{"name":"gracias","href":"https:\/\/api.w.org\/{rel}","templated":true}]}}