{"id":745,"date":"2025-04-10T08:18:38","date_gmt":"2025-04-10T08:18:38","guid":{"rendered":"https:\/\/gospelforeveryone.worldea.org\/?page_id=745"},"modified":"2025-04-10T08:22:14","modified_gmt":"2025-04-10T08:22:14","slug":"statement-of-faith","status":"publish","type":"page","link":"https:\/\/gospelforeveryone.worldea.org\/es\/statement-of-faith\/","title":{"rendered":"Declaraci\u00f3n de fe"},"content":{"rendered":"<h3>\n\t\t\tCreemos en:\t<\/h3>\n\t<p><b>Las Sagradas Escrituras\u00a0<\/b>tal como fue dada originalmente por Dios, divinamente inspirada, infalible, enteramente confiable; y la autoridad suprema en todos los asuntos de fe y conducta.<\/p>\n<p><b>Un Dios,\u00a0<\/b>eternamente existente en tres personas, Padre, Hijo y Esp\u00edritu Santo.<\/p>\n<p><b>Nuestro Se\u00f1or Jesucristo,\u00a0<\/b>Dios manifestado en carne, Su nacimiento virginal, Su vida humana sin pecado, Sus milagros divinos, Su muerte vicaria y expiatoria, Su resurrecci\u00f3n corporal, Su ascensi\u00f3n, Su obra mediadora y Su regreso personal en poder y gloria.<\/p>\n<p><b>La Salvaci\u00f3n\u00a0<\/b>del hombre perdido y pecador a trav\u00e9s de la sangre derramada del Se\u00f1or Jesucristo por la fe aparte de las obras, y la regeneraci\u00f3n por el Esp\u00edritu Santo.<\/p>\n<p><b>El Esp\u00edritu Santo\u00a0<\/b>por cuya morada el creyente es capacitado para vivir una vida santa, para testificar y trabajar para el Se\u00f1or Jesucristo.<\/p>\n<p><b>La unidad del Esp\u00edritu\u00a0<\/b>de todos los verdaderos creyentes, la Iglesia, el Cuerpo de Cristo.<\/p>\n<p><b>La Resurrecci\u00f3n\u00a0<\/b>tanto de los salvos como de los perdidos; los que son salvos para resurrecci\u00f3n de vida, los que est\u00e1n perdidos para resurrecci\u00f3n de condenaci\u00f3n.<\/p>","protected":false},"excerpt":{"rendered":"<p>Creemos en: Las Sagradas Escrituras, tal como fueron dadas originalmente por Dios, divinamente inspiradas, infalibles, completamente confiables; y la autoridad suprema en todos los asuntos de fe y conducta. Un solo Dios, eternamente existente en tres personas: Padre, Hijo y Esp\u00edritu Santo. Nuestro Se\u00f1or Jesucristo, Dios manifestado en carne, su nacimiento virginal, su vida humana sin pecado, sus milagros divinos\u2026 <a title=\"Declaraci\u00f3n de fe\" class=\"read-more\" href=\"https:\/\/gospelforeveryone.worldea.org\/es\/statement-of-faith\/\" aria-label=\"Leer m\u00e1s sobre Declaraci\u00f3n de Fe\">Leer m\u00e1s<\/a><\/p>","protected":false},"author":1,"featured_media":0,"parent":0,"menu_order":0,"comment_status":"closed","ping_status":"closed","template":"","meta":{"_acf_changed":false,"_seopress_robots_primary_cat":"","_seopress_titles_title":"","_seopress_titles_desc":"","_seopress_robots_index":"","footnotes":""},"class_list":["post-745","page","type-page","status-publish"],"acf":[],"_links":{"self":[{"href":"https:\/\/gospelforeveryone.worldea.org\/es\/wp-json\/wp\/v2\/pages\/745","targetHints":{"allow":["GET"]}}],"collection":[{"href":"https:\/\/gospelforeveryone.worldea.org\/es\/wp-json\/wp\/v2\/pages"}],"about":[{"href":"https:\/\/gospelforeveryone.worldea.org\/es\/wp-json\/wp\/v2\/types\/page"}],"author":[{"embeddable":true,"href":"https:\/\/gospelforeveryone.worldea.org\/es\/wp-json\/wp\/v2\/users\/1"}],"replies":[{"embeddable":true,"href":"https:\/\/gospelforeveryone.worldea.org\/es\/wp-json\/wp\/v2\/comments?post=745"}],"version-history":[{"count":2,"href":"https:\/\/gospelforeveryone.worldea.org\/es\/wp-json\/wp\/v2\/pages\/745\/revisions"}],"predecessor-version":[{"id":748,"href":"https:\/\/gospelforeveryone.worldea.org\/es\/wp-json\/wp\/v2\/pages\/745\/revisions\/748"}],"wp:attachment":[{"href":"https:\/\/gospelforeveryone.worldea.org\/es\/wp-json\/wp\/v2\/media?parent=745"}],"curies":[{"name":"gracias","href":"https:\/\/api.w.org\/{rel}","templated":true}]}}