{"id":80,"date":"2025-02-23T09:53:45","date_gmt":"2025-02-23T09:53:45","guid":{"rendered":"https:\/\/gospelforeveryone.worldea.org\/?page_id=80"},"modified":"2026-04-27T08:41:02","modified_gmt":"2026-04-27T08:41:02","slug":"coming-soon","status":"publish","type":"page","link":"https:\/\/gospelforeveryone.worldea.org\/es\/","title":{"rendered":"Inicio"},"content":{"rendered":"<figure itemscope itemtype=\"https:\/\/schema.org\/ImageObject\">\n\t\t\t\t<img decoding=\"async\" src=\"https:\/\/gospelforeveryone.worldea.org\/wp-content\/uploads\/2025\/02\/wea_logo_english-for-dark-background-600.png\" alt=\"wea logo english for dark background 600\" height=\"203\" width=\"600\" title=\"wea logo espa\u00f1ol para fondo oscuro 600\" onerror=\"this.style.display='none'\" loading=\"lazy\" \/>\n\t<\/figure>\n<figure itemscope itemtype=\"https:\/\/schema.org\/ImageObject\">\n\t\t\t\t<img decoding=\"async\" src=\"https:\/\/gospelforeveryone.worldea.org\/wp-content\/uploads\/2025\/12\/ga-logo-220925-white-900.png\" alt=\"ga logo 220925 white 900\" height=\"290\" width=\"900\" title=\"logotipo ga 220925 blanco 900\" onerror=\"this.style.display='none'\" loading=\"lazy\" \/>\n\t<\/figure>\n<h1>\n\t\t\tAsamblea General 2025\t<\/h1>\n<h3>\n\t\t\tEn\t<\/h3>\n<h3>\n\t\t\t27-31 de octubre de 2025\t<\/h3>\n<h3>\n\t\t\tD\u00f3nde\t<\/h3>\n<h3>\n\t\t\tSe\u00fal, Corea del Sur\t<\/h3>\n<figure itemscope itemtype=\"https:\/\/schema.org\/ImageObject\">\n\t\t\t\t<img decoding=\"async\" src=\"https:\/\/gospelforeveryone.worldea.org\/wp-content\/uploads\/2025\/04\/wea-ga-logo-v2-600-txt-col.png\" alt=\"wea ga logo v2 600 txt col\" height=\"532\" width=\"600\" title=\"logotipo de wea ga v2 600 txt col\" onerror=\"this.style.display='none'\" loading=\"lazy\" \/>\n\t<\/figure>\n\t<p>Este trascendental evento reuni\u00f3 a l\u00edderes evang\u00e9licos, representantes de alianzas nacionales y socios de todo el mundo para unirse bajo el lema: \u201c<strong>El Evangelio para todos en 2033<\/strong>\u201c<\/p>\n\t<a href=\"https:\/\/gospelforeveryone.worldea.org\/es\/seoul-declaration\/\" target=\"_self\" role=\"button\" aria-label=\"LEA LA DECLARACI\u00d3N DE SE\u00daL\">\n\t\t\t\t\t\tLEA LA DECLARACI\u00d3N DE SE\u00daL\n\t\t\t\t\t<\/a>\n<h6>\n\t\t\tEfesios 2:13-18 (NVI)\t<\/h6>\n<h3>\n\t\t\tUna mirada retrospectiva\t<\/h3>\n\tDisfrute de los momentos m\u00e1s destacados de nuestra Asamblea General.<br \/>\nMira el v\u00eddeo a continuaci\u00f3n.\n\t<iframe allowfullscreen allow=\"autoplay\" data-src=\"https:\/\/www.youtube.com\/embed\/GFXSNe20wqE?feature=oembed&amp;start&amp;end&amp;wmode=opaque&amp;loop=0&amp;controls=1&amp;mute=0&amp;rel=0&amp;modestbranding=0\"><\/iframe>\t\t\n\t\t\t\t\tReproducir v\u00eddeo\n<h4>\n\t\t\tMantente en contacto con nosotros\t<\/h4>\n\t<form action=\"https:\/\/gospelforeveryone.worldea.org\/es\/wp-json\/ws-form\/v1\/submit\" class=\"wsf-form wsf-form-canvas\" id=\"ws-form-1\" data-id=\"1\" method=\"POST\" data-instance-id=\"1\" data-wsf-style-id=\"1\" data-trp-original-action=\"https:\/\/gospelforeveryone.worldea.org\/es\/wp-json\/ws-form\/v1\/submit\"><input type=\"hidden\" name=\"trp-form-language\" value=\"es\"\/><\/form>","protected":false},"excerpt":{"rendered":"<p>Asamblea General 2025 Cu\u00e1ndo 27-31 de octubre de 2025 D\u00f3nde Se\u00fal, Corea del Sur Este trascendental evento reuni\u00f3 a l\u00edderes evang\u00e9licos, representantes de alianzas nacionales y socios de todo el mundo bajo el lema: \u201cEl Evangelio para todos en 2033\u201c. LEA LA DECLARACI\u00d3N DE SE\u00daL Efesios 2:13-18 (NVI). Una mirada al pasado. Disfrute de los momentos destacados de nuestra Asamblea General. Vea\u2026 <a title=\"Inicio\" class=\"read-more\" href=\"https:\/\/gospelforeveryone.worldea.org\/es\/\" aria-label=\"Leer m\u00e1s sobre Inicio\">Leer m\u00e1s<\/a><\/p>","protected":false},"author":1,"featured_media":0,"parent":0,"menu_order":0,"comment_status":"closed","ping_status":"closed","template":"","meta":{"_acf_changed":false,"_seopress_robots_primary_cat":"","_seopress_titles_title":"WEA General Assembly 2025 | 27-31 October | Seoul, South Korea","_seopress_titles_desc":"The World Evangelical Alliance (WEA) is delighted to announce the 2025 General Assembly, taking place in Seoul, South Korea from October 27 to 31, 2025.","_seopress_robots_index":"","footnotes":""},"class_list":["post-80","page","type-page","status-publish"],"acf":[],"_links":{"self":[{"href":"https:\/\/gospelforeveryone.worldea.org\/es\/wp-json\/wp\/v2\/pages\/80","targetHints":{"allow":["GET"]}}],"collection":[{"href":"https:\/\/gospelforeveryone.worldea.org\/es\/wp-json\/wp\/v2\/pages"}],"about":[{"href":"https:\/\/gospelforeveryone.worldea.org\/es\/wp-json\/wp\/v2\/types\/page"}],"author":[{"embeddable":true,"href":"https:\/\/gospelforeveryone.worldea.org\/es\/wp-json\/wp\/v2\/users\/1"}],"replies":[{"embeddable":true,"href":"https:\/\/gospelforeveryone.worldea.org\/es\/wp-json\/wp\/v2\/comments?post=80"}],"version-history":[{"count":11,"href":"https:\/\/gospelforeveryone.worldea.org\/es\/wp-json\/wp\/v2\/pages\/80\/revisions"}],"predecessor-version":[{"id":1651,"href":"https:\/\/gospelforeveryone.worldea.org\/es\/wp-json\/wp\/v2\/pages\/80\/revisions\/1651"}],"wp:attachment":[{"href":"https:\/\/gospelforeveryone.worldea.org\/es\/wp-json\/wp\/v2\/media?parent=80"}],"curies":[{"name":"gracias","href":"https:\/\/api.w.org\/{rel}","templated":true}]}}