{"id":805,"date":"2025-04-29T12:16:03","date_gmt":"2025-04-29T12:16:03","guid":{"rendered":"https:\/\/gospelforeveryone.worldea.org\/?page_id=805"},"modified":"2025-04-29T12:16:04","modified_gmt":"2025-04-29T12:16:04","slug":"scholarships","status":"publish","type":"page","link":"https:\/\/gospelforeveryone.worldea.org\/es\/scholarships\/","title":{"rendered":"Becas"},"content":{"rendered":"<p>Nos sentimos profundamente honrados de que Se\u00fal, Corea del Sur, sea la sede de la 14.\u00aa Asamblea General del 27 al 31 de octubre de 2025. Esta reuni\u00f3n no es simplemente una reuni\u00f3n, sino una oportunidad hist\u00f3rica para:<\/p>\n\t<strong>Reafirmamos nuestro compromiso<br \/>\n<\/strong>a la Gran Comisi\u00f3n\n\t<strong>Reafirmar nuestra unidad en la diversidad<br \/>\n<\/strong>y el aprendizaje mutuo de lo que Dios est\u00e1 haciendo alrededor del mundo\n\t<strong>Desarrollar estrategias colectivamente<br \/>\n<\/strong>sobre c\u00f3mo abordar los desaf\u00edos contempor\u00e1neos que enfrenta la Iglesia\n<h4>\n\t\t\tEl Evangelio para todos en 2033\t<\/h4>\n\t<p>El tema de la Asamblea General de 2025 es \u201cEl Evangelio para todos en 2033\u201d, en l\u00ednea con nuestra visi\u00f3n de ver a cada persona orada y a cada naci\u00f3n alcanzada a medida que nos acercamos al 2000 aniversario de la Muerte, Resurrecci\u00f3n, Ascensi\u00f3n y Pentecost\u00e9s de Cristo. <\/p>\n<p>Este ambicioso objetivo nos desaf\u00eda a innovar en la evangelizaci\u00f3n, profundizar el discipulado y fortalecer nuestras asociaciones globales.\u00a0<\/p>\n<h3  data-animation-delay=\"0\" data-animation-duration=\"2\">\n\t\t\tInnovar en la evangelizaci\u00f3n\t<\/h3>\n<h3  data-animation-delay=\"0\" data-animation-duration=\"2\">\n\t\t\tProfundizar el discipulado\t<\/h3>\n<h3  data-animation-delay=\"0\" data-animation-duration=\"2\">\n\t\t\tFortalecer las alianzas globales\t<\/h3>\n\t<p>Tambi\u00e9n nos llama a renovar nuestros esfuerzos en la unidad de la iglesia, la claridad teol\u00f3gica y una respuesta colectiva a los desaf\u00edos sociales, asegurando que el mensaje de Jesucristo sea transformador para todas las personas, culturas y generaciones.<\/p>\n<h3  data-animation-delay=\"0\" data-animation-duration=\"2\">\n\t\t\tTodos\t<\/h3>\n<h3  data-animation-delay=\"0\" data-animation-duration=\"2\">\n\t\t\tTodas las culturas\t<\/h3>\n<h3  data-animation-delay=\"0\" data-animation-duration=\"2\">\n\t\t\tTodas las generaciones\t<\/h3>\n<h4>\n\t\t\tLa Asamblea General ser\u00e1 una reuni\u00f3n donde\u2026\t<\/h4>\n<h5>\n\t\t\tCelebrar la obra de Dios\t<\/h5>\n<h5>\n\t\t\tEscuch\u00e9monos unos a otros\t<\/h5>\n<h5>\n\t\t\tPrep\u00e1rese para el futuro\t<\/h5>\n<h4>\n\t\t\tExaminaremos cuestiones clave de nuestro tiempo, incluyendo\u2026\t<\/h4>\n<h5>\n\t\t\tOrtodoxia teol\u00f3gica\t<\/h5>\n<h5>\n\t\t\tIglesias saludables y discipulado\t<\/h5>\n<h5>\n\t\t\tEvangelismo digital\t<\/h5>\n<h5>\n\t\t\tInteligencia artificial y liderazgo \u00e9tico\t<\/h5>\n<h5>\n\t\t\tDefensa global\t<\/h5>\n<h5>\n\t\t\tDi\u00e1logo entre Corea del Norte y Corea del Sur\t<\/h5>\n<h4>\n\t\t\tReflejando la rica diversidad de nuestra familia mundial, participaremos en\u2026\t<\/h4>\n\t<h4>Oraci\u00f3n<\/h4>\t\n\t<h4>Culto<\/h4>\t\n\t<h4>Compa\u00f1erismo<\/h4>\t\n<h4  data-animation-delay=\"0\" data-animation-duration=\"2\">\n\t\t\tJuntos\t<\/h4>\n\t<p>Reafirmaremos la identidad y misi\u00f3n evang\u00e9lica que definen a la WEA y estableceremos una hoja de ruta que nos guiar\u00e1 hacia la pr\u00f3xima d\u00e9cada de ministerio global.<\/p>\n\t<p>Esta Asamblea General es una oportunidad \u00fanica para conectar con la familia evang\u00e9lica de diferentes regiones, generaciones y redes globales. Es una invitaci\u00f3n a todos a reflexionar sobre el mandato de Jes\u00fas en Mateo 28:18-20.<strong>.<\/strong><\/p>\n<h6>\n\t\t\tMateo 28:18-20 (NVI)\t<\/h6>\n\t<p>Nuestro tiempo juntos brindar\u00e1 espacio para la adoraci\u00f3n, la oraci\u00f3n, las discusiones estrat\u00e9gicas y la colaboraci\u00f3n, lo que nos permitir\u00e1 proclamar el Evangelio en todo el mundo mientras nos enfocamos en lo siguiente:<\/p>","protected":false},"excerpt":{"rendered":"<p>Nos sentimos profundamente honrados de que Se\u00fal, Corea del Sur, sea la sede de la 14.\u00aa Asamblea General del 27 al 31 de octubre de 2025. Esta reuni\u00f3n no es simplemente una reuni\u00f3n, sino una oportunidad hist\u00f3rica para: Reafirmar nuestro compromiso con la Gran Comisi\u00f3n. Reafirmar nuestra unidad en la diversidad y el aprendizaje mutuo de lo que Dios est\u00e1 haciendo en todo el mundo. Elaborar estrategias colectivas sobre c\u00f3mo\u2026 <a title=\"Becas\" class=\"read-more\" href=\"https:\/\/gospelforeveryone.worldea.org\/es\/scholarships\/\" aria-label=\"Leer m\u00e1s sobre Scholarships\">Leer m\u00e1s<\/a><\/p>","protected":false},"author":1,"featured_media":0,"parent":0,"menu_order":0,"comment_status":"closed","ping_status":"closed","template":"","meta":{"_acf_changed":false,"_seopress_robots_primary_cat":"","_seopress_titles_title":"","_seopress_titles_desc":"","_seopress_robots_index":"","footnotes":""},"class_list":["post-805","page","type-page","status-publish"],"acf":[],"_links":{"self":[{"href":"https:\/\/gospelforeveryone.worldea.org\/es\/wp-json\/wp\/v2\/pages\/805","targetHints":{"allow":["GET"]}}],"collection":[{"href":"https:\/\/gospelforeveryone.worldea.org\/es\/wp-json\/wp\/v2\/pages"}],"about":[{"href":"https:\/\/gospelforeveryone.worldea.org\/es\/wp-json\/wp\/v2\/types\/page"}],"author":[{"embeddable":true,"href":"https:\/\/gospelforeveryone.worldea.org\/es\/wp-json\/wp\/v2\/users\/1"}],"replies":[{"embeddable":true,"href":"https:\/\/gospelforeveryone.worldea.org\/es\/wp-json\/wp\/v2\/comments?post=805"}],"version-history":[{"count":1,"href":"https:\/\/gospelforeveryone.worldea.org\/es\/wp-json\/wp\/v2\/pages\/805\/revisions"}],"predecessor-version":[{"id":806,"href":"https:\/\/gospelforeveryone.worldea.org\/es\/wp-json\/wp\/v2\/pages\/805\/revisions\/806"}],"wp:attachment":[{"href":"https:\/\/gospelforeveryone.worldea.org\/es\/wp-json\/wp\/v2\/media?parent=805"}],"curies":[{"name":"gracias","href":"https:\/\/api.w.org\/{rel}","templated":true}]}}