{"id":809,"date":"2025-04-29T12:19:09","date_gmt":"2025-04-29T12:19:09","guid":{"rendered":"https:\/\/gospelforeveryone.worldea.org\/?page_id=809"},"modified":"2025-09-01T16:58:35","modified_gmt":"2025-09-01T16:58:35","slug":"apply","status":"publish","type":"page","link":"https:\/\/gospelforeveryone.worldea.org\/es\/scholarships\/apply\/","title":{"rendered":"Becas \u2013 Solicitar"},"content":{"rendered":"<h2>\n\t\t\tLas solicitudes de becas ya est\u00e1n cerradas\t<\/h2>\n\t<p>Gracias por su inter\u00e9s en asistir a la Asamblea General de WEA en Se\u00fal, Corea del Sur, en octubre de 2025. Recibimos un gran volumen de solicitudes de apoyo financiero y, si bien nos sentimos profundamente alentados por el nivel de participaci\u00f3n en la comunidad de WEA, esto tambi\u00e9n significa que los fondos disponibles son limitados.<\/p>\n<p><strong>tenga en cuenta<\/strong> que las becas solo est\u00e1n disponibles para los representantes de la Alianza que no pueden financiarse completamente.<\/p>\n<p>Como parte de nuestro esfuerzo por apoyar a la mayor cantidad posible de participantes, se otorgan becas en funci\u00f3n de la solidez de cada solicitud y de acuerdo con criterios de evaluaci\u00f3n establecidos (como participaci\u00f3n de WEA, recomendaci\u00f3n, potencial de impacto y necesidad financiera).<\/p>\n<p>Para permitir que participen m\u00e1s delegados, generalmente intentamos cubrir el costo del vuelo y\u00a0<strong>Solicitamos que los participantes cubran el costo de su tarifa de inscripci\u00f3n.<\/strong>.<\/p>\n<p>Tenga en cuenta lo siguiente:<\/p>\n<ul>\n<li>Si tiene \u00e9xito en su solicitud de beca, buscaremos el boleto de avi\u00f3n m\u00e1s rentable para usted y lo compraremos en su nombre.<\/li>\n<li>El costo de la tarifa de inscripci\u00f3n var\u00eda entre $100 y $700 y se detalla en la <a href=\"https:\/\/gospelforeveryone.worldea.org\/es\/payment\/\">p\u00e1gina de pago<\/a>La inscripci\u00f3n est\u00e1 fuertemente subvencionada y cubre los costos del evento, incluido el alojamiento y todas las comidas.\n<ul>\n<li><strong>Si tienes menos de 45 a\u00f1os<\/strong>\u00a0entonces el costo se limita a $100.<\/li>\n<li><strong>Si eres miembro<\/strong>\u00a0Entonces usted ser\u00e1 elegible para un descuento de membres\u00eda dependiendo del tipo de membres\u00eda.<\/li>\n<\/ul>\n<\/li>\n<\/ul>\n<p>Creemos que este enfoque compartido permitir\u00e1 que nuestro presupuesto de becas llegue al mayor n\u00famero posible de solicitantes, apoyando nuestro objetivo de una representaci\u00f3n amplia y diversa en la Asamblea.<\/p>\n<p>Agradecemos su comprensi\u00f3n y colaboraci\u00f3n mientras gestionamos estos recursos con prudencia. Si tiene la oportunidad de obtener apoyo adicional a trav\u00e9s de su organizaci\u00f3n, iglesia local o redes personales, le animamos a hacerlo.<\/p>\n<p>Gracias.<\/p>","protected":false},"excerpt":{"rendered":"<p>Las solicitudes de becas ya est\u00e1n cerradas. Gracias por su inter\u00e9s en asistir a la Asamblea General de WEA en Se\u00fal, Corea del Sur, en octubre de 2025. Recibimos un gran volumen de solicitudes de apoyo financiero y, si bien nos sentimos profundamente alentados por el nivel de participaci\u00f3n en la comunidad de WEA, esto tambi\u00e9n significa que los fondos disponibles son limitados. <a title=\"Becas \u2013 Solicitar\" class=\"read-more\" href=\"https:\/\/gospelforeveryone.worldea.org\/es\/scholarships\/apply\/\" aria-label=\"Leer m\u00e1s sobre Becas \u2013 Postular\">Leer m\u00e1s<\/a><\/p>","protected":false},"author":1,"featured_media":0,"parent":805,"menu_order":0,"comment_status":"closed","ping_status":"closed","template":"","meta":{"_acf_changed":false,"_seopress_robots_primary_cat":"","_seopress_titles_title":"","_seopress_titles_desc":"","_seopress_robots_index":"","footnotes":""},"class_list":["post-809","page","type-page","status-publish"],"acf":[],"_links":{"self":[{"href":"https:\/\/gospelforeveryone.worldea.org\/es\/wp-json\/wp\/v2\/pages\/809","targetHints":{"allow":["GET"]}}],"collection":[{"href":"https:\/\/gospelforeveryone.worldea.org\/es\/wp-json\/wp\/v2\/pages"}],"about":[{"href":"https:\/\/gospelforeveryone.worldea.org\/es\/wp-json\/wp\/v2\/types\/page"}],"author":[{"embeddable":true,"href":"https:\/\/gospelforeveryone.worldea.org\/es\/wp-json\/wp\/v2\/users\/1"}],"replies":[{"embeddable":true,"href":"https:\/\/gospelforeveryone.worldea.org\/es\/wp-json\/wp\/v2\/comments?post=809"}],"version-history":[{"count":9,"href":"https:\/\/gospelforeveryone.worldea.org\/es\/wp-json\/wp\/v2\/pages\/809\/revisions"}],"predecessor-version":[{"id":1020,"href":"https:\/\/gospelforeveryone.worldea.org\/es\/wp-json\/wp\/v2\/pages\/809\/revisions\/1020"}],"up":[{"embeddable":true,"href":"https:\/\/gospelforeveryone.worldea.org\/es\/wp-json\/wp\/v2\/pages\/805"}],"wp:attachment":[{"href":"https:\/\/gospelforeveryone.worldea.org\/es\/wp-json\/wp\/v2\/media?parent=809"}],"curies":[{"name":"gracias","href":"https:\/\/api.w.org\/{rel}","templated":true}]}}