{"id":946,"date":"2025-08-14T22:15:00","date_gmt":"2025-08-14T22:15:00","guid":{"rendered":"https:\/\/gospelforeveryone.worldea.org\/?page_id=946"},"modified":"2025-09-15T14:05:16","modified_gmt":"2025-09-15T14:05:16","slug":"booth-spaces","status":"publish","type":"page","link":"https:\/\/gospelforeveryone.worldea.org\/es\/booth-spaces\/","title":{"rendered":"Espacios de stand"},"content":{"rendered":"<h2  data-animation-delay=\"0\" data-animation-duration=\"2\">\n\t\t\tMuestre su ministerio en la Asamblea General de la WEA 2025\t<\/h2>\n<h3  data-animation-delay=\"0\" data-animation-duration=\"2\">\n\t\t\t\u00danase a nosotros para promover \u201cEl Evangelio para todos en 2033\u201d\t<\/h3>\n\t<p>La Asamblea General de la Alianza Evang\u00e9lica Mundial 2025 es una reuni\u00f3n hist\u00f3rica de m\u00e1s de 6000 l\u00edderes y representantes evang\u00e9licos de m\u00e1s de 100 naciones. Al acercarnos al bimilenario de la muerte, resurrecci\u00f3n, ascensi\u00f3n y Pentecost\u00e9s de Cristo, este es un momento \u00fanico para unirnos en oraci\u00f3n y misi\u00f3n para alcanzar a cada persona y naci\u00f3n.<\/p>\n<h3  data-animation-delay=\"0\" data-animation-duration=\"3\">\n\t\t\tInvitamos a los ministerios y organizaciones con mentalidad del Reino a participar organizando un stand en este evento hist\u00f3rico.\t<\/h3>\n\t<p>Presente su misi\u00f3n, ministerios, recursos y servicios directamente a una audiencia internacional de personas influyentes y tomadores de decisiones clave. Esta es su oportunidad de forjar conexiones valiosas con el liderazgo evang\u00e9lico global y expandir su impacto global.<\/p>\n<p><strong>Qu\u00e9 incluye:<\/strong><\/p>\n<ul>\n<li>Un espacio de stand privilegiado en una zona de mucho tr\u00e1fico<\/li>\n<li>Monta tu display a tu manera (trae tus propios materiales y dise\u00f1o)<\/li>\n<li>Acceso a una comunidad diversa de l\u00edderes y socios evang\u00e9licos globales<\/li>\n<\/ul>\n<h3>\n\t\t\tOpciones y precios de stand\t<\/h3>\n\t<div id=\"footable_parent_951\"\n         class=\"footable_parent ninja_table_wrapper loading_ninja_table wp_table_data_press_parent semantic_ui\">\n                <table data-ninja_table_instance=\"ninja_table_instance_0\" data-footable_id=\"951\" data-filter-delay=\"1000\" aria-label=\"Tipos de stand\"            id=\"footable_951\"\n           data-unique_identifier=\"ninja_table_unique_id_934064429_951\"\n           class=\"foo-table ninja_footable foo_table_951 ninja_table_unique_id_934064429_951 ui table  ninja_search_right nt_type_legacy_table selectable striped vertical_centered  footable-paging-right ninja_table_search_disabled ninja_table_pro\">\n                <colgroup>\n                            <col class=\"ninja_column_0\">\n                            <col class=\"ninja_column_1\">\n                            <col class=\"ninja_column_2\">\n                            <col class=\"ninja_column_3\">\n                    <\/colgroup>\n        <thead>\n<tr class=\"footable-header\">\n                                                                        <th scope=\"col\"  class=\"ninja_column_0 ninja_clmn_nm_booth_type\">Tipo de stand<\/th><th scope=\"col\"  class=\"ninja_column_1 ninja_clmn_nm_description\">Descripci\u00f3n<\/th><th scope=\"col\"  class=\"ninja_column_2 ninja_clmn_nm_size\">Tama\u00f1o<\/th><th scope=\"col\"  class=\"ninja_column_3 ninja_clmn_nm_cost_usd\">Costo (USD)<\/th><\/tr>\n<\/thead>\n<tbody>\n\n        <tr data-row_id=\"6\" class=\"ninja_table_row_0 nt_row_id_6\">\n            <td>Est\u00e1ndar<\/td><td>Un lado abierto<\/td><td>3x3 metros<\/td><td>$4,400 (2 becas)<\/td>        <\/tr>\n            <tr data-row_id=\"7\" class=\"ninja_table_row_1 nt_row_id_7\">\n            <td>Pen\u00ednsula<\/td><td>Tres lados abiertos (esquina)<\/td><td>4x3 metros<\/td><td>$6,600 (3 becas)<\/td>        <\/tr>\n            <tr data-row_id=\"8\" class=\"ninja_table_row_2 nt_row_id_8\">\n            <td>Isla<\/td><td>Stand de isla (todos los lados abiertos)<\/td><td>4x4 metros<\/td><td>$8,800 (4 becas)<\/td>        <\/tr>\n    <\/tbody><!--ninja_tobody_rendering_done-->\n    <\/table>\n    \n    \n    \n<\/div>\n\n<h3>\n\t\t\tVisualiza tu presencia\t<\/h3>\n\t\t\t\t\t\t\t\t\t\t\t\t\t\t\t\t\t<a href=\"https:\/\/gospelforeveryone.worldea.org\/wp-content\/uploads\/2025\/08\/img_4293.jpg\" target=\"_self\" data-caption=\"img 4293\" aria-label=\"imagen 4293\">\n\t\t\t\t\t\t<figure>\n\t\t\t\t\t\t\t<img loading=\"lazy\" decoding=\"async\" src=\"https:\/\/gospelforeveryone.worldea.org\/wp-content\/uploads\/2025\/08\/img_4293.jpg\" alt=\"img 4293\" srcset=\"https:\/\/gospelforeveryone.worldea.org\/wp-content\/uploads\/2025\/08\/img_4293.jpg 1200w, https:\/\/gospelforeveryone.worldea.org\/wp-content\/uploads\/2025\/08\/img_4293-300x225.jpg 300w, https:\/\/gospelforeveryone.worldea.org\/wp-content\/uploads\/2025\/08\/img_4293-1024x768.jpg 1024w, https:\/\/gospelforeveryone.worldea.org\/wp-content\/uploads\/2025\/08\/img_4293-768x576.jpg 768w, https:\/\/gospelforeveryone.worldea.org\/wp-content\/uploads\/2025\/08\/img_4293-16x12.jpg 16w\" width=\"1200\" height=\"900\" \/>\n\t\t\t\t\t\t\t\t\t\t\t\t\t<\/figure>\n\t\t\t\t\t\t\t\t\t\t<\/a>\n\t\t\t\t\t\t\t\t\t\t\t\t\t\t\t\t\t<a href=\"https:\/\/gospelforeveryone.worldea.org\/wp-content\/uploads\/2025\/08\/img_4294.jpg\" target=\"_self\" data-caption=\"img 4294\" aria-label=\"imagen 4294\">\n\t\t\t\t\t\t<figure>\n\t\t\t\t\t\t\t<img loading=\"lazy\" decoding=\"async\" src=\"https:\/\/gospelforeveryone.worldea.org\/wp-content\/uploads\/2025\/08\/img_4294.jpg\" alt=\"img 4294\" srcset=\"https:\/\/gospelforeveryone.worldea.org\/wp-content\/uploads\/2025\/08\/img_4294.jpg 1200w, https:\/\/gospelforeveryone.worldea.org\/wp-content\/uploads\/2025\/08\/img_4294-300x225.jpg 300w, https:\/\/gospelforeveryone.worldea.org\/wp-content\/uploads\/2025\/08\/img_4294-1024x768.jpg 1024w, https:\/\/gospelforeveryone.worldea.org\/wp-content\/uploads\/2025\/08\/img_4294-768x576.jpg 768w, https:\/\/gospelforeveryone.worldea.org\/wp-content\/uploads\/2025\/08\/img_4294-16x12.jpg 16w\" width=\"1200\" height=\"900\" \/>\n\t\t\t\t\t\t\t\t\t\t\t\t\t<\/figure>\n\t\t\t\t\t\t\t\t\t\t<\/a>\n\t\t\t\t\t\t\t\t\t\t\t\t\t\t\t\t\t<a href=\"https:\/\/gospelforeveryone.worldea.org\/wp-content\/uploads\/2025\/08\/img_4272.jpg\" target=\"_self\" data-caption=\"img 4272\" aria-label=\"imagen 4272\">\n\t\t\t\t\t\t<figure>\n\t\t\t\t\t\t\t<img loading=\"lazy\" decoding=\"async\" src=\"https:\/\/gospelforeveryone.worldea.org\/wp-content\/uploads\/2025\/08\/img_4272.jpg\" alt=\"img 4272\" srcset=\"https:\/\/gospelforeveryone.worldea.org\/wp-content\/uploads\/2025\/08\/img_4272.jpg 1200w, https:\/\/gospelforeveryone.worldea.org\/wp-content\/uploads\/2025\/08\/img_4272-300x225.jpg 300w, https:\/\/gospelforeveryone.worldea.org\/wp-content\/uploads\/2025\/08\/img_4272-1024x768.jpg 1024w, https:\/\/gospelforeveryone.worldea.org\/wp-content\/uploads\/2025\/08\/img_4272-768x576.jpg 768w, https:\/\/gospelforeveryone.worldea.org\/wp-content\/uploads\/2025\/08\/img_4272-16x12.jpg 16w\" width=\"1200\" height=\"900\" \/>\n\t\t\t\t\t\t\t\t\t\t\t\t\t<\/figure>\n\t\t\t\t\t\t\t\t\t\t<\/a>\n\t\t\t\t\t\t\t\t\t\t\t\t\t\t\t\t\t<a href=\"https:\/\/gospelforeveryone.worldea.org\/wp-content\/uploads\/2025\/08\/img_4270.jpg\" target=\"_self\" data-caption=\"img 4270\" aria-label=\"imagen 4270\">\n\t\t\t\t\t\t<figure>\n\t\t\t\t\t\t\t<img loading=\"lazy\" decoding=\"async\" src=\"https:\/\/gospelforeveryone.worldea.org\/wp-content\/uploads\/2025\/08\/img_4270.jpg\" alt=\"img 4270\" srcset=\"https:\/\/gospelforeveryone.worldea.org\/wp-content\/uploads\/2025\/08\/img_4270.jpg 1200w, https:\/\/gospelforeveryone.worldea.org\/wp-content\/uploads\/2025\/08\/img_4270-300x225.jpg 300w, https:\/\/gospelforeveryone.worldea.org\/wp-content\/uploads\/2025\/08\/img_4270-1024x768.jpg 1024w, https:\/\/gospelforeveryone.worldea.org\/wp-content\/uploads\/2025\/08\/img_4270-768x576.jpg 768w, https:\/\/gospelforeveryone.worldea.org\/wp-content\/uploads\/2025\/08\/img_4270-16x12.jpg 16w\" width=\"1200\" height=\"900\" \/>\n\t\t\t\t\t\t\t\t\t\t\t\t\t<\/figure>\n\t\t\t\t\t\t\t\t\t\t<\/a>\n\t\t\t\t\t\t\t\t\t\t\t\t\t\t\t\t\t<a href=\"https:\/\/gospelforeveryone.worldea.org\/wp-content\/uploads\/2025\/08\/img_4292.jpg\" target=\"_self\" data-caption=\"img 4292\" aria-label=\"imagen 4292\">\n\t\t\t\t\t\t<figure>\n\t\t\t\t\t\t\t<img loading=\"lazy\" decoding=\"async\" src=\"https:\/\/gospelforeveryone.worldea.org\/wp-content\/uploads\/2025\/08\/img_4292.jpg\" alt=\"img 4292\" srcset=\"https:\/\/gospelforeveryone.worldea.org\/wp-content\/uploads\/2025\/08\/img_4292.jpg 1200w, https:\/\/gospelforeveryone.worldea.org\/wp-content\/uploads\/2025\/08\/img_4292-300x225.jpg 300w, https:\/\/gospelforeveryone.worldea.org\/wp-content\/uploads\/2025\/08\/img_4292-1024x768.jpg 1024w, https:\/\/gospelforeveryone.worldea.org\/wp-content\/uploads\/2025\/08\/img_4292-768x576.jpg 768w, https:\/\/gospelforeveryone.worldea.org\/wp-content\/uploads\/2025\/08\/img_4292-16x12.jpg 16w\" width=\"1200\" height=\"900\" \/>\n\t\t\t\t\t\t\t\t\t\t\t\t\t<\/figure>\n\t\t\t\t\t\t\t\t\t\t<\/a>\n\t\t\t\t\t\t\t\t<!-- navigation arrows -->\n\t\t\t<button aria-label=\"Diapositiva anterior\" role=\"button\" tabindex=\"0\">\n\t\t\t\t\t\t\t<\/button>\n\t\t\t<button aria-label=\"Siguiente diapositiva\" role=\"button\" tabindex=\"0\">\n\t\t\t\t\t\t\t<\/button>\n<h3>\n\t\t\tApoyando juntos el liderazgo global\t<\/h3>\n\t<p>Su participaci\u00f3n tambi\u00e9n contribuye a ampliar la representaci\u00f3n global. 100% de las ganancias de las ventas de los stands patrocinan becas para l\u00edderes meritorios del Mundo Mayoritario, permiti\u00e9ndoles asistir y contribuir a esta comunidad mundial. Una beca completa cuesta $2,200 y ayuda a formar l\u00edderes que llevar\u00e1n el Evangelio a sus comunidades.<\/p>\n<p>Obtenga m\u00e1s informaci\u00f3n o haga una donaci\u00f3n: <a href=\"https:\/\/gospelforeveryone.worldea.org\/es\/scholarships\/donate\/\">https:\/\/gospelforeveryone.worldea.org\/scholarships\/donate\/<\/a><\/p>\n<p><strong>Tenga en cuenta:<\/strong><\/p>\n<ul>\n<li>Los espacios de stand incluyen \u00fanicamente el \u00e1rea de exposici\u00f3n. Los expositores deben traer sus propios expositores y materiales.<\/li>\n<li>\u00bfNecesita m\u00e1s espacio? Puede solicitar espacio adicional para su stand.<\/li>\n<li>La fecha l\u00edmite de reserva es el 15 de octubre de 2025.<\/li>\n<\/ul>\n<h3  data-animation-delay=\"0\" data-animation-duration=\"2\">\n\t\t\tReserva tu stand hoy\t<\/h3>\n\t<p><strong>O p\u00f3ngase en contacto con nosotros: <\/strong><a href=\"mailto:generalassembly@worldea.org\">generalassembly@worldea.org<\/a><\/p>\n<h3>\n\t\t\tReserva de stand\t<\/h3>\n\t<form action=\"https:\/\/gospelforeveryone.worldea.org\/es\/wp-json\/ws-form\/v1\/submit\" class=\"wsf-form wsf-form-canvas\" id=\"ws-form-1\" data-id=\"24\" method=\"POST\" data-instance-id=\"1\" data-wsf-style-id=\"1\" data-trp-original-action=\"https:\/\/gospelforeveryone.worldea.org\/es\/wp-json\/ws-form\/v1\/submit\"><input type=\"hidden\" name=\"trp-form-language\" value=\"es\"\/><\/form>","protected":false},"excerpt":{"rendered":"<p>Presente su ministerio en la Asamblea General de la Alianza Evang\u00e9lica Mundial 2025. \u00danase a nosotros para impulsar &quot;El Evangelio para Todos en 2033&quot;. La Asamblea General de la Alianza Evang\u00e9lica Mundial 2025 es una reuni\u00f3n hist\u00f3rica de m\u00e1s de 6000 l\u00edderes y representantes evang\u00e9licos de m\u00e1s de 100 naciones. Al acercarnos al bimilenario de la muerte, resurrecci\u00f3n, ascensi\u00f3n y Pentecost\u00e9s de Cristo,... <a title=\"Espacios de stand\" class=\"read-more\" href=\"https:\/\/gospelforeveryone.worldea.org\/es\/booth-spaces\/\" aria-label=\"Leer m\u00e1s sobre Stands\">Leer m\u00e1s<\/a><\/p>","protected":false},"author":1,"featured_media":0,"parent":0,"menu_order":0,"comment_status":"closed","ping_status":"closed","template":"","meta":{"_acf_changed":false,"_seopress_robots_primary_cat":"","_seopress_titles_title":"","_seopress_titles_desc":"","_seopress_robots_index":"","footnotes":""},"class_list":["post-946","page","type-page","status-publish"],"acf":[],"_links":{"self":[{"href":"https:\/\/gospelforeveryone.worldea.org\/es\/wp-json\/wp\/v2\/pages\/946","targetHints":{"allow":["GET"]}}],"collection":[{"href":"https:\/\/gospelforeveryone.worldea.org\/es\/wp-json\/wp\/v2\/pages"}],"about":[{"href":"https:\/\/gospelforeveryone.worldea.org\/es\/wp-json\/wp\/v2\/types\/page"}],"author":[{"embeddable":true,"href":"https:\/\/gospelforeveryone.worldea.org\/es\/wp-json\/wp\/v2\/users\/1"}],"replies":[{"embeddable":true,"href":"https:\/\/gospelforeveryone.worldea.org\/es\/wp-json\/wp\/v2\/comments?post=946"}],"version-history":[{"count":11,"href":"https:\/\/gospelforeveryone.worldea.org\/es\/wp-json\/wp\/v2\/pages\/946\/revisions"}],"predecessor-version":[{"id":1040,"href":"https:\/\/gospelforeveryone.worldea.org\/es\/wp-json\/wp\/v2\/pages\/946\/revisions\/1040"}],"wp:attachment":[{"href":"https:\/\/gospelforeveryone.worldea.org\/es\/wp-json\/wp\/v2\/media?parent=946"}],"curies":[{"name":"gracias","href":"https:\/\/api.w.org\/{rel}","templated":true}]}}