{"id":978,"date":"2025-08-28T09:34:20","date_gmt":"2025-08-28T09:34:20","guid":{"rendered":"https:\/\/gospelforeveryone.worldea.org\/?page_id=978"},"modified":"2025-08-28T09:35:15","modified_gmt":"2025-08-28T09:35:15","slug":"voting-members","status":"publish","type":"page","link":"https:\/\/gospelforeveryone.worldea.org\/es\/voting-members\/","title":{"rendered":"Miembros con derecho a voto"},"content":{"rendered":"<p>Las alianzas nacionales y regionales son miembros con derecho a voto de la Alianza Evang\u00e9lica Mundial<\/p>\n<p>Cada alianza puede designar hasta tres (3) delegados para asistir a la reuni\u00f3n de negocios, pero solo se asigna un (1) voto por miembro votante.<\/p>\n<p>En este formulario, por favor indique qui\u00e9nes son los tres delegados, as\u00ed como el nombre del delegado que votar\u00e1.<\/p>\n\t<form action=\"https:\/\/gospelforeveryone.worldea.org\/es\/wp-json\/ws-form\/v1\/submit\" class=\"wsf-form wsf-form-canvas\" id=\"ws-form-1\" data-id=\"26\" method=\"POST\" data-instance-id=\"1\" data-wsf-style-id=\"1\" data-trp-original-action=\"https:\/\/gospelforeveryone.worldea.org\/es\/wp-json\/ws-form\/v1\/submit\"><input type=\"hidden\" name=\"trp-form-language\" value=\"es\"\/><\/form>","protected":false},"excerpt":{"rendered":"<p>National and Regional Alliances are Voting Members of the World Evangelical Alliance Each alliance may\u00a0appoint up to three (3) delegates to attend the business meeting, but only one (1) vote is allocated per Voting Member. In this form, please indicate who the three delegates are, as well as the name of the delegate who will &#8230; <a title=\"Miembros con derecho a voto\" class=\"read-more\" href=\"https:\/\/gospelforeveryone.worldea.org\/es\/voting-members\/\" aria-label=\"Leer m\u00e1s sobre Voting members\">Leer m\u00e1s<\/a><\/p>","protected":false},"author":1,"featured_media":0,"parent":0,"menu_order":0,"comment_status":"closed","ping_status":"closed","template":"","meta":{"_acf_changed":false,"_seopress_robots_primary_cat":"","_seopress_titles_title":"","_seopress_titles_desc":"","_seopress_robots_index":"","footnotes":""},"class_list":["post-978","page","type-page","status-publish"],"acf":[],"_links":{"self":[{"href":"https:\/\/gospelforeveryone.worldea.org\/es\/wp-json\/wp\/v2\/pages\/978","targetHints":{"allow":["GET"]}}],"collection":[{"href":"https:\/\/gospelforeveryone.worldea.org\/es\/wp-json\/wp\/v2\/pages"}],"about":[{"href":"https:\/\/gospelforeveryone.worldea.org\/es\/wp-json\/wp\/v2\/types\/page"}],"author":[{"embeddable":true,"href":"https:\/\/gospelforeveryone.worldea.org\/es\/wp-json\/wp\/v2\/users\/1"}],"replies":[{"embeddable":true,"href":"https:\/\/gospelforeveryone.worldea.org\/es\/wp-json\/wp\/v2\/comments?post=978"}],"version-history":[{"count":2,"href":"https:\/\/gospelforeveryone.worldea.org\/es\/wp-json\/wp\/v2\/pages\/978\/revisions"}],"predecessor-version":[{"id":981,"href":"https:\/\/gospelforeveryone.worldea.org\/es\/wp-json\/wp\/v2\/pages\/978\/revisions\/981"}],"wp:attachment":[{"href":"https:\/\/gospelforeveryone.worldea.org\/es\/wp-json\/wp\/v2\/media?parent=978"}],"curies":[{"name":"gracias","href":"https:\/\/api.w.org\/{rel}","templated":true}]}}