{"id":987,"date":"2025-08-29T11:49:59","date_gmt":"2025-08-29T11:49:59","guid":{"rendered":"https:\/\/gospelforeveryone.worldea.org\/?page_id=987"},"modified":"2025-08-29T13:14:36","modified_gmt":"2025-08-29T13:14:36","slug":"waiting-list","status":"publish","type":"page","link":"https:\/\/gospelforeveryone.worldea.org\/es\/waiting-list\/","title":{"rendered":"Lista de espera"},"content":{"rendered":"<p>Nos alegra enormemente el inter\u00e9s de nuestra Asamblea General. Lamentablemente, todas nuestras salas est\u00e1n ocupadas y <strong>La inscripci\u00f3n ya est\u00e1 cerrada<\/strong> Mientras hacemos m\u00e1s an\u00e1lisis.<\/p>\n<p>Si ya ha completado su formulario de registro, aseg\u00farese de haber realizado el pago. <a href=\"https:\/\/gospelforeveryone.worldea.org\/es\/payment\/\">aqu\u00ed<\/a>. <strong>S\u00f3lo se confirman las inscripciones con pagos completados.<\/strong>.<\/p>\n<p>Si logramos conseguir m\u00e1s espacios, se abrir\u00e1n nuevamente las inscripciones. <strong>Tenga en cuenta que solo habr\u00e1 m\u00e1s espacios disponibles al precio de inscripci\u00f3n completo de US$700<\/strong>Si desea recibir notificaciones cuando haya m\u00e1s inscripciones disponibles, a\u00f1ada su nombre y direcci\u00f3n en el formulario a continuaci\u00f3n.<\/p>\n\t<form action=\"https:\/\/gospelforeveryone.worldea.org\/es\/wp-json\/ws-form\/v1\/submit\" class=\"wsf-form wsf-form-canvas\" id=\"ws-form-1\" data-id=\"27\" method=\"POST\" data-instance-id=\"1\" data-wsf-style-id=\"1\" data-trp-original-action=\"https:\/\/gospelforeveryone.worldea.org\/es\/wp-json\/ws-form\/v1\/submit\"><input type=\"hidden\" name=\"trp-form-language\" value=\"es\"\/><\/form>","protected":false},"excerpt":{"rendered":"<p>We are overjoyed with the interest of our General Assembly. Regrettably, all our rooms are currently filled and registration is now closed whilst we make further analysis. If you have already completed your registration form then please ensure that you have made payment here. Only registrations with completed payments are confirmed. If we are able &#8230; <a title=\"Lista de espera\" class=\"read-more\" href=\"https:\/\/gospelforeveryone.worldea.org\/es\/waiting-list\/\" aria-label=\"Leer m\u00e1s sobre Waiting List\">Leer m\u00e1s<\/a><\/p>","protected":false},"author":1,"featured_media":0,"parent":0,"menu_order":0,"comment_status":"closed","ping_status":"closed","template":"","meta":{"_acf_changed":false,"_seopress_robots_primary_cat":"","_seopress_titles_title":"","_seopress_titles_desc":"","_seopress_robots_index":"","footnotes":""},"class_list":["post-987","page","type-page","status-publish"],"acf":[],"_links":{"self":[{"href":"https:\/\/gospelforeveryone.worldea.org\/es\/wp-json\/wp\/v2\/pages\/987","targetHints":{"allow":["GET"]}}],"collection":[{"href":"https:\/\/gospelforeveryone.worldea.org\/es\/wp-json\/wp\/v2\/pages"}],"about":[{"href":"https:\/\/gospelforeveryone.worldea.org\/es\/wp-json\/wp\/v2\/types\/page"}],"author":[{"embeddable":true,"href":"https:\/\/gospelforeveryone.worldea.org\/es\/wp-json\/wp\/v2\/users\/1"}],"replies":[{"embeddable":true,"href":"https:\/\/gospelforeveryone.worldea.org\/es\/wp-json\/wp\/v2\/comments?post=987"}],"version-history":[{"count":6,"href":"https:\/\/gospelforeveryone.worldea.org\/es\/wp-json\/wp\/v2\/pages\/987\/revisions"}],"predecessor-version":[{"id":1007,"href":"https:\/\/gospelforeveryone.worldea.org\/es\/wp-json\/wp\/v2\/pages\/987\/revisions\/1007"}],"wp:attachment":[{"href":"https:\/\/gospelforeveryone.worldea.org\/es\/wp-json\/wp\/v2\/media?parent=987"}],"curies":[{"name":"gracias","href":"https:\/\/api.w.org\/{rel}","templated":true}]}}