{"id":1117,"date":"2025-09-30T00:39:59","date_gmt":"2025-09-30T00:39:59","guid":{"rendered":"https:\/\/gospelforeveryone.worldea.org\/?page_id=1117"},"modified":"2025-10-05T17:37:57","modified_gmt":"2025-10-05T17:37:57","slug":"information","status":"publish","type":"page","link":"https:\/\/gospelforeveryone.worldea.org\/fr\/information\/","title":{"rendered":"Information"},"content":{"rendered":"<p>Bienvenue \u00e0 l&#039;Assembl\u00e9e g\u00e9n\u00e9rale 2025 de la WEA \u00e0 S\u00e9oul\u00a0! Nous sommes ravis de vous compter parmi nous en Cor\u00e9e et souhaitons que votre visite se d\u00e9roule dans les meilleures conditions. Pour cela, veuillez prendre quelques instants pour lire les informations importantes ci-dessous.<\/p>\n<h5>Votre num\u00e9ro d&#039;identification personnel<\/h5>\n<p>Comme nous attendons des participants du monde entier, la simple mention des noms peut parfois s&#039;av\u00e9rer complexe lors des communications. C&#039;est pourquoi un num\u00e9ro d&#039;identification personnel unique est attribu\u00e9 \u00e0 chacun. Nous utiliserons ces num\u00e9ros pour toutes les communications officielles pendant l&#039;Assembl\u00e9e, et les h\u00f4tels les utiliseront \u00e9galement. Avant votre d\u00e9part, veuillez v\u00e9rifier votre num\u00e9ro d&#039;identification et votre num\u00e9ro d&#039;h\u00f4tel\u00a0: ils seront affich\u00e9s sur le tableau d&#039;affichage de l&#039;Assembl\u00e9e.<\/p>\n<h3>\n\t\t\tInformations g\u00e9n\u00e9rales\t<\/h3>\n\t<h5>A. Informations sur l&#039;arriv\u00e9e et l&#039;enregistrement<\/h5>\n<ol>\n<li>Si vous arrivez entre <strong>Samedi 25 octobre<\/strong> et <strong>Dimanche 26 octobre 2025<\/strong>, s&#039;il vous pla\u00eet arr\u00eatez-vous au <strong>Stand d&#039;information WEA \u00e0 l&#039;a\u00e9roport d&#039;Incheon<\/strong> pour vous enregistrer. Vous trouverez plus de d\u00e9tails sur l&#039;endroit exact o\u00f9 cela se trouve dans la section suivante.<\/li>\n<li>Vous arrivez en dehors de ces dates\u00a0? Pas de souci\u00a0! Vous pouvez vous inscrire \u00e0 votre h\u00f4tel ou \u00e0 l&#039;\u00e9glise de Sarang en <strong>7h45 le lundi 27 octobre<\/strong>Choisissez simplement ce qui vous convient le mieux.<\/li>\n<\/ol>\n<h5>B. H\u00f4tel et h\u00e9bergement<\/h5>\n<ol>\n<li>Nous couvrons l&#039;h\u00e9bergement pour <strong>six nuits et sept jours<\/strong> pendant l&#039;Assembl\u00e9e, du dimanche 26 octobre au samedi 1er novembre 2025. Nous vous communiquerons prochainement votre h\u00f4tel.<\/li>\n<li>Vous pr\u00e9voyez d&#039;arriver t\u00f4t ou de rester tard\u00a0? Vous devrez organiser vous-m\u00eame ces nuits suppl\u00e9mentaires.<\/li>\n<li>Si vous arrivez apr\u00e8s l&#039;heure d&#039;enregistrement le 26 octobre ou si vous devez partir plus t\u00f4t, veuillez nous en informer \u00e0 l&#039;avance.<\/li>\n<li>V\u00e9rifiez les informations de transport entre les h\u00f4tels et l&#039;\u00e9glise, les trajets en m\u00e9tro durent g\u00e9n\u00e9ralement entre 10 et 30 minutes.<\/li>\n<\/ol>\n<h5>C. Repas<\/h5>\n<ol>\n<li>Tous les repas durant l\u2019Assembl\u00e9e (du lundi 27 octobre au samedi matin 1er novembre) sont pris en charge par le Comit\u00e9 d\u2019organisation.<\/li>\n<li>Les repas avant ou apr\u00e8s cette p\u00e9riode sont \u00e0 votre charge.<\/li>\n<li>Le petit-d\u00e9jeuner sera servi tous les jours \u00e0 votre h\u00f4tel.<\/li>\n<li>Le d\u00e9jeuner et le d\u00eener seront servis sous forme de bo\u00eetes \u00e0 lunch dans nos lieux d\u00e9sign\u00e9s.<\/li>\n<li>Si vous avez demand\u00e9 des repas v\u00e9g\u00e9tariens plus t\u00f4t, ils seront pr\u00eats pour vous.<\/li>\n<\/ol>\n<h5>D. D\u00e9part<\/h5>\n<ol>\n<li>Une fois l&#039;Assembl\u00e9e termin\u00e9e, vous devrez organiser votre propre transport.<\/li>\n<li>Si vous partez de l&#039;a\u00e9roport d&#039;Incheon, veuillez v\u00e9rifier votre terminal (1 ou 2) et votre lieu de d\u00e9pose afin de ne pas manquer votre vol.<\/li>\n<\/ol>\n<h3>\n\t\t\t\u00c9glise de SaRang\t<\/h3>\n\t<p>L&#039;\u00e9glise SaRang est situ\u00e9e au 121, Banpo-daero, Seocho-gu, S\u00e9oul.<\/p>\n<h5>\n\t\t\tCarte de localisation de l&#039;\u00e9glise de SaRang\t<\/h5>\n\t\t\t\t<a href=\"https:\/\/gospelforeveryone.worldea.org\/wp-content\/uploads\/2025\/10\/google_map_main_pc03.jpg\"  target=\"_self\" itemprop=\"url\">\n\t\t\t\t<img decoding=\"async\" src=\"https:\/\/gospelforeveryone.worldea.org\/wp-content\/uploads\/2025\/10\/google_map_main_pc03.jpg\" alt=\"google map main pc03\" itemprop=\"image\" height=\"739\" width=\"1208\" title=\"carte principale de Google PC03\" onerror=\"this.style.display='none'\" loading=\"lazy\" \/>\n\t\t\t\t<\/a>\n<h5>\n\t\t\tPlan de construction de l&#039;\u00e9glise de SaRang\t<\/h5>\n\t\t\t\t<a href=\"https:\/\/gospelforeveryone.worldea.org\/wp-content\/uploads\/2025\/10\/sarang-church-map-scaled.jpg\"  target=\"_self\" itemprop=\"url\">\n\t\t\t\t<img decoding=\"async\" src=\"https:\/\/gospelforeveryone.worldea.org\/wp-content\/uploads\/2025\/10\/sarang-church-map-scaled.jpg\" alt=\"sarang church map\" itemprop=\"image\" height=\"1810\" width=\"2560\" title=\"carte de l&#039;\u00e9glise de Sarang\" onerror=\"this.style.display='none'\" loading=\"lazy\" \/>\n\t\t\t\t<\/a>\n<h3>\n\t\t\tT\u00e9l\u00e9chargements de documents suppl\u00e9mentaires\t<\/h3>\n\t<p>Nous proposons \u00e9galement deux documents plus longs pour une lecture compl\u00e9mentaire. Veuillez noter qu&#039;il s&#039;agit de documents PDF volumineux dont le t\u00e9l\u00e9chargement peut prendre un certain temps.<\/p>\n\t<a href=\"https:\/\/m.site.naver.com\/1Rr2H\" target=\"_blank\" role=\"button\" rel=\"noopener\" aria-label=\"Le r\u00eave\">\n\t\t\t\t\t\tLe r\u00eave\n\t\t\t\t\t<\/a>\n\t<a href=\"https:\/\/m.site.naver.com\/1S1Tf\" target=\"_blank\" role=\"button\" rel=\"noopener\" aria-label=\"Infrastructure sacr\u00e9e\">\n\t\t\t\t\t\tInfrastructure sacr\u00e9e\n\t\t\t\t\t<\/a>\n        <p><strong>Des questions\u00a0? Besoin d&#039;aide\u00a0?<\/strong>Tu peux <strong>e-mail<\/strong> nous \u00e0:<ul><li><a href=\"mailto:generalassembly@worldea.org\">generalassembly@worldea.org<\/a> (<strong>WEA<\/strong>) <em>ou <\/em><\/li><li><a href=\"mailto:weaseoulga@gmail.com\">weaseoulga@gmail.com<\/a> (<strong>\u00c9quipe cor\u00e9enne<\/strong>)<\/li><\/ul>Ou vous pouvez <strong>message<\/strong> nous (par SMS ou WhatsApp) sur :<ul><li><a href=\"tel:+447506789420\">+44-7506-798420<\/a> (<strong>Jacques<\/strong>) <em>ou <\/em><\/li><li><a href=\"tel:+821081901027\">+82-10-8190-1027<\/a> (<strong>\u00c9quipe cor\u00e9enne<\/strong>)<\/li><\/ul>Nous acceptons les messages dans votre langue maternelle.<\/p>","protected":false},"excerpt":{"rendered":"<p>Bienvenue \u00e0 l&#039;Assembl\u00e9e g\u00e9n\u00e9rale 2025 de la WEA \u00e0 S\u00e9oul\u00a0! Nous sommes ravis de vous compter parmi nous en Cor\u00e9e et souhaitons que votre visite se d\u00e9roule le plus sereinement possible. Pour cela, veuillez prendre quelques instants pour lire les informations importantes ci-dessous. Votre num\u00e9ro d&#039;identification personnel. Dans l&#039;attente de\u2026 <a title=\"Information\" class=\"read-more\" href=\"https:\/\/gospelforeveryone.worldea.org\/fr\/information\/\" aria-label=\"En savoir plus sur Informations\">Lire la suite<\/a><\/p>","protected":false},"author":1,"featured_media":0,"parent":0,"menu_order":0,"comment_status":"closed","ping_status":"closed","template":"","meta":{"_acf_changed":false,"_seopress_robots_primary_cat":"","_seopress_titles_title":"","_seopress_titles_desc":"","_seopress_robots_index":"","footnotes":""},"class_list":["post-1117","page","type-page","status-publish"],"acf":[],"_links":{"self":[{"href":"https:\/\/gospelforeveryone.worldea.org\/fr\/wp-json\/wp\/v2\/pages\/1117","targetHints":{"allow":["GET"]}}],"collection":[{"href":"https:\/\/gospelforeveryone.worldea.org\/fr\/wp-json\/wp\/v2\/pages"}],"about":[{"href":"https:\/\/gospelforeveryone.worldea.org\/fr\/wp-json\/wp\/v2\/types\/page"}],"author":[{"embeddable":true,"href":"https:\/\/gospelforeveryone.worldea.org\/fr\/wp-json\/wp\/v2\/users\/1"}],"replies":[{"embeddable":true,"href":"https:\/\/gospelforeveryone.worldea.org\/fr\/wp-json\/wp\/v2\/comments?post=1117"}],"version-history":[{"count":11,"href":"https:\/\/gospelforeveryone.worldea.org\/fr\/wp-json\/wp\/v2\/pages\/1117\/revisions"}],"predecessor-version":[{"id":1172,"href":"https:\/\/gospelforeveryone.worldea.org\/fr\/wp-json\/wp\/v2\/pages\/1117\/revisions\/1172"}],"wp:attachment":[{"href":"https:\/\/gospelforeveryone.worldea.org\/fr\/wp-json\/wp\/v2\/media?parent=1117"}],"curies":[{"name":"wp","href":"https:\/\/api.w.org\/{rel}","templated":true}]}}