{"id":1130,"date":"2025-10-03T15:03:50","date_gmt":"2025-10-03T15:03:50","guid":{"rendered":"https:\/\/gospelforeveryone.worldea.org\/?page_id=1130"},"modified":"2025-10-05T16:36:31","modified_gmt":"2025-10-05T16:36:31","slug":"delegate-faqs","status":"publish","type":"page","link":"https:\/\/gospelforeveryone.worldea.org\/fr\/information\/delegate-faqs\/","title":{"rendered":"FAQ des d\u00e9l\u00e9gu\u00e9s"},"content":{"rendered":"<p>Pour vous aider \u00e0 vous pr\u00e9parer et \u00e0 vous sentir en confiance pendant votre s\u00e9jour, nous avons rassembl\u00e9 des r\u00e9ponses \u00e0 certaines des questions que nous entendons le plus souvent.<\/p>\n<h3>\n\t\t\tA. Questions sur l&#039;a\u00e9roport\t<\/h3>\n\t<h5><strong>1. Comment puis-je savoir dans quel terminal j&#039;arriverai : le terminal 1 ou le terminal 2 ?<\/strong><\/h5>\n<p>Votre billet d&#039;avion indique clairement votre terminal. Vous pouvez \u00e9galement consulter les informations de votre vol sur le site web de l&#039;a\u00e9roport international d&#039;Incheon pour plus de pr\u00e9cisions.<\/p>\n<h5><strong>2. Est-ce que je trouverai facilement le bureau d\u2019information de la WEA ?<\/strong><\/h5>\n<ul>\n<li>\u00c0 <strong>Terminal 1<\/strong>, apr\u00e8s votre sortie par <strong>Sortie E<\/strong>Vous y verrez des b\u00e9n\u00e9voles sympathiques portant des gilets jaunes. Le stand d&#039;information se trouve \u00e0 <strong>Position 30<\/strong>.<\/li>\n<li>\u00c0 <strong>Terminal 2<\/strong>, des b\u00e9n\u00e9voles en gilets jaunes vous accueilleront \u00e0 proximit\u00e9 <strong>Sortie A<\/strong>, mais attention, il n&#039;y a pas de cabine s\u00e9par\u00e9e. On vous aidera d\u00e8s la sortie.<\/li>\n<\/ul>\n<h5><strong>3. Quand le bureau d&#039;information de la WEA est-il ouvert ?<\/strong><\/h5>\n<p>Il est ouvert de 8h00 \u00e0 22h00 <strong>Samedi 25 octobre<\/strong> et <strong>Dimanche 26 octobre<\/strong>.<\/p>\n<h5><strong>4. Pourquoi dois-je m&#039;arr\u00eater au bureau d&#039;information de la WEA ?<\/strong><\/h5>\n<p>C&#039;est ici que vous r\u00e9cup\u00e9rerez votre carte de transport pr\u00e9pay\u00e9e (T-Money) et votre badge nominatif. Des b\u00e9n\u00e9voles r\u00e9pondront \u00e0 toutes vos questions et vous guideront tout au long de votre trajet jusqu&#039;\u00e0 votre h\u00f4tel.<\/p>\nLa valeur stock\u00e9e sur la carte T-Money est suffisante pour le trajet de l&#039;a\u00e9roport \u00e0 l&#039;h\u00f4tel en bus limousine, les allers-retours quotidiens \u00e0 l&#039;\u00e9glise de SaRang et le trajet de retour de l&#039;h\u00f4tel \u00e0 l&#039;a\u00e9roport.\n<h5><strong>5. Que se passe-t-il si j&#039;arrive avant ou apr\u00e8s les heures d&#039;ouverture du bureau ?<\/strong><\/h5>\n<p>Si vous arrivez avant le 25 octobre, vous devrez rejoindre votre h\u00f4tel par vos propres moyens. Si vous arrivez apr\u00e8s le 27 octobre, vous b\u00e9n\u00e9ficierez d&#039;un accompagnement personnalis\u00e9 en fonction de votre heure d&#039;arriv\u00e9e.<\/p>\nSi vous arrivez en dehors de ces horaires, veuillez prendre rendez-vous avec l&#039;\u00e9quipe d&#039;organisation pour la remise de vos badges nominatifs et de votre carte T-Money. Malheureusement, nous ne pouvons pas vous rembourser les frais de d\u00e9placement engag\u00e9s avant la r\u00e9ception de votre carte T-Money.\n<h5><strong>6. Puis-je me rendre seul \u00e0 mon h\u00f4tel apr\u00e8s avoir visit\u00e9 le bureau ?<\/strong><\/h5>\n<p>Absolument ! Assurez-vous simplement d&#039;arriver \u00e0 l&#039;h\u00f4tel \u00e0 temps pour l&#039;enregistrement.<\/p>\n<h3>\n\t\t\tB. Bureau de change\t<\/h3>\n\t<h5><strong>7. Dois-je changer de l\u2019argent avant d\u2019arriver ?<\/strong><\/h5>\n<p>Les cartes de cr\u00e9dit sont accept\u00e9es presque partout en Cor\u00e9e\u00a0; il n&#039;est donc pas indispensable de changer beaucoup d&#039;argent liquide. Cependant, comme recharger votre carte T-money n\u00e9cessite des esp\u00e8ces (wons cor\u00e9ens), il est conseill\u00e9 d&#039;emporter une petite somme d&#039;argent local, au cas o\u00f9.<\/p>\n<h5><strong>8. Quel est le meilleur endroit pour \u00e9changer de l&#039;argent ?<\/strong><\/h5>\n<p>Votre option la plus simple est d&#039;\u00e9changer des wons cor\u00e9ens aux guichets bancaires de l&#039;a\u00e9roport d&#039;Incheon apr\u00e8s votre arriv\u00e9e.<\/p>\n<h3>\n\t\t\tC. Transport et carte T-Money\t<\/h3>\n\t<h5><strong>9. Comment puis-je me rendre de l&#039;a\u00e9roport \u00e0 mon h\u00f4tel ?<\/strong><\/h5>\n<p>Vous recevrez une carte T-money au guichet d&#039;accueil et nos b\u00e9n\u00e9voles vous indiqueront comment rejoindre votre h\u00f4tel. Veuillez suivre les instructions de transport sp\u00e9cifiques \u00e0 votre h\u00f4tel, fournies au guichet.<\/p>\n<h5><strong>10. Pourquoi ma carte T-money est-elle charg\u00e9e de 56 000 KRW ?<\/strong><\/h5>\n<p>Ce montant couvre un aller-retour en bus limousine depuis l&#039;a\u00e9roport, ainsi qu&#039;environ cinq allers-retours entre votre h\u00f4tel et l&#039;\u00e9glise de Sarang. Vos besoins r\u00e9els en mati\u00e8re de voyage peuvent varier et vous devrez peut-\u00eatre compl\u00e9ter votre budget.<\/p>\n<h5><strong>11. Que faire si je perds ma carte T-money ?<\/strong><\/h5>\n<p>Malheureusement, les cartes perdues ne peuvent pas \u00eatre remplac\u00e9es. Vous devrez en acheter une nouvelle en esp\u00e8ces dans des commerces de proximit\u00e9 comme CU ou GS25. Pour la prot\u00e9ger, mieux vaut la ranger dans votre porte-badge\u00a0; en prime, vous pouvez utiliser tout le porte-badge en m\u00e9tro\u00a0!<\/p>\n<h5><strong>12. Comment puis-je me rendre de mon h\u00f4tel \u00e0 l&#039;\u00e9glise ?<\/strong><\/h5>\n<p>Votre h\u00f4tel vous fournira des indications d\u00e9taill\u00e9es et des b\u00e9n\u00e9voles en gilets jaunes seront l\u00e0 pour vous aider. Le premier jour, des b\u00e9n\u00e9voles vous accompagneront m\u00eame jusqu&#039;\u00e0 l&#039;\u00e9glise. Nous vous recommandons de voyager \u00e0 deux ou en groupe pour plus de s\u00e9curit\u00e9 et de tranquillit\u00e9 d&#039;esprit.<\/p>\n<h5><strong>13. Comment puis-je retourner \u00e0 l&#039;a\u00e9roport d&#039;Incheon \u00e0 la fin de l&#039;Assembl\u00e9e ?<\/strong><\/h5>\n<p>Vous serez responsable de l&#039;organisation de votre transport. V\u00e9rifiez les horaires des bus de l&#039;a\u00e9roport aupr\u00e8s de votre h\u00f4tel \u00e0 l&#039;avance, pr\u00e9voyez suffisamment de temps pour le trajet, confirmez votre terminal (T1 ou T2) et assurez-vous que votre carte T-money dispose d&#039;un solde suffisant.<\/p>\n<h3>\n\t\t\tD. Urgences\t<\/h3>\n\t<h5><strong>14. Qui dois-je appeler en cas d\u2019urgence ?<\/strong><\/h5>\n<p>Pour obtenir l&#039;aide de la police, composez le <strong>112<\/strong>Pour une ambulance, composez le <strong>119<\/strong>Des services en anglais sont disponibles.<\/p>\n<h5><strong>15. Qui dois-je contacter si j\u2019ai besoin d\u2019aide ?<\/strong><\/h5>\n<p>Utilisez la hotline officielle du SOC : <a href=\"tel:+821081901027\"><strong>+82-10-8190-1027<\/strong><\/a>Ceci est uniquement par SMS ou WhatsApp, et vous pouvez \u00e9crire dans votre langue. Les SMS sont privil\u00e9gi\u00e9s afin de rester disponibles pour les urgences. Nous r\u00e9pondons g\u00e9n\u00e9ralement dans l&#039;heure.<\/p>\n<h5><strong>16. Que faire si je me sens malade pendant l\u2019Assembl\u00e9e ?<\/strong><\/h5>\n<p>Une salle m\u00e9dicale sera disponible au niveau B2 (c\u00f4t\u00e9 sud) de l&#039;\u00e9glise pour les soins de base. Si vous avez besoin de soins plus pouss\u00e9s, nous vous accompagnerons vers une clinique ou un h\u00f4pital. Pour toute assistance en dehors de ces horaires, contactez la hotline SOC.<\/p>\n<h3>\n\t\t\tE. Voyages et urgences\t<\/h3>\n\t<h5><strong>17. Ai-je besoin d\u2019une assurance voyage ?<\/strong><\/h5>\n<p>Ce n&#039;est pas obligatoire, mais nous le recommandons vivement. Cela peut s&#039;av\u00e9rer tr\u00e8s utile en cas de maladie ou d&#039;accident \u00e0 l&#039;\u00e9tranger.<\/p>\n<h5><strong>18. Que dois-je emporter ?<\/strong><\/h5>\n<p>Apportez une banque d\u2019alimentation (les options de charge \u00e0 l\u2019\u00e9glise sont limit\u00e9es), des \u00e9couteurs (pour les applications d\u2019interpr\u00e9tation) et tout m\u00e9dicament que vous prenez r\u00e9guli\u00e8rement.<\/p>\n<h5><strong>19. Quelles applications sont utiles en Cor\u00e9e ?<\/strong><\/h5>\n<ul>\n<li><strong>Carte Naver :<\/strong> Id\u00e9al pour se d\u00e9placer.<\/li>\n<li><strong>KakaoTalk :<\/strong> L&#039;application de messagerie principale ici, avec des fonctionnalit\u00e9s de traduction automatique.<\/li>\n<li><strong>Google Maps :<\/strong> Couverture limit\u00e9e en Cor\u00e9e \u2013 pas aussi fiable.<\/li>\n<\/ul>\n<h3>\n\t\t\tF. M\u00e9t\u00e9o et v\u00eatements\t<\/h3>\n\t<h5><strong>20. Quel temps fait-il pendant l&#039;Assembl\u00e9e ?<\/strong><\/h5>\n<p>Attendez-vous \u00e0 des journ\u00e9es agr\u00e9ables autour de 19-20 \u00b0C (66-68 \u00b0F), mais les matin\u00e9es et les soir\u00e9es peuvent \u00eatre plus fra\u00eeches (autour de 10-11 \u00b0C\/50-52 \u00b0F). Pr\u00e9voyez une veste l\u00e9g\u00e8re ou un t-shirt \u00e0 manches longues au cas o\u00f9. Consultez les pr\u00e9visions m\u00e9t\u00e9o \u00e0 l&#039;approche de votre date de voyage pour plus d&#039;informations.<\/p>\n<h3>\n\t\t\tG. H\u00e9bergement\t<\/h3>\n\t<h5><strong>21. Comment puis-je m&#039;inscrire \u00e0 mon arriv\u00e9e en Cor\u00e9e ?<\/strong><\/h5>\n<p>Vous pouvez vous inscrire \u00e0 l&#039;un de ces trois endroits :<\/p>\n<ul>\n<li>\u00c0 l&#039;a\u00e9roport les 25 et 26 octobre<\/li>\n<li>\u00c0 votre h\u00f4tel assign\u00e9<\/li>\n<li>\u00c0 Grace Chapel (niveau B5) avant 7h45 le lundi 27 octobre<\/li>\n<\/ul>\n<h5><strong>22. Quand saurai-je dans quel h\u00f4tel je s\u00e9journerai ?<\/strong><\/h5>\n<p>Nous finalisons actuellement l&#039;attribution des h\u00f4tels. Une fois attribu\u00e9s, aucun changement ne sera possible. La plupart des h\u00f4tels seront situ\u00e9s \u00e0 10-30 minutes de l&#039;\u00e9glise.<\/p>\n<h5><strong>23. Puis-je m&#039;enregistrer plus t\u00f4t ou rester plus longtemps ?<\/strong><\/h5>\n<p>Nous ne pouvons pas organiser cela, veuillez donc contacter directement votre h\u00f4tel si vous souhaitez demander un enregistrement anticip\u00e9 ou prolonger votre s\u00e9jour. Comptez environ 150 \u00e0 200 USD par nuit dans la plupart des h\u00f4tels concern\u00e9s.<\/p>\n<h3>\n\t\t\tH. Vie quotidienne\t<\/h3>\n\t<h5><strong>24. Le Wi-Fi est-il facile \u00e0 trouver ?<\/strong><\/h5>\n<p>Oui ! Le Wi-Fi gratuit est r\u00e9pandu en Cor\u00e9e, et tous les h\u00f4tels en proposent. Pendant l&#039;Assembl\u00e9e, l&#039;\u00e9glise disposera d&#039;un r\u00e9seau Wi-Fi d\u00e9di\u00e9\u00a0; les d\u00e9tails seront communiqu\u00e9s sur place.<\/p>\n<h5><strong>25. Le minibar de ma chambre d&#039;h\u00f4tel est-il gratuit ?<\/strong><\/h5>\n<p>L&#039;eau en bouteille est gratuite. Les autres boissons et collations du minibar sont \u00e0 votre charge.<\/p>\n<h5><strong>26. O\u00f9 puis-je obtenir des informations touristiques ?<\/strong><\/h5>\n<p>Le SOC ne propose pas de services touristiques, mais vous pouvez trouver de nombreuses informations en ligne ou dans les centres d&#039;information touristique locaux.<\/p>\n<h5><strong>27. Puis-je utiliser mon t\u00e9l\u00e9phone portable et ma carte SIM en Cor\u00e9e ?<\/strong><\/h5>\n<p>La plupart des t\u00e9l\u00e9phones portables internationaux fonctionnent en Cor\u00e9e, mais il est pr\u00e9f\u00e9rable de v\u00e9rifier les frais d&#039;itin\u00e9rance aupr\u00e8s de votre op\u00e9rateur local. Vous pouvez \u00e9galement acheter une carte SIM locale ou louer un appareil Wi-Fi portable \u00e0 l&#039;a\u00e9roport pour un acc\u00e8s internet pratique.<\/p>\n<h5><strong>28. L\u2019eau potable publique est-elle potable ?<\/strong><\/h5>\n<p>En Cor\u00e9e, l\u2019eau du robinet est potable, mais de nombreuses personnes pr\u00e9f\u00e8rent l\u2019eau en bouteille, largement disponible dans les magasins et les h\u00f4tels.<\/p>\n<h5><strong>29. Quelle prise \u00e9lectrique et quelle tension sont utilis\u00e9es en Cor\u00e9e ?<\/strong><\/h5>\n<p>La Cor\u00e9e utilise des prises de type F (deux broches rondes) et la tension est de 220 V \u00e0 60 Hz. Veuillez apporter un adaptateur et un convertisseur de tension appropri\u00e9s si n\u00e9cessaire.<\/p>\n<h3>\n\t\t\tI. \u00c0 l&#039;\u00c9glise\t<\/h3>\n\t<h5><strong>30. Puis-je laisser mes bagages \u00e0 l&#039;\u00e9glise ?<\/strong><\/h5>\n<p>Oui\u00a0! Une consigne \u00e0 bagages temporaire sera disponible dans le hall nord du rez-de-chauss\u00e9e. Conservez pr\u00e9cieusement votre \u00e9tiquette de retrait pour r\u00e9cup\u00e9rer vos bagages.<\/p>\n<h5><strong>31. Y a-t-il un endroit calme pour prier ?<\/strong><\/h5>\n<p>Absolument. La salle 503 au 5e \u00e9tage (Centre familial, aile nord) sera ouverte \u00e0 la pri\u00e8re personnelle \u2013 un espace de recueillement et de recueillement.<\/p>\n<h5><strong>32. Que faire si je rencontre des probl\u00e8mes pendant l\u2019Assembl\u00e9e ?<\/strong><\/h5>\n<p>Vous pouvez demander de l&#039;aide via la salle de discussion WEA, appeler ou envoyer un SMS \u00e0 la hotline SOC, ou visiter la salle de situation au 4e \u00e9tage de l&#039;aile nord.<\/p>\n<h5><strong>33. Que se passe-t-il si je perds quelque chose ?<\/strong><\/h5>\n<p>Contactez la hotline SOC pour obtenir des informations. En Cor\u00e9e, les objets perdus ne sont g\u00e9n\u00e9ralement pas d\u00e9plac\u00e9s\u00a0; vos biens sont donc souvent faciles \u00e0 r\u00e9cup\u00e9rer.<\/p>\n<h3>\n\t\t\tJ. Programme et services\t<\/h3>\n\t<h5><strong>34. Existe-t-il un programme pour notre temps ensemble ?<\/strong><\/h5>\n<p>Oui ! Vous pouvez le voir. <a href=\"https:\/\/gospelforeveryone.worldea.org\/fr\/program\/\">ici<\/a> et <a href=\"https:\/\/gospelforeveryone.worldea.org\/wp-content\/uploads\/2025\/10\/ga-program-v10.pdf\">t\u00e9l\u00e9charger<\/a> une copie aussi si vous le souhaitez.<\/p>\n<h5><strong>35. Quand recevons-nous le guide du participant ?<\/strong><\/h5>\n<p>Le lundi 27 octobre, avant 7h45, \u00e0 la Chapelle Grace (niveau B5). Le sac de conf\u00e9rence comprendra le guide et d&#039;autres documents\u00a0; voyagez donc l\u00e9ger ce matin-l\u00e0.<\/p>\n<h5><strong>36. Y aura-t-il une aide linguistique aux bureaux d\u2019information ?<\/strong><\/h5>\n<p>Oui\u00a0! Avec des participants venus de nombreux pays, des syst\u00e8mes d&#039;interpr\u00e9tation multilingues seront pr\u00eats \u00e0 vous assister dans votre langue.<\/p>\n<h5><strong>37. Les toilettes seront-elles bond\u00e9es ?<\/strong><\/h5>\n<p>Les 27 et 28 octobre, nous attendons environ 7\u00a0000 participants\u00a0; une certaine affluence est donc \u00e0 pr\u00e9voir. Si les toilettes principales sont occup\u00e9es, veuillez essayer celles des autres \u00e9tages. Les escalators peuvent \u00e9galement \u00eatre bond\u00e9s\u00a0; les escaliers sont une bonne option.<\/p>\n<h5><strong>38. Les si\u00e8ges sont-ils attribu\u00e9s lors des rassemblements principaux ?<\/strong><\/h5>\n<p>L&#039;acc\u00e8s \u00e0 la chapelle Grace (B5) est gratuit pour les membres de la WEA. Cependant, du lundi apr\u00e8s-midi (27 octobre) au mardi (28 octobre), au sanctuaire principal, les participants de la WEA b\u00e9n\u00e9ficieront d&#039;une place r\u00e9serv\u00e9e. Veuillez vous asseoir dans votre zone attribu\u00e9e.<\/p>\n<h5><strong>39. Des repas v\u00e9g\u00e9tariens seront-ils disponibles ?<\/strong><\/h5>\n<p>Oui, mais uniquement pour les personnes inscrites \u00e0 l&#039;avance. Vous pouvez les r\u00e9cup\u00e9rer \u00e0 la station pr\u00e9vue \u00e0 cet effet pendant les repas. Malheureusement, les options v\u00e9g\u00e9tariennes ne sont pas disponibles sans inscription pr\u00e9alable.<\/p>\n<h5><strong>40. Que faire si je ne veux pas que ma photo ou ma vid\u00e9o soit prise ?<\/strong><\/h5>\n<p>Pr\u00e9venez-nous \u00e0 l&#039;avance ou renseignez-vous au bureau d&#039;information\u00a0; nous marquerons votre cordon porte-nom afin de respecter votre vie priv\u00e9e. Merci de nous aider \u00e0 \u00e9viter tout probl\u00e8me lors des prises de vue ou des tournages.<\/p>\n<h3>\n\t\t\tK. Conseils sur la culture cor\u00e9enne\t<\/h3>\n\t<h5><strong>41. Que dois-je savoir sur la culture cor\u00e9enne ?<\/strong><\/h5>\n<ul>\n<li>Tenez-vous du c\u00f4t\u00e9 droit des escaliers m\u00e9caniques pour laisser le c\u00f4t\u00e9 gauche ouvert pour que les autres puissent passer.<\/li>\n<li>Faites toujours la queue poliment dans le m\u00e9tro, les bus, les toilettes et autres lieux publics.<\/li>\n<li>Gardez la voix basse dans les endroits bond\u00e9s : c&#039;est consid\u00e9r\u00e9 comme poli.<\/li>\n<li>Utilisez des titres honorifiques, en particulier lorsque vous vous adressez \u00e0 des pasteurs (par exemple, pasteur Kim).<\/li>\n<li>Pour saluer, une l\u00e9g\u00e8re r\u00e9v\u00e9rence est appr\u00e9ci\u00e9e. Pour donner quelque chose, utilisez vos deux mains en signe de respect.<\/li>\n<li>La nourriture et les boissons ne sont pas autoris\u00e9es \u00e0 l&#039;int\u00e9rieur du sanctuaire principal (B4), et veuillez vous abstenir de vous d\u00e9placer pendant les services de culte.<\/li>\n<li>Vous pouvez en savoir plus sur les bases de l&#039;\u00e9tiquette cor\u00e9enne. <a href=\"https:\/\/english.visitseoul.net\/etiquette\" target=\"_blank\" rel=\"noopener\">ici<\/a>.<\/li>\n<\/ul>\n        <p><strong>Des questions\u00a0? Besoin d&#039;aide\u00a0?<\/strong>Tu peux <strong>e-mail<\/strong> nous \u00e0:<ul><li><a href=\"mailto:generalassembly@worldea.org\">generalassembly@worldea.org<\/a> (<strong>WEA<\/strong>) <em>ou <\/em><\/li><li><a href=\"mailto:weaseoulga@gmail.com\">weaseoulga@gmail.com<\/a> (<strong>\u00c9quipe cor\u00e9enne<\/strong>)<\/li><\/ul>Ou vous pouvez <strong>message<\/strong> nous (par SMS ou WhatsApp) sur :<ul><li><a href=\"tel:+447506789420\">+44-7506-798420<\/a> (<strong>Jacques<\/strong>) <em>ou <\/em><\/li><li><a href=\"tel:+821081901027\">+82-10-8190-1027<\/a> (<strong>\u00c9quipe cor\u00e9enne<\/strong>)<\/li><\/ul>Nous acceptons les messages dans votre langue maternelle.<\/p>","protected":false},"excerpt":{"rendered":"<p>Pour vous aider \u00e0 pr\u00e9parer votre s\u00e9jour et \u00e0 vous sentir en confiance, nous avons rassembl\u00e9 les r\u00e9ponses aux questions les plus fr\u00e9quentes. A. Questions sur l&#039;a\u00e9roport\u00a0: 1. Comment savoir \u00e0 quel terminal j&#039;arriverai\u00a0: Terminal 1 ou Terminal 2\u00a0? Votre billet d&#039;avion indique clairement votre terminal. Vous pouvez \u00e9galement consulter votre billet d&#039;avion\u2026 <a title=\"FAQ des d\u00e9l\u00e9gu\u00e9s\" class=\"read-more\" href=\"https:\/\/gospelforeveryone.worldea.org\/fr\/information\/delegate-faqs\/\" aria-label=\"En savoir plus sur FAQ des d\u00e9l\u00e9gu\u00e9s\">Lire la suite<\/a><\/p>","protected":false},"author":1,"featured_media":0,"parent":1117,"menu_order":0,"comment_status":"closed","ping_status":"closed","template":"","meta":{"_acf_changed":false,"_seopress_robots_primary_cat":"","_seopress_titles_title":"","_seopress_titles_desc":"","_seopress_robots_index":"","footnotes":""},"class_list":["post-1130","page","type-page","status-publish"],"acf":[],"_links":{"self":[{"href":"https:\/\/gospelforeveryone.worldea.org\/fr\/wp-json\/wp\/v2\/pages\/1130","targetHints":{"allow":["GET"]}}],"collection":[{"href":"https:\/\/gospelforeveryone.worldea.org\/fr\/wp-json\/wp\/v2\/pages"}],"about":[{"href":"https:\/\/gospelforeveryone.worldea.org\/fr\/wp-json\/wp\/v2\/types\/page"}],"author":[{"embeddable":true,"href":"https:\/\/gospelforeveryone.worldea.org\/fr\/wp-json\/wp\/v2\/users\/1"}],"replies":[{"embeddable":true,"href":"https:\/\/gospelforeveryone.worldea.org\/fr\/wp-json\/wp\/v2\/comments?post=1130"}],"version-history":[{"count":5,"href":"https:\/\/gospelforeveryone.worldea.org\/fr\/wp-json\/wp\/v2\/pages\/1130\/revisions"}],"predecessor-version":[{"id":1141,"href":"https:\/\/gospelforeveryone.worldea.org\/fr\/wp-json\/wp\/v2\/pages\/1130\/revisions\/1141"}],"up":[{"embeddable":true,"href":"https:\/\/gospelforeveryone.worldea.org\/fr\/wp-json\/wp\/v2\/pages\/1117"}],"wp:attachment":[{"href":"https:\/\/gospelforeveryone.worldea.org\/fr\/wp-json\/wp\/v2\/media?parent=1130"}],"curies":[{"name":"wp","href":"https:\/\/api.w.org\/{rel}","templated":true}]}}