{"id":1155,"date":"2025-10-05T17:01:52","date_gmt":"2025-10-05T17:01:52","guid":{"rendered":"https:\/\/gospelforeveryone.worldea.org\/?page_id=1155"},"modified":"2025-10-05T17:03:06","modified_gmt":"2025-10-05T17:03:06","slug":"daily-travel","status":"publish","type":"page","link":"https:\/\/gospelforeveryone.worldea.org\/fr\/information\/daily-travel\/","title":{"rendered":"Voyages quotidiens"},"content":{"rendered":"<h3>\n\t\t\tComment se rendre de votre h\u00f4tel \u00e0 l&#039;\u00e9glise de Sarang\t<\/h3>\n\t<h5>A. Petit-d\u00e9jeuner<\/h5>\n<ul>\n<li>Le petit-d\u00e9jeuner sera servi dans les h\u00f4tels du 27 octobre au 1er novembre.<\/li>\n<li>Indiquez simplement au personnel de l&#039;h\u00f4tel votre num\u00e9ro de chambre pour entrer.<\/li>\n<\/ul>\n<h5>B. Se rendre \u00e0 l&#039;\u00e9glise<\/h5>\n<ul>\n<li>Pr\u00e9voyez d&#039;arriver avant <strong>7h45.<\/strong><\/li>\n<li>Votre h\u00f4tel ou votre groupe national aura un chef pour vous guider et des b\u00e9n\u00e9voles vous aideront le premier matin.<\/li>\n<li>V\u00e9rifiez quelle entr\u00e9e de l\u2019\u00e9glise vous devez utiliser avant de partir.<\/li>\n<\/ul>\n<h5>C. Utiliser le m\u00e9tro<\/h5>\n<ul>\n<li>Vous aurez besoin d&#039;un <strong>Carte T-money<\/strong> pour les trajets en m\u00e9tro, les esp\u00e8ces ou les cartes de cr\u00e9dit ne fonctionnent pas dans le m\u00e9tro.<\/li>\n<li>La station de m\u00e9tro la plus proche de l&#039;\u00e9glise de Sarang est <strong>Station Seocho (Ligne 2)<\/strong>.<\/li>\n<li>Utiliser <strong>Sortie 3<\/strong>; l&#039;\u00e9glise est juste l\u00e0, sur le c\u00f4t\u00e9 droit, reli\u00e9e directement \u00e0 la place.<\/li>\n<li>Si vous montez dans le m\u00e9tro en sens inverse, descendez simplement \u00e0 l&#039;arr\u00eat suivant, traversez jusqu&#039;\u00e0 l&#039;autre quai et reprenez le train dans le bon sens.<\/li>\n<li>N&#039;oubliez pas le num\u00e9ro de sortie du m\u00e9tro de votre h\u00f4tel pour faciliter votre retour.<\/li>\n<\/ul>\n<h5>D. \u00c0 propos de votre carte de transport T-money<\/h5>\n<ul>\n<li>Nous donnerons \u00e0 chaque participant une carte T-money charg\u00e9e de 56 000 KRW pour couvrir vos d\u00e9placements pendant l&#039;Assembl\u00e9e.<\/li>\n<li>Gardez un \u0153il sur votre solde.<\/li>\n<li>S&#039;il vous reste moins de 20 000 KRW, vous pouvez obtenir un remboursement avant de quitter la Cor\u00e9e dans les sup\u00e9rettes de l&#039;a\u00e9roport d&#039;Incheon (notez des frais de remboursement de 500 KRW).<\/li>\n<li>Vous pouvez recharger votre carte uniquement en esp\u00e8ces (pas de cartes de cr\u00e9dit) ici en Cor\u00e9e.<\/li>\n<li>La carte T-money fonctionne \u00e9galement dans certains magasins de proximit\u00e9 et restaurants.<\/li>\n<li>Veuillez conserver votre carte en lieu s\u00fbr\u00a0; elle ne peut pas \u00eatre remplac\u00e9e en cas de perte. En cas de perte, vous pouvez en acheter une nouvelle dans les commerces de proximit\u00e9 (esp\u00e8ces uniquement).<\/li>\n<\/ul>\n        <p><strong>Des questions\u00a0? Besoin d&#039;aide\u00a0?<\/strong>Tu peux <strong>e-mail<\/strong> nous \u00e0:<ul><li><a href=\"mailto:generalassembly@worldea.org\">generalassembly@worldea.org<\/a> (<strong>WEA<\/strong>) <em>ou <\/em><\/li><li><a href=\"mailto:weaseoulga@gmail.com\">weaseoulga@gmail.com<\/a> (<strong>\u00c9quipe cor\u00e9enne<\/strong>)<\/li><\/ul>Ou vous pouvez <strong>message<\/strong> nous (par SMS ou WhatsApp) sur :<ul><li><a href=\"tel:+447506789420\">+44-7506-798420<\/a> (<strong>Jacques<\/strong>) <em>ou <\/em><\/li><li><a href=\"tel:+821081901027\">+82-10-8190-1027<\/a> (<strong>\u00c9quipe cor\u00e9enne<\/strong>)<\/li><\/ul>Nous acceptons les messages dans votre langue maternelle.<\/p>","protected":false},"excerpt":{"rendered":"<p>Se rendre de votre h\u00f4tel \u00e0 l&#039;\u00e9glise de Sarang A. Petit-d\u00e9jeuner\u00a0: Le petit-d\u00e9jeuner sera servi dans les h\u00f4tels du 27\u00a0octobre au 1er\u00a0novembre. Veuillez indiquer votre num\u00e9ro de chambre au personnel de l&#039;h\u00f4tel pour acc\u00e9der \u00e0 l&#039;\u00e9glise. B. Se rendre \u00e0 l&#039;\u00e9glise\u00a0: pr\u00e9voyez d&#039;arriver avant 7\u00a0h\u00a045. Votre h\u00f4tel ou votre groupe national sera accompagn\u00e9 d&#039;un responsable et de b\u00e9n\u00e9voles\u2026 <a title=\"Voyages quotidiens\" class=\"read-more\" href=\"https:\/\/gospelforeveryone.worldea.org\/fr\/information\/daily-travel\/\" aria-label=\"En savoir plus sur Daily Travel\">Lire la suite<\/a><\/p>","protected":false},"author":1,"featured_media":0,"parent":1117,"menu_order":0,"comment_status":"closed","ping_status":"closed","template":"","meta":{"_acf_changed":false,"_seopress_robots_primary_cat":"","_seopress_titles_title":"","_seopress_titles_desc":"","_seopress_robots_index":"","footnotes":""},"class_list":["post-1155","page","type-page","status-publish"],"acf":[],"_links":{"self":[{"href":"https:\/\/gospelforeveryone.worldea.org\/fr\/wp-json\/wp\/v2\/pages\/1155","targetHints":{"allow":["GET"]}}],"collection":[{"href":"https:\/\/gospelforeveryone.worldea.org\/fr\/wp-json\/wp\/v2\/pages"}],"about":[{"href":"https:\/\/gospelforeveryone.worldea.org\/fr\/wp-json\/wp\/v2\/types\/page"}],"author":[{"embeddable":true,"href":"https:\/\/gospelforeveryone.worldea.org\/fr\/wp-json\/wp\/v2\/users\/1"}],"replies":[{"embeddable":true,"href":"https:\/\/gospelforeveryone.worldea.org\/fr\/wp-json\/wp\/v2\/comments?post=1155"}],"version-history":[{"count":2,"href":"https:\/\/gospelforeveryone.worldea.org\/fr\/wp-json\/wp\/v2\/pages\/1155\/revisions"}],"predecessor-version":[{"id":1158,"href":"https:\/\/gospelforeveryone.worldea.org\/fr\/wp-json\/wp\/v2\/pages\/1155\/revisions\/1158"}],"up":[{"embeddable":true,"href":"https:\/\/gospelforeveryone.worldea.org\/fr\/wp-json\/wp\/v2\/pages\/1117"}],"wp:attachment":[{"href":"https:\/\/gospelforeveryone.worldea.org\/fr\/wp-json\/wp\/v2\/media?parent=1155"}],"curies":[{"name":"wp","href":"https:\/\/api.w.org\/{rel}","templated":true}]}}