{"id":1217,"date":"2025-10-30T03:00:23","date_gmt":"2025-10-30T03:00:23","guid":{"rendered":"https:\/\/gospelforeveryone.worldea.org\/?page_id=1217"},"modified":"2025-10-30T04:04:58","modified_gmt":"2025-10-30T04:04:58","slug":"feedback","status":"publish","type":"page","link":"https:\/\/gospelforeveryone.worldea.org\/fr\/feedback\/","title":{"rendered":"Retour"},"content":{"rendered":"<p>Nous vous serions tr\u00e8s reconnaissants de bien vouloir r\u00e9pondre au sondage ci-dessous. Cela nous permettra de mieux comprendre ce qui a bien fonctionn\u00e9 et comment nous pouvons nous am\u00e9liorer pour les prochaines Assembl\u00e9es mondiales. Merci beaucoup.<\/p>\n\t<form action=\"https:\/\/gospelforeveryone.worldea.org\/fr\/wp-json\/ws-form\/v1\/submit\" class=\"wsf-form wsf-form-canvas\" id=\"ws-form-1\" data-id=\"32\" method=\"POST\" data-instance-id=\"1\" data-wsf-style-id=\"1\" data-trp-original-action=\"https:\/\/gospelforeveryone.worldea.org\/fr\/wp-json\/ws-form\/v1\/submit\"><input type=\"hidden\" name=\"trp-form-language\" value=\"fr\"\/><\/form>","protected":false},"excerpt":{"rendered":"<p>Nous vous serions tr\u00e8s reconnaissants de bien vouloir r\u00e9pondre au sondage ci-dessous. Cela nous permettra de mieux comprendre ce qui a bien fonctionn\u00e9 et comment nous pouvons nous am\u00e9liorer pour les prochaines Assembl\u00e9es mondiales. Merci beaucoup.<\/p>","protected":false},"author":1,"featured_media":0,"parent":0,"menu_order":0,"comment_status":"closed","ping_status":"closed","template":"","meta":{"_acf_changed":false,"_seopress_robots_primary_cat":"","_seopress_titles_title":"","_seopress_titles_desc":"","_seopress_robots_index":"","footnotes":""},"class_list":["post-1217","page","type-page","status-publish"],"acf":[],"_links":{"self":[{"href":"https:\/\/gospelforeveryone.worldea.org\/fr\/wp-json\/wp\/v2\/pages\/1217","targetHints":{"allow":["GET"]}}],"collection":[{"href":"https:\/\/gospelforeveryone.worldea.org\/fr\/wp-json\/wp\/v2\/pages"}],"about":[{"href":"https:\/\/gospelforeveryone.worldea.org\/fr\/wp-json\/wp\/v2\/types\/page"}],"author":[{"embeddable":true,"href":"https:\/\/gospelforeveryone.worldea.org\/fr\/wp-json\/wp\/v2\/users\/1"}],"replies":[{"embeddable":true,"href":"https:\/\/gospelforeveryone.worldea.org\/fr\/wp-json\/wp\/v2\/comments?post=1217"}],"version-history":[{"count":3,"href":"https:\/\/gospelforeveryone.worldea.org\/fr\/wp-json\/wp\/v2\/pages\/1217\/revisions"}],"predecessor-version":[{"id":1221,"href":"https:\/\/gospelforeveryone.worldea.org\/fr\/wp-json\/wp\/v2\/pages\/1217\/revisions\/1221"}],"wp:attachment":[{"href":"https:\/\/gospelforeveryone.worldea.org\/fr\/wp-json\/wp\/v2\/media?parent=1217"}],"curies":[{"name":"wp","href":"https:\/\/api.w.org\/{rel}","templated":true}]}}