{"id":1404,"date":"2025-11-10T10:14:43","date_gmt":"2025-11-10T10:14:43","guid":{"rendered":"https:\/\/gospelforeveryone.worldea.org\/?page_id=1404"},"modified":"2025-11-10T14:11:05","modified_gmt":"2025-11-10T14:11:05","slug":"cultural-day","status":"publish","type":"page","link":"https:\/\/gospelforeveryone.worldea.org\/fr\/media\/cultural-day\/","title":{"rendered":"Journ\u00e9e culturelle"},"content":{"rendered":"<p>Voici une s\u00e9lection de photos de l&#039;excursion culturelle organis\u00e9e \u00e0 la fin de l&#039;Assembl\u00e9e g\u00e9n\u00e9rale \u00e0 S\u00e9oul, en Cor\u00e9e du Sud, en octobre 2025.<\/p>","protected":false},"excerpt":{"rendered":"<p>Voici une s\u00e9lection de photos de l&#039;excursion culturelle organis\u00e9e \u00e0 la fin de l&#039;Assembl\u00e9e g\u00e9n\u00e9rale \u00e0 S\u00e9oul, en Cor\u00e9e du Sud, en octobre 2025.<\/p>","protected":false},"author":1,"featured_media":0,"parent":1580,"menu_order":0,"comment_status":"closed","ping_status":"closed","template":"","meta":{"_acf_changed":false,"_seopress_robots_primary_cat":"","_seopress_titles_title":"","_seopress_titles_desc":"","_seopress_robots_index":"","footnotes":""},"class_list":["post-1404","page","type-page","status-publish"],"acf":[],"_links":{"self":[{"href":"https:\/\/gospelforeveryone.worldea.org\/fr\/wp-json\/wp\/v2\/pages\/1404","targetHints":{"allow":["GET"]}}],"collection":[{"href":"https:\/\/gospelforeveryone.worldea.org\/fr\/wp-json\/wp\/v2\/pages"}],"about":[{"href":"https:\/\/gospelforeveryone.worldea.org\/fr\/wp-json\/wp\/v2\/types\/page"}],"author":[{"embeddable":true,"href":"https:\/\/gospelforeveryone.worldea.org\/fr\/wp-json\/wp\/v2\/users\/1"}],"replies":[{"embeddable":true,"href":"https:\/\/gospelforeveryone.worldea.org\/fr\/wp-json\/wp\/v2\/comments?post=1404"}],"version-history":[{"count":2,"href":"https:\/\/gospelforeveryone.worldea.org\/fr\/wp-json\/wp\/v2\/pages\/1404\/revisions"}],"predecessor-version":[{"id":1567,"href":"https:\/\/gospelforeveryone.worldea.org\/fr\/wp-json\/wp\/v2\/pages\/1404\/revisions\/1567"}],"up":[{"embeddable":true,"href":"https:\/\/gospelforeveryone.worldea.org\/fr\/wp-json\/wp\/v2\/pages\/1580"}],"wp:attachment":[{"href":"https:\/\/gospelforeveryone.worldea.org\/fr\/wp-json\/wp\/v2\/media?parent=1404"}],"curies":[{"name":"wp","href":"https:\/\/api.w.org\/{rel}","templated":true}]}}