{"id":1406,"date":"2025-11-10T10:15:25","date_gmt":"2025-11-10T10:15:25","guid":{"rendered":"https:\/\/gospelforeveryone.worldea.org\/?page_id=1406"},"modified":"2025-11-10T14:12:14","modified_gmt":"2025-11-10T14:12:14","slug":"videos","status":"publish","type":"page","link":"https:\/\/gospelforeveryone.worldea.org\/fr\/media\/videos\/","title":{"rendered":"Vid\u00e9os"},"content":{"rendered":"<p>Vous trouverez ci-dessous une s\u00e9lection de courts r\u00e9sum\u00e9s vid\u00e9o de l&#039;Assembl\u00e9e g\u00e9n\u00e9rale qui s&#039;est tenue \u00e0 S\u00e9oul, en Cor\u00e9e du Sud, en octobre 2025.<\/p>\n\t\t<iframe loading=\"lazy\" width=\"1232\" height=\"693\" src=\"https:\/\/www.youtube.com\/embed\/CsleWOVkuLg\" title=\"Introduction \u00e0 l&#039;Assembl\u00e9e g\u00e9n\u00e9rale de la WEA\" frameborder=\"0\" allow=\"accelerometer; autoplay; clipboard-write; encrypted-media; gyroscope; picture-in-picture; web-share\" referrerpolicy=\"strict-origin-when-cross-origin\" allowfullscreen><\/iframe>\t\n<h5>\n\t\t\tIntroduction \u00e0 l&#039;Assembl\u00e9e g\u00e9n\u00e9rale de la WEA\t<\/h5>\n\t\t<iframe loading=\"lazy\" width=\"1232\" height=\"693\" src=\"https:\/\/www.youtube.com\/embed\/EY0rXZIjIP0\" title=\"Assembl\u00e9e g\u00e9n\u00e9rale de l&#039;AWE - Jour 1\" frameborder=\"0\" allow=\"accelerometer; autoplay; clipboard-write; encrypted-media; gyroscope; picture-in-picture; web-share\" referrerpolicy=\"strict-origin-when-cross-origin\" allowfullscreen><\/iframe>\t\n<h5>\n\t\t\tAssembl\u00e9e g\u00e9n\u00e9rale de l&#039;AEM - Jour 1\t<\/h5>\n\t\t<iframe loading=\"lazy\" width=\"1232\" height=\"693\" src=\"https:\/\/www.youtube.com\/embed\/iArTLuvk0as\" title=\"Assembl\u00e9e g\u00e9n\u00e9rale de l&#039;AEM - Jour 2\" frameborder=\"0\" allow=\"accelerometer; autoplay; clipboard-write; encrypted-media; gyroscope; picture-in-picture; web-share\" referrerpolicy=\"strict-origin-when-cross-origin\" allowfullscreen><\/iframe>\t\n<h5>\n\t\t\tAssembl\u00e9e g\u00e9n\u00e9rale de l&#039;AEM - Jour 2\t<\/h5>\n\t\t<iframe loading=\"lazy\" width=\"1232\" height=\"693\" src=\"https:\/\/www.youtube.com\/embed\/0eOUVoSelgo\" title=\"Assembl\u00e9e g\u00e9n\u00e9rale de l&#039;AEM - Jour 3\" frameborder=\"0\" allow=\"accelerometer; autoplay; clipboard-write; encrypted-media; gyroscope; picture-in-picture; web-share\" referrerpolicy=\"strict-origin-when-cross-origin\" allowfullscreen><\/iframe>\t\n<h5>\n\t\t\tAssembl\u00e9e g\u00e9n\u00e9rale de l&#039;AEM - Jour 3\t<\/h5>","protected":false},"excerpt":{"rendered":"<p>Vous trouverez ci-dessous une s\u00e9lection de courts r\u00e9sum\u00e9s vid\u00e9o de l&#039;Assembl\u00e9e g\u00e9n\u00e9rale qui s&#039;est tenue \u00e0 S\u00e9oul, en Cor\u00e9e du Sud, en octobre 2025. Introduction \u00e0 l&#039;Assembl\u00e9e g\u00e9n\u00e9rale de l&#039;AEM Jour 1 de l&#039;Assembl\u00e9e g\u00e9n\u00e9rale de l&#039;AEM Jour 2 de l&#039;Assembl\u00e9e g\u00e9n\u00e9rale de l&#039;AEM Jour 3 de l&#039;Assembl\u00e9e g\u00e9n\u00e9rale de l&#039;AEM<\/p>","protected":false},"author":1,"featured_media":0,"parent":1580,"menu_order":0,"comment_status":"closed","ping_status":"closed","template":"","meta":{"_acf_changed":false,"_seopress_robots_primary_cat":"","_seopress_titles_title":"","_seopress_titles_desc":"","_seopress_robots_index":"","footnotes":""},"class_list":["post-1406","page","type-page","status-publish"],"acf":[],"_links":{"self":[{"href":"https:\/\/gospelforeveryone.worldea.org\/fr\/wp-json\/wp\/v2\/pages\/1406","targetHints":{"allow":["GET"]}}],"collection":[{"href":"https:\/\/gospelforeveryone.worldea.org\/fr\/wp-json\/wp\/v2\/pages"}],"about":[{"href":"https:\/\/gospelforeveryone.worldea.org\/fr\/wp-json\/wp\/v2\/types\/page"}],"author":[{"embeddable":true,"href":"https:\/\/gospelforeveryone.worldea.org\/fr\/wp-json\/wp\/v2\/users\/1"}],"replies":[{"embeddable":true,"href":"https:\/\/gospelforeveryone.worldea.org\/fr\/wp-json\/wp\/v2\/comments?post=1406"}],"version-history":[{"count":11,"href":"https:\/\/gospelforeveryone.worldea.org\/fr\/wp-json\/wp\/v2\/pages\/1406\/revisions"}],"predecessor-version":[{"id":1579,"href":"https:\/\/gospelforeveryone.worldea.org\/fr\/wp-json\/wp\/v2\/pages\/1406\/revisions\/1579"}],"up":[{"embeddable":true,"href":"https:\/\/gospelforeveryone.worldea.org\/fr\/wp-json\/wp\/v2\/pages\/1580"}],"wp:attachment":[{"href":"https:\/\/gospelforeveryone.worldea.org\/fr\/wp-json\/wp\/v2\/media?parent=1406"}],"curies":[{"name":"wp","href":"https:\/\/api.w.org\/{rel}","templated":true}]}}