{"id":158,"date":"2025-02-23T16:21:12","date_gmt":"2025-02-23T16:21:12","guid":{"rendered":"https:\/\/gospelforeveryone.worldea.org\/?page_id=158"},"modified":"2025-09-01T16:58:25","modified_gmt":"2025-09-01T16:58:25","slug":"registration","status":"publish","type":"page","link":"https:\/\/gospelforeveryone.worldea.org\/fr\/registration\/","title":{"rendered":"Inscription"},"content":{"rendered":"<h2>\n\t\t\tLes inscriptions sont d\u00e9sormais closes\t<\/h2>\n\t<p>L&#039;Assembl\u00e9e g\u00e9n\u00e9rale de l&#039;AEM d\u00e9butera le <strong>Lundi 27 octobre<\/strong> et terminer sur <strong>Vendredi 31 octobre 2025,<\/strong> et sera h\u00e9berg\u00e9 par l&#039;\u00e9glise SaRang \u00e0 S\u00e9oul, en Cor\u00e9e du Sud.<\/p>\n<p>Nous sommes ravis de l&#039;int\u00e9r\u00eat suscit\u00e9 par notre Assembl\u00e9e g\u00e9n\u00e9rale. Malheureusement, toutes nos salles sont actuellement occup\u00e9es et <strong>les inscriptions sont d\u00e9sormais closes<\/strong> pendant que nous effectuons une analyse plus approfondie.<\/p>\n<p>Si nous parvenons \u00e0 obtenir des places suppl\u00e9mentaires, les inscriptions rouvriront. <strong>Veuillez noter que des places suppl\u00e9mentaires ne seront disponibles qu&#039;au prix d&#039;inscription complet de US$700<\/strong>.<\/p>\n\t\t\t\t<h4 itemprop=\"name description\">Qui est invit\u00e9<\/h4>\n\t\t\t\t<p>Notre Assembl\u00e9e G\u00e9n\u00e9rale est, \u00e0 la base, un rassemblement familial de nos alliances r\u00e9gionales et nationales ainsi que de nos membres affili\u00e9s.<\/p>\n<p>Parall\u00e8lement, notre Assembl\u00e9e G\u00e9n\u00e9rale est ouverte \u00e0 tous, membres et non-membres, qui nous rejoignent dans notre <a href=\"https:\/\/gospelforeveryone.worldea.org\/fr\/statement-of-faith\/\">D\u00e9claration de foi<\/a>Si vous n&#039;\u00eates pas encore membre, nous vous demandons de fournir une lettre de recommandation (d&#039;un membre existant ou d&#039;un dirigeant international). Si vous n&#039;avez jamais particip\u00e9 \u00e0 une Assembl\u00e9e g\u00e9n\u00e9rale de la WEA, nous vous souhaitons la bienvenue. Nous serons ravis de vous compter parmi nous.<\/p>\n<p>Conform\u00e9ment \u00e0 nos statuts, chaque alliance est invit\u00e9e \u00e0 envoyer au moins trois d\u00e9l\u00e9gu\u00e9s \u00e0 l&#039;Assembl\u00e9e g\u00e9n\u00e9rale. Afin de refl\u00e9ter la diversit\u00e9 de l&#039;\u00e9vang\u00e9lisation, nous tenons \u00e0 souligner l&#039;importance d&#039;envoyer \u00e0 la fois des femmes d\u00e9l\u00e9gu\u00e9es et de jeunes leaders capables de participer pleinement aux activit\u00e9s de votre alliance. Votre d\u00e9l\u00e9gation pourrait ainsi inclure\u00a0:<\/p>\n<ul>\n<li>Le chef de l&#039;Alliance (g\u00e9n\u00e9ralement le pr\u00e9sident, le pr\u00e9sident, le secr\u00e9taire g\u00e9n\u00e9ral, le directeur ou similaire)<\/li>\n<li>Deux repr\u00e9sentants suppl\u00e9mentaires, dont au moins un devrait \u00eatre une femme et\/ou un jeune dirigeant de moins de 35 ans.<\/li>\n<\/ul>\n\t\t\t\t<h4 itemprop=\"name description\">Bourses d&#039;\u00e9tudes<\/h4>\n\t\t\t\t<p>Les candidatures aux bourses sont d\u00e9sormais closes.<\/p>\n<p>Si vous \u00eates en mesure de contribuer \u00e0 notre fonds de bourses, vous pouvez le faire ici\u00a0: <a href=\"https:\/\/gospelforeveryone.worldea.org\/fr\/scholarships\/donate\/\">https:\/\/gospelforeveryone.worldea.org\/scholarships\/donate\/<\/a><\/p>\n\t\t\t\t<h4 itemprop=\"name description\">Voyage<\/h4>\n\t\t\t\t<p>Nous sommes fiers d&#039;annoncer notre collaboration avec SkyTeam Global Meetings, notre r\u00e9seau d&#039;alliance pour les voyages a\u00e9riens \u00e0 l&#039;occasion de l&#039;Assembl\u00e9e g\u00e9n\u00e9rale de la WEA 2025. SkyTeam, affili\u00e9 \u00e0 Global Meetings, propose des tarifs a\u00e9riens attractifs. R\u00e9servez et achetez votre billet via le lien ci-dessous (ou utilisez l&#039;identifiant de l&#039;\u00e9v\u00e9nement). <strong>5108S<\/strong> directement aupr\u00e8s des membres de la compagnie a\u00e9rienne SkyTeam), vous b\u00e9n\u00e9ficierez de :<\/p>\n<ul>\n<li><strong>\u00c9conomies<\/strong>:Ils offrent des r\u00e9ductions exclusives jusqu&#039;\u00e0 15% en classe affaires et en classe \u00e9conomique\u00a0; aucun frais pour vos r\u00e9servations en ligne.<\/li>\n<li><strong>Commodit\u00e9<\/strong>:R\u00e9servez l&#039;itin\u00e9raire le plus pratique en ligne avec l&#039;une des 19 compagnies a\u00e9riennes membres de SkyTeam.<\/li>\n<li><strong>Miles de r\u00e9compense<\/strong>:Gagnez des Miles sur votre programme de fid\u00e9lit\u00e9 d&#039;une compagnie a\u00e9rienne membre de SkyTeam et \u00e9conomisez sur vos futurs voyages.<\/li>\n<li><strong>Service pr\u00e9cieux<\/strong>:Les clients SkyTeam Elite Plus, First et Business Class b\u00e9n\u00e9ficieront de SkyPriority, le traitement tapis rouge du r\u00e9seau de l&#039;alliance, et auront acc\u00e8s aux salons exclusifs SkyTeam.<\/li>\n<li><strong>R\u00e9seau SkyTeam<\/strong>:Voyagez vers votre \u00e9v\u00e9nement depuis pratiquement n&#039;importe o\u00f9 dans le monde avec plus de 14 500 vols quotidiens couvrant plus de 1 150 destinations dans 175 pays.<\/li>\n<\/ul>\n<p><strong>Pour r\u00e9server votre voyage en avion d\u00e8s maintenant, visitez <\/strong><a href=\"https:\/\/tinyurl.com\/WEAKOREA\">https:\/\/tinyurl.com\/WEAKOREA<\/a><\/p>\n<p><img loading=\"lazy\" decoding=\"async\" src=\"https:\/\/gospelforeveryone.worldea.org\/wp-content\/uploads\/2025\/04\/sktgm_cobr2015_rgb-900-1024x298.jpg\" alt=\"\" width=\"1024\" height=\"298\" \/><\/p>\n\t\t\t\t<h4 itemprop=\"name description\">Visas<\/h4>\n\t\t\t\t<p>La politique de visa de la Cor\u00e9e du Sud permet aux citoyens de certains pays d&#039;entrer en Cor\u00e9e du Sud avec une autorisation de voyage \u00e9lectronique cor\u00e9enne (K-ETA).<\/p>\n<p>Les citoyens de certains autres pays sont tenus d&#039;avoir un visa. Vous devez g\u00e9n\u00e9ralement l&#039;obtenir aupr\u00e8s de l&#039;ambassade ou du consulat de Cor\u00e9e de votre pays de r\u00e9sidence.<\/p>\n<p>En saisissant vos informations dans le formulaire ci-dessous, vous serez inform\u00e9(e) de la n\u00e9cessit\u00e9 d&#039;un visa K-ETA ou d&#039;un visa. Veuillez noter qu&#039;il s&#039;agit d&#039;un simple conseil et qu&#039;il est de votre responsabilit\u00e9 de v\u00e9rifier que vous disposez des documents n\u00e9cessaires pour entrer en Cor\u00e9e du Sud. Pour plus d&#039;informations, veuillez consulter notre <a href=\"https:\/\/gospelforeveryone.worldea.org\/fr\/faq\/do-i-need-a-visa\/\">FAQ sur les visas<\/a>.<\/p>","protected":false},"excerpt":{"rendered":"<p>Les inscriptions sont closes. L&#039;Assembl\u00e9e g\u00e9n\u00e9rale de la WEA d\u00e9butera le lundi 27 octobre et se terminera le vendredi 31 octobre 2025. Elle sera accueillie par l&#039;\u00e9glise SaRang de S\u00e9oul, en Cor\u00e9e du Sud. Nous sommes ravis de l&#039;int\u00e9r\u00eat suscit\u00e9 par notre Assembl\u00e9e g\u00e9n\u00e9rale. Malheureusement, toutes nos chambres sont actuellement occup\u00e9es et les inscriptions sont closes\u2026 <a title=\"Inscription\" class=\"read-more\" href=\"https:\/\/gospelforeveryone.worldea.org\/fr\/registration\/\" aria-label=\"En savoir plus sur Inscription\">Lire la suite<\/a><\/p>","protected":false},"author":1,"featured_media":0,"parent":0,"menu_order":0,"comment_status":"closed","ping_status":"closed","template":"","meta":{"_acf_changed":false,"_seopress_robots_primary_cat":"","_seopress_titles_title":"","_seopress_titles_desc":"","_seopress_robots_index":"","footnotes":""},"class_list":["post-158","page","type-page","status-publish"],"acf":[],"_links":{"self":[{"href":"https:\/\/gospelforeveryone.worldea.org\/fr\/wp-json\/wp\/v2\/pages\/158","targetHints":{"allow":["GET"]}}],"collection":[{"href":"https:\/\/gospelforeveryone.worldea.org\/fr\/wp-json\/wp\/v2\/pages"}],"about":[{"href":"https:\/\/gospelforeveryone.worldea.org\/fr\/wp-json\/wp\/v2\/types\/page"}],"author":[{"embeddable":true,"href":"https:\/\/gospelforeveryone.worldea.org\/fr\/wp-json\/wp\/v2\/users\/1"}],"replies":[{"embeddable":true,"href":"https:\/\/gospelforeveryone.worldea.org\/fr\/wp-json\/wp\/v2\/comments?post=158"}],"version-history":[{"count":11,"href":"https:\/\/gospelforeveryone.worldea.org\/fr\/wp-json\/wp\/v2\/pages\/158\/revisions"}],"predecessor-version":[{"id":1019,"href":"https:\/\/gospelforeveryone.worldea.org\/fr\/wp-json\/wp\/v2\/pages\/158\/revisions\/1019"}],"wp:attachment":[{"href":"https:\/\/gospelforeveryone.worldea.org\/fr\/wp-json\/wp\/v2\/media?parent=158"}],"curies":[{"name":"wp","href":"https:\/\/api.w.org\/{rel}","templated":true}]}}