{"id":160,"date":"2025-02-23T16:21:30","date_gmt":"2025-02-23T16:21:30","guid":{"rendered":"https:\/\/gospelforeveryone.worldea.org\/?page_id=160"},"modified":"2025-08-29T21:25:23","modified_gmt":"2025-08-29T21:25:23","slug":"payment","status":"publish","type":"page","link":"https:\/\/gospelforeveryone.worldea.org\/fr\/payment\/","title":{"rendered":"Paiement"},"content":{"rendered":"<p>Veuillez vous assurer que vous avez rempli un\u00a0<a href=\"https:\/\/gospelforeveryone.worldea.org\/fr\/registration\/\">Formulaire d&#039;inscription<\/a>\u00a0<strong>avant<\/strong> vous remplissez ce formulaire de paiement.<\/p>\n<p>Gr\u00e2ce \u00e0 la g\u00e9n\u00e9rosit\u00e9 de nos h\u00f4tes, nous pouvons vous proposer un tarif r\u00e9duit de $700 pour votre inscription (hors r\u00e9ductions d&#039;adh\u00e9sion). Votre inscription comprend tous les frais du programme, l&#039;h\u00e9bergement en colocation, les repas et les transports locaux pendant toute la dur\u00e9e de l&#039;Assembl\u00e9e g\u00e9n\u00e9rale (de l&#039;arriv\u00e9e le 26 octobre au d\u00e9part le 1er novembre).<\/p>\n<p>Cela signifie que chaque participant n&#039;aura \u00e0 couvrir que son voyage jusqu&#039;\u00e0 l&#039;Assembl\u00e9e G\u00e9n\u00e9rale et les frais d&#039;inscription, ainsi que toute demande suppl\u00e9mentaire que vous pourriez avoir.<\/p>\n<p><strong>Moins de 45 ans ?<\/strong>:Si vous avez moins de 45 ans le 27 octobre, vos frais d&#039;inscription (couvrant \u00e0 la fois l&#039;h\u00e9bergement et les repas) sont de <strong>seulement $100<\/strong>.<\/p>\n<h4>\n\t\t\tFrais\t<\/h4>\n\t<div id=\"footable_parent_732\"\n         class=\"footable_parent ninja_table_wrapper loading_ninja_table wp_table_data_press_parent semantic_ui\">\n                <table data-ninja_table_instance=\"ninja_table_instance_0\" data-footable_id=\"732\" data-filter-delay=\"1000\" aria-label=\"Tarifs d&#039;inscription\"            id=\"footable_732\"\n           data-unique_identifier=\"ninja_table_unique_id_70258576_732\"\n           class=\"foo-table ninja_footable foo_table_732 ninja_table_unique_id_70258576_732 ui table  nt_type_legacy_table selectable striped vertical_centered  footable-paging-right ninja_table_search_disabled ninja_table_pro\">\n                <colgroup>\n                            <col class=\"ninja_column_0\">\n                            <col class=\"ninja_column_1\">\n                            <col class=\"ninja_column_2\">\n                    <\/colgroup>\n        <thead>\n<tr class=\"footable-header\">\n                                                        <th scope=\"col\"  class=\"ninja_column_0 ninja_clmn_nm_membership_type\">Type d&#039;adh\u00e9sion<\/th><th scope=\"col\"  class=\"ninja_column_1 ninja_clmn_nm_membership_discount\">R\u00e9duction pour les membres<\/th><th scope=\"col\"  class=\"ninja_column_2 ninja_clmn_nm_final_cost\">Co\u00fbt final<\/th><\/tr>\n<\/thead>\n<tbody>\n\n        <tr data-row_id=\"1\" class=\"ninja_table_row_0 nt_row_id_1\">\n            <td><p><strong>Non-membre<\/strong><br \/><em>(Avec une demande facultative d&#039;adh\u00e9sion \u00e0 la WEA (d&#039;une valeur de $600) avec une remise de 50% \u00e0 $300.)<\/em><\/p><\/td><td>\u2014<\/td><td>$700<\/td>        <\/tr>\n            <tr data-row_id=\"2\" class=\"ninja_table_row_1 nt_row_id_2\">\n            <td><strong>Membre affili\u00e9 (si les cotisations sont \u00e0 jour)<\/strong><\/td><td>$300<\/td><td>$400<\/td>        <\/tr>\n            <tr data-row_id=\"3\" class=\"ninja_table_row_2 nt_row_id_3\">\n            <td><p><strong>Membre de l&#039;Alliance \u00e9vang\u00e9lique \u2014 personnel et secr\u00e9tariat uniquement (si les cotisations sont \u00e0 jour)<\/strong><br \/><i>(Vos trois premiers d\u00e9l\u00e9gu\u00e9s du personnel auront des frais d&#039;inscription de $300 chacun. Les frais d&#039;inscription pour les d\u00e9l\u00e9gu\u00e9s suivants seront factur\u00e9s \u00e0 $100 chacun.)<\/i><\/p><\/td><td>$400<\/td><td>$300<\/td>        <\/tr>\n            <tr data-row_id=\"4\" class=\"ninja_table_row_3 nt_row_id_4\">\n            <td><p><strong>Moins de 45 ans<\/strong><br \/><em>(Prix sp\u00e9cial bas\u00e9 sur le partage d&#039;une chambre)<\/em><\/p><\/td><td>\u2014<\/td><td>$100<\/td>        <\/tr>\n            <tr data-row_id=\"5\" class=\"ninja_table_row_4 nt_row_id_5\">\n            <td><strong>Personnel de la WEA et membres du comit\u00e9 d&#039;organisation (avec coupon de r\u00e9duction)<\/strong><br \/><em><\/em> Les remises varient selon le niveau d\u2019implication et la discr\u00e9tion de votre gestionnaire.<br \/><em>(Le coupon de r\u00e9duction ne couvre pas les frais suppl\u00e9mentaires que vous pourriez encourir)<\/em><\/td><td>\u2014<\/td><td>$0 - $100<\/td>        <\/tr>\n    <\/tbody><!--ninja_tobody_rendering_done-->\n    <\/table>\n    \n    \n    \n<\/div>\n\n\t<p><strong>Veuillez noter<\/strong><\/p>\n<ul>\n<li>Tous les montants sont de USD$.<\/li>\n<li>Si vous \u00eates membre de l&#039;Alliance \u00e9vang\u00e9lique et que vous souhaitez inscrire plusieurs d\u00e9l\u00e9gu\u00e9s au sein de votre organisation (<strong>personnel et secr\u00e9tariat uniquement<\/strong>) Le co\u00fbt est le suivant\u00a0: vos trois premiers d\u00e9l\u00e9gu\u00e9s auront des frais d&#039;inscription de 1\u00a0TP4T300 chacun. Les frais d&#039;inscription des d\u00e9l\u00e9gu\u00e9s suivants seront de 1\u00a0TP4T100 chacun. Pour en b\u00e9n\u00e9ficier, veuillez nous contacter par courriel. <a href=\"mailto:generalassembly@worldea.org\">generalassembly@worldea.org<\/a>Veuillez noter que chaque d\u00e9l\u00e9gu\u00e9 doit avoir rempli un formulaire distinct. <a href=\"https:\/\/gospelforeveryone.worldea.org\/fr\/registration\/\">Formulaire d&#039;inscription<\/a>.<\/li>\n<li>Le tarif non-membre comprend une demande facultative d&#039;adh\u00e9sion \u00e0 la WEA. Ce tarif co\u00fbte g\u00e9n\u00e9ralement $600, mais est disponible avec une r\u00e9duction de 50% \u00e0 $300 en cas d&#039;inscription \u00e0 l&#039;Assembl\u00e9e g\u00e9n\u00e9rale.<\/li>\n<li>Nous proposons un tarif sp\u00e9cial aux jeunes dirigeants (ceux qui auront moins de 45 ans au d\u00e9but de l&#039;Assembl\u00e9e g\u00e9n\u00e9rale, le 27 octobre 2025), r\u00e9duisant ainsi les frais d&#039;inscription \u00e0 $100. Ce tarif est calcul\u00e9 sur la base d&#039;une chambre partag\u00e9e.<\/li>\n<li>Le personnel de la WEA et les membres du comit\u00e9 d&#039;organisation peuvent demander un coupon de r\u00e9duction \u00e0 utiliser sur le formulaire de paiement pour les frais d&#039;inscription standard. Le montant de la r\u00e9duction varie selon votre niveau d&#039;implication et \u00e0 la discr\u00e9tion de votre responsable. Ce coupon ne couvre pas les frais suppl\u00e9mentaires que vous pourriez encourir. <strong>Veuillez noter que vous devez toujours remplir le formulaire d&#039;inscription et ce formulaire de paiement (m\u00eame si aucun paiement n&#039;est requis).<\/strong><\/li>\n<li>Un nombre limit\u00e9 de chambres individuelles sont disponibles, selon le principe du premier arriv\u00e9, premier servi. Un suppl\u00e9ment de $300 est appliqu\u00e9 pour les chambres individuelles.<\/li>\n<li>Les d\u00e9l\u00e9gu\u00e9s peuvent venir accompagn\u00e9s de leur conjoint (s&#039;ils ne participent pas \u00e0 l&#039;Assembl\u00e9e g\u00e9n\u00e9rale) moyennant un suppl\u00e9ment de $300. Les conjoints participant \u00e0 l&#039;Assembl\u00e9e g\u00e9n\u00e9rale doivent remplir leur propre formulaire d&#039;inscription et r\u00e9gler les frais d&#039;inscription.<\/li>\n<li>Si quelqu&#039;un de votre organisation a d\u00e9j\u00e0 pay\u00e9 le prix non-membre, veuillez s\u00e9lectionner \u00ab Je suis un membre affili\u00e9 \u00bb ci-dessous.<\/li>\n<li>Votre inscription n&#039;est confirm\u00e9e qu&#039;une fois ce formulaire compl\u00e9t\u00e9 et le paiement des frais d&#039;inscription re\u00e7u.<\/li>\n<\/ul>\n\t\t\t\t<h4 itemprop=\"name description\">Bourses d&#039;\u00e9tudes<\/h4>\n\t\t\t\t<p>Nous sommes en mesure d&#039;offrir un nombre limit\u00e9 de bourses. Celles-ci sont ouvertes aux candidatures des repr\u00e9sentants de l&#039;Alliance qui ne peuvent pas financer enti\u00e8rement leur formation.<\/p>\n<p>Les demandes de bourses peuvent \u00eatre faites ici : <a href=\"https:\/\/gospelforeveryone.worldea.org\/fr\/scholarships\/apply\/\">https:\/\/gospelforeveryone.worldea.org\/scholarships\/apply\/<\/a><\/p>\n<p>Si vous \u00eates en mesure de contribuer \u00e0 notre fonds de bourses, vous pouvez le faire ici\u00a0: <a href=\"https:\/\/gospelforeveryone.worldea.org\/fr\/scholarships\/donate\/\">https:\/\/gospelforeveryone.worldea.org\/scholarships\/donate\/<\/a><\/p>\n<h3>\n\t\t\tFormulaire de paiement\t<\/h3>\n\t<form action=\"https:\/\/gospelforeveryone.worldea.org\/fr\/wp-json\/ws-form\/v1\/submit\" class=\"wsf-form wsf-form-canvas\" id=\"ws-form-1\" data-id=\"17\" method=\"POST\" data-instance-id=\"1\" data-wsf-style-id=\"1\" data-trp-original-action=\"https:\/\/gospelforeveryone.worldea.org\/fr\/wp-json\/ws-form\/v1\/submit\"><input type=\"hidden\" name=\"trp-form-language\" value=\"fr\"\/><\/form>","protected":false},"excerpt":{"rendered":"<p>Veuillez vous assurer d&#039;avoir rempli un formulaire d&#039;inscription avant de remplir ce formulaire de paiement. Gr\u00e2ce \u00e0 la g\u00e9n\u00e9rosit\u00e9 de nos h\u00f4tes, nous pouvons vous proposer un tarif r\u00e9duit de $700 pour votre inscription (hors r\u00e9ductions d&#039;adh\u00e9sion). Votre inscription comprend tous les frais du programme, l&#039;h\u00e9bergement en colocation, les repas et les transports locaux\u2026 <a title=\"Paiement\" class=\"read-more\" href=\"https:\/\/gospelforeveryone.worldea.org\/fr\/payment\/\" aria-label=\"En savoir plus sur le paiement\">Lire la suite<\/a><\/p>","protected":false},"author":1,"featured_media":0,"parent":0,"menu_order":0,"comment_status":"closed","ping_status":"closed","template":"","meta":{"_acf_changed":false,"_seopress_robots_primary_cat":"","_seopress_titles_title":"","_seopress_titles_desc":"","_seopress_robots_index":"","footnotes":""},"class_list":["post-160","page","type-page","status-publish"],"acf":[],"_links":{"self":[{"href":"https:\/\/gospelforeveryone.worldea.org\/fr\/wp-json\/wp\/v2\/pages\/160","targetHints":{"allow":["GET"]}}],"collection":[{"href":"https:\/\/gospelforeveryone.worldea.org\/fr\/wp-json\/wp\/v2\/pages"}],"about":[{"href":"https:\/\/gospelforeveryone.worldea.org\/fr\/wp-json\/wp\/v2\/types\/page"}],"author":[{"embeddable":true,"href":"https:\/\/gospelforeveryone.worldea.org\/fr\/wp-json\/wp\/v2\/users\/1"}],"replies":[{"embeddable":true,"href":"https:\/\/gospelforeveryone.worldea.org\/fr\/wp-json\/wp\/v2\/comments?post=160"}],"version-history":[{"count":11,"href":"https:\/\/gospelforeveryone.worldea.org\/fr\/wp-json\/wp\/v2\/pages\/160\/revisions"}],"predecessor-version":[{"id":1015,"href":"https:\/\/gospelforeveryone.worldea.org\/fr\/wp-json\/wp\/v2\/pages\/160\/revisions\/1015"}],"wp:attachment":[{"href":"https:\/\/gospelforeveryone.worldea.org\/fr\/wp-json\/wp\/v2\/media?parent=160"}],"curies":[{"name":"wp","href":"https:\/\/api.w.org\/{rel}","templated":true}]}}