{"id":170,"date":"2025-02-23T16:22:31","date_gmt":"2025-02-23T16:22:31","guid":{"rendered":"https:\/\/gospelforeveryone.worldea.org\/?page_id=170"},"modified":"2025-11-19T14:50:36","modified_gmt":"2025-11-19T14:50:36","slug":"resources","status":"publish","type":"page","link":"https:\/\/gospelforeveryone.worldea.org\/fr\/resources\/","title":{"rendered":"Ressources"},"content":{"rendered":"<div class=\"wpgb-facet wpgb-loading wpgb-facet-15\" data-facet=\"15\" data-grid=\"6\">\t<h4 class=\"wpgb-facet-title\">Recherche<\/h4>\n\t\t<fieldset>\n\t\t<legend class=\"wpgb-facet-title wpgb-sr-only\">Recherche<\/legend>\n\t\t<div class=\"wpgb-search-facet\"><label>\n\t\t\t\t<span class=\"wpgb-sr-only\">Recherche<\/span>\n\t\t\t\t<input class=\"wpgb-input\" type=\"search\" name=\"search_resources\" placeholder=\"Tapez pour rechercher\" value=\"\" autocomplete=\"off\">\n\t\t\t\t<svg class=\"wpgb-input-icon\" viewbox=\"0 0 24 24\" height=\"16\" width=\"16\" aria-hidden=\"true\" focusable=\"false\"><path d=\"M17.5 17.5 23 23Zm-16-7a9 9 0 1 1 9 9 9 9 0 0 1-9-9Z\"\/><\/svg>\n\t\t\t<\/label><button type=\"button\" class=\"wpgb-clear-button\" hidden><span class=\"wpgb-sr-only\" data-no-translation=\"\" data-trp-gettext=\"\">Effacer<\/span><svg viewbox=\"0 0 24 24\" height=\"24\" width=\"24\" aria-hidden=\"true\" focusable=\"false\"><path d=\"m12 12-4.25 4.75L12.001 12 7.75 7.25 12.001 12l4.249-4.75L12 12l4.25 4.75Z\"\/><\/svg><\/button><\/div>\t<\/fieldset>\n\t<\/div>\n\t<div class=\"wpgb-facet wpgb-loading wpgb-facet-16\" data-facet=\"16\" data-grid=\"6\">\t<h4 class=\"wpgb-facet-title\">Trier par<\/h4>\n\t\t<fieldset>\n\t\t<legend class=\"wpgb-facet-title wpgb-sr-only\">Trier par<\/legend>\n\t\t<div class=\"wpgb-sort-facet\"><label><span class=\"wpgb-sr-only\">Trier par<\/span><select class=\"wpgb-sort wpgb-select wpgb-combobox\" name=\"sort_resources\"><option value=\"\" selected='selected'>Aucun<\/option><option value=\"title_asc\">Par titre de ressource (AZ)<\/option><option value=\"title_desc\">Par titre de ressource (ZA)<\/option><\/select><span class=\"wpgb-select-controls\"><span class=\"wpgb-select-separator\"><\/span><svg class=\"wpgb-select-toggle\" viewbox=\"0 0 24 24\" height=\"24\" width=\"24\" aria-hidden=\"true\" focusable=\"false\"><path d=\"m12 14.536-.045.043.045-.043-5.3-5.114 5.3 5.114 5.3-5.114-5.3 5.114.045.043Z\"\/><\/svg><\/span><\/label><\/div>\t<\/fieldset>\n\t<\/div>\n\t<div class=\"wpgb-facet wpgb-loading wpgb-facet-17\" data-facet=\"17\" data-grid=\"6\"><span class=\"wpgb-result-count\">Ressources 1 \u00e0 6 sur 18<\/span><\/div>\n\t<div class=\"wpgb-facet wpgb-loading wpgb-facet-14\" data-facet=\"14\" data-grid=\"6\">\t<h4 class=\"wpgb-facet-title\">Cat\u00e9gories<\/h4>\n\t\t<fieldset>\n\t\t<legend class=\"wpgb-facet-title wpgb-sr-only\">Cat\u00e9gories<\/legend>\n\t\t<div class=\"wpgb-checkbox-facet\"><ul class=\"wpgb-hierarchical-list\"><li><div class=\"wpgb-checkbox\" role=\"button\" aria-pressed=\"false\" tabindex=\"0\"><input type=\"hidden\" name=\"resource_categories[]\" value=\"panel-reports\"><span class=\"wpgb-checkbox-control\"><\/span><span class=\"wpgb-checkbox-label\">Rapports des groupes d&#039;experts&nbsp;<span>(12)<\/span><\/span><\/div><\/li><li><div class=\"wpgb-checkbox\" role=\"button\" aria-pressed=\"false\" tabindex=\"0\"><input type=\"hidden\" name=\"resource_categories[]\" value=\"slide-masters\"><span class=\"wpgb-checkbox-control\"><\/span><span class=\"wpgb-checkbox-label\">Masques de diapositives&nbsp;<span>(4)<\/span><\/span><\/div><\/li><li><div class=\"wpgb-checkbox\" role=\"button\" aria-pressed=\"false\" tabindex=\"0\"><input type=\"hidden\" name=\"resource_categories[]\" value=\"commitments\"><span class=\"wpgb-checkbox-control\"><\/span><span class=\"wpgb-checkbox-label\">Engagements&nbsp;<span>(1)<\/span><\/span><\/div><\/li><li><div class=\"wpgb-checkbox\" role=\"button\" aria-pressed=\"false\" tabindex=\"0\"><input type=\"hidden\" name=\"resource_categories[]\" value=\"misc\"><span class=\"wpgb-checkbox-control\"><\/span><span class=\"wpgb-checkbox-label\">Divers&nbsp;<span>(1)<\/span><\/span><\/div><\/li><\/ul><\/div>\t<\/fieldset>\n\t<\/div>\n\t<div class=\"wpgb-facet wpgb-loading wpgb-facet-4\" data-facet=\"4\" data-grid=\"4\"><button type=\"button\" class=\"wpgb-button wpgb-reset\" name=\"reset\">R\u00e9initialiser<\/button><\/div>\n\t<!-- Gridbuilder \u1d42\u1d3e Plugin (https:\/\/wpgridbuilder.com) -->\n<div class=\"wp-grid-builder wpgb-grid-6\" data-options=\"{&quot;id&quot;:6,&quot;type&quot;:&quot;masonry&quot;,&quot;source&quot;:&quot;post_type&quot;,&quot;loader&quot;:true,&quot;layout&quot;:&quot;vertical&quot;,&quot;reveal&quot;:1,&quot;isMainQuery&quot;:0,&quot;lazyLoad&quot;:false,&quot;cardSizes&quot;:{&quot;9999&quot;:{&quot;columns&quot;:3,&quot;height&quot;:240,&quot;gutter&quot;:16,&quot;ratio&quot;:&quot;1.33333&quot;},&quot;968&quot;:{&quot;columns&quot;:2,&quot;height&quot;:120,&quot;gutter&quot;:4,&quot;ratio&quot;:&quot;1.33333&quot;},&quot;480&quot;:{&quot;columns&quot;:1,&quot;height&quot;:120,&quot;gutter&quot;:2,&quot;ratio&quot;:&quot;1.33333&quot;}},&quot;fitRows&quot;:false,&quot;equalRows&quot;:0,&quot;equalColumns&quot;:false,&quot;fillLastRow&quot;:0,&quot;centerLastRow&quot;:0,&quot;horizontalOrder&quot;:false,&quot;fullWidth&quot;:false,&quot;transitionDelay&quot;:100,&quot;gallerySlideshow&quot;:false,&quot;rowsNumber&quot;:1,&quot;slideAlign&quot;:&quot;left&quot;,&quot;groupCells&quot;:1,&quot;draggable&quot;:true,&quot;initialIndex&quot;:0,&quot;contain&quot;:false,&quot;freeScroll&quot;:false,&quot;freeFriction&quot;:&quot;0.075&quot;,&quot;friction&quot;:&quot;0.285&quot;,&quot;attraction&quot;:&quot;0.025&quot;,&quot;autoPlay&quot;:0,&quot;pageDotAriaLabel&quot;:&quot;Point de page %d&quot;,&quot;isPreview&quot;:false,&quot;isGutenberg&quot;:false,&quot;rightToLeft&quot;:false}\"><div class=\"wpgb-svg-icons\" hidden>\n\t<svg viewbox=\"0 0 120 24\" width=\"0\" height=\"0\">\n\t<defs>\n        <polygon id=\"wpgb-star-svg\" points=\"12 2.5 15.1 8.8 22 9.8 17 14.6 18.2 21.5 12 18.3 5.8 21.5 7 14.6 2 9.8 8.9 8.8\"><\/polygon>\n    <\/defs>\n    <symbol id=\"wpgb-rating-stars-svg\">\n        <use xlink:href=\"#wpgb-star-svg\"><\/use>\n        <use xlink:href=\"#wpgb-star-svg\" x=\"24\"><\/use>\n        <use xlink:href=\"#wpgb-star-svg\" x=\"48\"><\/use>\n        <use xlink:href=\"#wpgb-star-svg\" x=\"72\"><\/use>\n        <use xlink:href=\"#wpgb-star-svg\" x=\"96\"><\/use>\n    <\/symbol>\n<\/svg>\n<\/div>\n<div class=\"wpgb-wrapper\">\n\t<div class=\"wpgb-main\">\n\t<div class=\"wpgb-layout\">\n\t<div class=\"wpgb-viewport\">\n\t\t<div class=\"wpgb-masonry\">\n\t\t\t<article class=\"wpgb-card wpgb-card-23 wpgb-post-1622 wpgb-card-hidden\" data-col=\"1\" data-row=\"1\" data-format=\"standard\"><div class=\"wpgb-card-wrapper\"><div class=\"wpgb-card-inner\"><div class=\"wpgb-card-content wpgb-scheme-dark\"><div class=\"wpgb-card-body\"><h3 class=\"wpgb-block-2\">Panel 3 \u2013 Vivre l\u2019\u00c9vangile par les mouvements<\/h3><p class=\"wpgb-block-1\"><!-- wp:paragraph -->\n<p>Ce rapport pr\u00e9sente des r\u00e9flexions sur la justice sociale et la technologie dans l&#039;\u00e9vang\u00e9lisation. Il souligne l&#039;importance d&#039;int\u00e9grer la justice \u00e0 l&#039;\u00c9vangile et de tirer parti de la technologie pour l&#039;\u00e9vang\u00e9lisation de masse, et plaide pour une approche holistique afin d&#039;inspirer une transformation mondiale.<\/p>\n<!-- \/wp:paragraph --><\/p><a class=\"wpgb-block-4 pd-download-button\" href=\"https:\/\/gospelforeveryone.worldea.org\/wp-content\/uploads\/2025\/11\/panel-3-living-the-gospel-through-movements-.pdf\">T\u00e9l\u00e9charger<\/a><\/div><\/div><\/div><\/div><\/article><article class=\"wpgb-card wpgb-card-23 wpgb-post-1633 wpgb-card-hidden\" data-col=\"1\" data-row=\"1\" data-format=\"standard\"><div class=\"wpgb-card-wrapper\"><div class=\"wpgb-card-inner\"><div class=\"wpgb-card-content wpgb-scheme-dark\"><div class=\"wpgb-card-body\"><h3 class=\"wpgb-block-2\">Rapport du petit-d\u00e9jeuner d&#039;affaires de WEA GA<\/h3><p class=\"wpgb-block-1\"><!-- wp:paragraph -->\n<p>Ce rapport met l&#039;accent sur l&#039;int\u00e9gration de la foi et du travail, en pr\u00e9sentant une nouvelle \"\u00a0Bible des affaires\u00a0\" et les r\u00e9flexions th\u00e9ologiques de Rick Warren sur l&#039;importance du travail aux yeux de Dieu. Il invite les dirigeants d&#039;entreprise \u00e0 s&#039;associer \u00e0 l&#039;\u00c9glise, \u00e0 l&#039;exemple de Joseph d&#039;Arimathie, en utilisant leurs ressources pour promouvoir l&#039;\u00c9vangile et concevoir le travail comme un minist\u00e8re et une mission.<\/p>\n<!-- \/wp:paragraph --><\/p><a class=\"wpgb-block-4 pd-download-button\" href=\"https:\/\/gospelforeveryone.worldea.org\/wp-content\/uploads\/2025\/11\/wea-ga-business-breakfast-report.pdf\">T\u00e9l\u00e9charger<\/a><\/div><\/div><\/div><\/div><\/article><article class=\"wpgb-card wpgb-card-23 wpgb-post-1623 wpgb-card-hidden\" data-col=\"1\" data-row=\"1\" data-format=\"standard\"><div class=\"wpgb-card-wrapper\"><div class=\"wpgb-card-inner\"><div class=\"wpgb-card-content wpgb-scheme-dark\"><div class=\"wpgb-card-body\"><h3 class=\"wpgb-block-2\">Panel 4 \u2013 Proclamer l\u2019\u00c9vangile en temps de pers\u00e9cution<\/h3><p class=\"wpgb-block-1\"><!-- wp:paragraph -->\n<p>Ce rapport aborde les difficult\u00e9s rencontr\u00e9es pour proclamer l\u2019\u00c9vangile en p\u00e9riode de pers\u00e9cution, en soulignant les graves cons\u00e9quences pour les groupes vuln\u00e9rables, notamment les femmes et les filles. Il met en lumi\u00e8re le r\u00f4le essentiel de l\u2019\u00c9glise pour apporter soutien, gu\u00e9rison et unit\u00e9 en Christ afin de transformer les communaut\u00e9s.<\/p>\n<!-- \/wp:paragraph --><\/p><a class=\"wpgb-block-4 pd-download-button\" href=\"https:\/\/gospelforeveryone.worldea.org\/wp-content\/uploads\/2025\/11\/panel-4-proclaiming-the-gospel-amid-persecution-.pdf\">T\u00e9l\u00e9charger<\/a><\/div><\/div><\/div><\/div><\/article><article class=\"wpgb-card wpgb-card-23 wpgb-post-1640 wpgb-card-hidden\" data-col=\"1\" data-row=\"1\" data-format=\"standard\"><div class=\"wpgb-card-wrapper\"><div class=\"wpgb-card-inner\"><div class=\"wpgb-card-content wpgb-scheme-dark\"><div class=\"wpgb-card-body\"><h3 class=\"wpgb-block-2\">Diaporama du 29 octobre 2025<\/h3><p class=\"wpgb-block-1\"><!-- wp:paragraph -->\n<p>Ces diapositives, diffus\u00e9es le mercredi 29 octobre 2025, explorent des enjeux mondiaux li\u00e9s \u00e0 la foi, au plaidoyer, \u00e0 l&#039;\u00e9thique de l&#039;IA, au bien-\u00eatre mental et \u00e0 la traduction biblique. Parmi les points cl\u00e9s abord\u00e9s figurent l&#039;int\u00e9gration de l&#039;IA dans un cadre biblique, la lutte contre les crises culturelles telles que la solitude, l&#039;acc\u00e9l\u00e9ration de la traduction biblique pour les populations non atteintes par l&#039;\u00c9vangile et l&#039;encouragement de l&#039;\u00e9vang\u00e9lisation personnelle. Elles mettent l&#039;accent sur l&#039;unit\u00e9, la mission strat\u00e9gique et le r\u00f4le d\u00e9terminant de l&#039;\u00c9glise dans la transformation de la soci\u00e9t\u00e9.<\/p>\n<!-- \/wp:paragraph --><\/p><a class=\"wpgb-block-4 pd-download-button\" href=\"https:\/\/gospelforeveryone.worldea.org\/wp-content\/uploads\/2025\/11\/wea-2025-slide-masters_wed.10.29.25.pdf\">T\u00e9l\u00e9charger<\/a><\/div><\/div><\/div><\/div><\/article><article class=\"wpgb-card wpgb-card-23 wpgb-post-1620 wpgb-card-hidden\" data-col=\"1\" data-row=\"1\" data-format=\"standard\"><div class=\"wpgb-card-wrapper\"><div class=\"wpgb-card-inner\"><div class=\"wpgb-card-content wpgb-scheme-dark\"><div class=\"wpgb-card-body\"><h3 class=\"wpgb-block-2\">Panel 1 \u2013 Vivre l\u2019\u00c9vangile dans un contexte de croissance mondiale<\/h3><p class=\"wpgb-block-1\"><!-- wp:paragraph -->\n<p>Ce rapport examine la croissance rapide de l&#039;\u00e9vang\u00e9lisme, en s&#039;int\u00e9ressant particuli\u00e8rement aux d\u00e9fis de la formation des responsables religieux en Afrique. Il souligne la n\u00e9cessit\u00e9 de nouvelles approches p\u00e9dagogiques pour soutenir une communaut\u00e9 eccl\u00e9siale dynamique et en expansion.<\/p>\n<!-- \/wp:paragraph --><\/p><a class=\"wpgb-block-4 pd-download-button\" href=\"https:\/\/gospelforeveryone.worldea.org\/wp-content\/uploads\/2025\/11\/panel-1-living-the-gospel-in-global-growth-1.pdf\">T\u00e9l\u00e9charger<\/a><\/div><\/div><\/div><\/div><\/article><article class=\"wpgb-card wpgb-card-23 wpgb-post-1631 wpgb-card-hidden\" data-col=\"1\" data-row=\"1\" data-format=\"standard\"><div class=\"wpgb-card-wrapper\"><div class=\"wpgb-card-inner\"><div class=\"wpgb-card-content wpgb-scheme-dark\"><div class=\"wpgb-card-body\"><h3 class=\"wpgb-block-2\">Panel 12 \u2013 C\u00e9l\u00e9brer l\u2019\u00c9vangile dans la formation des disciples<\/h3><p class=\"wpgb-block-1\"><!-- wp:paragraph -->\n<p>Ce rapport souligne la n\u00e9cessit\u00e9 de recentrer la formation des disciples sur la vie familiale. Il met en lumi\u00e8re les lacunes des mod\u00e8les actuels en mati\u00e8re d&#039;int\u00e9gration de la foi dans le quotidien et pr\u00e9conise de faire des familles les principaux centres de formation des disciples afin de relever les d\u00e9fis culturels et d&#039;assurer la transmission de la foi aux g\u00e9n\u00e9rations futures.<\/p>\n<!-- \/wp:paragraph --><\/p><a class=\"wpgb-block-4 pd-download-button\" href=\"https:\/\/gospelforeveryone.worldea.org\/wp-content\/uploads\/2025\/11\/panel-12-celebrating-the-gospel-in-disciple-making-.pdf\">T\u00e9l\u00e9charger<\/a><\/div><\/div><\/div><\/div><\/article>\t\t<\/div>\n\t<\/div>\n\t<div class=\"wpgb-loader\">\n\t<div class=\"wpgb-loader-5\">\n\t\t<div><\/div><div><\/div><div><\/div>\t<\/div>\n<\/div>\n<\/div>\n\t<\/div>\n\t\t<\/div>\n<\/div>\n\n\t<div class=\"wpgb-facet wpgb-loading wpgb-facet-8\" data-facet=\"8\" data-grid=\"6\"><nav class=\"wpgb-pagination-facet\" aria-label=\"Navigation\" data-no-translation-aria-label=\"\"><ul class=\"wpgb-pagination\"><li class=\"wpgb-page\"><a href=\"https:\/\/gospelforeveryone.worldea.org\/fr\/resources\/?_page=1\" aria-current=\"true\" aria-label=\"Page courante, Page 1\" data-page=\"1\" data-no-translation-aria-label=\"\">1<\/a><\/li><li class=\"wpgb-page\"><a href=\"https:\/\/gospelforeveryone.worldea.org\/fr\/resources\/?_page=2\" aria-label=\"Aller \u00e0 la page 2\" data-page=\"2\" data-no-translation-aria-label=\"\">2<\/a><\/li><li class=\"wpgb-page\"><a href=\"https:\/\/gospelforeveryone.worldea.org\/fr\/resources\/?_page=3\" aria-label=\"Aller \u00e0 la page 3\" data-page=\"3\" data-no-translation-aria-label=\"\">3<\/a><\/li><li class=\"wpgb-page wpgb-page-next\"><a href=\"https:\/\/gospelforeveryone.worldea.org\/fr\/resources\/?_page=2\" aria-label=\"Aller \u00e0 la page 2\" data-page=\"2\" data-no-translation-aria-label=\"\">Suivant<\/a><\/li><\/ul><\/nav><\/div>","protected":false},"excerpt":{"rendered":"<p>This report emphasizes the need to refocus discipleship on family life. It identifies current models&#8217; shortcomings in integrating faith into daily living, urging a shift towards empowering families as primary discipleship centers to address cultural challenges and ensure faith&#8217;s generational legacy.<\/p>","protected":false},"author":1,"featured_media":0,"parent":0,"menu_order":0,"comment_status":"closed","ping_status":"closed","template":"","meta":{"_acf_changed":false,"_seopress_robots_primary_cat":"","_seopress_titles_title":"","_seopress_titles_desc":"","_seopress_robots_index":"","footnotes":""},"class_list":["post-170","page","type-page","status-publish","hentry"],"acf":[],"_links":{"self":[{"href":"https:\/\/gospelforeveryone.worldea.org\/fr\/wp-json\/wp\/v2\/pages\/170","targetHints":{"allow":["GET"]}}],"collection":[{"href":"https:\/\/gospelforeveryone.worldea.org\/fr\/wp-json\/wp\/v2\/pages"}],"about":[{"href":"https:\/\/gospelforeveryone.worldea.org\/fr\/wp-json\/wp\/v2\/types\/page"}],"author":[{"embeddable":true,"href":"https:\/\/gospelforeveryone.worldea.org\/fr\/wp-json\/wp\/v2\/users\/1"}],"replies":[{"embeddable":true,"href":"https:\/\/gospelforeveryone.worldea.org\/fr\/wp-json\/wp\/v2\/comments?post=170"}],"version-history":[{"count":2,"href":"https:\/\/gospelforeveryone.worldea.org\/fr\/wp-json\/wp\/v2\/pages\/170\/revisions"}],"predecessor-version":[{"id":422,"href":"https:\/\/gospelforeveryone.worldea.org\/fr\/wp-json\/wp\/v2\/pages\/170\/revisions\/422"}],"wp:attachment":[{"href":"https:\/\/gospelforeveryone.worldea.org\/fr\/wp-json\/wp\/v2\/media?parent=170"}],"curies":[{"name":"wp","href":"https:\/\/api.w.org\/{rel}","templated":true}]}}