{"id":172,"date":"2025-02-23T16:22:41","date_gmt":"2025-02-23T16:22:41","guid":{"rendered":"https:\/\/gospelforeveryone.worldea.org\/?page_id=172"},"modified":"2025-10-05T16:40:27","modified_gmt":"2025-10-05T16:40:27","slug":"general-faqs","status":"publish","type":"page","link":"https:\/\/gospelforeveryone.worldea.org\/fr\/information\/general-faqs\/","title":{"rendered":"FAQ g\u00e9n\u00e9rales"},"content":{"rendered":"<div class=\"wpgb-facet wpgb-loading wpgb-facet-13\" data-facet=\"13\" data-grid=\"5\">\t<h4 class=\"wpgb-facet-title\">Recherche<\/h4>\n\t\t<fieldset>\n\t\t<legend class=\"wpgb-facet-title wpgb-sr-only\">Recherche<\/legend>\n\t\t<div class=\"wpgb-search-facet\"><label>\n\t\t\t\t<span class=\"wpgb-sr-only\">Recherche<\/span>\n\t\t\t\t<input class=\"wpgb-input\" type=\"search\" name=\"search_faqs\" placeholder=\"Tapez pour rechercher\" value=\"\" autocomplete=\"off\">\n\t\t\t\t<svg class=\"wpgb-input-icon\" viewbox=\"0 0 24 24\" height=\"16\" width=\"16\" aria-hidden=\"true\" focusable=\"false\"><path d=\"M17.5 17.5 23 23Zm-16-7a9 9 0 1 1 9 9 9 9 0 0 1-9-9Z\"\/><\/svg>\n\t\t\t<\/label><button type=\"button\" class=\"wpgb-clear-button\" hidden><span class=\"wpgb-sr-only\" data-no-translation=\"\" data-trp-gettext=\"\">Claro<\/span><svg viewbox=\"0 0 24 24\" height=\"24\" width=\"24\" aria-hidden=\"true\" focusable=\"false\"><path d=\"m12 12-4.25 4.75L12.001 12 7.75 7.25 12.001 12l4.249-4.75L12 12l4.25 4.75Z\"\/><\/svg><\/button><\/div>\t<\/fieldset>\n\t<\/div>\n\t<div class=\"wpgb-facet wpgb-loading wpgb-facet-12\" data-facet=\"12\" data-grid=\"5\">\t<h4 class=\"wpgb-facet-title\">Trier par<\/h4>\n\t\t<fieldset>\n\t\t<legend class=\"wpgb-facet-title wpgb-sr-only\">Trier par<\/legend>\n\t\t<div class=\"wpgb-sort-facet\"><label><span class=\"wpgb-sr-only\">Trier par<\/span><select class=\"wpgb-sort wpgb-select wpgb-combobox\" name=\"sort_faqs\"><option value=\"\" selected='selected'>Aucun<\/option><option value=\"title_asc\">Par titre de question (AZ)<\/option><option value=\"title_desc\">Par titre de question (ZA)<\/option><\/select><span class=\"wpgb-select-controls\"><span class=\"wpgb-select-separator\"><\/span><svg class=\"wpgb-select-toggle\" viewbox=\"0 0 24 24\" height=\"24\" width=\"24\" aria-hidden=\"true\" focusable=\"false\"><path d=\"m12 14.536-.045.043.045-.043-5.3-5.114 5.3 5.114 5.3-5.114-5.3 5.114.045.043Z\"\/><\/svg><\/span><\/label><\/div>\t<\/fieldset>\n\t<\/div>\n\t<div class=\"wpgb-facet wpgb-loading wpgb-facet-11\" data-facet=\"11\" data-grid=\"5\"><span class=\"wpgb-result-count\">1 - 8 sur 12 FAQ<\/span><\/div>\n\t<div class=\"wpgb-facet wpgb-loading wpgb-facet-10\" data-facet=\"10\" data-grid=\"5\">\t<h4 class=\"wpgb-facet-title\">Cat\u00e9gories<\/h4>\n\t\t<fieldset>\n\t\t<legend class=\"wpgb-facet-title wpgb-sr-only\">Cat\u00e9gories<\/legend>\n\t\t<div class=\"wpgb-checkbox-facet\"><ul class=\"wpgb-hierarchical-list\"><li><div class=\"wpgb-checkbox\" role=\"button\" aria-pressed=\"false\" tabindex=\"0\"><input type=\"hidden\" name=\"faq_categories[]\" value=\"finance\"><span class=\"wpgb-checkbox-control\"><\/span><span class=\"wpgb-checkbox-label\">Finance&nbsp;<span>(5)<\/span><\/span><\/div><\/li><li><div class=\"wpgb-checkbox\" role=\"button\" aria-pressed=\"false\" tabindex=\"0\"><input type=\"hidden\" name=\"faq_categories[]\" value=\"travel\"><span class=\"wpgb-checkbox-control\"><\/span><span class=\"wpgb-checkbox-label\">Voyage&nbsp;<span>(5)<\/span><\/span><\/div><\/li><li><div class=\"wpgb-checkbox\" role=\"button\" aria-pressed=\"false\" tabindex=\"0\"><input type=\"hidden\" name=\"faq_categories[]\" value=\"accomodation\"><span class=\"wpgb-checkbox-control\"><\/span><span class=\"wpgb-checkbox-label\">H\u00e9bergement&nbsp;<span>(2)<\/span><\/span><\/div><\/li><li><div class=\"wpgb-checkbox\" role=\"button\" aria-pressed=\"false\" tabindex=\"0\"><input type=\"hidden\" name=\"faq_categories[]\" value=\"miscellaneous\"><span class=\"wpgb-checkbox-control\"><\/span><span class=\"wpgb-checkbox-label\">Divers&nbsp;<span>(2)<\/span><\/span><\/div><\/li><li><div class=\"wpgb-checkbox\" role=\"button\" aria-pressed=\"false\" tabindex=\"0\"><input type=\"hidden\" name=\"faq_categories[]\" value=\"program\"><span class=\"wpgb-checkbox-control\"><\/span><span class=\"wpgb-checkbox-label\">Programme&nbsp;<span>(1)<\/span><\/span><\/div><\/li><\/ul><\/div>\t<\/fieldset>\n\t<\/div>\n\t<div class=\"wpgb-facet wpgb-loading wpgb-facet-4\" data-facet=\"4\" data-grid=\"5\"><button type=\"button\" class=\"wpgb-button wpgb-reset\" name=\"reset\">R\u00e9initialiser<\/button><\/div>\n\t<!-- Gridbuilder \u1d42\u1d3e Plugin (https:\/\/wpgridbuilder.com) -->\n<div class=\"wp-grid-builder wpgb-grid-5\" data-options=\"{&quot;id&quot;:5,&quot;type&quot;:&quot;masonry&quot;,&quot;source&quot;:&quot;post_type&quot;,&quot;loader&quot;:true,&quot;layout&quot;:&quot;vertical&quot;,&quot;reveal&quot;:1,&quot;isMainQuery&quot;:0,&quot;lazyLoad&quot;:false,&quot;cardSizes&quot;:{&quot;9999&quot;:{&quot;columns&quot;:2,&quot;height&quot;:240,&quot;gutter&quot;:16,&quot;ratio&quot;:&quot;1.33333&quot;},&quot;640&quot;:{&quot;columns&quot;:1,&quot;height&quot;:200,&quot;gutter&quot;:16,&quot;ratio&quot;:&quot;1.33333&quot;}},&quot;fitRows&quot;:false,&quot;equalRows&quot;:0,&quot;equalColumns&quot;:false,&quot;fillLastRow&quot;:0,&quot;centerLastRow&quot;:0,&quot;horizontalOrder&quot;:false,&quot;fullWidth&quot;:false,&quot;transitionDelay&quot;:100,&quot;gallerySlideshow&quot;:false,&quot;rowsNumber&quot;:1,&quot;slideAlign&quot;:&quot;left&quot;,&quot;groupCells&quot;:1,&quot;draggable&quot;:true,&quot;initialIndex&quot;:0,&quot;contain&quot;:false,&quot;freeScroll&quot;:false,&quot;freeFriction&quot;:&quot;0.075&quot;,&quot;friction&quot;:&quot;0.285&quot;,&quot;attraction&quot;:&quot;0.025&quot;,&quot;autoPlay&quot;:0,&quot;pageDotAriaLabel&quot;:&quot;Point de page %d&quot;,&quot;isPreview&quot;:false,&quot;isGutenberg&quot;:false,&quot;rightToLeft&quot;:false}\"><div class=\"wpgb-svg-icons\" hidden>\n\t<svg viewbox=\"0 0 120 24\" width=\"0\" height=\"0\">\n\t<defs>\n        <polygon id=\"wpgb-star-svg\" points=\"12 2.5 15.1 8.8 22 9.8 17 14.6 18.2 21.5 12 18.3 5.8 21.5 7 14.6 2 9.8 8.9 8.8\"><\/polygon>\n    <\/defs>\n    <symbol id=\"wpgb-rating-stars-svg\">\n        <use xlink:href=\"#wpgb-star-svg\"><\/use>\n        <use xlink:href=\"#wpgb-star-svg\" x=\"24\"><\/use>\n        <use xlink:href=\"#wpgb-star-svg\" x=\"48\"><\/use>\n        <use xlink:href=\"#wpgb-star-svg\" x=\"72\"><\/use>\n        <use xlink:href=\"#wpgb-star-svg\" x=\"96\"><\/use>\n    <\/symbol>\n<\/svg>\n<\/div>\n<div class=\"wpgb-wrapper\">\n\t<div class=\"wpgb-main\">\n\t<div class=\"wpgb-layout\">\n\t<div class=\"wpgb-viewport\">\n\t\t<div class=\"wpgb-masonry\">\n\t\t\t<article class=\"wpgb-card wpgb-card-22 wpgb-post-375 wpgb-card-hidden\" data-col=\"1\" data-row=\"1\" data-format=\"standard\"><div class=\"wpgb-card-wrapper\"><div class=\"wpgb-card-inner\"><div class=\"wpgb-card-content wpgb-scheme-dark\"><div class=\"wpgb-card-body\"><h3 class=\"wpgb-block-1\"><a href=\"https:\/\/gospelforeveryone.worldea.org\/fr\/faq\/who-should-attend\/\">\u00c0 qui s&#039;adresse cette formation ?<\/a><\/h3><div class=\"wpgb-block-2\"><\/div><p class=\"wpgb-block-5\">Notre Assembl\u00e9e G\u00e9n\u00e9rale est, \u00e0 la base, un rassemblement familial de nos alliances r\u00e9gionales et nationales ainsi que de nos membres affili\u00e9s.<\/p><\/div><div class=\"wpgb-card-footer\"><a class=\"wpgb-block-6\" href=\"https:\/\/gospelforeveryone.worldea.org\/fr\/faq\/who-should-attend\/\">En savoir plus<\/a><\/div><\/div><\/div><\/div><\/article><article class=\"wpgb-card wpgb-card-22 wpgb-post-376 wpgb-card-hidden\" data-col=\"1\" data-row=\"1\" data-format=\"standard\"><div class=\"wpgb-card-wrapper\"><div class=\"wpgb-card-inner\"><div class=\"wpgb-card-content wpgb-scheme-dark\"><div class=\"wpgb-card-body\"><h3 class=\"wpgb-block-1\"><a href=\"https:\/\/gospelforeveryone.worldea.org\/fr\/faq\/are-there-scholarships-available\/\">Existe-t-il des bourses disponibles ?<\/a><\/h3><div class=\"wpgb-block-2\"><\/div><p class=\"wpgb-block-5\">Nous sommes en mesure d&#039;offrir un nombre limit\u00e9 de bourses. Celles-ci sont ouvertes aux candidatures des repr\u00e9sentants de l&#039;Alliance qui ne peuvent pas financer l&#039;int\u00e9gralit\u00e9 de leur projet.<\/p><\/div><div class=\"wpgb-card-footer\"><a class=\"wpgb-block-6\" href=\"https:\/\/gospelforeveryone.worldea.org\/fr\/faq\/are-there-scholarships-available\/\">En savoir plus<\/a><\/div><\/div><\/div><\/div><\/article><article class=\"wpgb-card wpgb-card-22 wpgb-post-377 wpgb-card-hidden\" data-col=\"1\" data-row=\"1\" data-format=\"standard\"><div class=\"wpgb-card-wrapper\"><div class=\"wpgb-card-inner\"><div class=\"wpgb-card-content wpgb-scheme-dark\"><div class=\"wpgb-card-body\"><h3 class=\"wpgb-block-1\"><a href=\"https:\/\/gospelforeveryone.worldea.org\/fr\/faq\/are-there-any-discounts-on-travel\/\">Existe-t-il des r\u00e9ductions sur les voyages ?<\/a><\/h3><div class=\"wpgb-block-2\"><\/div><p class=\"wpgb-block-5\">Nous sommes fiers d&#039;annoncer que nous travaillons avec Global Meetings de SkyTeam en tant que r\u00e9seau d&#039;alliance pour les voyages a\u00e9riens pour la WEA...<\/p><\/div><div class=\"wpgb-card-footer\"><a class=\"wpgb-block-6\" href=\"https:\/\/gospelforeveryone.worldea.org\/fr\/faq\/are-there-any-discounts-on-travel\/\">En savoir plus<\/a><\/div><\/div><\/div><\/div><\/article><article class=\"wpgb-card wpgb-card-22 wpgb-post-378 wpgb-card-hidden\" data-col=\"1\" data-row=\"1\" data-format=\"standard\"><div class=\"wpgb-card-wrapper\"><div class=\"wpgb-card-inner\"><div class=\"wpgb-card-content wpgb-scheme-dark\"><div class=\"wpgb-card-body\"><h3 class=\"wpgb-block-1\"><a href=\"https:\/\/gospelforeveryone.worldea.org\/fr\/faq\/are-there-any-single-rooms\/\">Y a-t-il des chambres simples ?<\/a><\/h3><div class=\"wpgb-block-2\"><\/div><p class=\"wpgb-block-5\">Un nombre limit\u00e9 de chambres individuelles sont disponibles, selon le principe du premier arriv\u00e9, premier servi. Un suppl\u00e9ment de $300 est appliqu\u00e9.<\/p><\/div><div class=\"wpgb-card-footer\"><a class=\"wpgb-block-6\" href=\"https:\/\/gospelforeveryone.worldea.org\/fr\/faq\/are-there-any-single-rooms\/\">En savoir plus<\/a><\/div><\/div><\/div><\/div><\/article><article class=\"wpgb-card wpgb-card-22 wpgb-post-379 wpgb-card-hidden\" data-col=\"1\" data-row=\"1\" data-format=\"standard\"><div class=\"wpgb-card-wrapper\"><div class=\"wpgb-card-inner\"><div class=\"wpgb-card-content wpgb-scheme-dark\"><div class=\"wpgb-card-body\"><h3 class=\"wpgb-block-1\"><a href=\"https:\/\/gospelforeveryone.worldea.org\/fr\/faq\/is-there-a-staff-discount\/\">Existe-t-il une r\u00e9duction pour le personnel ?<\/a><\/h3><div class=\"wpgb-block-2\"><\/div><p class=\"wpgb-block-5\">Le personnel de la WEA et les membres du comit\u00e9 d&#039;organisation peuvent demander un coupon de r\u00e9duction \u00e0 utiliser sur le formulaire de paiement par rapport \u00e0 la norme...<\/p><\/div><div class=\"wpgb-card-footer\"><a class=\"wpgb-block-6\" href=\"https:\/\/gospelforeveryone.worldea.org\/fr\/faq\/is-there-a-staff-discount\/\">En savoir plus<\/a><\/div><\/div><\/div><\/div><\/article><article class=\"wpgb-card wpgb-card-22 wpgb-post-380 wpgb-card-hidden\" data-col=\"1\" data-row=\"1\" data-format=\"standard\"><div class=\"wpgb-card-wrapper\"><div class=\"wpgb-card-inner\"><div class=\"wpgb-card-content wpgb-scheme-dark\"><div class=\"wpgb-card-body\"><h3 class=\"wpgb-block-1\"><a href=\"https:\/\/gospelforeveryone.worldea.org\/fr\/faq\/what-are-the-costs\/\">Quels sont les co\u00fbts ?<\/a><\/h3><div class=\"wpgb-block-2\"><\/div><p class=\"wpgb-block-5\">Nos h\u00f4tes ont \u00e9t\u00e9 g\u00e9n\u00e9reux dans leur soutien et cela nous a permis de facturer des frais r\u00e9duits de $700...<\/p><\/div><div class=\"wpgb-card-footer\"><a class=\"wpgb-block-6\" href=\"https:\/\/gospelforeveryone.worldea.org\/fr\/faq\/what-are-the-costs\/\">En savoir plus<\/a><\/div><\/div><\/div><\/div><\/article><article class=\"wpgb-card wpgb-card-22 wpgb-post-381 wpgb-card-hidden\" data-col=\"1\" data-row=\"1\" data-format=\"standard\"><div class=\"wpgb-card-wrapper\"><div class=\"wpgb-card-inner\"><div class=\"wpgb-card-content wpgb-scheme-dark\"><div class=\"wpgb-card-body\"><h3 class=\"wpgb-block-1\"><a href=\"https:\/\/gospelforeveryone.worldea.org\/fr\/faq\/are-there-discounts-for-younger-leaders\/\">Existe-t-il des r\u00e9ductions pour les jeunes dirigeants ?<\/a><\/h3><div class=\"wpgb-block-2\"><\/div><p class=\"wpgb-block-5\">Nous proposons des tarifs sp\u00e9ciaux pour les jeunes dirigeants (ceux qui ont moins de 45 ans au moment o\u00f9 l&#039;Assembl\u00e9e g\u00e9n\u00e9rale commence...<\/p><\/div><div class=\"wpgb-card-footer\"><a class=\"wpgb-block-6\" href=\"https:\/\/gospelforeveryone.worldea.org\/fr\/faq\/are-there-discounts-for-younger-leaders\/\">En savoir plus<\/a><\/div><\/div><\/div><\/div><\/article><article class=\"wpgb-card wpgb-card-22 wpgb-post-382 wpgb-card-hidden\" data-col=\"1\" data-row=\"1\" data-format=\"standard\"><div class=\"wpgb-card-wrapper\"><div class=\"wpgb-card-inner\"><div class=\"wpgb-card-content wpgb-scheme-dark\"><div class=\"wpgb-card-body\"><h3 class=\"wpgb-block-1\"><a href=\"https:\/\/gospelforeveryone.worldea.org\/fr\/faq\/question-8\/\">Puis-je amener mon conjoint ?<\/a><\/h3><div class=\"wpgb-block-2\"><\/div><p class=\"wpgb-block-5\">Oui\u00a0! Les d\u00e9l\u00e9gu\u00e9s peuvent venir accompagn\u00e9s de leur conjoint moyennant un suppl\u00e9ment de $300. Veuillez pr\u00e9ciser cette information lors de votre inscription.<\/p><\/div><div class=\"wpgb-card-footer\"><a class=\"wpgb-block-6\" href=\"https:\/\/gospelforeveryone.worldea.org\/fr\/faq\/question-8\/\">En savoir plus<\/a><\/div><\/div><\/div><\/div><\/article>\t\t<\/div>\n\t<\/div>\n\t<div class=\"wpgb-loader\">\n\t<div class=\"wpgb-loader-5\">\n\t\t<div><\/div><div><\/div><div><\/div>\t<\/div>\n<\/div>\n<\/div>\n\t<\/div>\n\t\t<\/div>\n<\/div>\n\n\t<div class=\"wpgb-facet wpgb-loading wpgb-facet-8\" data-facet=\"8\" data-grid=\"5\"><nav class=\"wpgb-pagination-facet\" aria-label=\"Navegaci\u00f3n de p\u00e1gina\" data-no-translation-aria-label=\"\"><ul class=\"wpgb-pagination\"><li class=\"wpgb-page\"><a href=\"https:\/\/gospelforeveryone.worldea.org\/es\/information\/general-faqs\/?_page=1\" aria-current=\"true\" aria-label=\"P\u00e1gina actual, P\u00e1gina 1\" data-page=\"1\" data-no-translation-aria-label=\"\">1<\/a><\/li><li class=\"wpgb-page\"><a href=\"https:\/\/gospelforeveryone.worldea.org\/es\/information\/general-faqs\/?_page=2\" aria-label=\"Ir a la p\u00e1gina 2\" data-page=\"2\" data-no-translation-aria-label=\"\">2<\/a><\/li><li class=\"wpgb-page wpgb-page-next\"><a href=\"https:\/\/gospelforeveryone.worldea.org\/es\/information\/general-faqs\/?_page=2\" aria-label=\"Ir a la p\u00e1gina 2\" data-page=\"2\" data-no-translation-aria-label=\"\">Suivant<\/a><\/li><\/ul><\/nav><\/div>\n\n\n\n<p><\/p>","protected":false},"excerpt":{"rendered":"<p>Oui\u00a0! Les d\u00e9l\u00e9gu\u00e9s peuvent venir accompagn\u00e9s de leur conjoint moyennant un suppl\u00e9ment de $300. Veuillez pr\u00e9ciser cette information sur votre formulaire d&#039;inscription et votre formulaire de paiement.<\/p>","protected":false},"author":1,"featured_media":0,"parent":1117,"menu_order":0,"comment_status":"closed","ping_status":"closed","template":"","meta":{"_acf_changed":false,"_seopress_robots_primary_cat":"","_seopress_titles_title":"","_seopress_titles_desc":"","_seopress_robots_index":"","footnotes":""},"class_list":["post-172","page","type-page","status-publish","hentry"],"acf":[],"_links":{"self":[{"href":"https:\/\/gospelforeveryone.worldea.org\/fr\/wp-json\/wp\/v2\/pages\/172","targetHints":{"allow":["GET"]}}],"collection":[{"href":"https:\/\/gospelforeveryone.worldea.org\/fr\/wp-json\/wp\/v2\/pages"}],"about":[{"href":"https:\/\/gospelforeveryone.worldea.org\/fr\/wp-json\/wp\/v2\/types\/page"}],"author":[{"embeddable":true,"href":"https:\/\/gospelforeveryone.worldea.org\/fr\/wp-json\/wp\/v2\/users\/1"}],"replies":[{"embeddable":true,"href":"https:\/\/gospelforeveryone.worldea.org\/fr\/wp-json\/wp\/v2\/comments?post=172"}],"version-history":[{"count":6,"href":"https:\/\/gospelforeveryone.worldea.org\/fr\/wp-json\/wp\/v2\/pages\/172\/revisions"}],"predecessor-version":[{"id":1142,"href":"https:\/\/gospelforeveryone.worldea.org\/fr\/wp-json\/wp\/v2\/pages\/172\/revisions\/1142"}],"up":[{"embeddable":true,"href":"https:\/\/gospelforeveryone.worldea.org\/fr\/wp-json\/wp\/v2\/pages\/1117"}],"wp:attachment":[{"href":"https:\/\/gospelforeveryone.worldea.org\/fr\/wp-json\/wp\/v2\/media?parent=172"}],"curies":[{"name":"wp","href":"https:\/\/api.w.org\/{rel}","templated":true}]}}