{"id":221,"date":"2025-02-24T12:45:21","date_gmt":"2025-02-24T12:45:21","guid":{"rendered":"https:\/\/gospelforeveryone.worldea.org\/?page_id=221"},"modified":"2025-02-25T12:33:30","modified_gmt":"2025-02-25T12:33:30","slug":"privacy","status":"publish","type":"page","link":"https:\/\/gospelforeveryone.worldea.org\/fr\/privacy\/","title":{"rendered":"Vie priv\u00e9e"},"content":{"rendered":"<p>La confidentialit\u00e9 est importante, mais elle peut \u00eatre source de confusion. Cette page explique notre approche de la confidentialit\u00e9 et son impact sur vous.<\/p>\n<h4>Version courte<\/h4>\n<p>Nous collectons des statistiques anonymes sur votre visite, comme les pages que vous avez consult\u00e9es.<\/p>\n<p>Certains tiers comme Facebook peuvent savoir que vous avez visit\u00e9 ce site web si vous utilisez leurs services. Nous n&#039;avons aucun contr\u00f4le sur eux, mais nous ne pensons pas que cette information repr\u00e9sente une menace pour vous.<\/p>\n<p>Si vous vous inscrivez chez nous, nous prenons grand soin de prot\u00e9ger vos informations et nous ne les partagerons jamais avec d&#039;autres sans votre autorisation expresse.<\/p>\n<p>Nous ne partageons jamais vos donn\u00e9es avec des tiers, sauf pour nous aider \u00e0 fournir nos propres services.<\/p>\n<p>Ce ne sont l\u00e0 que les points essentiels. Pour plus de d\u00e9tails, poursuivez votre lecture.<\/p>\n<h4>Mesurer nos visiteurs<\/h4>\n<p>Nous mesurons le nombre de visiteurs sur notre site web gr\u00e2ce \u00e0 Google Analytics. Ce service enregistre les pages que vous consultez, votre itin\u00e9raire d&#039;arriv\u00e9e et certaines informations de base sur votre ordinateur. Toutes ces informations sont anonymes\u00a0; nous ne savons donc pas qui vous \u00eates, mais seulement que quelqu&#039;un a visit\u00e9 notre site.<\/p>\n<p>Les informations que nous recueillons gr\u00e2ce \u00e0 nos analyses nous aident \u00e0 comprendre les aspects de nos sites qui fonctionnent bien, comment les visiteurs y acc\u00e8dent, etc. Comme la plupart des sites web, nous utilisons ces informations pour am\u00e9liorer notre site web.<\/p>\n<p>Tu peux\u00a0<a href=\"https:\/\/support.google.com\/analytics\/answer\/6004245\" target=\"_blank\" rel=\"noopener\">en savoir plus sur Google Analytics ici<\/a>.<\/p>\n<h4>Contenu int\u00e9gr\u00e9 provenant d&#039;autres sites Web<\/h4>\n<p>Le contenu de ce site peut inclure des \u00e9l\u00e9ments int\u00e9gr\u00e9s (vid\u00e9os, images, articles, etc.). Le contenu int\u00e9gr\u00e9 provenant d&#039;autres sites web se comporte exactement comme si le visiteur se rendait sur le site d&#039;origine.<\/p>\n<p>Ces sites Web peuvent collecter des donn\u00e9es vous concernant, utiliser des cookies, int\u00e9grer un suivi tiers suppl\u00e9mentaire et surveiller votre interaction avec ce contenu int\u00e9gr\u00e9, y compris le suivi de votre interaction avec le contenu int\u00e9gr\u00e9 si vous avez un compte et \u00eates connect\u00e9 \u00e0 ce site Web.<\/p>\n<h4>Publicit\u00e9s et liens sponsoris\u00e9s<\/h4>\n<p>Ce site Web ne contient aucun lien sponsoris\u00e9 ni aucune publicit\u00e9.<\/p>\n<h4>T\u00e9l\u00e9chargements et fichiers multim\u00e9dias<\/h4>\n<p>Tous les documents, fichiers ou supports t\u00e9l\u00e9chargeables mis \u00e0 disposition sur ce site web sont fournis \u00e0 vos propres risques. Bien que toutes les pr\u00e9cautions aient \u00e9t\u00e9 prises pour garantir que seuls des t\u00e9l\u00e9chargements authentiques soient disponibles, il est conseill\u00e9 de v\u00e9rifier leur authenticit\u00e9 \u00e0 l&#039;aide d&#039;un logiciel antivirus tiers ou d&#039;applications similaires.<\/p>\n<p>Nous d\u00e9clinons toute responsabilit\u00e9 quant aux t\u00e9l\u00e9chargements tiers et aux t\u00e9l\u00e9chargements fournis par des sites web externes. Nous vous conseillons de v\u00e9rifier leur authenticit\u00e9 \u00e0 l&#039;aide d&#039;un logiciel antivirus tiers ou d&#039;applications similaires.<\/p>\n<h4>Facebook, Twitter et autres r\u00e9seaux sociaux<\/h4>\n<p>Ces services fournissent des boutons sociaux et des fonctionnalit\u00e9s similaires que nous utilisons sur notre site Web, tels que les boutons \u00ab J&#039;aime \u00bb et \u00ab Tweet \u00bb.<\/p>\n<p>Pour ce faire, nous int\u00e9grons du code fourni par ces r\u00e9seaux et nous n&#039;exer\u00e7ons aucun contr\u00f4le sur eux. Pour fonctionner, leurs boutons d\u00e9tectent g\u00e9n\u00e9ralement si vous \u00eates connect\u00e9\u00a0; par exemple, Facebook l&#039;utilise pour indiquer \u00ab\u00a0X de vos amis aiment ceci\u00a0\u00bb. Nous n&#039;avons aucun acc\u00e8s \u00e0 ces informations et ne pouvons pas contr\u00f4ler leur utilisation par ces r\u00e9seaux.<\/p>\n<p>Les r\u00e9seaux sociaux pourraient donc savoir que vous consultez ce site web si vous utilisez leurs services. (Cela ne veut pas dire qu&#039;ils le savent, mais leurs politiques peuvent changer).<\/p>\n<h4>Si vous vous inscrivez \u00e0 un service<\/h4>\n<p>Lorsque vous vous inscrivez \u00e0 l&#039;un de nos services (par exemple, en vous inscrivant \u00e0 la liste de diffusion), nous enregistrons des informations personnelles sp\u00e9cifiques vous concernant, telles que votre nom et votre adresse e-mail.<\/p>\n<h4>Courriels<\/h4>\n<p>Nous pouvons vous envoyer des notifications par e-mail que vous avez express\u00e9ment demand\u00e9es (telles que des newsletters ou des notifications). Vous pouvez vous d\u00e9sinscrire de ces communications \u00e0 tout moment.<\/p>\n<p>Nous ne fournirons jamais vos informations personnelles ou votre adresse e-mail \u00e0 des tiers, sauf s&#039;ils sont sp\u00e9cifiquement employ\u00e9s pour nous aider \u00e0 fournir nos propres services, comme d\u00e9taill\u00e9 ci-dessus.<\/p>\n<h4>S\u00e9curit\u00e9<\/h4>\n<p>Nous prenons de nombreuses pr\u00e9cautions pour pr\u00e9venir la perte, l&#039;utilisation abusive ou l&#039;alt\u00e9ration de vos informations personnelles. Ces pr\u00e9cautions comprennent\u00a0:<\/p>\n<ul>\n<li>Utilisation du cryptage SSL pour tout le contenu des pages et toutes les donn\u00e9es collect\u00e9es<\/li>\n<li>Mat\u00e9riel stock\u00e9 dans des centres de donn\u00e9es s\u00e9curis\u00e9s derri\u00e8re des pare-feu<\/li>\n<li>Tout acc\u00e8s aux informations est restreint par mot de passe et\/ou cl\u00e9 s\u00e9curis\u00e9e<\/li>\n<li>Restrictions concernant les informations accessibles depuis n&#039;importe quel emplacement<\/li>\n<\/ul>\n<p>Bien que nous prenions grand soin de garantir que toute information confidentielle reste prot\u00e9g\u00e9e, nous ne pouvons pas garantir la s\u00e9curit\u00e9 des donn\u00e9es envoy\u00e9es sur Internet.<\/p>\n<p>Si, lors de votre utilisation de ce site web, il vous est demand\u00e9 de cr\u00e9er un compte utilisateur, sachez que vous \u00eates responsable de la confidentialit\u00e9 de votre mot de passe et de vos informations d&#039;utilisateur. Nous ne vous demanderons jamais votre mot de passe\u00a0; ne faites donc confiance \u00e0 personne.<\/p>\n<h4>Vos donn\u00e9es<\/h4>\n<p>Vos donn\u00e9es vous appartiennent. Vous pouvez \u00e0 tout moment demander une copie de vos donn\u00e9es ou leur suppression de notre syst\u00e8me.\u00a0<a href=\"https:\/\/gospelforeveryone.worldea.org\/fr\/your-data\/\">ici<\/a>.<\/p>\n<h4>Mises \u00e0 jour de cette politique<\/h4>\n<p>Nous sommes susceptibles de mettre \u00e0 jour cette politique de confidentialit\u00e9 de temps \u00e0 autre, notamment en fonction des \u00e9volutions technologiques. Vous pouvez consulter cette page \u00e0 tout moment pour obtenir la derni\u00e8re version. Nous pouvons \u00e9galement vous informer des modifications apport\u00e9es \u00e0 notre politique de confidentialit\u00e9 par e-mail.<\/p>","protected":false},"excerpt":{"rendered":"<p>La confidentialit\u00e9 est importante, mais elle peut \u00eatre source de confusion. Cette page explique notre approche de la confidentialit\u00e9 et son impact sur vous. Version courte\u00a0: nous collectons des statistiques anonymes sur votre visite, comme les pages que vous avez consult\u00e9es. Certains tiers comme Facebook peuvent savoir que vous avez visit\u00e9 ce site web si vous utilisez leurs services. Nous ne pouvons pas les contr\u00f4ler\u2026 <a title=\"Vie priv\u00e9e\" class=\"read-more\" href=\"https:\/\/gospelforeveryone.worldea.org\/fr\/privacy\/\" aria-label=\"En savoir plus sur la confidentialit\u00e9\">Lire la suite<\/a><\/p>","protected":false},"author":1,"featured_media":0,"parent":0,"menu_order":0,"comment_status":"closed","ping_status":"closed","template":"","meta":{"_acf_changed":false,"_seopress_robots_primary_cat":"","_seopress_titles_title":"","_seopress_titles_desc":"","_seopress_robots_index":"","footnotes":""},"class_list":["post-221","page","type-page","status-publish"],"acf":[],"_links":{"self":[{"href":"https:\/\/gospelforeveryone.worldea.org\/fr\/wp-json\/wp\/v2\/pages\/221","targetHints":{"allow":["GET"]}}],"collection":[{"href":"https:\/\/gospelforeveryone.worldea.org\/fr\/wp-json\/wp\/v2\/pages"}],"about":[{"href":"https:\/\/gospelforeveryone.worldea.org\/fr\/wp-json\/wp\/v2\/types\/page"}],"author":[{"embeddable":true,"href":"https:\/\/gospelforeveryone.worldea.org\/fr\/wp-json\/wp\/v2\/users\/1"}],"replies":[{"embeddable":true,"href":"https:\/\/gospelforeveryone.worldea.org\/fr\/wp-json\/wp\/v2\/comments?post=221"}],"version-history":[{"count":0,"href":"https:\/\/gospelforeveryone.worldea.org\/fr\/wp-json\/wp\/v2\/pages\/221\/revisions"}],"wp:attachment":[{"href":"https:\/\/gospelforeveryone.worldea.org\/fr\/wp-json\/wp\/v2\/media?parent=221"}],"curies":[{"name":"wp","href":"https:\/\/api.w.org\/{rel}","templated":true}]}}