{"id":442,"date":"2025-03-21T17:00:51","date_gmt":"2025-03-21T17:00:51","guid":{"rendered":"https:\/\/gospelforeveryone.worldea.org\/?page_id=442"},"modified":"2025-04-29T12:19:31","modified_gmt":"2025-04-29T12:19:31","slug":"donate","status":"publish","type":"page","link":"https:\/\/gospelforeveryone.worldea.org\/fr\/scholarships\/donate\/","title":{"rendered":"Bourses d&#039;\u00e9tudes \u2013 Faire un don"},"content":{"rendered":"<h3>\n\t\t\tAidez-nous \u00e0 \u00e9quiper les jeunes dirigeants chr\u00e9tiens\t<\/h3>\n\t<p>Avec une vision pour \u00ab L\u2019\u00c9vangile pour tous d\u2019ici 2033 \u00bb, nous visons \u00e0 rassembler 1 000 dirigeants \u00e9vang\u00e9liques du monde entier.<\/p>\n<p>L&#039;Alliance \u00e9vang\u00e9lique mondiale est une famille compos\u00e9e de nos alliances nationales et de nos membres affili\u00e9s. La plupart de ces alliances nationales sont implant\u00e9es dans le monde majoritaire et ont un impact l\u00e0 o\u00f9 elles sont implant\u00e9es en t\u00e9moignant de la puissance de l&#039;\u00c9vangile.<\/p>\n<p>Notre objectif, gr\u00e2ce au Fonds de bourses WEA, est de permettre \u00e0 350 de ces dirigeants (en privil\u00e9giant les jeunes et les personnes aux revenus modestes) de participer \u00e0 cet \u00e9v\u00e9nement transformateur, fa\u00e7onnant ainsi l&#039;avenir de l&#039;\u00e9vang\u00e9lisation. En faisant un don au Fonds de bourses WEA, vous ne vous contentez pas d&#039;apporter une aide financi\u00e8re\u00a0: vous contribuez \u00e0 la diffusion de l&#039;\u00c9vangile, vous renforcez les dirigeants de premi\u00e8re ligne et vous assurez que ceux qui en ont le plus besoin puissent \u00eatre \u00e9quip\u00e9s pour un impact mondial.<\/p>\n<h5>\n\t\t\tComment vos dons aident\t<\/h5>\n<h5>\n\t\t\t$1,500\t<\/h5>\n\t<p>Couvre le co\u00fbt moyen du voyage d\u2019un jeune leader chr\u00e9tien.<\/p>\n<h5>\n\t\t\t$2,200\t<\/h5>\n\t<p>Couvre le co\u00fbt moyen du voyage, des frais de programme et de l&#039;inscription d&#039;un jeune leader chr\u00e9tien.<\/p>\n<h5>\n\t\t\t$4,400\t<\/h5>\n\t<p>Couvre le co\u00fbt moyen du voyage, les frais de programme et l&#039;inscription de deux jeunes dirigeants chr\u00e9tiens.<\/p>\n<h4>\n\t\t\tVoulez-vous vous associer \u00e0 nous aujourd\u2019hui pour faire de cette vision une r\u00e9alit\u00e9 ?\t<\/h4>\n\t\t\t\t<img decoding=\"async\" src=\"https:\/\/gospelforeveryone.worldea.org\/wp-content\/uploads\/2025\/03\/young-leaders-1800-1024x672.jpg\" alt=\"group of young multiracial business people, focus on latin ameri\" itemprop=\"image\" height=\"672\" width=\"1024\" title=\"groupe de jeunes entrepreneurs multiraciaux, concentr\u00e9s sur l&#039;Am\u00e9rique latine\" onerror=\"this.style.display='none'\" loading='lazy' \/>\n<h4>\n\t\t\tImpact du Fonds de bourses\t<\/h4>\n\t<p>Chaque don de 2\u00a0200 $US (environ 1\u00a0TP4T) constitue une aide financi\u00e8re pour soutenir la participation de jeunes leaders chr\u00e9tiens \u00e0 notre Assembl\u00e9e g\u00e9n\u00e9rale. Ce don couvrira le vol et les frais d&#039;inscription. En tant que membres de la G\u00e9n\u00e9ration Pont, ces personnes sont des leaders actuels qui auront un impact durable sur l&#039;avenir.<\/p>\n<ul>\n<li><strong>Repr\u00e9sentation mondiale<\/strong>:Assurer que les voix de toutes les r\u00e9gions soient pr\u00e9sentes \u00e0 l\u2019Assembl\u00e9e g\u00e9n\u00e9rale de 2025.<\/li>\n<li><strong>\u00c9quiper les jeunes dirigeants<\/strong>:Offrir aux jeunes dirigeants qui sont pasteurs et missionnaires l\u2019opportunit\u00e9 de collaborer et de s\u2019engager dans des initiatives strat\u00e9giques de l\u2019\u00c9vangile.<\/li>\n<li><strong>Renforcer l&#039;unit\u00e9 \u00e9vang\u00e9lique<\/strong>:Faire progresser la mission de \u00ab L\u2019\u00c9vangile pour tous d\u2019ici 2033 \u00bb gr\u00e2ce \u00e0 une vision et une planification partag\u00e9es.<\/li>\n<\/ul>\n<h4>\n\t\t\tCombien souhaitez-vous donner aujourd&#039;hui ?\t<\/h4>\n\t <iframe loading=\"lazy\" src=\"https:\/\/donorbox.org\/embed\/ga-sponsorship?\" name=\"donorbox\" allowpaymentrequest=\"allowpaymentrequest\" seamless=\"seamless\" frameborder=\"0\" scrolling=\"no\" height=\"900px\" width=\"100%\" allow=\"payment\"><\/iframe>","protected":false},"excerpt":{"rendered":"<p>Aidez-nous \u00e0 former les jeunes leaders chr\u00e9tiens. Avec la vision \u00ab\u00a0L&#039;\u00c9vangile pour tous d&#039;ici 2033\u00a0\u00bb, nous souhaitons rassembler 1\u00a0000 leaders \u00e9vang\u00e9liques du monde entier. L&#039;Alliance \u00e9vang\u00e9lique mondiale est une famille compos\u00e9e de nos alliances nationales et de membres affili\u00e9s. La plupart de ces alliances nationales font partie de la majorit\u00e9\u2026 <a title=\"Bourses d&#039;\u00e9tudes \u2013 Faire un don\" class=\"read-more\" href=\"https:\/\/gospelforeveryone.worldea.org\/fr\/scholarships\/donate\/\" aria-label=\"En savoir plus sur Bourses \u2013 Faire un don\">Lire la suite<\/a><\/p>","protected":false},"author":1,"featured_media":0,"parent":805,"menu_order":0,"comment_status":"closed","ping_status":"closed","template":"","meta":{"_acf_changed":false,"_seopress_robots_primary_cat":"","_seopress_titles_title":"","_seopress_titles_desc":"","_seopress_robots_index":"","footnotes":""},"class_list":["post-442","page","type-page","status-publish"],"acf":[],"_links":{"self":[{"href":"https:\/\/gospelforeveryone.worldea.org\/fr\/wp-json\/wp\/v2\/pages\/442","targetHints":{"allow":["GET"]}}],"collection":[{"href":"https:\/\/gospelforeveryone.worldea.org\/fr\/wp-json\/wp\/v2\/pages"}],"about":[{"href":"https:\/\/gospelforeveryone.worldea.org\/fr\/wp-json\/wp\/v2\/types\/page"}],"author":[{"embeddable":true,"href":"https:\/\/gospelforeveryone.worldea.org\/fr\/wp-json\/wp\/v2\/users\/1"}],"replies":[{"embeddable":true,"href":"https:\/\/gospelforeveryone.worldea.org\/fr\/wp-json\/wp\/v2\/comments?post=442"}],"version-history":[{"count":11,"href":"https:\/\/gospelforeveryone.worldea.org\/fr\/wp-json\/wp\/v2\/pages\/442\/revisions"}],"predecessor-version":[{"id":811,"href":"https:\/\/gospelforeveryone.worldea.org\/fr\/wp-json\/wp\/v2\/pages\/442\/revisions\/811"}],"up":[{"embeddable":true,"href":"https:\/\/gospelforeveryone.worldea.org\/fr\/wp-json\/wp\/v2\/pages\/805"}],"wp:attachment":[{"href":"https:\/\/gospelforeveryone.worldea.org\/fr\/wp-json\/wp\/v2\/media?parent=442"}],"curies":[{"name":"wp","href":"https:\/\/api.w.org\/{rel}","templated":true}]}}