{"id":468,"date":"2025-04-01T15:47:31","date_gmt":"2025-04-01T15:47:31","guid":{"rendered":"https:\/\/gospelforeveryone.worldea.org\/?page_id=468"},"modified":"2025-04-10T15:14:31","modified_gmt":"2025-04-10T15:14:31","slug":"our-hosts","status":"publish","type":"page","link":"https:\/\/gospelforeveryone.worldea.org\/fr\/our-hosts\/","title":{"rendered":"Nos h\u00f4tes"},"content":{"rendered":"<p>La WEA est reconnaissante envers les dirigeants et les serviteurs inspir\u00e9s de l&#039;\u00c9glise cor\u00e9enne qui se sont port\u00e9s volontaires pour accueillir notre Assembl\u00e9e g\u00e9n\u00e9rale de 2025. Le comit\u00e9 d&#039;organisation de S\u00e9oul comprend des repr\u00e9sentants de diff\u00e9rentes confessions cor\u00e9ennes, avec le r\u00e9v\u00e9rend Jung-hyun John Oh, pasteur principal de l&#039;\u00c9glise de Sarang, qui fait partie de la confession presbyt\u00e9rienne (Hapdong), et le r\u00e9v\u00e9rend Young-hoon Lee, pasteur principal de l&#039;\u00c9glise du Plein \u00c9vangile de Yoido et membre des Assembl\u00e9es de Dieu, comme copr\u00e9sidents.<\/p>\n<p>Par ailleurs, l&#039;alliance nationale de la WEA est la Korean Evangelical Fellowship (KEF), une association unie par la foi \u00e9vang\u00e9lique pour la coop\u00e9ration au sein de l&#039;\u00c9glise cor\u00e9enne. Le pr\u00e9sident actuel de la KEF est le r\u00e9v\u00e9rend Seok-soon Im. L&#039;ancien vice-pr\u00e9sident de la KEF, le r\u00e9v\u00e9rend Sang-bok David Kim, a \u00e9t\u00e9 pasteur principal de l&#039;\u00e9glise Hallelujah et a pr\u00e9sid\u00e9 le Conseil international de la WEA de 2008 \u00e0 2012.<\/p>\n<p>Le KEF a \u00e9t\u00e9 fond\u00e9 en 1981. Ses membres fondateurs \u00e9taient des pasteurs principaux d&#039;\u00e9glises importantes telles que le r\u00e9v\u00e9rend Jun-gon Kim (\u00e9glise Seohyun de Gwangju), le r\u00e9v\u00e9rend Jo-joon Park (\u00e9glise Calvary de Bundang), le r\u00e9v\u00e9rend Han-hum Oak (\u00e9glise Sarang de S\u00e9oul) et le r\u00e9v\u00e9rend Yong-jo Ha (\u00e9glise Onnuri de S\u00e9oul).<\/p>\n<p>La Cor\u00e9e du Sud compte l&#039;une des plus importantes populations chr\u00e9tiennes d&#039;Asie de l&#039;Est et compte certaines des plus grandes \u00e9glises au monde, tant en nombre qu&#039;en nombre de fid\u00e8les. Elle repr\u00e9sente une force missionnaire strat\u00e9gique, non seulement en Asie, mais dans le monde entier. Depuis le milieu du XXe si\u00e8cle, l&#039;\u00c9glise cor\u00e9enne a connu une croissance spectaculaire. De seulement 21 TP3T de la population en 1945, la communaut\u00e9 \u00e9vang\u00e9lique est pass\u00e9e \u00e0 environ 301 TP3T. On compte aujourd&#039;hui entre 55\u00a0000 et 60\u00a0000 \u00e9glises en Cor\u00e9e. L&#039;\u00e9vang\u00e9lisme cor\u00e9en t\u00e9moigne d&#039;un lien fort entre la pens\u00e9e et le c\u0153ur, caract\u00e9ris\u00e9 par une grande estime pour la Bible et une profonde spiritualit\u00e9 nourrie par la pri\u00e8re.<\/p>\n<p>Reconnaissante pour tout ce que Dieu a fait, l&#039;\u00c9glise cor\u00e9enne cherche \u00e0 partager avec toutes les nations les b\u00e9n\u00e9dictions qu&#039;elle a re\u00e7ues de Dieu. Comme l&#039;ont d\u00e9clar\u00e9 les copr\u00e9sidents du comit\u00e9 d&#039;organisation de S\u00e9oul\u00a0: \u00ab\u00a0<em>Il est temps pour nous de nous engager avec le m\u00eame esprit de martyre que les serviteurs de l&#039;histoire divine. Notre mission n&#039;est pas seulement de renforcer l&#039;\u00c9glise cor\u00e9enne, mais aussi de poser les bases d&#039;une formation de disciples et d&#039;une \u00e9vang\u00e9lisation mondiales.<\/em>\u201c<\/p>","protected":false},"excerpt":{"rendered":"<p>L&#039;AEM est reconnaissante envers les dirigeants et les serviteurs inspir\u00e9s de l&#039;\u00c9glise cor\u00e9enne qui se sont port\u00e9s volontaires pour accueillir notre Assembl\u00e9e g\u00e9n\u00e9rale de 2025. Le comit\u00e9 d&#039;organisation de S\u00e9oul comprend des repr\u00e9sentants de diff\u00e9rentes confessions cor\u00e9ennes, notamment le r\u00e9v\u00e9rend Jung-hyun John Oh, pasteur principal de l&#039;\u00c9glise de Sarang, une branche de la confession presbyt\u00e9rienne (Hapdong), et le r\u00e9v\u00e9rend Young-hoon Lee, pasteur principal\u2026 <a title=\"Nos h\u00f4tes\" class=\"read-more\" href=\"https:\/\/gospelforeveryone.worldea.org\/fr\/our-hosts\/\" aria-label=\"En savoir plus sur nos h\u00f4tes\">Lire la suite<\/a><\/p>","protected":false},"author":1,"featured_media":0,"parent":0,"menu_order":0,"comment_status":"closed","ping_status":"closed","template":"","meta":{"_acf_changed":false,"_seopress_robots_primary_cat":"","_seopress_titles_title":"","_seopress_titles_desc":"","_seopress_robots_index":"","footnotes":""},"class_list":["post-468","page","type-page","status-publish"],"acf":[],"_links":{"self":[{"href":"https:\/\/gospelforeveryone.worldea.org\/fr\/wp-json\/wp\/v2\/pages\/468","targetHints":{"allow":["GET"]}}],"collection":[{"href":"https:\/\/gospelforeveryone.worldea.org\/fr\/wp-json\/wp\/v2\/pages"}],"about":[{"href":"https:\/\/gospelforeveryone.worldea.org\/fr\/wp-json\/wp\/v2\/types\/page"}],"author":[{"embeddable":true,"href":"https:\/\/gospelforeveryone.worldea.org\/fr\/wp-json\/wp\/v2\/users\/1"}],"replies":[{"embeddable":true,"href":"https:\/\/gospelforeveryone.worldea.org\/fr\/wp-json\/wp\/v2\/comments?post=468"}],"version-history":[{"count":10,"href":"https:\/\/gospelforeveryone.worldea.org\/fr\/wp-json\/wp\/v2\/pages\/468\/revisions"}],"predecessor-version":[{"id":754,"href":"https:\/\/gospelforeveryone.worldea.org\/fr\/wp-json\/wp\/v2\/pages\/468\/revisions\/754"}],"wp:attachment":[{"href":"https:\/\/gospelforeveryone.worldea.org\/fr\/wp-json\/wp\/v2\/media?parent=468"}],"curies":[{"name":"wp","href":"https:\/\/api.w.org\/{rel}","templated":true}]}}