{"id":745,"date":"2025-04-10T08:18:38","date_gmt":"2025-04-10T08:18:38","guid":{"rendered":"https:\/\/gospelforeveryone.worldea.org\/?page_id=745"},"modified":"2025-04-10T08:22:14","modified_gmt":"2025-04-10T08:22:14","slug":"statement-of-faith","status":"publish","type":"page","link":"https:\/\/gospelforeveryone.worldea.org\/fr\/statement-of-faith\/","title":{"rendered":"D\u00e9claration de foi"},"content":{"rendered":"<h3>\n\t\t\tNous croyons en :\t<\/h3>\n\t<p><b>Les Saintes \u00c9critures\u00a0<\/b>comme donn\u00e9 \u00e0 l\u2019origine par Dieu, divinement inspir\u00e9, infaillible, enti\u00e8rement digne de confiance et l\u2019autorit\u00e9 supr\u00eame dans toutes les questions de foi et de conduite.<\/p>\n<p><b>Un seul Dieu,\u00a0<\/b>existant \u00e9ternellement en trois personnes, le P\u00e8re, le Fils et le Saint-Esprit.<\/p>\n<p><b>Notre Seigneur J\u00e9sus-Christ,\u00a0<\/b>Dieu manifest\u00e9 dans la chair, sa naissance virginale, sa vie humaine sans p\u00e9ch\u00e9, ses miracles divins, sa mort expiatoire et substitutive, sa r\u00e9surrection corporelle, son ascension, son \u0153uvre m\u00e9diatrice et son retour personnel en puissance et en gloire.<\/p>\n<p><b>Le salut\u00a0<\/b>de l&#039;homme perdu et p\u00e9cheur par le sang vers\u00e9 du Seigneur J\u00e9sus-Christ, par la foi sans \u0153uvres, et par la r\u00e9g\u00e9n\u00e9ration par le Saint-Esprit.<\/p>\n<p><b>Le Saint-Esprit\u00a0<\/b>par la pr\u00e9sence de qui le croyant est rendu capable de vivre une vie sainte, de t\u00e9moigner et de travailler pour le Seigneur J\u00e9sus-Christ.<\/p>\n<p><b>L&#039;unit\u00e9 de l&#039;Esprit\u00a0<\/b>de tous les vrais croyants, l&#039;\u00c9glise, le Corps du Christ.<\/p>\n<p><b>La R\u00e9surrection\u00a0<\/b>des sauv\u00e9s comme des perdus ; ceux qui sont sauv\u00e9s r\u00e9surrection pour la vie, ceux qui sont perdus r\u00e9surrection pour la damnation.<\/p>","protected":false},"excerpt":{"rendered":"<p>Nous croyons aux Saintes \u00c9critures, donn\u00e9es originellement par Dieu, divinement inspir\u00e9es, infaillibles, enti\u00e8rement dignes de confiance et autorit\u00e9 supr\u00eame en toute mati\u00e8re de foi et de conduite. Un seul Dieu, existant \u00e9ternellement en trois personnes\u00a0: le P\u00e8re, le Fils et le Saint-Esprit. Notre Seigneur J\u00e9sus-Christ, Dieu manifest\u00e9 dans la chair, sa naissance virginale, sa vie humaine sans p\u00e9ch\u00e9, ses miracles divins\u2026 <a title=\"D\u00e9claration de foi\" class=\"read-more\" href=\"https:\/\/gospelforeveryone.worldea.org\/fr\/statement-of-faith\/\" aria-label=\"En savoir plus sur D\u00e9claration de foi\">Lire la suite<\/a><\/p>","protected":false},"author":1,"featured_media":0,"parent":0,"menu_order":0,"comment_status":"closed","ping_status":"closed","template":"","meta":{"_acf_changed":false,"_seopress_robots_primary_cat":"","_seopress_titles_title":"","_seopress_titles_desc":"","_seopress_robots_index":"","footnotes":""},"class_list":["post-745","page","type-page","status-publish"],"acf":[],"_links":{"self":[{"href":"https:\/\/gospelforeveryone.worldea.org\/fr\/wp-json\/wp\/v2\/pages\/745","targetHints":{"allow":["GET"]}}],"collection":[{"href":"https:\/\/gospelforeveryone.worldea.org\/fr\/wp-json\/wp\/v2\/pages"}],"about":[{"href":"https:\/\/gospelforeveryone.worldea.org\/fr\/wp-json\/wp\/v2\/types\/page"}],"author":[{"embeddable":true,"href":"https:\/\/gospelforeveryone.worldea.org\/fr\/wp-json\/wp\/v2\/users\/1"}],"replies":[{"embeddable":true,"href":"https:\/\/gospelforeveryone.worldea.org\/fr\/wp-json\/wp\/v2\/comments?post=745"}],"version-history":[{"count":2,"href":"https:\/\/gospelforeveryone.worldea.org\/fr\/wp-json\/wp\/v2\/pages\/745\/revisions"}],"predecessor-version":[{"id":748,"href":"https:\/\/gospelforeveryone.worldea.org\/fr\/wp-json\/wp\/v2\/pages\/745\/revisions\/748"}],"wp:attachment":[{"href":"https:\/\/gospelforeveryone.worldea.org\/fr\/wp-json\/wp\/v2\/media?parent=745"}],"curies":[{"name":"wp","href":"https:\/\/api.w.org\/{rel}","templated":true}]}}