{"id":80,"date":"2025-02-23T09:53:45","date_gmt":"2025-02-23T09:53:45","guid":{"rendered":"https:\/\/gospelforeveryone.worldea.org\/?page_id=80"},"modified":"2026-04-27T08:41:02","modified_gmt":"2026-04-27T08:41:02","slug":"coming-soon","status":"publish","type":"page","link":"https:\/\/gospelforeveryone.worldea.org\/fr\/","title":{"rendered":"Accueil"},"content":{"rendered":"<figure itemscope itemtype=\"https:\/\/schema.org\/ImageObject\">\n\t\t\t\t<img decoding=\"async\" src=\"https:\/\/gospelforeveryone.worldea.org\/wp-content\/uploads\/2025\/02\/wea_logo_english-for-dark-background-600.png\" alt=\"wea logo english for dark background 600\" height=\"203\" width=\"600\" title=\"logo de l&#039;abeille en anglais pour fond sombre 600\" onerror=\"this.style.display='none'\" loading=\"lazy\" \/>\n\t<\/figure>\n<figure itemscope itemtype=\"https:\/\/schema.org\/ImageObject\">\n\t\t\t\t<img decoding=\"async\" src=\"https:\/\/gospelforeveryone.worldea.org\/wp-content\/uploads\/2025\/12\/ga-logo-220925-white-900.png\" alt=\"ga logo 220925 white 900\" height=\"290\" width=\"900\" title=\"logo ga 220925 blanc 900\" onerror=\"this.style.display='none'\" loading=\"lazy\" \/>\n\t<\/figure>\n<h1>\n\t\t\tAssembl\u00e9e g\u00e9n\u00e9rale 2025\t<\/h1>\n<h3>\n\t\t\tQuand\t<\/h3>\n<h3>\n\t\t\t27-31 octobre 2025\t<\/h3>\n<h3>\n\t\t\tO\u00f9\t<\/h3>\n<h3>\n\t\t\tS\u00e9oul, Cor\u00e9e du Sud\t<\/h3>\n<figure itemscope itemtype=\"https:\/\/schema.org\/ImageObject\">\n\t\t\t\t<img decoding=\"async\" src=\"https:\/\/gospelforeveryone.worldea.org\/wp-content\/uploads\/2025\/04\/wea-ga-logo-v2-600-txt-col.png\" alt=\"wea ga logo v2 600 txt col\" height=\"532\" width=\"600\" title=\"logo wea ga v2 600 txt col\" onerror=\"this.style.display='none'\" loading=\"lazy\" \/>\n\t<\/figure>\n\t<p>Cet \u00e9v\u00e9nement historique a rassembl\u00e9 des dirigeants \u00e9vang\u00e9liques, des repr\u00e9sentants d&#039;alliances nationales et des partenaires du monde entier pour s&#039;unir sous le th\u00e8me : \u201c<strong>L'\u00c9vangile pour tous d'ici 2033<\/strong>\u201c<\/p>\n\t<a href=\"https:\/\/gospelforeveryone.worldea.org\/fr\/seoul-declaration\/\" target=\"_self\" role=\"button\" aria-label=\"LISEZ LA D\u00c9CLARATION DE S\u00c9OUL\">\n\t\t\t\t\t\tLISEZ LA D\u00c9CLARATION DE S\u00c9OUL\n\t\t\t\t\t<\/a>\n<h6>\n\t\t\t\u00c9ph\u00e9siens 2:13-18 (LSG)\t<\/h6>\n<h3>\n\t\t\tRetour en arri\u00e8re\t<\/h3>\n\tRevivez les moments forts de notre Assembl\u00e9e g\u00e9n\u00e9rale.<br \/>\nRegardez la vid\u00e9o ci-dessous.\n\t<iframe allowfullscreen allow=\"autoplay\" data-src=\"https:\/\/www.youtube.com\/embed\/GFXSNe20wqE?feature=oembed&amp;start&amp;end&amp;wmode=opaque&amp;loop=0&amp;controls=1&amp;mute=0&amp;rel=0&amp;modestbranding=0\"><\/iframe>\t\t\n\t\t\t\t\tLire la vid\u00e9o\n<h4>\n\t\t\tRestez en contact avec nous\t<\/h4>\n\t<form action=\"https:\/\/gospelforeveryone.worldea.org\/fr\/wp-json\/ws-form\/v1\/submit\" class=\"wsf-form wsf-form-canvas\" id=\"ws-form-1\" data-id=\"1\" method=\"POST\" data-instance-id=\"1\" data-wsf-style-id=\"1\" data-trp-original-action=\"https:\/\/gospelforeveryone.worldea.org\/fr\/wp-json\/ws-form\/v1\/submit\"><input type=\"hidden\" name=\"trp-form-language\" value=\"fr\"\/><\/form>","protected":false},"excerpt":{"rendered":"<p>Assembl\u00e9e g\u00e9n\u00e9rale 2025 Quand\u00a0: du 27 au 31 octobre 2025 O\u00f9\u00a0: S\u00e9oul, Cor\u00e9e du Sud Cet \u00e9v\u00e9nement marquant a rassembl\u00e9 des leaders \u00e9vang\u00e9liques, des repr\u00e9sentants d\u2019alliances nationales et des partenaires du monde entier autour du th\u00e8me\u00a0: \u201c\u00a0L\u2019\u00c9vangile pour tous d\u2019ici 2033\u00a0\u201c LIRE LA D\u00c9CLARATION DE S\u00c9OUL \u00c9ph\u00e9siens 2:13-18 (NIV) Retour sur les moments forts Revivez les moments forts de notre Assembl\u00e9e g\u00e9n\u00e9rale. Regardez\u2026 <a title=\"Accueil\" class=\"read-more\" href=\"https:\/\/gospelforeveryone.worldea.org\/fr\/\" aria-label=\"En savoir plus sur Home\">Lire la suite<\/a><\/p>","protected":false},"author":1,"featured_media":0,"parent":0,"menu_order":0,"comment_status":"closed","ping_status":"closed","template":"","meta":{"_acf_changed":false,"_seopress_robots_primary_cat":"","_seopress_titles_title":"WEA General Assembly 2025 | 27-31 October | Seoul, South Korea","_seopress_titles_desc":"The World Evangelical Alliance (WEA) is delighted to announce the 2025 General Assembly, taking place in Seoul, South Korea from October 27 to 31, 2025.","_seopress_robots_index":"","footnotes":""},"class_list":["post-80","page","type-page","status-publish"],"acf":[],"_links":{"self":[{"href":"https:\/\/gospelforeveryone.worldea.org\/fr\/wp-json\/wp\/v2\/pages\/80","targetHints":{"allow":["GET"]}}],"collection":[{"href":"https:\/\/gospelforeveryone.worldea.org\/fr\/wp-json\/wp\/v2\/pages"}],"about":[{"href":"https:\/\/gospelforeveryone.worldea.org\/fr\/wp-json\/wp\/v2\/types\/page"}],"author":[{"embeddable":true,"href":"https:\/\/gospelforeveryone.worldea.org\/fr\/wp-json\/wp\/v2\/users\/1"}],"replies":[{"embeddable":true,"href":"https:\/\/gospelforeveryone.worldea.org\/fr\/wp-json\/wp\/v2\/comments?post=80"}],"version-history":[{"count":11,"href":"https:\/\/gospelforeveryone.worldea.org\/fr\/wp-json\/wp\/v2\/pages\/80\/revisions"}],"predecessor-version":[{"id":1651,"href":"https:\/\/gospelforeveryone.worldea.org\/fr\/wp-json\/wp\/v2\/pages\/80\/revisions\/1651"}],"wp:attachment":[{"href":"https:\/\/gospelforeveryone.worldea.org\/fr\/wp-json\/wp\/v2\/media?parent=80"}],"curies":[{"name":"wp","href":"https:\/\/api.w.org\/{rel}","templated":true}]}}